{"id":2903,"date":"2022-08-18T14:58:14","date_gmt":"2022-08-18T11:58:14","guid":{"rendered":"https:\/\/rocketplay-new.com\/slot-machines\/lucky-88\/"},"modified":"2025-11-26T20:06:21","modified_gmt":"2025-11-26T17:06:21","slug":"lucky-88","status":"publish","type":"page","link":"https:\/\/rocketplay-new.com\/de\/slot-machines\/lucky-88\/","title":{"rendered":"\u00dcberpr\u00fcfen Sie Lucky 88 Slot"},"content":{"rendered":"<p><img loading=\"lazy\" decoding=\"async\" class=\"alignleft wp-image-344 size-thumbnail\" src=\"https:\/\/rocketplay-new.com\/wp-content\/uploads\/2022\/08\/lucky-88-slot-150x150.png\" alt=\"Lucky 88 slot\" width=\"150\" height=\"150\" \/><\/p>\n<p>Der Casinospielanbieter Aristocrat kann zu Recht als der K\u00f6nig der asiatischen Themen angesehen werden. Und einer der beliebtesten in dieser Kategorie kann der Lucky 88-Slot sein. Dies ist ein einfacher und verst\u00e4ndlicher Spielautomat in Bezug auf die Mechanik, der viele nette Bonusfunktionen enth\u00e4lt.<\/p>\n<p>Lassen Sie uns also herausfinden, ob Sie hier echtes Geld verdienen k\u00f6nnen und wie genau das geht.<\/p>\n<h2>VOR-UND NACHTEILE<\/h2>\n<p>Wie jedes andere Spiel kann ein Spielautomat nicht nur aus Verdiensten bestehen. Und Lucky 88 online kann objektiv bewertet werden. Vorteile, die schwer zu argumentieren sind:<\/p>\n<ul>\n<li>verschiedene Bonusrunden in gro\u00dfen Mengen;<\/li>\n<li>das Vorhandensein von Sondersymbolen und Multiplikatoren;<\/li>\n<li>gro\u00dfer Ratenbereich 0,01\u20136,25;<\/li>\n<li>klare und einfache Schnittstelle;<\/li>\n<li>das Vorhandensein von automatischem Spiel.<\/li>\n<\/ul>\n<p>Aber es ist unm\u00f6glich, die Nachteile dieses Slots nicht zu erw\u00e4hnen:<\/p>\n<ul>\n<li>etwas veraltetes Design, das nicht jeder mag;<\/li>\n<li>der Soundtrack ist unauff\u00e4llig und langweilig;<\/li>\n<li>Animationen lassen zu w\u00fcnschen \u00fcbrig.<\/li>\n<\/ul>\n<p>\u00c4u\u00dfere Besonderheiten lassen sich dadurch erkl\u00e4ren, dass der Slot im Jahr 2016 ver\u00f6ffentlicht wurde. In dieser Zeit ist die Grafik weit nach vorne ger\u00fcckt, sodass es nicht verwundert, dass der Slot veraltet wirkt. Es wird jedoch immer noch diejenigen ansprechen, die Retro-Slots bevorzugen, die sie in die alte Casino-Atmosph\u00e4re entf\u00fchren.<\/p>\n<p><span style=\"font-weight: 400;\"><div class=\"tosh-btn\"><a href=\"\/go-casino\/\" target=\"_blank\" rel=\"noopener\">BONUS ERHALTEN<\/a><\/div> <\/span><\/p>\n<h2>RTP UND VOLATILIT\u00c4T<\/h2>\n<p>Diese beiden Indikatoren bestimmen die Rentabilit\u00e4t des Spielautomaten. Niemand tr\u00e4umt davon, Lucky 88 ohne die Hoffnung auf einen guten Gewinn zu spielen, daher ist es wichtig, diese Informationen zu kennen.<\/p>\n<p>Zum Gl\u00fcck f\u00fcr die Spieler schneidet der Slot mit diesen Eigenschaften gut ab. Es ist in der Lage, gute Gewinne zu bringen, auch wenn es Ihnen so vorkommt, als w\u00fcrden sie sehr selten ausfallen.<\/p>\n<p>Technische Hauptdaten:<\/p>\n<ul>\n<li>Volatilit\u00e4t \u2013 mittel-hoch (grenzwertig);<\/li>\n<li>Schlagzeug \u2013 5;<\/li>\n<li>Linien \u2013 25;<\/li>\n<li>Auszahlungsrate \u2013 97 %.<\/li>\n<\/ul>\n<p>Dieser RTP-Prozentsatz ist sehr gut. Im Gl\u00fccksspielbereich liegt diese Zahl gerne bei 95 %.<\/p>\n<p>Die Volatilit\u00e4t dieser Gr\u00f6\u00dfe bedeutet, dass es hohe Risiken im Spiel gibt. Gewinne fallen selten aus, aber wenn der Spieler geduldig ist, werden sie ihm mit einer riesigen Gr\u00f6\u00dfe gefallen. Bei solchen Automaten spielt man am besten bis zum ersten gro\u00dfen Gewinn.<\/p>\n<h2>MOBILE ERFAHRUNG<\/h2>\n<p>Dieser Steckplatz steht nicht nur Computerbenutzern zur Verf\u00fcgung. Und das ist ein weiterer Pluspunkt. Aufgrund der Tatsache, dass es mit HTML5-Technologie entwickelt wurde, hat jeder mobile Benutzer die M\u00f6glichkeit, es auf einem Gadget auszuf\u00fchren.<\/p>\n<p>Mit der Lucky 88 Slot-App k\u00f6nnen Sie unterwegs mit maximalem Komfort spielen. Die wichtigste Voraussetzung ist eine Internetverbindung. Das Spiel ben\u00f6tigt nicht viel Speicherplatz und ben\u00f6tigt nicht die neuesten Versionen des Betriebssystems.<\/p>\n<p>Sie k\u00f6nnen auch \u00fcber einen mobilen Browser spielen. Diese Option steht Benutzern aller Betriebssysteme zur Verf\u00fcgung. Lucky 88 Android funktioniert gro\u00dfartig, genau wie die iPhone-Version. Sie k\u00f6nnen auch auf Tablets spielen.<\/p>\n<p>Versionen f\u00fcr Mobiltelefone passen sich automatisch an die Gr\u00f6\u00dfe der Diagonale an. Sie werden keine Probleme bei der Bild\u00fcbertragung bemerken. Zum Spielen m\u00fcssen Sie das Gadget horizontal einsetzen. Alle Funktionen bleiben verf\u00fcgbar, und Sie k\u00f6nnen die H\u00f6he des Einsatzes \u00e4ndern, die Walzen drehen, die Auszahlungstabelle anzeigen usw. Sie k\u00f6nnen den kostenlosen Download von Lucky 88 jederzeit verwenden, wenn Ihnen dieses Spiel wirklich gefallen hat und Sie keine Probleme haben, auf Ihre Lieblingsunterhaltung zuzugreifen.<\/p>\n<p style=\"text-align: center;\"><img loading=\"lazy\" decoding=\"async\" class=\"aligncenter wp-image-342 size-full\" src=\"https:\/\/rocketplay-new.com\/wp-content\/uploads\/2022\/08\/lucky-88-slot.jpeg\" alt=\"lucky 88 slot\" width=\"995\" height=\"643\" srcset=\"https:\/\/rocketplay-new.com\/wp-content\/uploads\/2022\/08\/lucky-88-slot.jpeg 995w, https:\/\/rocketplay-new.com\/wp-content\/uploads\/2022\/08\/lucky-88-slot-300x194.jpeg 300w, https:\/\/rocketplay-new.com\/wp-content\/uploads\/2022\/08\/lucky-88-slot-768x496.jpeg 768w\" sizes=\"auto, (max-width: 995px) 100vw, 995px\" \/><\/p>\n<h2>LUCKY 88: DER PROZESS DES SPIELS<\/h2>\n<p>Die Mechanik ist so einfach wie m\u00f6glich. Spieler, die mit dem Casino vertraut sind, werden keine Fragen haben. Nach dem Start des Slots \u00f6ffnet sich ein Spielfeld im traditionellen orientalischen Stil. Der Spieler braucht:<\/p>\n<ol>\n<li>Legen Sie die passende Einsatzgr\u00f6\u00dfe f\u00fcr ihn fest.<\/li>\n<li>Klicken Sie auf die Schaltfl\u00e4che Start Spins.<\/li>\n<\/ol>\n<p>Damit diese Aktionen verf\u00fcgbar sind, m\u00fcssen Sie nat\u00fcrlich ein registrierter Benutzer sein und mindestens eine Mindesteinzahlung auf Ihrem Konto haben. Wenn Sie dies nicht k\u00f6nnen, k\u00f6nnen Sie die kostenlose Version verwenden. Es eignet sich nur zum Spa\u00df und zum Kennenlernen der Mechanik.<\/p>\n<p>Im Spiel k\u00f6nnen Sie eine Runde mit Freispielen aktivieren. Dazu ist es wichtig, dass mindestens 3 Scatter-Symbole auf dem Bildschirm erscheinen. Die Rolle eines solchen Symbols spielt hier eine rote Taschenlampe. Hier steht eine Auswahlfunktion zur Verf\u00fcgung. Das ist selten. Anstelle von Freispielen k\u00f6nnen Sie ein W\u00fcrfelspiel starten, das die \u00fcbliche Mechanik perfekt verw\u00e4ssert.<\/p>\n<p>Wenn Sie die Walzen trotzdem kostenlos drehen m\u00f6chten, gibt Ihnen das Spiel die M\u00f6glichkeit, die Anzahl der Drehungen und den Multiplikator zu w\u00e4hlen, der auf jeden Gewinn angewendet wird (bis zu x88).<\/p>\n<p><span style=\"font-weight: 400;\"><div class=\"tosh-btn\"><a href=\"\/go-casino\/\" target=\"_blank\" rel=\"noopener\">BONUS ERHALTEN<\/a><\/div> <\/span><\/p>\n<h2>FAQ<\/h2>\n<h3>WELCHE BESONDEREN SYMBOLE BIETET DIESER SLOT?<\/h3>\n<p>Hier ist ein klassischer Zeichensatz. Das Bild eines Mannes ist Wild, das andere Symbole ersetzt und Multiplikatoren bringt. Der Scatter ist eine rote Taschenlampe und wird ben\u00f6tigt, um die Bonusrunde auszul\u00f6sen. Alle anderen Bilder bringen nur Gewinne.<\/p>\n<h3>WELCHE STRATEGIE IST F\u00dcR LUCKY 88 GEEIGNET?<\/h3>\n<p>Es gibt keine bestimmte Abfolge von Aktionen, die Sie zum Erfolg f\u00fchren. Die Hauptsache hier ist, geduldig zu sein und auf einen gro\u00dfen Gewinn zu warten. Der Slot hat eine hohe Volatilit\u00e4t, also wird er fr\u00fcher oder sp\u00e4ter definitiv zu Ihnen kommen.<\/p>\n<h3>IN WELCHEM ONLINE CASINO FINDE ICH DIESEN SLOT?<\/h3>\n<p>Wenn die Spielbank Spiele der Marke Aristocrat anbietet, wird dieses Spiel auch dabei sein.<\/p>\n<p>Bewertungen \u00fcber Spielautomaten:<\/p>\n<ul>\n<li><a href=\"https:\/\/rocketplay-new.com\/slot-machines\/book-of-dead\/\">Book of Dead<\/a><\/li>\n<li><a href=\"https:\/\/rocketplay-new.com\/slot-machines\/gonzos-quest\/\">Gonzo&#8217;s Quest<\/a><\/li>\n<\/ul>\n","protected":false},"excerpt":{"rendered":"<p>Der Casinospielanbieter Aristocrat kann zu Recht als der K\u00f6nig der asiatischen Themen angesehen werden. Und einer der beliebtesten in dieser Kategorie kann der Lucky 88-Slot sein. Dies ist ein einfacher und verst\u00e4ndlicher Spielautomat in Bezug auf die Mechanik, der viele nette Bonusfunktionen enth\u00e4lt. Lassen Sie uns also herausfinden, ob Sie hier echtes Geld verdienen k\u00f6nnen&#8230;<\/p>\n","protected":false},"author":1,"featured_media":0,"parent":2871,"menu_order":0,"comment_status":"closed","ping_status":"closed","template":"single-no-sidebar.php","meta":{"_acf_changed":false,"_kad_post_transparent":"default","_kad_post_title":"default","_kad_post_layout":"default","_kad_post_sidebar_id":"","_kad_post_content_style":"default","_kad_post_vertical_padding":"default","_kad_post_feature":"","_kad_post_feature_position":"","_kad_post_header":false,"_kad_post_footer":false,"footnotes":""},"class_list":["post-2903","page","type-page","status-publish","hentry"],"acf":[],"rttpg_featured_image_url":null,"rttpg_author":{"display_name":"John","author_link":"https:\/\/rocketplay-new.com\/de\/author\/pemvas95n89x\/"},"rttpg_comment":0,"rttpg_category":null,"rttpg_excerpt":"Der Casinospielanbieter Aristocrat kann zu Recht als der K\u00f6nig der asiatischen Themen angesehen werden. Und einer der beliebtesten in dieser Kategorie kann der Lucky 88-Slot sein. Dies ist ein einfacher und verst\u00e4ndlicher Spielautomat in Bezug auf die Mechanik, der viele nette Bonusfunktionen enth\u00e4lt. Lassen Sie uns also herausfinden, ob Sie hier echtes Geld verdienen k\u00f6nnen...","_links":{"self":[{"href":"https:\/\/rocketplay-new.com\/de\/wp-json\/wp\/v2\/pages\/2903","targetHints":{"allow":["GET"]}}],"collection":[{"href":"https:\/\/rocketplay-new.com\/de\/wp-json\/wp\/v2\/pages"}],"about":[{"href":"https:\/\/rocketplay-new.com\/de\/wp-json\/wp\/v2\/types\/page"}],"author":[{"embeddable":true,"href":"https:\/\/rocketplay-new.com\/de\/wp-json\/wp\/v2\/users\/1"}],"replies":[{"embeddable":true,"href":"https:\/\/rocketplay-new.com\/de\/wp-json\/wp\/v2\/comments?post=2903"}],"version-history":[{"count":3,"href":"https:\/\/rocketplay-new.com\/de\/wp-json\/wp\/v2\/pages\/2903\/revisions"}],"predecessor-version":[{"id":5940,"href":"https:\/\/rocketplay-new.com\/de\/wp-json\/wp\/v2\/pages\/2903\/revisions\/5940"}],"up":[{"embeddable":true,"href":"https:\/\/rocketplay-new.com\/de\/wp-json\/wp\/v2\/pages\/2871"}],"wp:attachment":[{"href":"https:\/\/rocketplay-new.com\/de\/wp-json\/wp\/v2\/media?parent=2903"}],"curies":[{"name":"wp","href":"https:\/\/api.w.org\/{rel}","templated":true}]}}