{"id":2898,"date":"2022-08-18T14:49:07","date_gmt":"2022-08-18T11:49:07","guid":{"rendered":"https:\/\/rocketplay-new.com\/slot-machines\/lightning-link\/"},"modified":"2025-04-03T21:50:43","modified_gmt":"2025-04-03T18:50:43","slug":"lightning-link","status":"publish","type":"page","link":"https:\/\/rocketplay-new.com\/de\/slot-machines\/lightning-link\/","title":{"rendered":"\u00dcberpr\u00fcfen Sie den Lightning Link-Slot"},"content":{"rendered":"<p>Eine der bekanntesten Entwicklungen der Marke Aristocrat ist der Lightning Link-Slot, der 4 verschiedene Themen gleichzeitig umfasst. Der Spieler kann w\u00e4hlen, wohin er gehen m\u00f6chte: in die mysteri\u00f6se Unterwasserwelt, die verlassene Sahara, das helle und laute Las Vegas oder die L\u00e4nder des Ostens.<\/p>\n<p>\u00dcberall muss der Spieler Gewinnkombinationen auf 50 Gewinnlinien und 5 Walzen bilden, Bonussymbole fangen und hoffen, einen gr\u00f6\u00dferen Jackpot zu fangen. Instant Play steht allen Spielern aus Deutschland zur Verf\u00fcgung.<\/p>\n<p style=\"text-align: center;\"><img loading=\"lazy\" decoding=\"async\" class=\"aligncenter wp-image-336 size-large\" src=\"https:\/\/rocketplay-new.com\/wp-content\/uploads\/2022\/08\/lightning-link-logo-1024x373.png\" alt=\"Lightning Link logo\" width=\"1024\" height=\"373\" srcset=\"https:\/\/rocketplay-new.com\/wp-content\/uploads\/2022\/08\/lightning-link-logo-1024x373.png 1024w, https:\/\/rocketplay-new.com\/wp-content\/uploads\/2022\/08\/lightning-link-logo-300x109.png 300w, https:\/\/rocketplay-new.com\/wp-content\/uploads\/2022\/08\/lightning-link-logo-768x279.png 768w, https:\/\/rocketplay-new.com\/wp-content\/uploads\/2022\/08\/lightning-link-logo.png 1440w\" sizes=\"auto, (max-width: 1024px) 100vw, 1024px\" \/><\/p>\n<h2>SYMBOLE, DIE IM SLOT ERSCHEINEN<\/h2>\n<p>Dieser Slot ist einzigartig und hat keine Analoga unter anderen Marken. Sie k\u00f6nnen jedoch sehen, dass der Lightning Link online Symbole enth\u00e4lt, die f\u00fcr jedes Casino typisch sind. Das grundlegende Symbolsystem besteht aus Kartenwerten:<\/p>\n<ul>\n<li>neunen;<\/li>\n<li>Zehner;<\/li>\n<li>Buchsen und andere.<\/li>\n<\/ul>\n<p>Sie sind je nach Spielautomat f\u00fcr verschiedene Themen stilisiert.<\/p>\n<p>Gleichzeitig bringen Ihnen Kombinationen dieser Bilder den geringsten Gewinn. Es ist am besten, andere thematische Bilder zu sammeln. Auf den Walzen von Las Vegas finden sich zum Beispiel teure Autos oder Chips.<\/p>\n<p>Jedes Spiel muss Symbole streuen, die Bonusrunden \u00f6ffnen. Au\u00dferdem hat der Hersteller ein Wild-Symbol geschaffen, dank dessen es viel einfacher geworden ist, Ketten identischer Symbole zu sammeln.<\/p>\n<p><span style=\"font-weight: 400;\"><div class=\"tosh-btn\"><a href=\"\/go-casino\/\" target=\"_blank\" rel=\"noopener\">BONUS ERHALTEN<\/a><\/div>\u00a0 <\/span><\/p>\n<h2>BONUSFUNKTIONEN, DIE VON LIGHTNING LINK ANGEBOTEN WERDEN<\/h2>\n<p>Das gr\u00f6\u00dfte Feature, das Lightning Link Deutschland so beliebt macht, ist die magische Perle. So hei\u00dfen die Symbole, die eine spezielle Bonusrunde aktivieren und gro\u00dfe Gewinne bringen.<\/p>\n<p>6 oder mehr Perlensymbole m\u00fcssen auf dem Feld landen, damit Sie 3 Freispiele erhalten. Alle anderen Zeichen verschwinden an dieser Stelle. W\u00e4hrend der Drehungen m\u00fcssen Sie so viele dieser Bilder wie m\u00f6glich einfangen. Jedes Mal, wenn Sie erfolgreich eine Perle fangen, werden Ihnen erneut Freispiele gutgeschrieben.<\/p>\n<p>Zus\u00e4tzlich zu dieser Funktion hat jeder Slot seinen eigenen Scatter. Es braucht nur 3 Teile irgendwo auf dem Spielfeld und Sie erhalten 6 Freispiele. W\u00e4hrend sie in Kraft sind, k\u00f6nnen expandierende Symbole erscheinen, die riesige Auszahlungen bringen. W\u00e4hrend dieser Zeit k\u00f6nnen Sie kostenlose Lightning Link-M\u00fcnzen verdienen, ohne Ihr eigenes Geld auszugeben.<\/p>\n<p>Um zu verstehen, welches Symbol ein Scatter ist, m\u00fcssen Sie die Regeln jedes Spiels lesen.<\/p>\n<h2>WELCHE JACKPOTS KANN DER LIGHTNING LINK AUSGEBEN<\/h2>\n<p>Nicht weniger interessant ist hier das Jackpot-System. Sie sind fortschrittlich; das hei\u00dft, es hat keinen konstanten Wert. Jackpots f\u00fcr alle 4 Slots werden zu einem kombiniert. Deshalb ist es so interessant, mit Lightning Link echtes Geld auszugeben. Es macht viel mehr Spa\u00df als die kostenlose Version.<\/p>\n<p>Der gr\u00f6\u00dfte Jackpot kann durch das Sammeln aller 15 Zellen w\u00e4hrend der Bonusrunde mit Perlen erzielt werden. Daher m\u00fcssen Sie hier nach dem Prinzip spielen, je l\u00e4nger Sie drehen, desto mehr Chancen erhalten Sie.<\/p>\n<p>Es ist wichtig, die R\u00fcckzahlung des Geldes an den Spieler zu erw\u00e4hnen. Hier liegt es auf dem durchschnittlichen Niveau \u2013 95,1 % und unterscheidet sich geringf\u00fcgig, je nachdem, welches Thema Sie w\u00e4hlen.<\/p>\n<p>Dasselbe passiert mit der Volatilit\u00e4t. Im Durchschnitt kann es als hoch bezeichnet werden. Das bedeutet, dass Geduld Ihnen gute Gewinne bringt. Wenn Sie einen gro\u00dfen Gewinn erzielen, deckt dieser alle Verluste ab, die Sie zuvor hatten.<\/p>\n<p>\u00dcbrigens kann jeder Spieler den Jackpot gewinnen, egal wie viel er setzt. Einsatzbereich: von 0,01 $ bis 150 $. Wenn Sie also \u00fcber eine kleine Bankroll verf\u00fcgen, k\u00f6nnen Sie immer noch einen der in Lightning Link enthaltenen Slots ausw\u00e4hlen.<\/p>\n<p><span style=\"font-weight: 400;\"><div class=\"tosh-btn\"><a href=\"\/go-casino\/\" target=\"_blank\" rel=\"noopener\">BONUS ERHALTEN<\/a><\/div>\u00a0 <\/span><\/p>\n<h2>FAQ<\/h2>\n<h3>WO KANN ICH LIGHTNING LINK TESTEN?<\/h3>\n<p>Es gibt mehrere M\u00f6glichkeiten. Erstens befinden sich diese Maschinen nat\u00fcrlich in echten (Offline-) Casinos. Wenn Sie also eine solche Gelegenheit haben, k\u00f6nnen Sie sie besuchen. Zweitens k\u00f6nnen Sie die Lightning Link-App verwenden und das Spiel auf Ihrem Handy genie\u00dfen. Und drittens besteht immer die M\u00f6glichkeit, \u00fcber einen mobilen Browser zu spielen. Die Online-Version dieser legend\u00e4ren Maschine passt sich an kleine Bildschirme an.<\/p>\n<h3>WIE KANN MAN DIE BONUSRUNDE IN DIESEM SLOT AUSL\u00d6SEN?<\/h3>\n<p>Daf\u00fcr gibt es keine besonderen Schritte. Sie brauchen etwas Gl\u00fcck und Geduld, um zu warten, bis 3 oder mehr Scatter auf dem Bildschirm erscheinen oder mindestens 6 Perlensymbole auf dem Bildschirm erscheinen. Dann er\u00f6ffnen sich Ihnen die maximalen M\u00f6glichkeiten des Auszahlungsautomaten!<\/p>\n<h3>IST LIGHTNING LINK IN DER KOSTENLOSEN VERSION VERF\u00dcGBAR?<\/h3>\n<p>Ja, Sie k\u00f6nnen den Demo-Modus verwenden, um sich mit dem Gameplay und anderen Funktionen des Spielautomaten vertraut zu machen.<\/p>\n<p>Bewertungen \u00fcber Spielautomaten:<\/p>\n<ul>\n<li><a href=\"https:\/\/rocketplay-new.com\/slot-machines\/starburst\/\">Sternenexplosion<\/a><\/li>\n<li><a href=\"https:\/\/rocketplay-new.com\/slot-machines\/wizard-of-oz\/\">Der Zauberer von OZ<\/a><\/li>\n<\/ul>\n","protected":false},"excerpt":{"rendered":"<p>Eine der bekanntesten Entwicklungen der Marke Aristocrat ist der Lightning Link-Slot, der 4 verschiedene Themen gleichzeitig umfasst. Der Spieler kann w\u00e4hlen, wohin er gehen m\u00f6chte: in die mysteri\u00f6se Unterwasserwelt, die verlassene Sahara, das helle und laute Las Vegas oder die L\u00e4nder des Ostens. \u00dcberall muss der Spieler Gewinnkombinationen auf 50 Gewinnlinien und 5 Walzen bilden,&#8230;<\/p>\n","protected":false},"author":1,"featured_media":0,"parent":2871,"menu_order":0,"comment_status":"closed","ping_status":"closed","template":"","meta":{"_acf_changed":false,"_kad_post_transparent":"default","_kad_post_title":"default","_kad_post_layout":"default","_kad_post_sidebar_id":"","_kad_post_content_style":"default","_kad_post_vertical_padding":"default","_kad_post_feature":"","_kad_post_feature_position":"","_kad_post_header":false,"_kad_post_footer":false,"footnotes":""},"class_list":["post-2898","page","type-page","status-publish","hentry"],"acf":[],"rttpg_featured_image_url":null,"rttpg_author":{"display_name":"John","author_link":"https:\/\/rocketplay-new.com\/de\/author\/pemvas95n89x\/"},"rttpg_comment":0,"rttpg_category":null,"rttpg_excerpt":"Eine der bekanntesten Entwicklungen der Marke Aristocrat ist der Lightning Link-Slot, der 4 verschiedene Themen gleichzeitig umfasst. Der Spieler kann w\u00e4hlen, wohin er gehen m\u00f6chte: in die mysteri\u00f6se Unterwasserwelt, die verlassene Sahara, das helle und laute Las Vegas oder die L\u00e4nder des Ostens. \u00dcberall muss der Spieler Gewinnkombinationen auf 50 Gewinnlinien und 5 Walzen bilden,...","_links":{"self":[{"href":"https:\/\/rocketplay-new.com\/de\/wp-json\/wp\/v2\/pages\/2898","targetHints":{"allow":["GET"]}}],"collection":[{"href":"https:\/\/rocketplay-new.com\/de\/wp-json\/wp\/v2\/pages"}],"about":[{"href":"https:\/\/rocketplay-new.com\/de\/wp-json\/wp\/v2\/types\/page"}],"author":[{"embeddable":true,"href":"https:\/\/rocketplay-new.com\/de\/wp-json\/wp\/v2\/users\/1"}],"replies":[{"embeddable":true,"href":"https:\/\/rocketplay-new.com\/de\/wp-json\/wp\/v2\/comments?post=2898"}],"version-history":[{"count":4,"href":"https:\/\/rocketplay-new.com\/de\/wp-json\/wp\/v2\/pages\/2898\/revisions"}],"predecessor-version":[{"id":5912,"href":"https:\/\/rocketplay-new.com\/de\/wp-json\/wp\/v2\/pages\/2898\/revisions\/5912"}],"up":[{"embeddable":true,"href":"https:\/\/rocketplay-new.com\/de\/wp-json\/wp\/v2\/pages\/2871"}],"wp:attachment":[{"href":"https:\/\/rocketplay-new.com\/de\/wp-json\/wp\/v2\/media?parent=2898"}],"curies":[{"name":"wp","href":"https:\/\/api.w.org\/{rel}","templated":true}]}}