{"id":2894,"date":"2022-08-18T13:47:03","date_gmt":"2022-08-18T10:47:03","guid":{"rendered":"https:\/\/rocketplay-new.com\/slot-machines\/gonzos-quest\/"},"modified":"2025-11-26T20:02:18","modified_gmt":"2025-11-26T17:02:18","slug":"gonzos-quest","status":"publish","type":"page","link":"https:\/\/rocketplay-new.com\/de\/slot-machines\/gonzos-quest\/","title":{"rendered":"Sehen Sie sich Gonzo&#8217;s Quest Slot an"},"content":{"rendered":"<p>Reisen Sie gerne und erleben Sie riskante Abenteuer? Der Gonzos Quest-Slot wurde speziell f\u00fcr Sie erstellt. Dieses Videospiel des Entwicklers NetEnt ist l\u00e4ngst Kult und untrennbar mit dem Markennamen verbunden.<\/p>\n<p>Als Grundlage diente die Geschichte einer realen Person, nach der der Slot benannt wurde. Begeben Sie sich mit Gonzalo Pizarro auf die Suche nach Eldorado City und versuchen Sie, sich auf Ihrem kurvenreichen Pfad voller Risiken nicht zu verirren!<\/p>\n<p style=\"text-align: center;\"><img loading=\"lazy\" decoding=\"async\" class=\"aligncenter wp-image-319 size-full\" src=\"https:\/\/rocketplay-new.com\/wp-content\/uploads\/2022\/08\/gonzosquest-logo.jpeg\" alt=\"Gonzos quest logo\" width=\"752\" height=\"500\" srcset=\"https:\/\/rocketplay-new.com\/wp-content\/uploads\/2022\/08\/gonzosquest-logo.jpeg 752w, https:\/\/rocketplay-new.com\/wp-content\/uploads\/2022\/08\/gonzosquest-logo-300x199.jpeg 300w\" sizes=\"auto, (max-width: 752px) 100vw, 752px\" \/><\/p>\n<h2>GONZO&#8217;S QUEST OHNE ANH\u00c4NGE AUSF\u00dcHREN<\/h2>\n<p>F\u00fcr den Anfang k\u00f6nnen Sie den Slot immer ohne Risiko kennenlernen. Das kostenlose Gonzos Quest-Spiel steht allen Benutzern zur Verf\u00fcgung. H\u00f6chstwahrscheinlich werden Sie diesem animierten 3D-Slot nicht gleichg\u00fcltig bleiben. Immerhin ist dies eines der coolsten Spiele im Bereich des Gl\u00fccksspiels.<\/p>\n<p>So f\u00fchren Sie das Demo-Spiel aus:<\/p>\n<ol>\n<li>Schlitz \u00f6ffnen.<\/li>\n<li>W\u00e4hlen Sie die Freispielfunktion.<\/li>\n<\/ol>\n<p>Alles ist wirklich sehr einfach. Die kostenlose Version hilft Ihnen, die Mechanik zu lernen, die H\u00e4ufigkeit von Gewinnen einzusch\u00e4tzen und einfach die coole Grafik und Musik zu genie\u00dfen.<\/p>\n<p>Im Demo-Modus stehen alle Funktionen wie im Hauptspiel zur Verf\u00fcgung. Daher unterscheidet sich der Prozess nicht von dem, was f\u00fcr echtes Geld durchgef\u00fchrt wird. Und nach Ihrem Test k\u00f6nnen Sie versuchen, in Unterhaltung zu investieren.<\/p>\n<p><span style=\"font-weight: 400;\"><div class=\"tosh-btn\"><a href=\"\/go-casino\/\" target=\"_blank\" rel=\"noopener\">BONUS ERHALTEN<\/a><\/div> <\/span><\/p>\n<h2>GONZO&#8217;S QUEST: TECHNISCHE EIGENSCHAFTEN UND DESIGN DES SLOTS<\/h2>\n<p>Jetzt k\u00f6nnen wir diese Erfindung von NetEnt genauer analysieren. Beginnen wir unsere Gonzos Quest-Rezension mit den Charakteren, die hier anwesend sind.<\/p>\n<p>Alle Hauptsymbole erinnern an antike Tafeln mit Fabelwesen. Dies sind Standardbilder, die Gewinne bringen, wenn sie auf einer Siegesserie landen. \u00dcbrigens gibt es 20 davon.<\/p>\n<p>Au\u00dferdem gibt es eine Silbertafel. Es hat ein Fragezeichen, weil es kein spezifisches Symbol ist; Es ist ein Wild. Es ist notwendig, Symbole zu ersetzen, wenn es nicht genug davon gibt, um zu gewinnen. Die goldene Tafel ist der sogenannte Free Falls, der einen besonderen Spielmodus er\u00f6ffnet.<\/p>\n<p>Das Spiel hat 5 Walzen, aber sie sind ungew\u00f6hnlich. Wenn der Spieler mit der Rotation beginnt, drehen sie sich nicht wie gewohnt, sondern fallen herunter, und dann werden sie durch neue ersetzt, die von oben fallen.<\/p>\n<p>Technische Details:<\/p>\n<ul>\n<li>Auszahlungsrate \u2013 95,97 %;<\/li>\n<li>die Mindesteinzahlung betr\u00e4gt 0,20;<\/li>\n<li>maximal \u2013 50;<\/li>\n<li>Volatilit\u00e4t \u2013 hoch.<\/li>\n<\/ul>\n<p>Dieser Gonzos Quest RTP ist durchschnittlich.<\/p>\n<p>Um die H\u00f6he des Einsatzes festzulegen, m\u00fcssen Sie zuerst die Stufe (von 1 bis 5) und dann den Wert der M\u00fcnze ausw\u00e4hlen. Wie viel echtes Geld herauskommt, wird auf einer separaten Tafel unter der Schaltfl\u00e4che zum Starten der Walzen angezeigt.<\/p>\n<p>Im Hintergrund sehen wir die Stadt Eldorado an den R\u00e4ndern \u2013 ihre Ruinen sind mit Gr\u00fcn \u00fcberwuchert. Gonzo selbst \u00fcberwacht das Gameplay. Dies ist eine animierte Figur, die anders auf Gewinnkombinationen reagiert und sich auf dem Bildschirm bewegt, was das Spiel verw\u00e4ssert.<\/p>\n<p>Erw\u00e4hnenswert ist die musikalische Begleitung. Es gibt Tierger\u00e4usche im Hintergrund, sodass das Spiel entspannend und nicht aufdringlich ist. Beim Fallen der Symbole und der Zusammenstellung der Gewinne erscheinen der entsprechende Sound und die entsprechende Animation. Generell kann das Design des Slots ohne \u00dcbertreibung gelobt werden.<\/p>\n<h2><img loading=\"lazy\" decoding=\"async\" class=\"aligncenter wp-image-320 size-large\" style=\"text-align: center; font-family: var(--global-body-font-family); font-size: 16px; font-weight: normal;\" src=\"https:\/\/rocketplay-new.com\/wp-content\/uploads\/2022\/08\/gonzos-quest-slot-1024x586.jpeg\" alt=\"gonzos quest slot\" width=\"1024\" height=\"586\" srcset=\"https:\/\/rocketplay-new.com\/wp-content\/uploads\/2022\/08\/gonzos-quest-slot-1024x586.jpeg 1024w, https:\/\/rocketplay-new.com\/wp-content\/uploads\/2022\/08\/gonzos-quest-slot-300x172.jpeg 300w, https:\/\/rocketplay-new.com\/wp-content\/uploads\/2022\/08\/gonzos-quest-slot-768x439.jpeg 768w, https:\/\/rocketplay-new.com\/wp-content\/uploads\/2022\/08\/gonzos-quest-slot-1536x878.jpeg 1536w, https:\/\/rocketplay-new.com\/wp-content\/uploads\/2022\/08\/gonzos-quest-slot-2048x1171.jpeg 2048w\" sizes=\"auto, (max-width: 1024px) 100vw, 1024px\" \/><\/h2>\n<h2>GONZO&#8217;S QUEST HAT INTERESSANTE BONI UND FEATURES<\/h2>\n<p>Wenn Sie dachten, dass dieser Slot Sie ohne Geschenke zur\u00fccklassen w\u00fcrde, dann haben Sie sich geirrt. Ja, der Bonus von Gonzos Quest ist keine separate Spielrunde, aber er bleibt trotzdem sehr interessant.<\/p>\n<p>Als erstes ist also die Avalanche-Funktion zu nennen. Dieses Spiel wurde 2013 ver\u00f6ffentlicht und war das erste der Welt, das eine solche Option f\u00fcr fallende Symbole hatte.<\/p>\n<p>Tatsache ist, dass die St\u00fcrze von alleine wiederholt werden, wenn sie eine Gewinnkombination ergeben. Jedes Mal erhalten Sie einen weiteren Gewinn mit einem Multiplikator. Und das kann beliebig oft hintereinander so weitergehen.<\/p>\n<p>Sie geben also kein eigenes Geld aus, sondern verdienen mit einem Multiplikator von x1 bis x5.<\/p>\n<p>Jetzt m\u00fcssen Sie sich an die goldene Platte des freien Falls erinnern, die zus\u00e4tzliche Spins er\u00f6ffnet. Menge \u2013 10 St\u00fcck. Dies sind die einzigen Bonusangebote, die dieser Slot bietet, aber sie reichen aus, um den maximalen Gewinn zu erzielen.<\/p>\n<p>Wenn Sie also Gonzos Quest in einem Casino begegnet sind, sollten Sie hier unbedingt Ihr Gl\u00fcck versuchen.<\/p>\n<p><span style=\"font-weight: 400;\"><div class=\"tosh-btn\"><a href=\"\/go-casino\/\" target=\"_blank\" rel=\"noopener\">BONUS ERHALTEN<\/a><\/div> <\/span><\/p>\n<h2>H\u00e4ufig gestellte Fragen zu GONZOS QUEST<\/h2>\n<h3>WIE OFT KOMMT DIESER SLOT AUF GEWINNKOMBINATIONEN?<\/h3>\n<p>Dieser Faktor h\u00e4ngt von der Volatilit\u00e4t ab. Da es hier hoch ist, kann man sehen, dass erfolgreiche Kombinationen ziemlich oft ausfallen. Gleichzeitig ist ihre Gr\u00f6\u00dfe ziemlich gro\u00df, da Multiplikatoren verwendet werden.<\/p>\n<h3>WELCHE STRATEGIE SOLLTE BEI \u200b\u200bGONZOS SUCHE VERWENDET WERDEN?<\/h3>\n<p>Es arbeitet auf Basis eines Randomizers. Daher funktionieren Strategien hier nicht. Sie m\u00fcssen darauf vorbereitet sein, dass Spiele mit einer solchen Volatilit\u00e4t ein sehr hohes Risiko haben, sodass Sie manchmal einen Teil Ihrer Bankroll verlieren. Aber wenn Sie die Geduld haben, bis zum Ende zu spielen, werden Sie belohnt.<\/p>\n<h3>GIBT ES EIN RISIKOSPIEL?<\/h3>\n<p>Nein, eine solche Funktion gibt es hier nicht. Aber es gibt noch viele andere interessante Dinge, die helfen, die Gewinne zu erh\u00f6hen.<\/p>\n<p>Bewertungen \u00fcber Spielautomaten:<\/p>\n<ul>\n<li><a href=\"https:\/\/rocketplay-new.com\/slot-machines\/break-da-bank\/\">Brich die Bank<\/a><\/li>\n<li><a href=\"https:\/\/rocketplay-new.com\/slot-machines\/dragon-link\/\">Drachenlink<\/a><\/li>\n<\/ul>\n","protected":false},"excerpt":{"rendered":"<p>Reisen Sie gerne und erleben Sie riskante Abenteuer? Der Gonzos Quest-Slot wurde speziell f\u00fcr Sie erstellt. Dieses Videospiel des Entwicklers NetEnt ist l\u00e4ngst Kult und untrennbar mit dem Markennamen verbunden. Als Grundlage diente die Geschichte einer realen Person, nach der der Slot benannt wurde. Begeben Sie sich mit Gonzalo Pizarro auf die Suche nach Eldorado&#8230;<\/p>\n","protected":false},"author":1,"featured_media":0,"parent":2871,"menu_order":0,"comment_status":"closed","ping_status":"closed","template":"","meta":{"_acf_changed":false,"_kad_post_transparent":"default","_kad_post_title":"default","_kad_post_layout":"default","_kad_post_sidebar_id":"","_kad_post_content_style":"default","_kad_post_vertical_padding":"default","_kad_post_feature":"","_kad_post_feature_position":"","_kad_post_header":false,"_kad_post_footer":false,"footnotes":""},"class_list":["post-2894","page","type-page","status-publish","hentry"],"acf":[],"rttpg_featured_image_url":null,"rttpg_author":{"display_name":"John","author_link":"https:\/\/rocketplay-new.com\/de\/author\/pemvas95n89x\/"},"rttpg_comment":0,"rttpg_category":null,"rttpg_excerpt":"Reisen Sie gerne und erleben Sie riskante Abenteuer? Der Gonzos Quest-Slot wurde speziell f\u00fcr Sie erstellt. Dieses Videospiel des Entwicklers NetEnt ist l\u00e4ngst Kult und untrennbar mit dem Markennamen verbunden. Als Grundlage diente die Geschichte einer realen Person, nach der der Slot benannt wurde. Begeben Sie sich mit Gonzalo Pizarro auf die Suche nach Eldorado...","_links":{"self":[{"href":"https:\/\/rocketplay-new.com\/de\/wp-json\/wp\/v2\/pages\/2894","targetHints":{"allow":["GET"]}}],"collection":[{"href":"https:\/\/rocketplay-new.com\/de\/wp-json\/wp\/v2\/pages"}],"about":[{"href":"https:\/\/rocketplay-new.com\/de\/wp-json\/wp\/v2\/types\/page"}],"author":[{"embeddable":true,"href":"https:\/\/rocketplay-new.com\/de\/wp-json\/wp\/v2\/users\/1"}],"replies":[{"embeddable":true,"href":"https:\/\/rocketplay-new.com\/de\/wp-json\/wp\/v2\/comments?post=2894"}],"version-history":[{"count":3,"href":"https:\/\/rocketplay-new.com\/de\/wp-json\/wp\/v2\/pages\/2894\/revisions"}],"predecessor-version":[{"id":5902,"href":"https:\/\/rocketplay-new.com\/de\/wp-json\/wp\/v2\/pages\/2894\/revisions\/5902"}],"up":[{"embeddable":true,"href":"https:\/\/rocketplay-new.com\/de\/wp-json\/wp\/v2\/pages\/2871"}],"wp:attachment":[{"href":"https:\/\/rocketplay-new.com\/de\/wp-json\/wp\/v2\/media?parent=2894"}],"curies":[{"name":"wp","href":"https:\/\/api.w.org\/{rel}","templated":true}]}}