{"id":2880,"date":"2022-08-18T14:04:56","date_gmt":"2022-08-18T11:04:56","guid":{"rendered":"https:\/\/rocketplay-new.com\/slot-machines\/break-da-bank\/"},"modified":"2025-04-08T11:49:09","modified_gmt":"2025-04-08T08:49:09","slug":"break-da-bank","status":"publish","type":"page","link":"https:\/\/rocketplay-new.com\/de\/slot-machines\/break-da-bank\/","title":{"rendered":"\u00dcberpr\u00fcfen Sie den Break Da Bank-Slot"},"content":{"rendered":"<p>Erf\u00fcllen Sie sich den Traum aller Gangster aus den Filmen \u2013 versuchen Sie, auf die Bank zu kommen und reich zu werden. Schlie\u00dflich ist dies dank des Slots Break da Bank Again durchaus m\u00f6glich. Versuchen Sie, hier etwas echtes Geld zu investieren und sehen Sie, wie es sich in naher Zukunft f\u00fcr Sie mehr als auszahlt. Ein einzigartiger Slot von Microgaming mit einem coolen Thema wird Ihren Abend perfekt verw\u00e4ssern und zeigen, wie vielf\u00e4ltig Videospiele sein k\u00f6nnen.<\/p>\n<p style=\"text-align: center;\"><img loading=\"lazy\" decoding=\"async\" class=\"aligncenter wp-image-327 size-large\" src=\"https:\/\/rocketplay-new.com\/wp-content\/uploads\/2022\/08\/breakdabank-logo-1024x359.jpeg\" alt=\"BreakDaBank logo\" width=\"1024\" height=\"359\" srcset=\"https:\/\/rocketplay-new.com\/wp-content\/uploads\/2022\/08\/breakdabank-logo-1024x359.jpeg 1024w, https:\/\/rocketplay-new.com\/wp-content\/uploads\/2022\/08\/breakdabank-logo-300x105.jpeg 300w, https:\/\/rocketplay-new.com\/wp-content\/uploads\/2022\/08\/breakdabank-logo-768x269.jpeg 768w, https:\/\/rocketplay-new.com\/wp-content\/uploads\/2022\/08\/breakdabank-logo.jpeg 1140w\" sizes=\"auto, (max-width: 1024px) 100vw, 1024px\" \/><\/p>\n<h2>BRECHEN SIE DA BANK WIEDER: STARTEN SIE DEN SLOT ZUM ERSTEN MAL<\/h2>\n<p>Die Funktionalit\u00e4t des Spiels kann sich je nach ge\u00f6ffneter Version unterscheiden. Da Microgaming mehrere Optionen f\u00fcr Bankspiele hat, zum Beispiel Break da Bank Again Megaways, das etwas andere Regeln hat.<\/p>\n<p>Heute sprechen wir \u00fcber das \u00fcbliche Spiel. Um es auszuf\u00fchren, ben\u00f6tigen Sie:<\/p>\n<ol>\n<li>Erstellen Sie Ihr Profil auf der Casino-Website oder geben Sie Ihr pers\u00f6nliches Konto ein, wenn Sie bereits eines haben.<\/li>\n<li>Finden Sie dieses Spiel in der Suche.<\/li>\n<li>F\u00fchren Sie den Spielautomaten im normalen Modus aus oder schalten Sie das kostenlose Spiel Break da Bank Again ein.<\/li>\n<li>Studieren Sie die Informationen \u00fcber den Spielautomaten und sehen Sie sich die H\u00f6he des Einsatzes an (wenn Sie um Geld spielen). Passen Sie es an, wenn die Standardgr\u00f6\u00dfe nicht zu Ihnen passt.<\/li>\n<li>Starten Sie Drehungen, indem Sie die mittlere Taste dr\u00fccken.<\/li>\n<\/ol>\n<p>Zu Ihrer Bequemlichkeit gibt es auch ein automatisches Spiel, bei dem Sie die Anzahl der Drehungen festlegen m\u00fcssen, die automatisch gestartet werden. Sie k\u00f6nnen die Drehung der Walzen auch beschleunigen, indem Sie auf die Schaltfl\u00e4che f\u00fcr beschleunigte Drehungen klicken.<\/p>\n<p>Ein weiterer wichtiger Punkt ist, dass Sie Ihr Konto aufgef\u00fcllt haben m\u00fcssen, um um Geld spielen zu k\u00f6nnen. Der Einsatzbereich in diesem Spielautomaten liegt zwischen 0,09 und 45.<\/p>\n<p><span style=\"font-weight: 400;\"><div class=\"tosh-btn\"><a href=\"\/go-casino\/\" target=\"_blank\" rel=\"noopener\">BONUS ERHALTEN<\/a><\/div> <\/span><\/p>\n<h2>EIGENSCHAFTEN VON BREAK DA BANK WIEDER<\/h2>\n<p>Objektiv gesehen hat dieser Slot eine ziemlich einfache Struktur. Es besteht aus 5 Walzen mit drei Symbolreihen. Hier gibt es nur 9 Gewinnlinien, was im Vergleich zu anderen Slots nicht so viele sind. Aufgrund der durchschnittlichen Volatilit\u00e4t bilden sie jedoch oft Gewinnkombinationen von guter Gr\u00f6\u00dfe. Aus diesem Grund ist das Investitionsspiel der Break da Bank Again-Demo vorzuziehen.<\/p>\n<p>Die Symbole dieses Spielautomaten sind mit traditionellen Casinobildern und nat\u00fcrlich mit dem Bankenthema verbunden. Es gibt:<\/p>\n<ul>\n<li>mehrfarbige Kartenwerte;<\/li>\n<li>Goldbarren;<\/li>\n<li>Packungen mit Dollar;<\/li>\n<li>M\u00fcnzen;<\/li>\n<li>Bankschecks;<\/li>\n<li>Edelsteine.<\/li>\n<\/ul>\n<p>Hier gibt es auch ein besonderes Symbol \u2013 den Tresor, das ist der Scatter. Das Spiellogo ist das Wild-Symbol. Sie bringen Besonderheiten mit.<\/p>\n<p>Scatter beispielsweise ist nicht von Gewinnlinien abh\u00e4ngig und kann Bonusrunden er\u00f6ffnen, die f\u00fcr den Spieler kostenlos sind. Die Anzahl der Break da Bank Again-Freispiele ist nicht immer gleich. Es h\u00e4ngt von der Anzahl der Safes ab, die auf den Bildschirm gefallen sind. Rotationen k\u00f6nnen von 15 bis 25 sein.<\/p>\n<p>\u00dcbrigens werden w\u00e4hrend der Sonderrunde alle Gewinne entsprechend Ihrem letzten Einsatz gutgeschrieben und verf\u00fcnffacht.<\/p>\n<p>Aber das Geheimnis des Wild-Symbols ist nicht nur, dass es andere Bilder ersetzt. Alle Kombinationen, die mit seiner Teilnahme gemacht werden, werden mit 5 multipliziert, was auch Ihre Gewinne erheblich erh\u00f6ht.<\/p>\n<p><img loading=\"lazy\" decoding=\"async\" class=\"aligncenter wp-image-329 size-full\" src=\"https:\/\/rocketplay-new.com\/wp-content\/uploads\/2022\/08\/break-da-bank-slot-1.jpeg\" alt=\"\" width=\"730\" height=\"500\" srcset=\"https:\/\/rocketplay-new.com\/wp-content\/uploads\/2022\/08\/break-da-bank-slot-1.jpeg 730w, https:\/\/rocketplay-new.com\/wp-content\/uploads\/2022\/08\/break-da-bank-slot-1-300x205.jpeg 300w\" sizes=\"auto, (max-width: 730px) 100vw, 730px\" \/><\/p>\n<h2>THEMA &amp; DESIGN<\/h2>\n<p>Was dieses Spiel frisch und urban macht, ist allein sein Thema. Die Atmosph\u00e4re der Bank wird sehr gut vermittelt. Das Design des Steckplatzes ist dezent. Der Hintergrund ist als Banksafe stilisiert und die Symbole auf den Walzen heben sich hell davon ab. Die Grafikqualit\u00e4t ist hoch; Auf keinem Bildschirm sehen Sie Pixel oder ein unscharfes Bild. Die Animation ist unaufdringlich.<\/p>\n<p>Besonders auff\u00e4llig ist die Gestaltung des Scatter-Symbols. Dies ist ein geschlossener Tresor, der sich \u00f6ffnet, wenn mindestens 3 Teile auf das Spielfeld fallen. Ein Bankier wird aus einem riesigen Safe kommen, und hinter ihm werden Sie Berge von Reichtum sehen, f\u00fcr die Sie hierher gekommen sind.<\/p>\n<p>Was die musikalische Begleitung betrifft, so ist sie hier ungew\u00f6hnlich. Im Hintergrund h\u00f6rt man das Rumpeln einer funktionierenden Bankfiliale. W\u00e4hrend der Drehungen erscheint ein charakteristisches Ger\u00e4usch, genau wie bei Gewinnen. Wenn Sie m\u00f6chten, k\u00f6nnen Sie den Soundtrack jedoch ausschalten.<\/p>\n<p><span style=\"font-weight: 400;\"><div class=\"tosh-btn\"><a href=\"\/go-casino\/\" target=\"_blank\" rel=\"noopener\">BONUS ERHALTEN<\/a><\/div> <\/span><\/p>\n<p style=\"text-align: center;\">\n<h2>FAZIT<\/h2>\n<p>Wir k\u00f6nnen davon ausgehen, dass Break da Bank Again Deutschland nicht umsonst so beliebt ist. Es hebt sich von den anderen ab; nicht langweilig und interessant. Trotz der Tatsache, dass es hier keine hohe Volatilit\u00e4t gibt, ist es durchaus m\u00f6glich, gro\u00dfe Gewinne zu erzielen.<\/p>\n<p>Der RTP betr\u00e4gt hier 95,43 % \u2013 ein guter Indikator f\u00fcr einen Spieler. Sie k\u00f6nnen hier sogar mit einer kleinen Bankroll einsteigen.<\/p>\n<p>Instant Play ist f\u00fcr alle Benutzer verf\u00fcgbar, unabh\u00e4ngig davon, ob eine Person von einem Computer oder Telefon aus spielt. Der Entwickler hat das Spiel f\u00fcr alle Ger\u00e4te angepasst, sodass das Hacken einer Bank jetzt viel einfacher ist! Der Slot ist definitiv jedem zu empfehlen, der damit noch nicht vertraut ist.<\/p>\n<p>Bewertungen \u00fcber Spielautomaten:<\/p>\n<ul>\n<li><a href=\"https:\/\/rocketplay-new.com\/slot-machines\/mega-moolah\/\">Mega Moolah<\/a><\/li>\n<li><a href=\"https:\/\/rocketplay-new.com\/slot-machines\/lightning-link\/\">Blitzlink<\/a><\/li>\n<\/ul>\n","protected":false},"excerpt":{"rendered":"<p>Erf\u00fcllen Sie sich den Traum aller Gangster aus den Filmen \u2013 versuchen Sie, auf die Bank zu kommen und reich zu werden. Schlie\u00dflich ist dies dank des Slots Break da Bank Again durchaus m\u00f6glich. Versuchen Sie, hier etwas echtes Geld zu investieren und sehen Sie, wie es sich in naher Zukunft f\u00fcr Sie mehr als&#8230;<\/p>\n","protected":false},"author":1,"featured_media":0,"parent":2871,"menu_order":0,"comment_status":"closed","ping_status":"closed","template":"","meta":{"_acf_changed":false,"_kad_post_transparent":"default","_kad_post_title":"default","_kad_post_layout":"default","_kad_post_sidebar_id":"","_kad_post_content_style":"default","_kad_post_vertical_padding":"default","_kad_post_feature":"","_kad_post_feature_position":"","_kad_post_header":false,"_kad_post_footer":false,"footnotes":""},"class_list":["post-2880","page","type-page","status-publish","hentry"],"acf":[],"rttpg_featured_image_url":null,"rttpg_author":{"display_name":"John","author_link":"https:\/\/rocketplay-new.com\/de\/author\/pemvas95n89x\/"},"rttpg_comment":0,"rttpg_category":null,"rttpg_excerpt":"Erf\u00fcllen Sie sich den Traum aller Gangster aus den Filmen \u2013 versuchen Sie, auf die Bank zu kommen und reich zu werden. Schlie\u00dflich ist dies dank des Slots Break da Bank Again durchaus m\u00f6glich. Versuchen Sie, hier etwas echtes Geld zu investieren und sehen Sie, wie es sich in naher Zukunft f\u00fcr Sie mehr als...","_links":{"self":[{"href":"https:\/\/rocketplay-new.com\/de\/wp-json\/wp\/v2\/pages\/2880","targetHints":{"allow":["GET"]}}],"collection":[{"href":"https:\/\/rocketplay-new.com\/de\/wp-json\/wp\/v2\/pages"}],"about":[{"href":"https:\/\/rocketplay-new.com\/de\/wp-json\/wp\/v2\/types\/page"}],"author":[{"embeddable":true,"href":"https:\/\/rocketplay-new.com\/de\/wp-json\/wp\/v2\/users\/1"}],"replies":[{"embeddable":true,"href":"https:\/\/rocketplay-new.com\/de\/wp-json\/wp\/v2\/comments?post=2880"}],"version-history":[{"count":5,"href":"https:\/\/rocketplay-new.com\/de\/wp-json\/wp\/v2\/pages\/2880\/revisions"}],"predecessor-version":[{"id":6043,"href":"https:\/\/rocketplay-new.com\/de\/wp-json\/wp\/v2\/pages\/2880\/revisions\/6043"}],"up":[{"embeddable":true,"href":"https:\/\/rocketplay-new.com\/de\/wp-json\/wp\/v2\/pages\/2871"}],"wp:attachment":[{"href":"https:\/\/rocketplay-new.com\/de\/wp-json\/wp\/v2\/media?parent=2880"}],"curies":[{"name":"wp","href":"https:\/\/api.w.org\/{rel}","templated":true}]}}