{"id":2876,"date":"2022-08-18T13:37:44","date_gmt":"2022-08-18T10:37:44","guid":{"rendered":"https:\/\/rocketplay-new.com\/slot-machines\/book-of-dead\/"},"modified":"2025-11-25T23:24:14","modified_gmt":"2025-11-25T20:24:14","slug":"book-of-dead","status":"publish","type":"page","link":"https:\/\/rocketplay-new.com\/de\/slot-machines\/book-of-dead\/","title":{"rendered":"Testen Sie den Spielautomaten Book of Dead"},"content":{"rendered":"<p>Die Geheimnisse der alt\u00e4gyptischen Gr\u00e4ber l\u00fcften, dort nach Sch\u00e4tzen suchen, sein eigenes Geld riskieren \u2013 warum nicht ein spannendes Abenteuer? Alt\u00e4gyptische Spielautomaten \u00fcberraschen mit der Sch\u00f6nheit ihres Designs und ihrer magnetischen Musikbegleitung. Daher ist es nicht verwunderlich, dass es in modernen Online-Casinos Dutzende davon gibt. Heute werden wir den Kult-Slot in diesem Thema besprechen, und Sie werden die objektivste Book of Dead-Rezension erhalten und verstehen, ob dieses Videospiel Ihren Bed\u00fcrfnissen entspricht.<\/p>\n<p style=\"text-align: center;\"><img loading=\"lazy\" decoding=\"async\" class=\"aligncenter wp-image-314 size-full\" src=\"https:\/\/rocketplay-new.com\/wp-content\/uploads\/2022\/08\/book-of-dead-logo.jpeg\" alt=\"book of dead logo\" width=\"720\" height=\"471\" srcset=\"https:\/\/rocketplay-new.com\/wp-content\/uploads\/2022\/08\/book-of-dead-logo.jpeg 720w, https:\/\/rocketplay-new.com\/wp-content\/uploads\/2022\/08\/book-of-dead-logo-300x196.jpeg 300w\" sizes=\"auto, (max-width: 720px) 100vw, 720px\" \/><\/p>\n<h2>DEMO-MODUS \u2013 KOSTENLOSE EINF\u00dcHRUNG IN BOOK OF DEAD<\/h2>\n<p>Nachdem Sie dieses Videospiel zum ersten Mal gestartet haben, k\u00f6nnen Sie ihm nicht gleichg\u00fcltig bleiben. Aber es ist immer besser, die erste Bekanntschaft zu machen, ohne sein Geld daf\u00fcr auszugeben. Aus diesem Grund k\u00f6nnen Sie Book of Dead kostenlos spielen.<\/p>\n<p>Ein solches Regime wird Ihnen helfen:<\/p>\n<ul>\n<li>die Mechanik des Spielautomaten verstehen;<\/li>\n<li>f\u00fchle, ob es dir gef\u00e4llt oder nicht;<\/li>\n<li>Bewertung der Qualit\u00e4t von Grafik und Ton;<\/li>\n<li>\u00fcberpr\u00fcfen Sie die H\u00e4ufigkeit der Gewinnkombinationen;<\/li>\n<li>Testen Sie die Strategie des Spiels.<\/li>\n<\/ul>\n<p>Spieler aus Deutschland haben die M\u00f6glichkeit, den Slot kostenlos zu spielen, wenn sie noch nicht bereit sind, Geld daf\u00fcr auszugeben oder einfach keine eigene Bankroll haben.<\/p>\n<p><span style=\"font-weight: 400;\"><div class=\"tosh-btn\"><a href=\"\/go-casino\/\" target=\"_blank\" rel=\"noopener\">BONUS ERHALTEN<\/a><\/div> <\/span><\/p>\n<h2>SYMBOLE, RATEN UND ANDERE DETAILS DES TODESBUCHES<\/h2>\n<p>Ohne Versch\u00f6nerung ist der Book of Dead Slot ein Klassiker in diesem Genre. In Anlehnung an dieses Spiel von Play&#8217;n Go wurden Dutzende \u00e4hnlicher Videospiele erstellt. Und das alles dank der interessanten Features, die der Entwickler hier eingebaut hat.<\/p>\n<p>Lassen Sie uns also zuerst \u00fcber Symbole sprechen. Hier gibt es zehn davon:<\/p>\n<ul>\n<li>Kartenwerte (von 10 bis Ass);<\/li>\n<li>\u00e4gyptische Symbole (Anubis, Pharao und andere);<\/li>\n<li>Rich Wilde \u2013 Reisender und Protagonist;<\/li>\n<li>Goldenes Buch.<\/li>\n<\/ul>\n<p>Das Besondere ist nat\u00fcrlich das Wild-Symbol. Seine Rolle spielt ein mysteri\u00f6ses Buch. Es kann andere Symbole ersetzen und die Bonusrunde aktivieren, wenn es irgendwo auf dem Spielfeld in einer Menge von 3 oder mehr erscheint. Dar\u00fcber hinaus bringt es auch alleine Gewinne.<\/p>\n<p>Technische Information:<\/p>\n<ul>\n<li>Schlagzeug \u2013 5;<\/li>\n<li>Gewinnlinien \u2013 10;<\/li>\n<li>automatisches Spiel \u2013 ja;<\/li>\n<li>beschleunigte Rotation \u2013 ja;<\/li>\n<li>der Mindestsatz betr\u00e4gt 0,01;<\/li>\n<li>maximal \u2013 100.<\/li>\n<\/ul>\n<p>Die maximale Leistung, zu der Book of Dead online f\u00e4hig ist, betr\u00e4gt eine halbe Million. Und Sie haben alle Chancen darauf!<\/p>\n<p style=\"text-align: center;\"><img loading=\"lazy\" decoding=\"async\" class=\"aligncenter wp-image-315 size-full\" src=\"https:\/\/rocketplay-new.com\/wp-content\/uploads\/2022\/08\/book-of-dead-slot.jpeg\" alt=\"Book of Dead slot\" width=\"838\" height=\"456\" srcset=\"https:\/\/rocketplay-new.com\/wp-content\/uploads\/2022\/08\/book-of-dead-slot.jpeg 838w, https:\/\/rocketplay-new.com\/wp-content\/uploads\/2022\/08\/book-of-dead-slot-300x163.jpeg 300w, https:\/\/rocketplay-new.com\/wp-content\/uploads\/2022\/08\/book-of-dead-slot-768x418.jpeg 768w\" sizes=\"auto, (max-width: 838px) 100vw, 838px\" \/><\/p>\n<h2>DOUBLE CHANCE UND ANDERER BOOK OF DEAD-MODUS<\/h2>\n<p>Um wirklich gro\u00dfe Betr\u00e4ge zu verdienen, muss der Spieler Bonussymbole fangen, die hier das Drehbuch sind. Es beginnt die Bonusrunde, in der die Gewinne viel gr\u00f6\u00dfer werden und das Guthaben des Spielers so bleibt, wie es vor Beginn war.<\/p>\n<p>Woraus besteht die Bonusrunde? Das sind 10 Freispiele, bei denen der Automat dem Spieler kein Geld abzieht, sondern nur Credits. Spins werden automatisch gespielt.<\/p>\n<p>Wie f\u00e4ngt es an? Wenn 3 oder mehr Buchsymbole auf dem Bildschirm zu sehen sind. Es spielt keine Rolle, ob sie auf einer Gewinnlinie landen oder nicht.<\/p>\n<p>Kann die Bonusrunde fortgesetzt werden? Ja, wenn Sie das Gl\u00fcck haben, dass 3 weitere Bilder von B\u00fcchern erscheinen. Dann werden die Book of Dead-Freispiele erneut gestartet. Dies kann bis zum maximalen Gewinn fortgesetzt werden.<\/p>\n<p>Dar\u00fcber hinaus erscheinen w\u00e4hrend der Bonusrunde zuf\u00e4llig expandierende Symbole. Jedes Bild kann als ihre Rolle fungieren. Abh\u00e4ngig davon \u00e4ndert sich der Betrag, den Sie gewinnen k\u00f6nnen.<\/p>\n<p>Ein weiteres cooles Feature, bei dem Sie Ihren letzten Gewinn verdoppeln oder vervierfachen k\u00f6nnen, ist ein Gl\u00fccksspiel. Seine Grundregeln sind:<\/p>\n<ul>\n<li>W\u00e4hlen Sie die Farbe der sich \u00f6ffnenden Karte und verdoppeln Sie den letzten Betrag;<\/li>\n<li>W\u00e4hlen Sie eine Kartenfarbe und vervierfachen Sie den Geldbetrag.<\/li>\n<\/ul>\n<p>Wenn Ihre Vorhersage richtig ist, kann das Spiel beliebig fortgesetzt werden. Dies ist bis zu 5 Mal m\u00f6glich. Wenn Sie die Farbe oder den Anzug nicht erraten haben, endet die Runde automatisch.<\/p>\n<p>Dieser Spielautomat hat sehr einfache Regeln. Aber genauso einfach ist es, im Book of Dead echtes Geld zu verdienen.<\/p>\n<p>Neben coolen Features findet man hier auch ein gutes Design. Der Slot sieht modern aus, obwohl er vor etwa 5 Jahren ver\u00f6ffentlicht wurde. Im Hintergrund sieht der Spieler ein altes Grab und das Spielfeld ist voller leuchtender Symbole und guter Animationen.<\/p>\n<p><span style=\"font-weight: 400;\"><div class=\"tosh-btn\"><a href=\"\/go-casino\/\" target=\"_blank\" rel=\"noopener\">BONUS ERHALTEN<\/a><\/div> <\/span><\/p>\n<h2>BOOK OF DEAD FAQ<\/h2>\n<h3>WIE HOCH IST DER RTP-PROZENT IN DIESEM SLOT?<\/h3>\n<p>Der Hersteller gibt einen Indikator von 96,21% an. Es wird als gut genug angesehen. Dies wird durch das Vorhandensein einer Bonusrunde im Spiel erreicht. Dieser Indikator erm\u00f6glicht es dem Spieler, nicht nur mit einer Rendite zu rechnen, sondern mit etwas Gl\u00fcck auch mit der Erh\u00f6hung der Bankroll.<\/p>\n<h3>WIE OFT GEWINNE ICH BEI DIESEM SLOT UND WIE HOCH SIND DIE GEWINNE?<\/h3>\n<p>Bei Slots ist daf\u00fcr die Volatilit\u00e4t verantwortlich. Book of Dead hat einen Durchschnitt. Das bedeutet, dass die Gewinne klein, aber ziemlich regelm\u00e4\u00dfig sein werden. Diese Option ist langfristig geeignet, erm\u00f6glicht es Ihnen jedoch nicht, den Jackpot scharf zu knacken.<\/p>\n<h3>KANN ICH BOOK OF DEAD SPIELEN, OHNE MEIN GELD ZU VERSCHWENDEN?<\/h3>\n<p>Na sicher. Der Entwickler hat eine Demoversion erstellt, die allen G\u00e4sten des Casinos, in dem der Slot pr\u00e4sentiert wird, zur Verf\u00fcgung steht.<\/p>\n<p>Bewertungen \u00fcber Spielautomaten:<\/p>\n<ul>\n<li><a href=\"https:\/\/rocketplay-new.com\/slot-machines\/wizard-of-oz\/\">Der Zauberer von OZ<\/a><\/li>\n<li><a href=\"https:\/\/rocketplay-new.com\/slot-machines\/starburst\/\">Sternenexplosion<\/a><\/li>\n<\/ul>\n","protected":false},"excerpt":{"rendered":"<p>Die Geheimnisse der alt\u00e4gyptischen Gr\u00e4ber l\u00fcften, dort nach Sch\u00e4tzen suchen, sein eigenes Geld riskieren \u2013 warum nicht ein spannendes Abenteuer? Alt\u00e4gyptische Spielautomaten \u00fcberraschen mit der Sch\u00f6nheit ihres Designs und ihrer magnetischen Musikbegleitung. Daher ist es nicht verwunderlich, dass es in modernen Online-Casinos Dutzende davon gibt. Heute werden wir den Kult-Slot in diesem Thema besprechen, und&#8230;<\/p>\n","protected":false},"author":1,"featured_media":0,"parent":2871,"menu_order":0,"comment_status":"closed","ping_status":"closed","template":"","meta":{"_acf_changed":false,"_kad_post_transparent":"default","_kad_post_title":"default","_kad_post_layout":"default","_kad_post_sidebar_id":"","_kad_post_content_style":"default","_kad_post_vertical_padding":"default","_kad_post_feature":"","_kad_post_feature_position":"","_kad_post_header":false,"_kad_post_footer":false,"footnotes":""},"class_list":["post-2876","page","type-page","status-publish","hentry"],"acf":[],"rttpg_featured_image_url":null,"rttpg_author":{"display_name":"John","author_link":"https:\/\/rocketplay-new.com\/de\/author\/pemvas95n89x\/"},"rttpg_comment":0,"rttpg_category":null,"rttpg_excerpt":"Die Geheimnisse der alt\u00e4gyptischen Gr\u00e4ber l\u00fcften, dort nach Sch\u00e4tzen suchen, sein eigenes Geld riskieren \u2013 warum nicht ein spannendes Abenteuer? Alt\u00e4gyptische Spielautomaten \u00fcberraschen mit der Sch\u00f6nheit ihres Designs und ihrer magnetischen Musikbegleitung. Daher ist es nicht verwunderlich, dass es in modernen Online-Casinos Dutzende davon gibt. Heute werden wir den Kult-Slot in diesem Thema besprechen, und...","_links":{"self":[{"href":"https:\/\/rocketplay-new.com\/de\/wp-json\/wp\/v2\/pages\/2876","targetHints":{"allow":["GET"]}}],"collection":[{"href":"https:\/\/rocketplay-new.com\/de\/wp-json\/wp\/v2\/pages"}],"about":[{"href":"https:\/\/rocketplay-new.com\/de\/wp-json\/wp\/v2\/types\/page"}],"author":[{"embeddable":true,"href":"https:\/\/rocketplay-new.com\/de\/wp-json\/wp\/v2\/users\/1"}],"replies":[{"embeddable":true,"href":"https:\/\/rocketplay-new.com\/de\/wp-json\/wp\/v2\/comments?post=2876"}],"version-history":[{"count":3,"href":"https:\/\/rocketplay-new.com\/de\/wp-json\/wp\/v2\/pages\/2876\/revisions"}],"predecessor-version":[{"id":5875,"href":"https:\/\/rocketplay-new.com\/de\/wp-json\/wp\/v2\/pages\/2876\/revisions\/5875"}],"up":[{"embeddable":true,"href":"https:\/\/rocketplay-new.com\/de\/wp-json\/wp\/v2\/pages\/2871"}],"wp:attachment":[{"href":"https:\/\/rocketplay-new.com\/de\/wp-json\/wp\/v2\/media?parent=2876"}],"curies":[{"name":"wp","href":"https:\/\/api.w.org\/{rel}","templated":true}]}}