{"id":2871,"date":"2022-06-13T20:51:19","date_gmt":"2022-06-13T17:51:19","guid":{"rendered":"https:\/\/rocketplay-new.com\/slot-machines\/"},"modified":"2025-11-26T20:11:23","modified_gmt":"2025-11-26T17:11:23","slug":"slot-machines","status":"publish","type":"page","link":"https:\/\/rocketplay-new.com\/de\/slot-machines\/","title":{"rendered":"Spielautomaten im RocketPlay Casino"},"content":{"rendered":"<p>Die Erfindung des Spielautomaten im sp\u00e4ten 19. Jahrhundert war ein wichtiges Ereignis in der Welt des Gl\u00fccksspiels. Spielautomaten \u00fcbertrafen schnell andere Formen der Unterhaltung an Popularit\u00e4t. In modernen Casinos werden sie von mehr als 70 % der Spieler gew\u00e4hlt. Manchmal kann man lesen, dass sich die Idee des Spielautomaten-Erfinders Charles Fey dem Poker entlehnt hat. Und es stimmt, oft werden Karten als Symbolbilder auf den Walzen verwendet und die Kombinationen erinnern ein wenig an Poker. Aber auch wenn der Ingenieur vom Kartenspiel ausgegangen ist, ist er am Ende ziemlich weit davon entfernt.<\/p>\n<p><img loading=\"lazy\" decoding=\"async\" class=\"aligncenter wp-image-4778\" src=\"https:\/\/rocketplay-new.com\/wp-content\/uploads\/2024\/02\/111.png\" alt=\"Slot RocketPlay\" width=\"800\" height=\"478\" srcset=\"https:\/\/rocketplay-new.com\/wp-content\/uploads\/2024\/02\/111.png 1340w, https:\/\/rocketplay-new.com\/wp-content\/uploads\/2024\/02\/111-300x179.png 300w, https:\/\/rocketplay-new.com\/wp-content\/uploads\/2024\/02\/111-1024x612.png 1024w, https:\/\/rocketplay-new.com\/wp-content\/uploads\/2024\/02\/111-768x459.png 768w\" sizes=\"auto, (max-width: 800px) 100vw, 800px\" \/><\/p>\n<p>Der Hauptvorteil von Spielautomaten ist die Unabh\u00e4ngigkeit des Spielers von beiden Partnern und dem Dealer. Slots werden alleine gespielt. Fey hat sich darum gek\u00fcmmert. Er besitzt einen patentierten automatischen Mechanismus zum Empfangen und Ausgeben von M\u00fcnzen. Jetzt konnte eine Person einfach in eine Bar gehen, einen Nickel fallen lassen, am Griff ziehen und das Zehnfache gewinnen \u2013 das war der Jackpot im ersten Slot \u2013 50 Cent, damals kein schlechtes Geld.<\/p>\n<p>Sp\u00e4ter bekamen Spielautomaten einen elektrischen Walzenantrieb und eine sch\u00f6ne Beleuchtung. Aber das Prinzip blieb gleich: Die gleichen Symbole auf den 3 Walzen sollten sich in einer Linie aufreihen. Da Zeichnungen mit unterschiedlicher H\u00e4ufigkeit erstellt werden und die Wahrscheinlichkeit ihrer Zusammensetzung in Kombinationen unterschiedlich ist. Denn die seltensten Kombinationen sind die gr\u00f6\u00dfte Belohnung. Und umgekehrt.<\/p>\n<p>Moderne Spielautomaten verwenden das gleiche Schema, aber das Ger\u00e4t unterscheidet sich vollst\u00e4ndig von den alten Spielautomaten. Jetzt ist es ein bestimmtes Computerprogramm. Landmaschinen \u00e4hneln \u00e4u\u00dferlich ihren Vorfahren, haben aber die modernste F\u00fcllung. Was die Online-Slots von RocketPlay betrifft, so handelt es sich genau um die gleichen Programme wie die, die in ihren landgest\u00fctzten Gegenst\u00fccken laufen.<\/p>\n<p>Das Computerzeitalter hat die Wirtschaftlichkeit von Spielautomaten komplett ver\u00e4ndert. Einige landgest\u00fctzte Casinos verwenden immer noch M\u00fcnzen oder Jetons, um f\u00fcr das Spiel zu bezahlen und Gewinne auszuzahlen, aber die neuesten Slot-Komplexe akzeptieren alle elektronischen Zahlungen. Online-Slots funktionieren von Natur aus nur durch bargeldlose Zahlung.<\/p>\n<p><span style=\"font-weight: 400;\">\u00a0<div class=\"go-btn-container\"><div class=\"tosh-btn\"><a href=\"\/go-casino\/\" target=\"_blank\" rel=\"noopener\">JETZT SPIELEN<\/a><\/div><\/div> <\/span><\/p>\n<h2>WIE DIE WIRTSCHAFTLICHKEIT VON ONLINE CASINOS FUNKTIONIERT<\/h2>\n<p>Die g\u00fcnstigste M\u00f6glichkeit, Spielautomaten zu spielen, ist in RocketPlay <a href=\"https:\/\/rocketplay-new.com\/de\/casino\/\">Online-Casinos<\/a>. Es mag den Anschein haben, dass Online-Slots ein ziemlich einfaches Programm sind, in der Art von kostenlosen Flash-Spielen, die es im Internet zuhauf gibt. Aber das ist nicht mehr als eine \u00e4u\u00dferliche \u00c4hnlichkeit. Videoslot ist kein mittelm\u00e4\u00dfiges Programm, schon allein deshalb, weil es eine obligatorische Zertifizierung ist. F\u00fcr die deklarierte Zahlungsh\u00f6he ist der Hersteller verantwortlich. Er wird normalerweise mit der zweiten Dezimalstelle angegeben, z. B. 97,08\u00a0%. Diese Zahlen werden durch sorgf\u00e4ltige mathematische Berechnungen in speziellen Labors ermittelt. Zuerst erreicht der Hersteller eine gewisse Ausbeute, dann werden die Ergebnisse von unabh\u00e4ngigen Kommissionen \u00fcberpr\u00fcft. Erst danach wird ein Zertifikat ausgestellt.<\/p>\n<p>Der Prozentsatz der R\u00fcckgabe an den Spieler ist ein Durchschnittswert. Daraus folgt, dass es erst nach einer astronomischen Anzahl von Z\u00fcgen mit der Praxis konvergiert. Dies ist die Grundlage der Gewinnhoffnung des Spielers. Und deshalb passieren Verluste. Denn wenn der Spielautomat jedes Mal genau 97,8 $ pro 100 ausgegebenen ausgeben w\u00fcrde (wie im obigen Beispiel), h\u00e4tte es wenig Sinn zu spielen. Aufgrund der zuf\u00e4lligen Verteilung der Werte kann ein Spieler also viel gewinnen &#8211; manchmal bis zu mehreren Millionen.<\/p>\n<p>Um RocketPlay-Online-Slots um echtes Geld spielen zu k\u00f6nnen, ist eine Registrierung erforderlich. Der Spieler muss pers\u00f6nliche Informationen angeben: Name, Spitzname, E-Mail-Adresse oder Telefonnummer. Hier muss der Spieler entscheiden, wie es einem bestimmten Datenschutzniveau entspricht. Casino RocketPlay garantiert die Sicherheit personenbezogener Daten.<\/p>\n<p>Nach der Registrierung bietet RocketPlay kostenlose Online-Slots einen schnellen Willkommensbonus \u2013 keine Einzahlung. Dies ist ein Geschenk f\u00fcr die erste Gelegenheit, damit der Anf\u00e4nger die M\u00f6glichkeit hatte, sich an die Casino-Ordnung zu gew\u00f6hnen und sich mit ihr vertraut zu machen. Diese Mittel reichen f\u00fcrs erste Mal aus. Au\u00dferdem ist der Mindesteinsatz bei den meisten Maschinen sehr gering.<\/p>\n<p>In den meisten F\u00e4llen wird der Spieler aufgefordert, einen speziellen Programm-Client herunterzuladen. Es wird auf dem Ger\u00e4t des Benutzers installiert und ist eine Spielplattform, die speziell f\u00fcr ein bestimmtes Casino entwickelt wurde. Mit einer solchen Anwendung ist der Eingang sicherer und die Spiele stabiler. Zun\u00e4chst ben\u00f6tigen Sie einen speziellen Aktivierungscode.<\/p>\n<p>Nach der Registrierung von RocketPlay Online Slots Deutschland besteht der n\u00e4chste Schritt darin, Ihr Konto aufzuladen. Moderne Online-Zahlungssysteme sind zuverl\u00e4ssig und einfach, sodass die \u00dcberweisung des Geldes auf die Einzahlung fast augenblicklich erfolgt und keine besonderen Kenntnisse erfordert. Die Website hat einen Abschnitt namens Zahlungsmethoden oder \u00e4hnliches. Es beschreibt, welche Zahlungssysteme unterst\u00fctzt werden und zu welchen Bedingungen die Ein- und Auszahlung erfolgt. Am gebr\u00e4uchlichsten sind VISA-Karten. Es gibt auch viele Online-Geldb\u00f6rsen. Ein- und Auszahlung \u00fcber Mobilfunkanbieter ist m\u00f6glich. In jedem Fall sollte ein solcher Abschnitt gut studiert werden.<\/p>\n<p><img loading=\"lazy\" decoding=\"async\" class=\"aligncenter wp-image-4788\" src=\"https:\/\/rocketplay-new.com\/wp-content\/uploads\/2024\/02\/222.png\" alt=\"Slot RocketPlay 2\" width=\"800\" height=\"456\" srcset=\"https:\/\/rocketplay-new.com\/wp-content\/uploads\/2024\/02\/222.png 1417w, https:\/\/rocketplay-new.com\/wp-content\/uploads\/2024\/02\/222-300x171.png 300w, https:\/\/rocketplay-new.com\/wp-content\/uploads\/2024\/02\/222-1024x583.png 1024w, https:\/\/rocketplay-new.com\/wp-content\/uploads\/2024\/02\/222-768x437.png 768w\" sizes=\"auto, (max-width: 800px) 100vw, 800px\" \/><\/p>\n<h2>BONI<\/h2>\n<p>Die Auszahlungsquote f\u00fcr einen Spieler setzt sich aus zwei Hauptfaktoren zusammen: der Passr\u00fcckgabe der Automaten und dem Online-Bonus-Slot RocketPlay. Die aktive Teilnahme am Treueprogramm macht das Spiel am Ende profitabler. Daher ist es sinnvoll, alle Gewinnaktionen im Auge zu behalten.<\/p>\n<p>Zus\u00e4tzlich zu den Freispielen f\u00fcr Online-Slots von RocketPlay wird dem Spieler eine deutliche Erh\u00f6hung auf die ersten Einzahlungen angeboten. Geschenke beginnen bei 100 % bei der ersten Einzahlung und werden jedes Mal gr\u00f6\u00dfer.<\/p>\n<p>Andere M\u00f6glichkeiten, Spieler zu motivieren, sind regelm\u00e4\u00dfige Werbeaktionen, Turniere und das VIP-Programm. Zu den beliebtesten regul\u00e4ren Aktionen geh\u00f6rt Cashback, bei dem ein Teil des verlorenen Geldes an den Spieler zur\u00fcckerstattet wird. Der Prozentsatz h\u00e4ngt von vielen Komponenten ab. Im g\u00fcnstigsten Fall erreicht der Cashback 25%. Turniere sollen nicht nur Ihren Aufenthalt im Casino versch\u00f6nern, sondern auch gutes Geld verdienen. Champions erhalten einen anst\u00e4ndigen Preis. Um zu gewinnen, m\u00fcssen Sie sich f\u00fcr ihr Lieblingsturnier anmelden und im festgelegten Zeitraum an bestimmten Automaten mehr verdienen als ihre Konkurrenten. Das VIP-Programm zielt darauf ab, die Kundenbindung an die Institution zu erh\u00f6hen. Je mehr Leute im Casino spielen, desto mehr Vorteile genie\u00dfen sie. Zu den VIP-<a href=\"https:\/\/rocketplay-new.com\/de\/bonus\/\">Boni<\/a> geh\u00f6ren ein hoher Cashback, eine schnelle Auszahlung und so weiter.<\/p>\n<p><span style=\"font-weight: 400;\">\u00a0<div class=\"go-btn-container\"><div class=\"tosh-btn\"><a href=\"\/go-casino\/\" target=\"_blank\" rel=\"noopener\">JETZT SPIELEN<\/a><\/div><\/div> <\/span><\/p>\n<h2>JACKPOTS<\/h2>\n<p>Den Jackpot zu knacken ist der Traum eines jeden Spielers. Zumal es mit der Ver\u00f6ffentlichung von Spielautomaten im Internet realer geworden ist. Sie sprechen oft vom progressiven Jackpot im Gegensatz zum festen Jackpot. Die Progressive ist wie folgt aufgebaut. Beim Spielen bestimmter Maschinen wird ein kleiner Betrag von jedem Zug in die gemeinsame Bank, einen zentralen Server, eingezahlt. Dann geht es an den n\u00e4chsten gl\u00fccklichen Spieler, wenn die festgelegten Bedingungen erf\u00fcllt sind. Und der Prozess beginnt von neuem.<\/p>\n<p>Jackpots an einigen Online-Slots \u00fcbersteigen zehn Millionen Dollar. Mega Moolah Spielautomat, entwickelt von der britischen Firma Microgaming, ist besonders ber\u00fchmt f\u00fcr diese Art von Spielautomaten. Darauf wurde 2015 der Online-Jackpot-Rekord aufgestellt. Dann gewann der Engl\u00e4nder Jonathon Heywood (Jonathon Heywood) mehr als 13 Millionen Pfund Sterling. Der Mega Moolah-Slot ist in vielen Online-Casinos verf\u00fcgbar, die mit Microgaming zusammenarbeiten. Um den Jackpot zu knacken, m\u00fcssen Sie nur an dieser Maschine spielen. Der Hauptpreis wird v\u00f6llig zuf\u00e4llig vergeben.<\/p>\n<p>Auch bekanntes Jackpot-System bei Marvel-Comic-Spielautomaten. Die meisten dieser Spielautomaten haben die Entwickler Playtech ver\u00f6ffentlicht. Um an der Verlosung teilzunehmen, w\u00e4hlen Sie eines der thematischen Spiele &#8211; X-Men, Daredevil, Fantastic 4 oder \u00e4hnliches &#8211; und spielen Sie einfach in der Hoffnung, dass die Wahl des Zufallszahlengenerators wohlwollend ist. Es gibt insgesamt 4 Jackpots, vom kleinsten, Power, bis zum gr\u00f6\u00dften, Ultimate Power. An einem bestimmten Punkt, nach einem der Z\u00fcge (auch ohne Gewinn), wird ein neues Fenster vor dem ausgew\u00e4hlten Spieler ge\u00f6ffnet, das mit 20 Zellen markiert ist. Es ist notwendig, eines nach dem anderen auszuw\u00e4hlen, bis 3 identische Logos eines der Jackpots angesammelt sind. Es erinnert ein wenig an eine Rubbellotterie. Der Einzug in die Runde garantiert den Gewinn eines der Jackpots. Ein \u00e4hnliches System wird von EGT verwendet. Es gibt auch Jackpots auf den Maschinen anderer Entwickler.<\/p>\n<p>Dies sind gro\u00dfe, globale Jackpots. Aber zus\u00e4tzlich dazu kann die Ziehung des progressiv angesammelten Preises in einem separaten Online-Casino durchgef\u00fchrt werden. Auf der Startseite von Seiten sind meist sofort leuchtende Banner oder eine Lauflinie zu sehen, die die H\u00f6he des Jackpots ank\u00fcndigen. Das Rezept f\u00fcr eine erfolgreiche Strategie ist einfach \u2013 Sie m\u00fcssen mitmachen.<\/p>\n<p><img loading=\"lazy\" decoding=\"async\" class=\"aligncenter wp-image-4797\" src=\"https:\/\/rocketplay-new.com\/wp-content\/uploads\/2024\/02\/333.png\" alt=\"Slot RocketPlay 3\" width=\"800\" height=\"457\" srcset=\"https:\/\/rocketplay-new.com\/wp-content\/uploads\/2024\/02\/333.png 1175w, https:\/\/rocketplay-new.com\/wp-content\/uploads\/2024\/02\/333-300x171.png 300w, https:\/\/rocketplay-new.com\/wp-content\/uploads\/2024\/02\/333-1024x585.png 1024w, https:\/\/rocketplay-new.com\/wp-content\/uploads\/2024\/02\/333-768x439.png 768w\" sizes=\"auto, (max-width: 800px) 100vw, 800px\" \/><\/p>\n<h2>FREIES SPIEL<\/h2>\n<p>Trotz der Tatsache, dass die Slots ausschlie\u00dflich f\u00fcr Cash Games konzipiert wurden, wurde mit dem Aufkommen von Online-Slots auch kostenloses Spielen m\u00f6glich. Sehr viele Casinos geben jedem, der m\u00f6chte, fast alle Spielautomaten zum Testen im Demo-Modus. Dazu m\u00fcssen Sie sich nicht einmal registrieren. Viele Spieler nutzen diese Gelegenheit, um zu \u00fcben, bevor sie die Online-Spielautomaten RocketPlay spielen. Dies ist besonders n\u00fctzlich bei unbekannten Slots.<\/p>\n<p>Aber immer noch werden echte Gl\u00fccksspiel-Demos kein Ersatz sein. Und Jackpots werden nur unter denen gespielt, die um echtes Geld spielen. So kostenlose Online-Slots ohne Download RocketPlay \u2013 genau der richtige Auftakt zu einem ernsthaften Spiel mit echten Eins\u00e4tzen.<\/p>\n<p><strong>Bewertungen \u00fcber Spielautomaten:<\/strong><\/p>\n<ul>\n<li><a href=\"https:\/\/rocketplay-new.com\/slot-machines\/starburst\/\">Sternenexplosion<\/a><\/li>\n<li><a href=\"https:\/\/rocketplay-new.com\/slot-machines\/mega-moolah\/\">Mega Moolah<\/a><\/li>\n<li><a href=\"https:\/\/rocketplay-new.com\/slot-machines\/gonzos-quest\/\">Gonzos Suche<\/a><\/li>\n<\/ul>\n","protected":false},"excerpt":{"rendered":"<p>Die Erfindung des Spielautomaten im sp\u00e4ten 19. Jahrhundert war ein wichtiges Ereignis in der Welt des Gl\u00fccksspiels. Spielautomaten \u00fcbertrafen schnell andere Formen der Unterhaltung an Popularit\u00e4t. In modernen Casinos werden sie von mehr als 70 % der Spieler gew\u00e4hlt. Manchmal kann man lesen, dass sich die Idee des Spielautomaten-Erfinders Charles Fey dem Poker entlehnt hat&#8230;.<\/p>\n","protected":false},"author":1,"featured_media":0,"parent":0,"menu_order":0,"comment_status":"closed","ping_status":"closed","template":"","meta":{"_acf_changed":false,"_kad_post_transparent":"default","_kad_post_title":"default","_kad_post_layout":"default","_kad_post_sidebar_id":"","_kad_post_content_style":"default","_kad_post_vertical_padding":"default","_kad_post_feature":"","_kad_post_feature_position":"","_kad_post_header":false,"_kad_post_footer":false,"footnotes":""},"class_list":["post-2871","page","type-page","status-publish","hentry"],"acf":[],"rttpg_featured_image_url":null,"rttpg_author":{"display_name":"John","author_link":"https:\/\/rocketplay-new.com\/de\/author\/pemvas95n89x\/"},"rttpg_comment":0,"rttpg_category":null,"rttpg_excerpt":"Die Erfindung des Spielautomaten im sp\u00e4ten 19. Jahrhundert war ein wichtiges Ereignis in der Welt des Gl\u00fccksspiels. Spielautomaten \u00fcbertrafen schnell andere Formen der Unterhaltung an Popularit\u00e4t. In modernen Casinos werden sie von mehr als 70 % der Spieler gew\u00e4hlt. Manchmal kann man lesen, dass sich die Idee des Spielautomaten-Erfinders Charles Fey dem Poker entlehnt hat....","_links":{"self":[{"href":"https:\/\/rocketplay-new.com\/de\/wp-json\/wp\/v2\/pages\/2871","targetHints":{"allow":["GET"]}}],"collection":[{"href":"https:\/\/rocketplay-new.com\/de\/wp-json\/wp\/v2\/pages"}],"about":[{"href":"https:\/\/rocketplay-new.com\/de\/wp-json\/wp\/v2\/types\/page"}],"author":[{"embeddable":true,"href":"https:\/\/rocketplay-new.com\/de\/wp-json\/wp\/v2\/users\/1"}],"replies":[{"embeddable":true,"href":"https:\/\/rocketplay-new.com\/de\/wp-json\/wp\/v2\/comments?post=2871"}],"version-history":[{"count":5,"href":"https:\/\/rocketplay-new.com\/de\/wp-json\/wp\/v2\/pages\/2871\/revisions"}],"predecessor-version":[{"id":5970,"href":"https:\/\/rocketplay-new.com\/de\/wp-json\/wp\/v2\/pages\/2871\/revisions\/5970"}],"wp:attachment":[{"href":"https:\/\/rocketplay-new.com\/de\/wp-json\/wp\/v2\/media?parent=2871"}],"curies":[{"name":"wp","href":"https:\/\/api.w.org\/{rel}","templated":true}]}}