{"id":2462,"date":"2022-08-11T19:26:18","date_gmt":"2022-08-11T16:26:18","guid":{"rendered":"https:\/\/rocketplay-new.com\/promo-code\/"},"modified":"2022-10-26T00:59:01","modified_gmt":"2022-10-25T21:59:01","slug":"promo-code","status":"publish","type":"page","link":"https:\/\/rocketplay-new.com\/de\/promo-code\/","title":{"rendered":"RocketPlay-Promo-Code 2023"},"content":{"rendered":"<p><img loading=\"lazy\" decoding=\"async\" class=\" wp-image-279 aligncenter\" src=\"https:\/\/rocketplay-new.com\/wp-content\/uploads\/2022\/08\/welcome_1300x640-1-300x148.png\" alt=\"rocket play casino\" width=\"574\" height=\"283\" srcset=\"https:\/\/rocketplay-new.com\/wp-content\/uploads\/2022\/08\/welcome_1300x640-1-300x148.png 300w, https:\/\/rocketplay-new.com\/wp-content\/uploads\/2022\/08\/welcome_1300x640-1-1024x504.png 1024w, https:\/\/rocketplay-new.com\/wp-content\/uploads\/2022\/08\/welcome_1300x640-1-768x378.png 768w, https:\/\/rocketplay-new.com\/wp-content\/uploads\/2022\/08\/welcome_1300x640-1.png 1300w\" sizes=\"auto, (max-width: 574px) 100vw, 574px\" \/><\/p>\n<p>Wenn Sie den <a href=\"https:\/\/rocketplay-new.com\/de\/\">RocketPlay<\/a>-Promo-Code 2023 erhalten, m\u00fcssen Sie die Hauptvorteile dieser Kundenaktionsoption finden. Erstens k\u00f6nnen <a href=\"https:\/\/rocketplay-new.com\/de\/bonus\/\">Bonus<\/a>kombinationen f\u00fcr das Freispiel verwendet werden. Mit diesem Geschenk der Institution k\u00f6nnen Sie Ihr Geld nicht ausgeben. Im Gewinnfall kann der Spieler Geld abheben oder f\u00fcr weitere Gl\u00fccksspiele verwenden.<\/p>\n<p>Zweitens kann jeder problemlos alle aktiven Promo-Codes erhalten und verwenden. Dazu reicht es aus, die Liste der neuen Casino-Aktionscodes auf der Website zu studieren. Die einzige Regel, die Sie sich merken sollten, ist, dass ein RocketPlay-Bonuscode nur einmal verwendet werden kann.<\/p>\n<p>Drittens ist es absolut nicht erforderlich, eine Einzahlung zu t\u00e4tigen, um Boni f\u00fcr Aktionscodes zu verwenden. RocketPlay Bonuscode ohne Einzahlung ist f\u00fcr Spieler verf\u00fcgbar. Mit diesem Geschenk des Spielclubs k\u00f6nnen Sie gewinnen, ohne Geld einzuzahlen. Um es zu nutzen, sollten Sie die Bedingungen des Bonusangebots sorgf\u00e4ltig studieren. Sie k\u00f6nnen sich auf den maximalen Einsatz und den Gewinnbetrag sowie auf Spiel- und L\u00e4nderbeschr\u00e4nkungen beziehen. Au\u00dferdem m\u00fcssen Sie den Wert der Wette ber\u00fccksichtigen.<\/p>\n<p>Casino-Promo-Codes im Jahr 2023 sind nicht nur ein Marketinginstrument. Dies ist eine Gelegenheit, ein erfolgreiches Spiel in einem Online-Casino mit null oder minimaler Investition zu starten. In diesem Fall ist eine Registrierung auf der offiziellen Website der Gl\u00fccksspielseite erforderlich. M\u00f6glicherweise ist auch eine Benutzer\u00fcberpr\u00fcfung erforderlich. Es basiert auf der Best\u00e4tigung der Identit\u00e4t des Spielers und der Details seiner elektronischen Geldb\u00f6rse oder Bankkarte.<\/p>\n<h2>WIE MAN DEN PROMO-CODE VERWENDET &#8211; SCHRITT F\u00dcR SCHRITT<\/h2>\n<p>Wie erhalte und verwende ich den RocketPlay-Casino-Promo-Code? Sie sind auf Partner-Websites verf\u00fcgbar oder k\u00f6nnen per Post zugesandt werden. Nach Erhalt der geheimen Symbole muss der Spieler den Promo-Code aktivieren. Die Aktivierungsregeln h\u00e4ngen von den Bedingungen einer bestimmten Aktion ab. In den meisten F\u00e4llen kann ein Online-Casino-Promo-Code jedoch wie folgt aktiviert werden:<\/p>\n<ul>\n<li>Besuchen Sie die offizielle Website der Online-Gaming-Institution, die den Bonus anbietet.<\/li>\n<li>sich registrieren, das Erreichen der Vollj\u00e4hrigkeit best\u00e4tigen und den Regeln des Casinos zustimmen;<\/li>\n<li>Melden Sie sich an und gehen Sie zu Ihrem pers\u00f6nlichen Konto;<\/li>\n<li>Gehen Sie zum Abschnitt der Website mit Bonusangeboten (normalerweise hei\u00dft es &#8222;Geschenke&#8220;, &#8222;Boni&#8220; oder &#8222;Werbeaktionen&#8220;).<\/li>\n<li>w\u00e4hlen Sie ein interessantes Bonusangebot;<\/li>\n<li>Geben Sie den Aktionscode auf der Aktionsseite ein und warten Sie, bis er aktiviert wird.<\/li>\n<\/ul>\n<p>Beachten Sie in diesem Fall unbedingt die Bedingungen f\u00fcr den Erhalt eines Aktionscodes. Manchmal reicht das Vorhandensein geheimer Zeichen nicht aus. Beispielsweise m\u00fcssen Sie m\u00f6glicherweise zus\u00e4tzlich eine Einzahlung f\u00fcr einen bestimmten Betrag t\u00e4tigen, eine Wette platzieren usw. Sie sollten auch das Ablaufdatum der Aktion ber\u00fccksichtigen. Sobald er abgelaufen ist, wird der Promo-Code inaktiv. Daher kann der Spieler keine Belohnung erhalten.<\/p>\n<p>Eine weitere wichtige Regel ist, dass Online-Casino-Promo-Codes nur einmal verwendet werden k\u00f6nnen. Die erneute Eingabe der geheimen Symbole f\u00fchrt nicht zur Gutschrift von Boni. Mit ihrer Hilfe haben Sie die M\u00f6glichkeit, alle Vorteile jedes Programms herauszufinden, indem Sie eine Vielzahl von Kombinationen im Casino verwenden, was den Spielprozess so profitabel wie m\u00f6glich macht.<\/p>\n<p>Hervorzuheben ist auch, dass es sehr einfach ist, die Promotion zur\u00fcckzugewinnen. Sie k\u00f6nnen ganz einfach Geld auf eine Karte oder eine virtuelle Geldb\u00f6rse abheben. Dazu m\u00fcssen Sie eine Reihe von Wettbedingungen erf\u00fcllen, und das ist ganz einfach.<\/p>\n<p><img loading=\"lazy\" decoding=\"async\" class=\" wp-image-278 aligncenter\" src=\"https:\/\/rocketplay-new.com\/wp-content\/uploads\/2022\/08\/online-casino-promo-codes-1-300x195.jpg\" alt=\"promo codes\" width=\"551\" height=\"358\" srcset=\"https:\/\/rocketplay-new.com\/wp-content\/uploads\/2022\/08\/online-casino-promo-codes-1-300x195.jpg 300w, https:\/\/rocketplay-new.com\/wp-content\/uploads\/2022\/08\/online-casino-promo-codes-1-768x499.jpg 768w, https:\/\/rocketplay-new.com\/wp-content\/uploads\/2022\/08\/online-casino-promo-codes-1.jpg 1000w\" sizes=\"auto, (max-width: 551px) 100vw, 551px\" \/><\/p>\n<h2>FAZIT<\/h2>\n<p>Bevor Sie den Bonus nutzen, wird empfohlen, seine Regeln sorgf\u00e4ltig zu lesen. Einige Casinos beschr\u00e4nken die Liste der Zahlungsmethoden, die im Rahmen der Aktion verwendet werden k\u00f6nnen. Einschr\u00e4nkungen k\u00f6nnen auch f\u00fcr die maximalen Gewinne bei Wetten auf Bonusgelder gelten. In diesem Fall kann der Spieler bei \u00dcberschreitung des Limits nur den maximal zul\u00e4ssigen Gewinnbetrag abheben. Der Restbetrag wird storniert.<\/p>\n<p>Wenn der Spieler die Bedingungen der Aktion erf\u00fcllt und die Aktionscodes f\u00fcr das Online-Casino erfolgreich verwendet hat, kann er seine Gewinne auf jede m\u00f6gliche Weise erhalten. Dazu ben\u00f6tigen Sie:<\/p>\n<ul>\n<li>Gehen Sie zum Kassenbereich auf der Casino-Website;<\/li>\n<li>W\u00e4hlen Sie die Registerkarte \u201eGeld einzahlen\u201c;<\/li>\n<li>w\u00e4hlen Sie eine verf\u00fcgbare Zahlungsmethode;<\/li>\n<li>geben Sie den Zahlungsbetrag an;<\/li>\n<li>best\u00e4tige deine Aktionen.<\/li>\n<\/ul>\n<p>Es ist zu beachten, dass die Auszahlung der Gewinne auf die gleiche Weise erfolgt, die f\u00fcr die Einzahlung verwendet wurde. Im Casino k\u00f6nnen Sie Ihr Konto auff\u00fcllen und Gewinne mit einer Bankkarte oder einer elektronischen Geldb\u00f6rse abheben.<\/p>\n<h2>FAQ<\/h2>\n<h3>WIE ERHALTE ICH PROMO-CODES?<\/h3>\n<p>Um einen Aktionscode zu erhalten, ben\u00f6tigen Sie:<\/p>\n<ul>\n<li>W\u00e4hlen Sie einen Bonuscode (siehe Tabelle).<\/li>\n<li>Klicken Sie auf die Schaltfl\u00e4che \u201eSpielen\u201c.<\/li>\n<li>Gehen Sie zu Ihrem Lieblings-Online-Casino.<\/li>\n<li>Registrieren Sie sich.<\/li>\n<li>Erf\u00fcllen Sie die Bedingungen zum Erhalt des ausgew\u00e4hlten Aktionscodes.<\/li>\n<\/ul>\n<h3>WAS SIND DIE VORTEILE DER VERWENDUNG VON BONUSCODES?<\/h3>\n<p>Der Hauptvorteil des Spielens mit Aktionscodes besteht darin, dass Sie kein eigenes Geld einzahlen k\u00f6nnen, sondern mit den Geldern einer Gl\u00fccksspieleinrichtung spielen. Sie k\u00f6nnen auch die Gewinnchance in einem Online-Casino erh\u00f6hen.<\/p>\n<h3>WARUM FUNKTIONIERT DER PROMO-CODE NICHT?<\/h3>\n<p>Sie m\u00fcssen sich auf der Seite, auf der Sie den Bonus nutzen m\u00f6chten, registrieren oder anmelden. Sie sollten auch pr\u00fcfen, ob der angegebene Bonus dem Casino entspricht? Wenn alles in Ordnung ist und die Aktivierung nicht funktioniert, wenden Sie sich an den technischen Support.<\/p>\n<h3>IST ES M\u00d6GLICH, PROMO IN GELD ZU \u00dcBERSETZEN?<\/h3>\n<p>Wenn dieser Code Ihnen Geld gutschreibt, dann sind sie h\u00f6chstwahrscheinlich virtuell. Um echtes Geld zu erhalten, m\u00fcssen Sie die Bedingungen f\u00fcr die Nutzung des Bonus erf\u00fcllen.<\/p>\n<h3>WARUM BRAUCHEN SIE PROMO-CODES IN EINEM CASINO?<\/h3>\n<p>Dies sind spezielle Symbole, die dem Spieler bestimmte Boni verschaffen. In jedem Casino k\u00f6nnen diese Boni unterschiedlich sein und auch die Bedingungen f\u00fcr ihre Verwendung.<\/p>\n<h3>MUSS ICH GELD EINZAHLEN, UM EINEN PROMO-CODE ZU AKTIVIEREN?<\/h3>\n<p>Nicht n\u00f6tig. Viele Websites bieten Bonuscodes an, ohne eine erste Einzahlung zu t\u00e4tigen. Solche Aktionscodes werden ohne Einzahlung genannt.<\/p>\n","protected":false},"excerpt":{"rendered":"<p>Wenn Sie den RocketPlay-Promo-Code 2023 erhalten, m\u00fcssen Sie die Hauptvorteile dieser Kundenaktionsoption finden. Erstens k\u00f6nnen Bonuskombinationen f\u00fcr das Freispiel verwendet werden. Mit diesem Geschenk der Institution k\u00f6nnen Sie Ihr Geld nicht ausgeben. Im Gewinnfall kann der Spieler Geld abheben oder f\u00fcr weitere Gl\u00fccksspiele verwenden. Zweitens kann jeder problemlos alle aktiven Promo-Codes erhalten und verwenden. Dazu&#8230;<\/p>\n","protected":false},"author":1,"featured_media":0,"parent":0,"menu_order":0,"comment_status":"closed","ping_status":"closed","template":"","meta":{"_acf_changed":false,"_kad_post_transparent":"default","_kad_post_title":"default","_kad_post_layout":"default","_kad_post_sidebar_id":"","_kad_post_content_style":"default","_kad_post_vertical_padding":"default","_kad_post_feature":"","_kad_post_feature_position":"","_kad_post_header":false,"_kad_post_footer":false,"footnotes":""},"class_list":["post-2462","page","type-page","status-publish","hentry"],"acf":[],"rttpg_featured_image_url":null,"rttpg_author":{"display_name":"John","author_link":"https:\/\/rocketplay-new.com\/de\/author\/pemvas95n89x\/"},"rttpg_comment":0,"rttpg_category":null,"rttpg_excerpt":"Wenn Sie den RocketPlay-Promo-Code 2023 erhalten, m\u00fcssen Sie die Hauptvorteile dieser Kundenaktionsoption finden. Erstens k\u00f6nnen Bonuskombinationen f\u00fcr das Freispiel verwendet werden. Mit diesem Geschenk der Institution k\u00f6nnen Sie Ihr Geld nicht ausgeben. Im Gewinnfall kann der Spieler Geld abheben oder f\u00fcr weitere Gl\u00fccksspiele verwenden. Zweitens kann jeder problemlos alle aktiven Promo-Codes erhalten und verwenden. Dazu...","_links":{"self":[{"href":"https:\/\/rocketplay-new.com\/de\/wp-json\/wp\/v2\/pages\/2462","targetHints":{"allow":["GET"]}}],"collection":[{"href":"https:\/\/rocketplay-new.com\/de\/wp-json\/wp\/v2\/pages"}],"about":[{"href":"https:\/\/rocketplay-new.com\/de\/wp-json\/wp\/v2\/types\/page"}],"author":[{"embeddable":true,"href":"https:\/\/rocketplay-new.com\/de\/wp-json\/wp\/v2\/users\/1"}],"replies":[{"embeddable":true,"href":"https:\/\/rocketplay-new.com\/de\/wp-json\/wp\/v2\/comments?post=2462"}],"version-history":[{"count":2,"href":"https:\/\/rocketplay-new.com\/de\/wp-json\/wp\/v2\/pages\/2462\/revisions"}],"predecessor-version":[{"id":2467,"href":"https:\/\/rocketplay-new.com\/de\/wp-json\/wp\/v2\/pages\/2462\/revisions\/2467"}],"wp:attachment":[{"href":"https:\/\/rocketplay-new.com\/de\/wp-json\/wp\/v2\/media?parent=2462"}],"curies":[{"name":"wp","href":"https:\/\/api.w.org\/{rel}","templated":true}]}}