{"id":2457,"date":"2022-08-11T19:50:04","date_gmt":"2022-08-11T16:50:04","guid":{"rendered":"https:\/\/rocketplay-new.com\/no-deposit-bonus\/"},"modified":"2026-02-25T15:14:18","modified_gmt":"2026-02-25T12:14:18","slug":"no-deposit-bonus","status":"publish","type":"page","link":"https:\/\/rocketplay-new.com\/de\/no-deposit-bonus\/","title":{"rendered":"RocketPlay Bonuscodes ohne Einzahlung"},"content":{"rendered":"<p><img loading=\"lazy\" decoding=\"async\" class=\" wp-image-288 aligncenter\" src=\"https:\/\/rocketplay-new.com\/wp-content\/uploads\/2022\/08\/no-deposit-bonuses-feature-img-300x150.png\" alt=\"no deposit bonuses\" width=\"646\" height=\"323\" srcset=\"https:\/\/rocketplay-new.com\/wp-content\/uploads\/2022\/08\/no-deposit-bonuses-feature-img-300x150.png 300w, https:\/\/rocketplay-new.com\/wp-content\/uploads\/2022\/08\/no-deposit-bonuses-feature-img-1024x512.png 1024w, https:\/\/rocketplay-new.com\/wp-content\/uploads\/2022\/08\/no-deposit-bonuses-feature-img-768x384.png 768w, https:\/\/rocketplay-new.com\/wp-content\/uploads\/2022\/08\/no-deposit-bonuses-feature-img.png 1200w\" sizes=\"auto, (max-width: 646px) 100vw, 646px\" \/><\/p>\n<p>In Online-Einrichtungen wird der Bonus beim Erstellen eines neuen Kontos bedingt in zwei Arten unterteilt:<\/p>\n<p>Auf Einzahlung &#8211; erfordert Nachschub in bar. Es k\u00f6nnen bestimmte Prozents\u00e4tze von Geld oder Bonusrunden sein. Die Bedingungen f\u00fcr den Erhalt und die Nutzung einer Gl\u00fccksspieleinrichtung werden privat festgelegt.<\/p>\n<p><a href=\"https:\/\/rocketplay-new.com\/de\/\">RocketPlay<\/a> Bonus ohne Einzahlung \u2013 der Benutzer erh\u00e4lt ihn, ohne sein eigenes Geld einzuzahlen. Dies sind in der Regel zus\u00e4tzliche Runden. Gleichzeitig sind die Nutzungsbedingungen und Wettbedingungen merklich komplexer als in der kostenpflichtigen Version.<\/p>\n<p>Ein Merkmal des RocketPlay Casino Bonus ohne Einzahlung 2023 ist die M\u00f6glichkeit zu gewinnen, ohne Geld einzuzahlen. Es ist bequem und rentabel, da Sie Ihr Geld nicht ausgeben m\u00fcssen. Um es zu erhalten, m\u00fcssen Sie jedoch mehrere obligatorische Bedingungen der Institution erf\u00fcllen.<\/p>\n<p>Der kostenlose Casino-Bonus RocketPlay ohne Einzahlung wird bei der Registrierung eines neuen Kontos angeboten. Der Bonus dient als Belohnung f\u00fcr einen neuen Kunden. So will das Internetportal m\u00f6glichst viele Kunden gewinnen. Aber nicht nur das B\u00fcro bleibt der Gewinner. Ein Spieler kann zahlreiche Runden kostenlos spielen, ohne eigenes Geld einzuzahlen. Es gibt folgende Arten von Geschenken:<\/p>\n<p><a href=\"https:\/\/rocketplay-new.com\/de\/free-spins\/\">Freispiele<\/a> sind zus\u00e4tzliche Runden. Sie werden f\u00fcr Spielautomaten ausgegeben, die speziell f\u00fcr Werbeaktionen zugeteilt wurden. Es ist notwendig, die Rotation innerhalb einer bestimmten Zeit zu verwenden. Jeder Spin hat einen Nennwert. Der Spieler erh\u00e4lt alle Boni gleichzeitig oder f\u00fcr eine bestimmte Zeit. Es wird in den Allgemeinen Gesch\u00e4ftsbedingungen erw\u00e4hnt.<\/p>\n<p>Bonusgeldbetrag \u2013 im Gegensatz zu Freirunden k\u00f6nnen Sie sich f\u00fcr einen entscheiden. Wie hoch wird der Preis sein? Daf\u00fcr gibt es spezielle Maschinen.<\/p>\n<p>Die Gewinne werden auf das Bonuskonto \u00fcberwiesen. Auf jede gewonnene Wette wird ein Einsatz erhoben. Es ist m\u00f6glich, den Registrierungsbonus erst nach dem vollst\u00e4ndigen Einsatz aus dem Casino abzuheben.<\/p>\n<h2>WIE MAN EINEN BONUS OHNE EINZAHLUNG BEANTRAGT<\/h2>\n<p>Was ist ein Spielerregistrierungsbonus? In Online-Einrichtungen kann ein Bonus unter verschiedenen Bedingungen ausgegeben werden. Die Website legt die Regeln f\u00fcr den privaten Empfang und die Verwendung ohne Einzahlung fest. Aber zuerst m\u00fcssen Sie sich registrieren und die \u00dcberpr\u00fcfung bestehen. Schritt-f\u00fcr-Schritt-Anleitung:<\/p>\n<ul>\n<li>Sie m\u00fcssen eine Postanschrift angeben, um Ihre Anmeldung zu best\u00e4tigen. Au\u00dferdem wird es sp\u00e4ter ben\u00f6tigt, also muss die Adresse funktionieren.<\/li>\n<li>F\u00fcgen Sie eine Telefonnummer hinzu &#8211; Sie werden sie sp\u00e4ter auch brauchen. Bei der \u00dcberpr\u00fcfung der Identit\u00e4t kann die Sicherheitsabteilung des Standorts einen Testanruf t\u00e4tigen.<\/li>\n<li>Erstellen Sie ein Passwort mit sechs oder mehr Zeichen. Einige Websites verlangen, dass Sie ein Passwort mit Buchstaben und Sonderzeichen erstellen.<\/li>\n<li>W\u00e4hrung ausw\u00e4hlen \u2014 Berechnungen erfolgen zum Nennwert. Eine nachtr\u00e4gliche \u00c4nderung der Auswahl ist nicht m\u00f6glich.<\/li>\n<li>Geben Sie bei Bedarf Ihr Land, Ihre Stadt, Ihre Privatadresse und Ihre Postleitzahl ein.<\/li>\n<\/ul>\n<p>F\u00fchren Sie eine Identit\u00e4tspr\u00fcfung durch &#8211; machen Sie ein Foto Ihres Reisepasses oder F\u00fchrerscheins. Das Foto muss von hoher Qualit\u00e4t sein. Wenn Sie ein Foto einer Plastikkarte ben\u00f6tigen, sollten einige Zahlen ausgeblendet werden. Die \u00dcberpr\u00fcfung dauert 24 Stunden bis 3 Tage gem\u00e4\u00df den Richtlinien der Verwaltung.<\/p>\n<p>W\u00e4hlen Sie einen Bonus ohne Einzahlung, wenn er nicht sofort nach der Registrierung gew\u00e4hrt wird. M\u00f6glicherweise m\u00fcssen Sie auch RocketPlay-Casino-Bonuscodes ohne Einzahlung verwenden. Der Benutzer muss die Bedingungen des Spiels sorgf\u00e4ltig studieren.<\/p>\n<p>Alle Daten m\u00fcssen korrekt ausgef\u00fcllt werden, sonst wird der Vorgang abgelehnt und alle Gewinne k\u00f6nnen definitiv nicht ausgezahlt werden. Die erneute \u00dcberpr\u00fcfung des Gesichts kann l\u00e4nger dauern, und einige Einrichtungen erheben aufgrund des Verschuldens des Kunden Geldstrafen f\u00fcr die erneute \u00dcberpr\u00fcfung. Danach erh\u00e4lt der Spieler spezielle Boni f\u00fcr die Registrierung.<\/p>\n<p><img loading=\"lazy\" decoding=\"async\" class=\" wp-image-269 aligncenter\" src=\"https:\/\/rocketplay-new.com\/wp-content\/uploads\/2022\/08\/rocketplay.png.81fad21a548a0bf925c5d798697b8947-1-300x97.png\" alt=\"rocket play\" width=\"600\" height=\"194\" srcset=\"https:\/\/rocketplay-new.com\/wp-content\/uploads\/2022\/08\/rocketplay.png.81fad21a548a0bf925c5d798697b8947-1-300x97.png 300w, https:\/\/rocketplay-new.com\/wp-content\/uploads\/2022\/08\/rocketplay.png.81fad21a548a0bf925c5d798697b8947-1.png 496w\" sizes=\"auto, (max-width: 600px) 100vw, 600px\" \/><\/p>\n<h2>ANDERE ROCKETPLAY-BONI<\/h2>\n<p>Welche weiteren Sonderangebote gibt es? Neben dem RocketPlay Bonus ohne Einzahlung Deutschland gibt es solche Angebote f\u00fcr Spieler:<\/p>\n<ul>\n<li>Kein Einzahlungsbonus. Wird als Satz zus\u00e4tzlicher Runden bereitgestellt. Alle Regeln, die f\u00fcr dieses Angebot gelten, sind in den Aktivierungsbedingungen beschrieben.<\/li>\n<li>R\u00fcckzahlung. Cashback ist eine teilweise R\u00fcckerstattung des Geldbetrags, den Spieler verloren haben. Sie k\u00f6nnen einen Cashback erhalten, sofern der Spieler w\u00e4hrend des Abrechnungszeitraums verloren hat, dh er hat Einzahlungen mit einem Gesamtbetrag get\u00e4tigt, der h\u00f6her ist als er Geld abgehoben hat (unter Ber\u00fccksichtigung des aktuellen Kontostands). Der Bonus ist jede Woche\/Monat verf\u00fcgbar.<\/li>\n<li>Prozentsatz des Betrags. Meistens sind es 100% bis 200%.<\/li>\n<li>Bonus f\u00fcr die Registrierung. Alle Benutzer k\u00f6nnen f\u00fcr den erfolgreichen Abschluss des Prozesses ein Willkommensgeschenk erhalten. Es kann ein Prozentsatz des Geldes oder Freirunden sein.<\/li>\n<li>Es gibt verschiedene Sonderangebote mit Aktionscodes, verschiedene Aktionen und mehr.<\/li>\n<\/ul>\n<h2>FAQ<\/h2>\n<h3>WER KANN BESONDERE ANREIZE ERHALTEN?<\/h3>\n<p>Jeder neu registrierte Benutzer erh\u00e4lt ein Geschenk. Jede Institution gibt Anf\u00e4ngern ein solches Geschenk, damit sie einen Anreiz und ein Interesse haben.<\/p>\n<h3>WIE KANN ICH EINEN BONUS OHNE EINZAHLUNG AUSZAHLEN?<\/h3>\n<p>Diese F\u00f6rderung muss zun\u00e4chst zur\u00fcckgewonnen werden. Ohne dies werden Sie in keiner Weise Geld abheben. Man sollte sich also die Bedingungen der Einrichtung immer genau durchlesen, damit es keine b\u00f6sen \u00dcberraschungen gibt.<\/p>\n<h3>WAS KANN ICH MIT MEINEM KOSTENLOSEN ANMELDEBONUS TUN?<\/h3>\n<p>Normalerweise wird es f\u00fcr das Testen verschiedener Spielautomaten sowie f\u00fcr Roulette, Poker und andere Spiele ausgegeben, die Sie auf der Website finden. Es ist eine gro\u00dfartige M\u00f6glichkeit, neue Spiele und Auswahlm\u00f6glichkeiten zu erhalten, um die beste Option f\u00fcr Sie zu finden.<\/p>\n<h3>WIE OFT KANN ICH EINEN REGISTRIERUNGSBONUS ERHALTEN?<\/h3>\n<p>Nur einmal. Wenn Sie versuchen, ein anderes Konto auf derselben Website zu registrieren, wird das System dies mit hoher Wahrscheinlichkeit verstehen und Ihr Konto sperren.<\/p>\n","protected":false},"excerpt":{"rendered":"<p>In Online-Einrichtungen wird der Bonus beim Erstellen eines neuen Kontos bedingt in zwei Arten unterteilt: Auf Einzahlung &#8211; erfordert Nachschub in bar. Es k\u00f6nnen bestimmte Prozents\u00e4tze von Geld oder Bonusrunden sein. Die Bedingungen f\u00fcr den Erhalt und die Nutzung einer Gl\u00fccksspieleinrichtung werden privat festgelegt. RocketPlay Bonus ohne Einzahlung \u2013 der Benutzer erh\u00e4lt ihn, ohne sein&#8230;<\/p>\n","protected":false},"author":1,"featured_media":0,"parent":0,"menu_order":0,"comment_status":"closed","ping_status":"closed","template":"single-no-sidebar.php","meta":{"_acf_changed":false,"_kad_post_transparent":"default","_kad_post_title":"default","_kad_post_layout":"default","_kad_post_sidebar_id":"","_kad_post_content_style":"default","_kad_post_vertical_padding":"default","_kad_post_feature":"","_kad_post_feature_position":"","_kad_post_header":false,"_kad_post_footer":false,"footnotes":""},"class_list":["post-2457","page","type-page","status-publish","hentry"],"acf":[],"rttpg_featured_image_url":null,"rttpg_author":{"display_name":"John","author_link":"https:\/\/rocketplay-new.com\/de\/author\/pemvas95n89x\/"},"rttpg_comment":0,"rttpg_category":null,"rttpg_excerpt":"In Online-Einrichtungen wird der Bonus beim Erstellen eines neuen Kontos bedingt in zwei Arten unterteilt: Auf Einzahlung &#8211; erfordert Nachschub in bar. Es k\u00f6nnen bestimmte Prozents\u00e4tze von Geld oder Bonusrunden sein. Die Bedingungen f\u00fcr den Erhalt und die Nutzung einer Gl\u00fccksspieleinrichtung werden privat festgelegt. RocketPlay Bonus ohne Einzahlung \u2013 der Benutzer erh\u00e4lt ihn, ohne sein...","_links":{"self":[{"href":"https:\/\/rocketplay-new.com\/de\/wp-json\/wp\/v2\/pages\/2457","targetHints":{"allow":["GET"]}}],"collection":[{"href":"https:\/\/rocketplay-new.com\/de\/wp-json\/wp\/v2\/pages"}],"about":[{"href":"https:\/\/rocketplay-new.com\/de\/wp-json\/wp\/v2\/types\/page"}],"author":[{"embeddable":true,"href":"https:\/\/rocketplay-new.com\/de\/wp-json\/wp\/v2\/users\/1"}],"replies":[{"embeddable":true,"href":"https:\/\/rocketplay-new.com\/de\/wp-json\/wp\/v2\/comments?post=2457"}],"version-history":[{"count":3,"href":"https:\/\/rocketplay-new.com\/de\/wp-json\/wp\/v2\/pages\/2457\/revisions"}],"predecessor-version":[{"id":11694,"href":"https:\/\/rocketplay-new.com\/de\/wp-json\/wp\/v2\/pages\/2457\/revisions\/11694"}],"wp:attachment":[{"href":"https:\/\/rocketplay-new.com\/de\/wp-json\/wp\/v2\/media?parent=2457"}],"curies":[{"name":"wp","href":"https:\/\/api.w.org\/{rel}","templated":true}]}}