{"id":2450,"date":"2022-08-11T19:38:48","date_gmt":"2022-08-11T16:38:48","guid":{"rendered":"https:\/\/rocketplay-new.com\/sign-up\/"},"modified":"2022-10-26T00:49:51","modified_gmt":"2022-10-25T21:49:51","slug":"sign-up","status":"publish","type":"page","link":"https:\/\/rocketplay-new.com\/de\/sign-up\/","title":{"rendered":"Rocket Play Casino-Anmeldung"},"content":{"rendered":"<p><img loading=\"lazy\" decoding=\"async\" class=\" wp-image-283 aligncenter\" src=\"https:\/\/rocketplay-new.com\/wp-content\/uploads\/2022\/08\/1-1-300x113.jpeg\" alt=\"rocket play casino Sign Up\" width=\"672\" height=\"253\" srcset=\"https:\/\/rocketplay-new.com\/wp-content\/uploads\/2022\/08\/1-1-300x113.jpeg 300w, https:\/\/rocketplay-new.com\/wp-content\/uploads\/2022\/08\/1-1-1024x384.jpeg 1024w, https:\/\/rocketplay-new.com\/wp-content\/uploads\/2022\/08\/1-1-768x288.jpeg 768w, https:\/\/rocketplay-new.com\/wp-content\/uploads\/2022\/08\/1-1.jpeg 1140w\" sizes=\"auto, (max-width: 672px) 100vw, 672px\" \/><\/p>\n<p>Weltweit w\u00e4chst das Interesse an Online-Spielen rasant. Viele Websites bieten einen hervorragenden Service im Bereich des Internet-Gl\u00fccksspiels, wecken das Interesse potenzieller Spieler mit einer riesigen Auswahl an Spielen, motivierenden Jackpots und einer guten Wettumkehr. Die positiven Aspekte, die das Online-Gl\u00fccksspiel mit sich bringt:<\/p>\n<ul>\n<li>erh\u00f6hter Schutz potenzieller Spieler vor Online-Betr\u00fcgern;<\/li>\n<li>Spielvielfalt nach Vorlieben;<\/li>\n<li>viele Aktionen und Belohnungen;<\/li>\n<li>es ist m\u00f6glich, auf jedem Gadget zu spielen, das Sie haben;<\/li>\n<li>keine Notwendigkeit, irgendwohin zu gehen, geh;<\/li>\n<li>Sie k\u00f6nnen ein kostenloses Spiel ausw\u00e4hlen;<\/li>\n<li>Zeit sparen;<\/li>\n<li>Unterst\u00fctzung auf allen Ebenen des Spiels.<\/li>\n<\/ul>\n<p>Alles, was Sie brauchen, um auf all diese Vorteile zugreifen zu k\u00f6nnen, ist die Registrierung im <a href=\"https:\/\/rocketplay-new.com\/de\/\">RocketPlay<\/a> Casino.<\/p>\n<p>Warum sich bei einem Casino registrieren? Schlie\u00dflich bieten viele Online-Einrichtungen Anf\u00e4ngern an, sich kostenlos an einem der Gl\u00fccksspiele zu versuchen. Aber wenn Sie um Geld spielen m\u00f6chten, m\u00fcssen Sie sich daf\u00fcr unbedingt registrieren. Sie erhalten auch einen RocketPlay-Casino-Anmeldebonus. Wenn Sie kein g\u00fcltiges Konto haben, verlieren Sie die M\u00f6glichkeit:<\/p>\n<ul>\n<li>Wetten im Casino platzieren;<\/li>\n<li>Belohnungen verdienen;<\/li>\n<li>die M\u00f6glichkeit haben, Preistr\u00e4ger zu werden;<\/li>\n<li>k\u00e4mpfen Sie um gro\u00dfe Gewinne;<\/li>\n<li>z\u00e4hlen Sie auf Unterst\u00fctzung.<\/li>\n<\/ul>\n<p>Daher kann ein Spieler ohne Registrierung im Casino nur die Dienste kennenlernen und das Spiel in der Demoversion testen. Jede weitere Teilnahme an den Spielen ist ihm untersagt. Um sich im Casino anzumelden, m\u00fcssen Sie die offizielle Website studieren. Jeder potenzielle Spieler muss sich vergewissern, dass eine Lizenz der Gl\u00fccksspieleinrichtung vorliegt, in der er das Spiel beginnen m\u00f6chte. Wenn Sie sich seiner Echtheit nicht sicher sind, besuchen Sie die Website der Regulierungsbeh\u00f6rde, wo Sie alles erfahren k\u00f6nnen.<\/p>\n<p>Sie sollten sich auch mit dem Regelwerk und den verschiedenen Bedingungen vertraut machen, die in den Spielen vorhanden sind. Stellen Sie Ihre Fragen an Mitarbeiter des technischen Supports, sie sollten Ihnen gegen\u00fcber loyal sein. Stellen Sie sicher, dass dieses spezielle Casino Vertrauen in Sie weckt und alle Ihre Anforderungen erf\u00fcllt. Sie k\u00f6nnen sich auch von Ihrem Handy aus registrieren. Daf\u00fcr wird ein <a href=\"https:\/\/rocketplay-new.com\/de\/mobile-version\/\">mobiler<\/a> Casino-Anmeldebonus von RocketPlay gew\u00e4hrt.<\/p>\n<p>Um sich in einem Online-Casino anzumelden, muss ein Anf\u00e4nger ein Anmeldeformular ausf\u00fcllen.<\/p>\n<p>Lesen Sie alle Punkte sorgf\u00e4ltig durch und bitten Sie jemanden, der Englisch spricht, Ihnen beim Ausf\u00fcllen des Fragebogens zu helfen. Personenbezogene Daten wie Vor- und Nachname, Geschlecht, Geburtsdatum, Adresse m\u00fcssen wie in amtlichen Dokumenten angegeben eingetragen werden. Das Casino kann Kopien Ihrer Dokumente anfordern. Alle Daten sollten sich nicht unterscheiden.<\/p>\n<p><img loading=\"lazy\" decoding=\"async\" class=\" wp-image-284 alignright\" src=\"https:\/\/rocketplay-new.com\/wp-content\/uploads\/2022\/08\/rocketplay-registration-1-246x300.png\" alt=\"Sign Up\" width=\"336\" height=\"410\" srcset=\"https:\/\/rocketplay-new.com\/wp-content\/uploads\/2022\/08\/rocketplay-registration-1-246x300.png 246w, https:\/\/rocketplay-new.com\/wp-content\/uploads\/2022\/08\/rocketplay-registration-1.png 360w\" sizes=\"auto, (max-width: 336px) 100vw, 336px\" \/><\/p>\n<h2>WELCHE ARTEN VON ANMELDEBONUS-ANGEBOTEN SIND VERF\u00dcGBAR?<\/h2>\n<p>Es gibt zwei Hauptarten von Boni:<\/p>\n<p>Einzahlungsboni. Diese Boni umfassen Einzahlungsboni und Cashback-Aufladeboni. Um einen solchen Bonus zu erhalten, ben\u00f6tigen Sie eine obligatorische Registrierung im Casino und eine Einzahlung. Die H\u00f6he dieser Einzahlung ist in jedem Casino unterschiedlich. Der Bonus aus dieser Einzahlung kann direkt von der Zahlungsform und dem Zahlungssystem abh\u00e4ngen. Manchmal m\u00fcssen Sie einen Promo-Code eingeben, um Boni f\u00fcr eine Einzahlung zu erhalten.<br \/>\nCasino-Boni ohne Einzahlung. Es gibt ein Casino ohne Einzahlung, in dem Sie sich registrieren und sofort Ihre Boni erhalten, ohne Einzahlungen t\u00e4tigen zu m\u00fcssen. Daher wird diese Art von Casino von Spielern bevorzugt. Jeder Spieler kann kostenloses Geld f\u00fcr ein Testspiel erhalten.<br \/>\nEs muss ber\u00fccksichtigt werden, dass ein verlockendes Angebot nicht immer rentabel ist, wie es auf den ersten Blick erscheinen mag. Sie sollten sich nicht von der Menge an riesigen Boni verf\u00fchren lassen. Lesen Sie immer die Anwendungsregeln, sie sind oft sehr schwer online zug\u00e4nglich.<br \/>\nWir raten Einsteigern dringend davon ab, gleich Livewetten abzugeben. Lesen Sie die Spiele in kostenlosen Demoversionen sorgf\u00e4ltig durch, probieren Sie es aus, finden Sie es heraus, um schwerwiegende Fehler zu vermeiden. Sie m\u00fcssen einen bequemen Weg finden, Geld auf Ihr Konto einzuzahlen. Dies k\u00f6nnen sowohl Debit- als auch Zahlungskarten, verschiedene elektronische Geldb\u00f6rsen und Gutscheine usw. sein. Denken Sie an alles, von Fristen bis hin zu verschiedenen Limits.<\/p>\n<h2>FAQ<\/h2>\n<h3>IST EINE REGISTRIERUNG F\u00dcR SPIELER IM CASINO ERFORDERLICH?<\/h3>\n<p>Um ein Konto zu er\u00f6ffnen, um echtes Geld spielen zu k\u00f6nnen und Internetzugriff auf den Dienst zu erhalten, ist eine Registrierung erforderlich.<\/p>\n<h3>WIE LANGE DAUERT DIE REGISTRIERUNG BEI EINEM ONLINE CASINO?<\/h3>\n<p>Der gesamte Vorgang dauert einige Minuten. Danach erhalten Sie sofort den kostenlosen Anmeldebonus Casino RocketPlay.<\/p>\n<h3>WARUM IST DIE \u00dcBERPR\u00dcFUNG EINES POTENZIELLEN SPIELERS ERFORDERLICH?<\/h3>\n<p>Um die Sicherheit von Einzahlungen und Kundenkonten zu gew\u00e4hrleisten, ben\u00f6tigt das Team des Gl\u00fccksspielanbieters diese Informationen. Es verhindert auch Geldw\u00e4sche und hindert Bonusj\u00e4ger am Handeln.<\/p>\n","protected":false},"excerpt":{"rendered":"<p>Weltweit w\u00e4chst das Interesse an Online-Spielen rasant. Viele Websites bieten einen hervorragenden Service im Bereich des Internet-Gl\u00fccksspiels, wecken das Interesse potenzieller Spieler mit einer riesigen Auswahl an Spielen, motivierenden Jackpots und einer guten Wettumkehr. Die positiven Aspekte, die das Online-Gl\u00fccksspiel mit sich bringt: erh\u00f6hter Schutz potenzieller Spieler vor Online-Betr\u00fcgern; Spielvielfalt nach Vorlieben; viele Aktionen und&#8230;<\/p>\n","protected":false},"author":1,"featured_media":0,"parent":0,"menu_order":0,"comment_status":"closed","ping_status":"closed","template":"","meta":{"_acf_changed":false,"_kad_post_transparent":"default","_kad_post_title":"default","_kad_post_layout":"default","_kad_post_sidebar_id":"","_kad_post_content_style":"default","_kad_post_vertical_padding":"default","_kad_post_feature":"","_kad_post_feature_position":"","_kad_post_header":false,"_kad_post_footer":false,"footnotes":""},"class_list":["post-2450","page","type-page","status-publish","hentry"],"acf":[],"rttpg_featured_image_url":null,"rttpg_author":{"display_name":"John","author_link":"https:\/\/rocketplay-new.com\/de\/author\/pemvas95n89x\/"},"rttpg_comment":0,"rttpg_category":null,"rttpg_excerpt":"Weltweit w\u00e4chst das Interesse an Online-Spielen rasant. Viele Websites bieten einen hervorragenden Service im Bereich des Internet-Gl\u00fccksspiels, wecken das Interesse potenzieller Spieler mit einer riesigen Auswahl an Spielen, motivierenden Jackpots und einer guten Wettumkehr. Die positiven Aspekte, die das Online-Gl\u00fccksspiel mit sich bringt: erh\u00f6hter Schutz potenzieller Spieler vor Online-Betr\u00fcgern; Spielvielfalt nach Vorlieben; viele Aktionen und...","_links":{"self":[{"href":"https:\/\/rocketplay-new.com\/de\/wp-json\/wp\/v2\/pages\/2450","targetHints":{"allow":["GET"]}}],"collection":[{"href":"https:\/\/rocketplay-new.com\/de\/wp-json\/wp\/v2\/pages"}],"about":[{"href":"https:\/\/rocketplay-new.com\/de\/wp-json\/wp\/v2\/types\/page"}],"author":[{"embeddable":true,"href":"https:\/\/rocketplay-new.com\/de\/wp-json\/wp\/v2\/users\/1"}],"replies":[{"embeddable":true,"href":"https:\/\/rocketplay-new.com\/de\/wp-json\/wp\/v2\/comments?post=2450"}],"version-history":[{"count":2,"href":"https:\/\/rocketplay-new.com\/de\/wp-json\/wp\/v2\/pages\/2450\/revisions"}],"predecessor-version":[{"id":2454,"href":"https:\/\/rocketplay-new.com\/de\/wp-json\/wp\/v2\/pages\/2450\/revisions\/2454"}],"wp:attachment":[{"href":"https:\/\/rocketplay-new.com\/de\/wp-json\/wp\/v2\/media?parent=2450"}],"curies":[{"name":"wp","href":"https:\/\/api.w.org\/{rel}","templated":true}]}}