{"id":2443,"date":"2022-06-13T19:10:03","date_gmt":"2022-06-13T16:10:03","guid":{"rendered":"https:\/\/rocketplay-new.com\/baccarat\/"},"modified":"2025-04-03T21:07:46","modified_gmt":"2025-04-03T18:07:46","slug":"baccarat","status":"publish","type":"page","link":"https:\/\/rocketplay-new.com\/de\/baccarat\/","title":{"rendered":"Baccarat um echtes Geld spielen"},"content":{"rendered":"<p><a href=\"https:\/\/rocketplay-new.com\/de\/\">RocketPlay Online<\/a>-Baccarat um echtes Geld gilt als besonders prestigetr\u00e4chtig unter den Casinospielen, obwohl sein Ruf als Elite-Spiel mehr auf Exklusivit\u00e4t als auf Schwierigkeit beruht. Tats\u00e4chlich erfordern die meisten Versionen von Baccarat, die Sie in einem <a href=\"https:\/\/rocketplay-new.com\/de\/live-casino\/\">Live-Casino<\/a> spielen, \u00fcberhaupt keine F\u00e4higkeiten. RocketPlay Online-Baccarat bietet einen guten Casino-Vorteil f\u00fcr ein Spiel, das fast kein Auswendiglernen strategischer Geheimnisse erfordert, daher wird das traditionelle Spiel oft in einem separaten Teil des Casinos um hohe Eins\u00e4tze gespielt. Traditionell wurde Baccarat Spielern mit hohen Eins\u00e4tzen angeboten, \u00e4hnlich wie Spielautomaten mit Eins\u00e4tzen von 100 $ pro Runde oft h\u00f6here Gewinnchancen bieten als ihre Gegenst\u00fccke von 1 $ pro Runde. F\u00fcgen Sie Smokings und Abendkleider hinzu, und so erlangte das Spiel einen mystischen Ruhm, der bis ins 21. Jahrhundert andauerte.<\/p>\n<p><img loading=\"lazy\" decoding=\"async\" class=\"aligncenter wp-image-4933\" src=\"https:\/\/rocketplay-new.com\/wp-content\/uploads\/2024\/02\/999.png\" alt=\"RocketPlay Baccarat \" width=\"800\" height=\"311\" srcset=\"https:\/\/rocketplay-new.com\/wp-content\/uploads\/2024\/02\/999.png 1301w, https:\/\/rocketplay-new.com\/wp-content\/uploads\/2024\/02\/999-300x116.png 300w, https:\/\/rocketplay-new.com\/wp-content\/uploads\/2024\/02\/999-1024x397.png 1024w, https:\/\/rocketplay-new.com\/wp-content\/uploads\/2024\/02\/999-768x298.png 768w\" sizes=\"auto, (max-width: 800px) 100vw, 800px\" \/><\/p>\n<h2>ONLINE BACCARAT F\u00dcR ECHTES GELD<\/h2>\n<p>Online-Casinos bieten immer eine oder mehrere Formen von kostenlosem Online-Baccarat RocketPlay in ihrem Softwarepaket an. Die Online-Version wird \u00e4hnlich wie die automatisierten Versionen des Spiels gespielt, die Sie in traditionellen Casinos finden. Der Casino-Vorteil ist immer noch gering f\u00fcr ein Spiel, das fast keine Strategie verwendet. Achten Sie auf automatische oder schnelle Spielfunktionen, die Ihnen m\u00f6glicherweise angeboten werden. Sie erh\u00f6hen nur die H\u00e4ufigkeit, mit der Sie pro Stunde auf einen Casino-Vorteil sto\u00dfen, und ziehen (im Durchschnitt) mehr Geld aus Ihrer Tasche.<\/p>\n<p><span style=\"font-weight: 400;\">\u00a0\u00a0<div class=\"go-btn-container\"><div class=\"tosh-btn\"><a href=\"\/go-casino\/\" target=\"_blank\" rel=\"noopener\">JETZT SPIELEN<\/a><\/div><\/div><\/span><\/p>\n<h2>LIVE-BACCARAT ONLINE<\/h2>\n<p>Der beste Weg, Online-Baccarat RocketPlay online um echtes Geld zu spielen, ist, eines der Live-Baccarat-Spiele zu spielen. Es ist keine Software, die auf einem Zufallszahlengenerator basiert, sondern echte Menschen werden verwendet, um die Ergebnisse des Spiels zu erhalten. Diese Leute sind Mitarbeiter des Online-Casinos oder Softwareanbieters und dank einer \u00dcbertragung von einem Gaming-Studio irgendwo auf der Welt live verf\u00fcgbar.<\/p>\n<p>Live-Dealer sind ausgebildete Profis, genau wie die Mitarbeiter eines traditionellen Casinos. Sie sprechen mit ihnen \u00fcber eine Skype-\u00e4hnliche Technologie, und sie k\u00f6nnen antworten. Die Kamera ist immer auf die Dealer gerichtet, sodass Sie die Karten nie aus den Augen verlieren. Live-Baccarat online um echtes Geld ist der beste Weg, eines der \u00e4ltesten Casinospiele auf Ihrem Computer bequem von zu Hause aus zu genie\u00dfen.<\/p>\n<h2>GESCHICHTE<\/h2>\n<p>In den 1980er Jahren wuchs der Hype um Baccarat bis zu dem Punkt, an dem die Casinos in Las Vegas begannen, eine Version davon auch f\u00fcr den einfachen Mann anzubieten. Dieses Spiel wurde Mini-Baccarat genannt. Es war eine vereinfachte Version des Spiels mit einem Dealer anstelle eines Bankers, weil das Casino die Bank des Spiels hielt. Dies bedeutete, dass Wetten schneller platziert und mehr Runden pro Stunde gespielt wurden, wodurch das Casino einen h\u00f6heren Prozentsatz des Pots erhielt als bei einem normalen Spiel. Eine \u00e4hnliche Version namens Midi-Punto wurde von europ\u00e4ischen Betreibern entwickelt.<\/p>\n<p>Inzwischen gibt es in Frankreich noch eine franz\u00f6sische Version des Spiels namens Chemin de Fer (&#8222;Eisenbahn&#8220;). Dieses Spiel erfordert ernsthafte Entscheidungen, die das Ergebnis des Spiels beeinflussen, daher w\u00e4re eine Untersuchung des strategischen Aspekts erforderlich. Eine Vielzahl anderer Variationen wurde dann geschaffen, darunter Baccarat EZ, Super 6 Baccarat (oder \u201ePunto 2000\u201c) und Baccarat banque. In diesem Artikel werde ich jedes dieser Spiele besprechen und was Sie wissen m\u00fcssen, um sie um echtes Geld zu spielen.<\/p>\n<p><img loading=\"lazy\" decoding=\"async\" class=\"aligncenter wp-image-4943\" src=\"https:\/\/rocketplay-new.com\/wp-content\/uploads\/2024\/02\/9999999.png\" alt=\"RocketPlay Baccarat 2\" width=\"800\" height=\"294\" srcset=\"https:\/\/rocketplay-new.com\/wp-content\/uploads\/2024\/02\/9999999.png 1188w, https:\/\/rocketplay-new.com\/wp-content\/uploads\/2024\/02\/9999999-300x110.png 300w, https:\/\/rocketplay-new.com\/wp-content\/uploads\/2024\/02\/9999999-1024x377.png 1024w, https:\/\/rocketplay-new.com\/wp-content\/uploads\/2024\/02\/9999999-768x283.png 768w\" sizes=\"auto, (max-width: 800px) 100vw, 800px\" \/><\/p>\n<h2>GRUNDREGELN<\/h2>\n<p>RocketPlay Online-Baccarat Deutschland um echtes Geld besteht darin, eine Kartenkombination zusammenzustellen, die einer 9 so nahe wie m\u00f6glich kommt. Die Kartenkombinationen sind anders als bei den meisten Kartenspielen, aber sie sind intuitiv, sodass Sie sie nach ein paar Runden lernen werden. Der Wert von Karten von einer Zwei bis zu einer Neun entspricht ihrem Nennwert. Ein Ass gibt Ihnen einen Punkt. Zehner, Buben, Damen und K\u00f6nige haben einen Nennwert von 0, sie f\u00fcgen Ihrer Kombination also nichts hinzu. Wenn ein Spieler 10 oder mehr Punkte auf der Hand hat, werden zehn davon abgezogen, und dann geht die Z\u00e4hlung auf 0-1-2-3-4-5-5-6-7-8-9-0-1-2 -3 und so weiter. Zum Beispiel z\u00e4hlen 9 und 5 als 4, nicht als 14.<\/p>\n<p>Die Spielregeln sind leicht zu merken. Diese Regeln bestimmen, wann ein Spieler und Banker mehr Karten nehmen und wann nicht. Es kann einige Zeit dauern, bis Sie sich daran erinnern, wann Sie bestimmte Z\u00fcge ausf\u00fchren m\u00fcssen, aber die Regeln sind streng, sodass Sie beim Lernen keine Fehler machen.<\/p>\n<p><span style=\"font-weight: 400;\">\u00a0\u00a0<div class=\"go-btn-container\"><div class=\"tosh-btn\"><a href=\"\/go-casino\/\" target=\"_blank\" rel=\"noopener\">JETZT SPIELEN<\/a><\/div><\/div><\/span><\/p>\n<h2>SPIELE BACCARAT UM ECHTES GELD<\/h2>\n<p>Um dieses Spiel in Las Vegas oder Macau zu spielen, m\u00fcssen Sie wahrscheinlich h\u00f6here Eins\u00e4tze t\u00e4tigen. Wenn Sie RocketPlay Baccarat um echtes Geld spielen m\u00f6chten, aber nicht um gr\u00f6\u00dfere Betr\u00e4ge spielen m\u00f6chten, versuchen Sie es mit Mini-Baccarat.<\/p>\n<h2>STRATEGIE F\u00dcR DAS SPIELEN VON BACCARAT<\/h2>\n<p>Der RocketPlay Online-Baccarat-Strategietipp f\u00fcr dieses Spiel ist ganz einfach: Wetten Sie immer darauf, dass der Bankier gewinnt. Wetten Sie unter keinen Umst\u00e4nden auf ein Unentschieden. Obwohl die Auszahlung gro\u00df ist, ist es eine verlorene Wette.<\/p>\n<h2>BACCARAT: H\u00e4ufig gestellte Fragen<\/h2>\n<h3>IRGENDWELCHE TIPPS F\u00dcR DAS SPIELEN VON BACCARAT?<\/h3>\n<p>Zwei der besten Tipps f\u00fcr diejenigen, die Baccarat spielen, sind, immer auf den Bankhalter zu setzen und Ihre Bankroll im Auge zu behalten. Was Letzteres betrifft, ist es am besten, Wettsysteme zu vermeiden, bis Sie vollst\u00e4ndig mit dem Spiel vertraut sind, und sich darauf zu konzentrieren, Wetten abzuschlie\u00dfen, die Sie sich leisten k\u00f6nnen.<\/p>\n<h3>IST ONLINE BACCARAT LEGAL?<\/h3>\n<p>RocketPlay Baccarat online ohne Download ist legal. Sie k\u00f6nnen Baccarat ganz einfach auf Ihrem PC, Smartphone oder Tablet um echtes Geld spielen.<\/p>\n<h3>KANN ICH BACCARAT MIT BITCOIN SPIELEN?<\/h3>\n<p>Heutzutage akzeptieren die meisten Online-Casinos Bitcoin, sodass Sie mit dieser Kryptow\u00e4hrung kein Problem haben werden, online Baccarat zu spielen. Tats\u00e4chlich entscheiden sich viele Spieler f\u00fcr Bitcoin, weil die Gewinnauszahlungen sofort erfolgen und Sie nicht auf das Eintreffen von \u00dcberweisungen warten und Geb\u00fchren zahlen m\u00fcssen.<\/p>\n<h3>KANN ICH EINEN BACCARAT-BONUS ERHALTEN?<\/h3>\n<p>Einige Online-Casinos nehmen Baccarat aufgrund des geringen Casino-Vorteils nicht in die Liste der Spiele auf, f\u00fcr die ein Willkommensbonus gew\u00e4hrt wird. Andere Casinos bieten Boni an, recherchieren Sie also die Bedingungen des \u201eTischspiel\u201c-Bonus, um zu sehen, ob Ihr Casino einen Baccarat-Bonus anbietet.<\/p>\n<p>Wenn Sie Baccarat-<a href=\"https:\/\/rocketplay-new.com\/de\/bonus\/\">Bonusse<\/a> finden, denken Sie daran, dass sie aufgrund des geringen Vorteils des Casinos strengere Wettanforderungen haben als Spielautomaten-Bonusse.<\/p>\n<p><img loading=\"lazy\" decoding=\"async\" class=\"aligncenter wp-image-4952\" src=\"https:\/\/rocketplay-new.com\/wp-content\/uploads\/2024\/02\/99.png\" alt=\"RocketPlay Baccarat 3\" width=\"800\" height=\"416\" srcset=\"https:\/\/rocketplay-new.com\/wp-content\/uploads\/2024\/02\/99.png 1167w, https:\/\/rocketplay-new.com\/wp-content\/uploads\/2024\/02\/99-300x156.png 300w, https:\/\/rocketplay-new.com\/wp-content\/uploads\/2024\/02\/99-1024x533.png 1024w, https:\/\/rocketplay-new.com\/wp-content\/uploads\/2024\/02\/99-768x399.png 768w\" sizes=\"auto, (max-width: 800px) 100vw, 800px\" \/><\/p>\n<h2>FUNKTIONIEREN BACCARAT-WETTSYSTEME?<\/h2>\n<p>Angesichts des geringen Strategiefaktors beim Baccarat-Spielen verwenden einige Spieler Wettsysteme, um den Casino-Vorteil zu umgehen. Einige der beliebtesten Systeme zum Spielen von Baccarat sind D&#8217;Alamber-, Laboucher- und Martingale-Systeme.<\/p>\n<p>Die Systeme k\u00f6nnen Ihnen helfen, in einer einzelnen Sitzung einen gro\u00dfen Gewinn zu erzielen, aber keines von ihnen kann den langfristigen Casino-Vorteil umgehen.<\/p>\n","protected":false},"excerpt":{"rendered":"<p>RocketPlay Online-Baccarat um echtes Geld gilt als besonders prestigetr\u00e4chtig unter den Casinospielen, obwohl sein Ruf als Elite-Spiel mehr auf Exklusivit\u00e4t als auf Schwierigkeit beruht. Tats\u00e4chlich erfordern die meisten Versionen von Baccarat, die Sie in einem Live-Casino spielen, \u00fcberhaupt keine F\u00e4higkeiten. RocketPlay Online-Baccarat bietet einen guten Casino-Vorteil f\u00fcr ein Spiel, das fast kein Auswendiglernen strategischer Geheimnisse&#8230;<\/p>\n","protected":false},"author":1,"featured_media":0,"parent":0,"menu_order":0,"comment_status":"closed","ping_status":"closed","template":"","meta":{"_acf_changed":false,"_kad_post_transparent":"default","_kad_post_title":"default","_kad_post_layout":"default","_kad_post_sidebar_id":"","_kad_post_content_style":"default","_kad_post_vertical_padding":"default","_kad_post_feature":"","_kad_post_feature_position":"","_kad_post_header":false,"_kad_post_footer":false,"footnotes":""},"class_list":["post-2443","page","type-page","status-publish","hentry"],"acf":[],"rttpg_featured_image_url":null,"rttpg_author":{"display_name":"John","author_link":"https:\/\/rocketplay-new.com\/de\/author\/pemvas95n89x\/"},"rttpg_comment":0,"rttpg_category":null,"rttpg_excerpt":"RocketPlay Online-Baccarat um echtes Geld gilt als besonders prestigetr\u00e4chtig unter den Casinospielen, obwohl sein Ruf als Elite-Spiel mehr auf Exklusivit\u00e4t als auf Schwierigkeit beruht. Tats\u00e4chlich erfordern die meisten Versionen von Baccarat, die Sie in einem Live-Casino spielen, \u00fcberhaupt keine F\u00e4higkeiten. RocketPlay Online-Baccarat bietet einen guten Casino-Vorteil f\u00fcr ein Spiel, das fast kein Auswendiglernen strategischer Geheimnisse...","_links":{"self":[{"href":"https:\/\/rocketplay-new.com\/de\/wp-json\/wp\/v2\/pages\/2443","targetHints":{"allow":["GET"]}}],"collection":[{"href":"https:\/\/rocketplay-new.com\/de\/wp-json\/wp\/v2\/pages"}],"about":[{"href":"https:\/\/rocketplay-new.com\/de\/wp-json\/wp\/v2\/types\/page"}],"author":[{"embeddable":true,"href":"https:\/\/rocketplay-new.com\/de\/wp-json\/wp\/v2\/users\/1"}],"replies":[{"embeddable":true,"href":"https:\/\/rocketplay-new.com\/de\/wp-json\/wp\/v2\/comments?post=2443"}],"version-history":[{"count":5,"href":"https:\/\/rocketplay-new.com\/de\/wp-json\/wp\/v2\/pages\/2443\/revisions"}],"predecessor-version":[{"id":5855,"href":"https:\/\/rocketplay-new.com\/de\/wp-json\/wp\/v2\/pages\/2443\/revisions\/5855"}],"wp:attachment":[{"href":"https:\/\/rocketplay-new.com\/de\/wp-json\/wp\/v2\/media?parent=2443"}],"curies":[{"name":"wp","href":"https:\/\/api.w.org\/{rel}","templated":true}]}}