{"id":2429,"date":"2022-06-13T18:39:57","date_gmt":"2022-06-13T15:39:57","guid":{"rendered":"https:\/\/rocketplay-new.com\/roulette\/"},"modified":"2025-04-08T11:36:55","modified_gmt":"2025-04-08T08:36:55","slug":"roulette","status":"publish","type":"page","link":"https:\/\/rocketplay-new.com\/de\/roulette\/","title":{"rendered":"Spielen Sie Roulette im RocketPlay Casino"},"content":{"rendered":"<p>Die Tatsache, dass RocketPlay Online-Roulette \u2013 ein spannendes und interessantes Spiel \u2013 jeder wei\u00df. Aus diesem Grund sind viele Benutzer bestrebt, sich zu versuchen und einen \u00e4hnlichen Spielautomaten zu w\u00e4hlen. Nicht umsonst wurde Roulette in der Antike die K\u00f6nigin des Gl\u00fccksspiels genannt. Mit dieser wunderbaren Unterhaltung waren viele \u00dcberzeugungen verbunden &#8211; einschlie\u00dflich mystischer. Die Hauptattraktion des Spiels ist, dass das Ergebnis jeder Sitzung unvorhersehbar ist. Es ist unm\u00f6glich vorherzusagen, wo die Kugel, die auf dem schwarz-roten Rad l\u00e4uft, aufh\u00f6ren wird. RocketPlay Online-Roulette um echtes Geld, das auf einen Zufallszahlengenerator reagiert, stellt die Atmosph\u00e4re der echten Spiele farbenfroh wieder her, die nur von Ihrer Majest\u00e4t Lady Luck regiert wird. Angeblich hat die riskante Unterhaltung franz\u00f6sische Wurzeln. Die Popularit\u00e4t des Spiels ist jedoch so gro\u00df, dass sich Einwohner verschiedener L\u00e4nder f\u00fcr Slot-Roulette entscheiden, da es sich um hochwertige Emulatoren popul\u00e4rer Unterhaltung handelt. Das Online-<a href=\"https:\/\/rocketplay-new.com\/de\/casino\/\">Casino RocketPlay<\/a> hat eine gro\u00dfe Anzahl von Roulette-Arten, probieren Sie sie alle aus und w\u00e4hlen Sie die beste f\u00fcr sich aus.<\/p>\n<p><img loading=\"lazy\" decoding=\"async\" class=\"aligncenter wp-image-4807\" src=\"https:\/\/rocketplay-new.com\/wp-content\/uploads\/2024\/02\/453545.png\" alt=\"Roulette RocketPlay Casino\" width=\"800\" height=\"457\" srcset=\"https:\/\/rocketplay-new.com\/wp-content\/uploads\/2024\/02\/453545.png 1413w, https:\/\/rocketplay-new.com\/wp-content\/uploads\/2024\/02\/453545-300x171.png 300w, https:\/\/rocketplay-new.com\/wp-content\/uploads\/2024\/02\/453545-1024x585.png 1024w, https:\/\/rocketplay-new.com\/wp-content\/uploads\/2024\/02\/453545-768x439.png 768w\" sizes=\"auto, (max-width: 800px) 100vw, 800px\" \/><\/p>\n<h2>WIE BEGINNEN SIE AM VIRTUELLEN ROULETTE-TISCH ZU SPIELEN?<\/h2>\n<p>Der Benutzer sollte wissen, dass es Demoversionen der beliebten Unterhaltung gibt &#8211; damit k\u00f6nnen Sie die Maschine kostenlos aktivieren. Der Vorteil des kostenlosen Betreibens von <a href=\"https:\/\/rocketplay-new.com\/de\/slot-machines\/\">Spielautomaten<\/a> besteht darin, dass Sie durch ihre Wahl die richtige Einstellung zu riskanter Unterhaltung lernen und gleichzeitig die klassischen Algorithmen des Spiels beherrschen k\u00f6nnen. Um RocketPlay Online Roulette Deutschland erfolgreich spielen zu k\u00f6nnen, sollte man \u00fcber ein n\u00fcchternes kritisches Denken und eine gewisse Gelassenheit verf\u00fcgen. Es ist auch wichtig, die Regeln eines bestimmten Spielautomaten zu verstehen, da die verschiedenen Modifikationen von Roulette ihre eigenen Nuancen haben. Auch hier finden Sie, wie beim Videopoker, kein europ\u00e4isches Roulette oder beispielsweise einen amerikanischen Roulette-Tisch mit <a href=\"https:\/\/rocketplay-new.com\/de\/live-casino\/\">Live-Dealer<\/a> von Novomatic (Spielautomaten Gaminator) sowie die Produktion von Simulatoren f\u00fcr Tischspiele und nicht beteiligt und geliebt von allen Spielern in der ehemaligen Sowjetunion Hersteller von Spielautomaten Igrosoft.<\/p>\n<p><span style=\"font-weight: 400;\">\u00a0\u00a0<div class=\"go-btn-container\"><div class=\"tosh-btn\"><a href=\"\/go-casino\/\" target=\"_blank\" rel=\"noopener\">JETZT SPIELEN<\/a><\/div><\/div> <\/span><\/p>\n<h2>ARTEN VON ROULETTE UND IHRE EIGENSCHAFTEN<\/h2>\n<p>Es ist bekannt, dass dieses Spiel viele Variationen hat: amerikanisches, franz\u00f6sisches, New Orleans, europ\u00e4isches Roulette usw. Erfahrene Benutzer raten, Online-Roulette RocketPlay zu spielen &#8211; sie haben eine hohe Rendite. Die Gewinnchancen des Benutzers erh\u00f6hen sich durch eine interessante Nuance &#8211; es gibt kein Doppelnull-Symbol auf dem Rad, was typisch f\u00fcr die amerikanische Version ist.<\/p>\n<p>Es ist bemerkenswert, dass einige Roulettes nur Standardwetten haben, w\u00e4hrend andere auch m\u00fcndliche Wetten haben. Die zweite Option eignet sich eher f\u00fcr Power-User, die das Gameplay so weit wie m\u00f6glich diversifizieren m\u00f6chten. Sehen Sie sich RocketPlay Online-Roulette-Tipps an.<\/p>\n<p><img loading=\"lazy\" decoding=\"async\" class=\"aligncenter wp-image-4816\" src=\"https:\/\/rocketplay-new.com\/wp-content\/uploads\/2024\/02\/2223232.png\" alt=\"Roulette RocketPlay Casino 2\" width=\"800\" height=\"448\" srcset=\"https:\/\/rocketplay-new.com\/wp-content\/uploads\/2024\/02\/2223232.png 1183w, https:\/\/rocketplay-new.com\/wp-content\/uploads\/2024\/02\/2223232-300x168.png 300w, https:\/\/rocketplay-new.com\/wp-content\/uploads\/2024\/02\/2223232-1024x573.png 1024w, https:\/\/rocketplay-new.com\/wp-content\/uploads\/2024\/02\/2223232-768x430.png 768w\" sizes=\"auto, (max-width: 800px) 100vw, 800px\" \/><\/p>\n<h2>ONLINE-ROULETTE-EMULATOR ENTWERFEN<\/h2>\n<p>Das Erscheinen von Spielautomaten in den wahren Merkmalen dieses Spiels. Der Benutzer wird das vertraute Rad sehen, das in Sektoren, einen Ball, ein Feld f\u00fcr Wetten und Chips unterteilt ist. Benutzeranf\u00e4nger sollten unbedingt die Online-Roulette-Regeln von RocketPlay lernen. Dort finden Sie eine detaillierte Beschreibung der Optionen und Funktionen jeder Wette sowie Auszahlungen, wenn Sie gewinnen. Moderne Computertechnik erm\u00f6glicht es, dem Spielverlauf an diesen Automaten durch einen virtuellen Dealer Tipps geben zu k\u00f6nnen. Ein Merkmal von Roulette-Spielautomaten ist eine gro\u00dfe Auswahl an m\u00f6glichen Eins\u00e4tzen. Es gibt Wetten auf Gerade\/Ungerade, Schwarz\/Rot, Reihen und Spalten, eine bestimmte Zahl. Den gr\u00f6\u00dften Gewinn bringen Wetten auf die Zahl oder die Null, nur selten f\u00e4llt solches Gl\u00fcck aus. Der maximale Gewinn an den Spielautomaten betr\u00e4gt x36. Dem geht eine richtige Wahl einer bestimmten Zahl voraus, die den Ball gestoppt hat.<\/p>\n<p>Das Online-Roulette-Spiel ist oft in den Handlungen beliebter Filme pr\u00e4sent. Moderne Anbieter haben das Spiel diversifiziert und manchmal einzigartige Maschinen mit leicht unterschiedlichen Regeln geschaffen. Es ist nur eine Frage der Wahl der richtigen Option und der Einrichtung f\u00fcr den Erfolg!<\/p>\n<p><span style=\"font-weight: 400;\">\u00a0\u00a0<div class=\"go-btn-container\"><div class=\"tosh-btn\"><a href=\"\/go-casino\/\" target=\"_blank\" rel=\"noopener\">JETZT SPIELEN<\/a><\/div><\/div> <\/span><\/p>\n<h2>ROULETTE: H\u00e4ufig gestellte Fragen<\/h2>\n<h3>WELCHE ART VON ROULETTE BIETET ROCKETPLAY AN?<\/h3>\n<p>Das Online-Casino RocketPlay bietet die folgenden Arten von Roulette an: Amerikanisches, europ\u00e4isches, immersives, amerikanisches und europ\u00e4isches Roulette mit Live-Dealern (von Ezugi und Evolution Gaming) sowie das sogenannte russische Roulette \u2013 Roulette mit einer Null und einem russischsprachigen M\u00e4dchenh\u00e4ndler.<\/p>\n<h3>KANN ICH KOSTENLOS AM ROULETTE-TISCH SPIELEN?<\/h3>\n<p>Ja, Tom Horn Roulette hat kostenloses Roulette RocketPlay. Roulette erfordert (wie alle Live-Dealer-Spiele) eine Registrierung und Echt- oder Bonusgelder auf Ihrem Konto.<\/p>\n<h3>WAS IST ROULETTE?<\/h3>\n<p>Roulette bedeutet aus dem Franz\u00f6sischen \u00fcbersetzt \u201ekleines Rad\u201c. Dieses sich drehende Rad enth\u00e4lt 36 Ziffern und 0 (Null oder sogar Doppelnull in der amerikanisierten Version des Spiels). Der Roulettetisch ist in folgende Abschnitte unterteilt: Ziffern 1-12, 2-12, 3-12, 1-18, 19-36, Bl\u00f6cke alle gerade, alle ungerade, alle schwarz, alle rot.<\/p>\n<h3>WIE STELLT MAN WETTEN AM ROULETTE-TISCH AB?<\/h3>\n<p>Wir werden die Wetten nach ihrem Typ auflisten. Interne Wetten (auf den internen, digitalen Markup des Roulette-Tisches): f\u00fcr 1 Zahl &#8211; Multiplikator 35, f\u00fcr 2 Zahlen &#8211; 17, f\u00fcr 3 Zahlen &#8211; 11, f\u00fcr 4 Zahlen &#8211; 8, f\u00fcr 5 Zahlen &#8211; 5, in der amerikanischen Version es gibt zus\u00e4tzlich Wetten auf zwei Nullen (0, 00) &#8211; Multiplikator 17 und eine Wette auf 5 Zahlen (0, 00, 1, 2, 3) mit Multiplikator 6. Au\u00dfenwetten (entsprechend dem Kreis der digitalen Markierung des Roulettes Tabelle): rot oder schwarz &#8211; Multiplikator 1, gerade oder ungerade &#8211; 1, Wette auf die Spalte (sowie Dutzend, 12 Zahlen) &#8211; 2.<\/p>\n<p><img loading=\"lazy\" decoding=\"async\" class=\"aligncenter wp-image-4826\" src=\"https:\/\/rocketplay-new.com\/wp-content\/uploads\/2024\/02\/23132131.png\" alt=\"Roulette RocketPlay Casino 3\" width=\"800\" height=\"419\" srcset=\"https:\/\/rocketplay-new.com\/wp-content\/uploads\/2024\/02\/23132131.png 1175w, https:\/\/rocketplay-new.com\/wp-content\/uploads\/2024\/02\/23132131-300x157.png 300w, https:\/\/rocketplay-new.com\/wp-content\/uploads\/2024\/02\/23132131-1024x537.png 1024w, https:\/\/rocketplay-new.com\/wp-content\/uploads\/2024\/02\/23132131-768x403.png 768w\" sizes=\"auto, (max-width: 800px) 100vw, 800px\" \/><\/p>\n<h3>WAS IST BESSER ROULETTE \u2013 AMERIKANISCH ODER EUROP\u00c4ISCH?<\/h3>\n<p>Die Wahl des Roulettes h\u00e4ngt ausschlie\u00dflich von Ihren Vorlieben und Erfahrungen ab. Die Mathematik sagt jedoch, dass das amerikanische Roulette dank der Doppelnull dem Casino einen Vorteil gegen\u00fcber dem europ\u00e4ischen Roulette verschafft \u2013 5,6 % der anf\u00e4nglichen Wahrscheinlichkeit, das Casino an einem Tisch mit zwei Nullen zu gewinnen, gegen\u00fcber 2,7 % beim europ\u00e4ischen Roulette.<\/p>\n<h3>KANN ICH DIE MARTINGALE-STRATEGIE (UND ANDERE) VERWENDEN, WENN ICH BEI ROCKETPLAY ROULETTE SPIELE?<\/h3>\n<p>Lassen Sie sich nicht t\u00e4uschen. Beim Spiel am Roulettetisch gibt es keine Strategie \u2013 das ganze Spiel ist nur eine Aneinanderreihung von guten und weniger guten Ziehungen. Mathematische Systeme, die darauf basieren, die Eins\u00e4tze st\u00e4ndig zu erh\u00f6hen, verschaffen Ihnen keinen Vorteil gegen\u00fcber dem Casino, und die RocketPlay-Roulette-Strategie mit Berechnung der n\u00e4chsten Zahl ist ihrem Wesen nach absurd. Das Einzige, was Sie am Roulettetisch brauchen, ist Gl\u00fcck!<\/p>\n","protected":false},"excerpt":{"rendered":"<p>Die Tatsache, dass RocketPlay Online-Roulette \u2013 ein spannendes und interessantes Spiel \u2013 jeder wei\u00df. Aus diesem Grund sind viele Benutzer bestrebt, sich zu versuchen und einen \u00e4hnlichen Spielautomaten zu w\u00e4hlen. Nicht umsonst wurde Roulette in der Antike die K\u00f6nigin des Gl\u00fccksspiels genannt. Mit dieser wunderbaren Unterhaltung waren viele \u00dcberzeugungen verbunden &#8211; einschlie\u00dflich mystischer. Die Hauptattraktion&#8230;<\/p>\n","protected":false},"author":1,"featured_media":0,"parent":0,"menu_order":0,"comment_status":"closed","ping_status":"closed","template":"","meta":{"_acf_changed":false,"_kad_post_transparent":"default","_kad_post_title":"default","_kad_post_layout":"default","_kad_post_sidebar_id":"","_kad_post_content_style":"default","_kad_post_vertical_padding":"default","_kad_post_feature":"","_kad_post_feature_position":"","_kad_post_header":false,"_kad_post_footer":false,"footnotes":""},"class_list":["post-2429","page","type-page","status-publish","hentry"],"acf":[],"rttpg_featured_image_url":null,"rttpg_author":{"display_name":"John","author_link":"https:\/\/rocketplay-new.com\/de\/author\/pemvas95n89x\/"},"rttpg_comment":0,"rttpg_category":null,"rttpg_excerpt":"Die Tatsache, dass RocketPlay Online-Roulette \u2013 ein spannendes und interessantes Spiel \u2013 jeder wei\u00df. Aus diesem Grund sind viele Benutzer bestrebt, sich zu versuchen und einen \u00e4hnlichen Spielautomaten zu w\u00e4hlen. Nicht umsonst wurde Roulette in der Antike die K\u00f6nigin des Gl\u00fccksspiels genannt. Mit dieser wunderbaren Unterhaltung waren viele \u00dcberzeugungen verbunden &#8211; einschlie\u00dflich mystischer. Die Hauptattraktion...","_links":{"self":[{"href":"https:\/\/rocketplay-new.com\/de\/wp-json\/wp\/v2\/pages\/2429","targetHints":{"allow":["GET"]}}],"collection":[{"href":"https:\/\/rocketplay-new.com\/de\/wp-json\/wp\/v2\/pages"}],"about":[{"href":"https:\/\/rocketplay-new.com\/de\/wp-json\/wp\/v2\/types\/page"}],"author":[{"embeddable":true,"href":"https:\/\/rocketplay-new.com\/de\/wp-json\/wp\/v2\/users\/1"}],"replies":[{"embeddable":true,"href":"https:\/\/rocketplay-new.com\/de\/wp-json\/wp\/v2\/comments?post=2429"}],"version-history":[{"count":7,"href":"https:\/\/rocketplay-new.com\/de\/wp-json\/wp\/v2\/pages\/2429\/revisions"}],"predecessor-version":[{"id":6028,"href":"https:\/\/rocketplay-new.com\/de\/wp-json\/wp\/v2\/pages\/2429\/revisions\/6028"}],"wp:attachment":[{"href":"https:\/\/rocketplay-new.com\/de\/wp-json\/wp\/v2\/media?parent=2429"}],"curies":[{"name":"wp","href":"https:\/\/api.w.org\/{rel}","templated":true}]}}