{"id":2423,"date":"2022-06-13T17:39:32","date_gmt":"2022-06-13T14:39:32","guid":{"rendered":"https:\/\/rocketplay-new.com\/blackjack\/"},"modified":"2025-11-25T23:26:43","modified_gmt":"2025-11-25T20:26:43","slug":"blackjack","status":"publish","type":"page","link":"https:\/\/rocketplay-new.com\/de\/blackjack\/","title":{"rendered":"Spielen Sie Blackjack um echtes Geld im RocketPlay Casino"},"content":{"rendered":"<p>Blackjack bietet den besten Wettvorteil einer Spielbank unter allen Tischspielen in einem Casino. Twenty-One hat Dutzende beliebter Variationen. Die meisten dieser Versionen bieten etwas h\u00f6here oder niedrigere erwartete Renditen, bieten aber auch einige der h\u00f6chsten Gewinnchancen, die Sie in einem Gl\u00fccksspielhaus finden werden. Aus diesem Grund finden Spieler, die Casinos besuchen, so viele verschiedene Tische, oft mit v\u00f6llig unterschiedlichen Regeln.<\/p>\n<p>Wenn Sie Blackjack um echtes Geld spielen wollen, lohnt es sich, die verschiedenen Variationen der Regeln zu lernen. Wenn Sie den besten Blackjack-Tisch im Casino finden, sparen Sie am Ende der Spielsitzung viel Geld. Jede dem klassischen Spiel Blackjack hinzugef\u00fcgte Regel ver\u00e4ndert nicht nur den Vorteil des Casinos, sondern auch die Strategie des Spielers zur Optimierung seines Spielgeldes \u2013 der Bankroll.<\/p>\n<p><img loading=\"lazy\" decoding=\"async\" class=\"aligncenter wp-image-4962\" src=\"https:\/\/rocketplay-new.com\/wp-content\/uploads\/2024\/02\/10.png\" alt=\"Blackjack RocketPlay Casino\" width=\"800\" height=\"466\" srcset=\"https:\/\/rocketplay-new.com\/wp-content\/uploads\/2024\/02\/10.png 1416w, https:\/\/rocketplay-new.com\/wp-content\/uploads\/2024\/02\/10-300x175.png 300w, https:\/\/rocketplay-new.com\/wp-content\/uploads\/2024\/02\/10-1024x597.png 1024w, https:\/\/rocketplay-new.com\/wp-content\/uploads\/2024\/02\/10-768x447.png 768w\" sizes=\"auto, (max-width: 800px) 100vw, 800px\" \/><\/p>\n<h2>BLACKJACK-SPIELE F\u00dcR ECHTES GELD<\/h2>\n<p>Wenn Sie Blackjack um echtes Geld spielen, m\u00fcssen Sie die grundlegenden Strategiespiele von RocketPlay Blackjack kennen. Spiele wie Keno, Roulette und Spielautomaten haben keinen strategischen Aspekt. Jeder Spieler ist so gut wie der andere, egal ob Sie seit 30 Minuten oder 30 Jahren spielen. Beim Blackjack treffen die Spieler echte strategische Entscheidungen, die sich auf die Gewinn- und Verlustchancen auswirken. Aus diesem Grund bietet RocketPlay Casino das Spiel mit einem so niedrigen Spielbankvorteil an. Sein Management wei\u00df, dass die meisten Blackjack-Spieler nicht optimal spielen k\u00f6nnen. Wenn man nicht die richtigen Z\u00fcge macht, steigt der Spielbankvorteil auf das Niveau anderer nicht-strategischer Tischspiele.<\/p>\n<p>Um sich zu verbessern, m\u00fcssen die Spieler grundlegende Strategien lernen. Es gibt B\u00fccher, die die Grundlagen der Grundstrategie erkl\u00e4ren, wie zum Beispiel \u201eBeat the Dealer\u201c von Edward Thorpe. Es gibt auch Diagramme und Tabellen, die Sie sich merken k\u00f6nnen. Wenn Sie versuchen, sich ein grundlegendes Strategiediagramm zu merken, lernen Sie die besten Schritte f\u00fcr jedes m\u00f6gliche Szenario. Diese Diagramme sind oft f\u00fcr jedes m\u00f6gliche Spiel farbcodiert. Sie verwenden auch Initialen der Einfachheit halber (und wegen Gr\u00f6\u00dfenbeschr\u00e4nkungen). Sie werden Ihnen sagen, wann Sie eine Karte anfordern (H), eine Karte abwerfen (S), ein Paar teilen (SP) und verdoppeln (D) m\u00fcssen.<\/p>\n<p><span style=\"font-weight: 400;\">\u00a0<div class=\"go-btn-container\"><div class=\"tosh-btn\"><a href=\"\/go-casino\/\" target=\"_blank\" rel=\"noopener\">JETZT SPIELEN<\/a><\/div><\/div><\/span><\/p>\n<h2>21: SPIELOPTIONEN<\/h2>\n<p><a href=\"https:\/\/rocketplay-new.com\/de\/\">RocketPlay Online<\/a> Blackjack hat Dutzende von Variationen. F\u00fcr jede Spielvariante m\u00fcssen Sie die entsprechende grundlegende Strategietabelle finden. Klassische Blackjack-Charts existieren f\u00fcr das traditionelle Spiel. Es gibt Charts f\u00fcr Pontoon Blackjack und Charts f\u00fcr Spanish 21 und so weiter f\u00fcr alle anderen Varianten und Regeln. Twenty-One hat viele Versionen, wenn Sie sich also entscheiden, jedes Spiel zu spielen, m\u00fcssen Sie separate Diagramme f\u00fcr perfekte Paare, Switch, progressives Blackjack, Blackjack Elimination, Super Fan 21, Double Openings und alle anderen Arten haben, die Sie wollen meistern. Sie k\u00f6nnen diese Tabellen mit grundlegenden Strategien online finden und sie kostenlos ausdrucken, also glauben Sie nicht, dass Sie ein Buch kaufen m\u00fcssen, um all diese n\u00fctzlichen Leitf\u00e4den zu lernen.<\/p>\n<p>Wenn Sie RocketPlay kostenlos online Blackjack spielen, sollten Sie die Strategien auswendig kennen. Sie sollten sich in Ihr Ged\u00e4chtnis einbrennen, aber wenn Sie sich immer noch nicht sicher f\u00fchlen, sollten Sie eine einfache Strategietabelle mit an den Tisch nehmen. Sich auf solche Charts zu verlassen ist legitim, ebenso wie den H\u00e4ndler um Rat zu fragen. Das einzige, was nicht erlaubt ist, ist das Erstellen von Pausen und das Verz\u00f6gern des Spiels mit Ihren taktischen Fragen. Dies ist nachteilig f\u00fcr den Betrieb des Gl\u00fccksspielhauses und beeintr\u00e4chtigt die Freude anderer Spieler am Spiel, so dass ein solches Verhalten verp\u00f6nt ist.<\/p>\n<p>Denken Sie daran, dass eine grundlegende Strategie Ihnen keinen Vorteil gegen\u00fcber dem Casino verschafft. Aber es kann den Vorteil des Casinos gegen\u00fcber Ihnen minimieren. Eine grundlegende Strategie beim Echtgeld-Blackjack ist das \u00c4quivalent zum Discount-Shopping: Sie fordert Ihren Casino-Dollar so weit wie m\u00f6glich heraus. Wenn Sie um Geld spielen, nutzen Sie jeden m\u00f6glichen legalen Vorteil. Verlassen Sie sich auf die richtige Strategie, nutzen Sie alle Casino-Angebote und verwalten Sie Ihr Kapital weise, um den Schaden zu begrenzen, wenn Sie verlieren. Die Grundlagen des Kartenz\u00e4hlens<\/p>\n<p>Spieler, die sich einen Vorteil gegen\u00fcber RocketPlay Casino verschaffen wollen, m\u00fcssen lernen, wie man Karten z\u00e4hlt. Diejenigen, die B\u00fccher gelesen, Videos und Hollywood-Filme gesehen haben, haben vielleicht gedacht, dass das Kartenz\u00e4hlen ein mysteri\u00f6ses, kompliziertes mathematisches System ist. Tats\u00e4chlich ist Mathematik einfach, und jeder gebildete Viertkl\u00e4ssler kann es tun. Der Trick beim Kartenz\u00e4hlen besteht darin, es dem Casino-Personal gegen\u00fcber diskret zu machen.<\/p>\n<p>Das ist schwierig, denn wenn Sie sitzen und sich konzentrieren und z\u00e4hlen, welche Karten aus der Hand des Dealers kommen, wird es wahrscheinlich bemerkt. Der kartenz\u00e4hlende Dealer muss seine Wetten um gro\u00dfe Betr\u00e4ge \u00e4ndern, um Momente zu nutzen, in denen die Anordnung der Karten zu seinen Gunsten ist. Wenn Sie in Ruhe \u00fcber etwas nachdenken und Ihre Eins\u00e4tze zu unterschiedlichen Zeiten von 5 $ auf 100 $ \u00e4ndern, werden Sie sofort bemerkt. Obwohl es nicht illegal ist, Karten zu z\u00e4hlen, werden Sie m\u00f6glicherweise aufgefordert, das Casino zu verlassen, wenn Sie bemerkt werden, oder das Casinopersonal f\u00e4ngt an, Sie abzulenken, w\u00e4hrend Sie spielen. Sie m\u00fcssen also der gespr\u00e4chige, aufgeschlossene Typ sein, der nicht z\u00f6gert, Ihre Wetten von Zeit zu Zeit zu \u00e4ndern, weil Sie zweifellos ein gelangweilter gro\u00dfer Spieler sind. Jetzt verstehen Sie, warum dies als harter Verkauf angesehen wird.<\/p>\n<h2>ONLINE BLACKJACK F\u00dcR ECHTES GELD<\/h2>\n<p>Einer der Hauptunterschiede zwischen dem traditionellen RocketPlay Online Blackjack Deutschland und dem Online Twenty One ist die Einbeziehung eines Zufallszahlengenerators zur Erzeugung von Ergebnissen. Der RNG wird seit 30 Jahren in traditionellen Spielautomaten und f\u00fcr Video-Poker-Ergebnisse verwendet, daher ist es eine sichere und bew\u00e4hrte Methode, um Ergebnisse zu ermitteln. Die Verwendung eines Computerchips bei der Produktion des Spiels bietet dem Betreiber des Online-Spiels jedoch gewisse Vorteile, n\u00e4mlich die M\u00f6glichkeit, die Decks nach jeder Hand zu mischen. Aus diesem Grund ist das Kartenz\u00e4hlen beim Online-Blackjack v\u00f6llig nutzlos. Akzeptieren Sie einfach, dass Sie online niemals Karten z\u00e4hlen k\u00f6nnen, und versuchen Sie, andere Wege zu finden, um sich einen Vorteil zu verschaffen.<\/p>\n<p>Einer der Vorteile von RocketPlay Online Blackjack Real Money Online 21 ist das Spielerbelohnungsprogramm. Die meisten von ihnen werden \u201eVIP-Boni\u201c genannt, aber sie gelten oft f\u00fcr Blackjack-Spiele. Sie wissen wahrscheinlich, dass der 21er-Tisch in traditionellen Spielbanken kein gutes Anreizprogramm hat, wie es f\u00fcr Spielautomaten der Fall ist. In der Online-Casino-Branche sind die Dinge etwas ausgeglichener. W\u00e4hrend die meisten Willkommens <a href=\"https:\/\/rocketplay-new.com\/de\/bonus\/\">bonusse<\/a> eher an diejenigen gehen, die Spielautomaten als Blackjack und Videopoker spielen, bieten die meisten Websites Spielern ab 21 Bonuspunkte an, wenn sie sich anmelden. Bei kontinuierlichen Pr\u00e4mienprogrammen h\u00e4ngen Boni jedoch oft von der H\u00f6he des Spielbetrags ab und sind nicht von der Art des Spiels abh\u00e4ngig. Dies ist nicht immer der Fall, daher wird Ihnen geraten, die VIP-Boni auf der Website gr\u00fcndlich zu recherchieren, bevor Sie zu viel Blackjack RocketPlay spielen.<\/p>\n<p><img loading=\"lazy\" decoding=\"async\" class=\"aligncenter wp-image-4972\" src=\"https:\/\/rocketplay-new.com\/wp-content\/uploads\/2024\/02\/1000.png\" alt=\"Blackjack RocketPlay Casino 2\" width=\"800\" height=\"451\" srcset=\"https:\/\/rocketplay-new.com\/wp-content\/uploads\/2024\/02\/1000.png 1192w, https:\/\/rocketplay-new.com\/wp-content\/uploads\/2024\/02\/1000-300x169.png 300w, https:\/\/rocketplay-new.com\/wp-content\/uploads\/2024\/02\/1000-1024x577.png 1024w, https:\/\/rocketplay-new.com\/wp-content\/uploads\/2024\/02\/1000-768x433.png 768w\" sizes=\"auto, (max-width: 800px) 100vw, 800px\" \/><\/p>\n<h2>ONLINE BLACKJACK MIT EINEM LIVE DEALER<\/h2>\n<p>Heute bleibt Blackjack ein wichtiger Zeitvertreib f\u00fcr Millionen von Menschen auf der ganzen Welt. Mit der neuesten Technologie bieten immer mehr Online-Gl\u00fccksspielplattformen ihren Besuchern ein neues Ma\u00df an interaktivem Erlebnis, das perfekt mit der authentischen Atmosph\u00e4re eines traditionellen Casinos kombiniert wird.<\/p>\n<p>Die Spieler werden von professionellen Live-Dealern begr\u00fc\u00dft, die darauf trainiert sind, ihre G\u00e4ste rund um die Uhr zu besch\u00e4ftigen, w\u00e4hrend die Spieler das unglaublich detaillierte Live-Streaming zu sch\u00e4tzen wissen. Dank modernster Kameras sind der Tisch (normalerweise mit manuellem Kartenmischen ausgestattet) und die Dealer voll im Blick, sodass dem Objektiv kein Zug entgeht.<\/p>\n<h2>VIP- UND KREDITKARTEN-BONUSPROGRAMME<\/h2>\n<p>Beim Online-Blackjack k\u00f6nnen Dinge wie Comps (Startpunkte f\u00fcr Besucher), Cashback und Boni dazu beitragen, den Vorteil des Spielhauses zu verringern. Denken Sie auch daran, dass Sie Ihr Spielkonto mit Kreditkarten aufladen k\u00f6nnen, also vergessen Sie beim Online-Spielen nicht, die Boni auf Ihrer VISA- und MasterCard zu maximieren.<\/p>\n<p><span style=\"font-weight: 400;\">\u00a0<div class=\"go-btn-container\"><div class=\"tosh-btn\"><a href=\"\/go-casino\/\" target=\"_blank\" rel=\"noopener\">JETZT SPIELEN<\/a><\/div><\/div><\/span><\/p>\n<h2>TIPPS F\u00dcR ONLINE BLACKJACK F\u00dcR ECHTES GELD<\/h2>\n<p>Die Idee hinter Twenty-One Gambling ist es, ein Casinospiel mit einem minimalen Heimvorteil zu finden. Sie werden diese Idee zu ihrer logischen Schlussfolgerung bringen, wenn Sie Blackjack als Ihr Spiel w\u00e4hlen. Finden Sie die beste Version des 21-Spiels in jedem Casino, in dem Sie spielen. Das ist manchmal nicht ganz einfach, denn die Spielregeln sind nicht immer sofort ersichtlich und sollten auf dem Weg zum Spieltisch verstanden werden. Wenn Sie auf das Spiel klicken, sehen Sie sich die verschiedenen Auszahlungen und zus\u00e4tzlichen RocketPlay-Blackjack-Regeln an, bevor Sie auch nur den kleinsten Einsatz t\u00e4tigen.<\/p>\n<p>Da Sie online spielen, k\u00f6nnen Sie diese Begriffe mit der Tabelle vergleichen und sehen, wie sehr jede Regel den Vorteil der Spielbank beeinflusst. Tats\u00e4chlich bieten einige Websites eine Ressource an, wo Sie die vollst\u00e4ndigen Spielregeln von Blackjack RocketPlay <a href=\"https:\/\/rocketplay-new.com\/de\/download\/\">herunterladen<\/a> und den Hausvorteil sehen k\u00f6nnen. Es kann einige Zeit dauern, in einem neuen Casino zu spielen, aber es ist eine Anstrengung, die Sie nur einmal unternehmen m\u00fcssen. Sobald Sie das beste Online-Casinospiel identifiziert haben, machen Sie eine Notiz auf Ihrem Computer mit einer einfachen Notepad-Datei. Wenn es an der Zeit ist, wieder zu spielen, m\u00fcssen Sie nur noch auf diese Eintr\u00e4ge zur\u00fcckgreifen. F\u00fchren Sie eine Liste der besten Blackjack-Spiele f\u00fcr jede Online-Gaming-Community, der Sie angeh\u00f6ren. Es mag langweilig erscheinen, nur eine Version des Spiels zu spielen, aber wenn Sie alle Arten spielen m\u00f6chten, sind Sie an etwas anderem interessiert, nicht an den besten Gewinnchancen. Ihre Meinung zur Blackjack-Version ist genauso g\u00fcltig wie meine, also lasse ich Sie diese Entscheidung selbst treffen.<\/p>\n<p><img loading=\"lazy\" decoding=\"async\" class=\"aligncenter wp-image-4981\" src=\"https:\/\/rocketplay-new.com\/wp-content\/uploads\/2024\/02\/1000000000000.png\" alt=\"Blackjack RocketPlay Casino 3\" width=\"800\" height=\"576\" srcset=\"https:\/\/rocketplay-new.com\/wp-content\/uploads\/2024\/02\/1000000000000.png 1171w, https:\/\/rocketplay-new.com\/wp-content\/uploads\/2024\/02\/1000000000000-300x216.png 300w, https:\/\/rocketplay-new.com\/wp-content\/uploads\/2024\/02\/1000000000000-1024x737.png 1024w, https:\/\/rocketplay-new.com\/wp-content\/uploads\/2024\/02\/1000000000000-768x553.png 768w\" sizes=\"auto, (max-width: 800px) 100vw, 800px\" \/><\/p>\n<h2>BLACKJACK: H\u00e4ufig gestellte Fragen<\/h2>\n<h3>IST ONLINE BLACKJACK LEGAL?<\/h3>\n<p>Ja, Online-Blackjack ist v\u00f6llig legal und wird von einem Zufallszahlengenerator (RNG) betrieben. Der RNG stellt sicher, dass jede Hand vollkommen zuf\u00e4llig ist.<\/p>\n<p>Sie sollten sich auch darauf verlassen k\u00f6nnen, dass der Betrieb von Online-Casinos lizenziert ist und den Fairplay-Regeln einer bestimmten Gerichtsbarkeit entsprechen muss.<\/p>\n<h3>WIE ERHALTE ICH ONLINE EINEN BLACKJACK-BONUS?<\/h3>\n<p>Die meisten Online-Casinos bieten Blackjack-Bonusse an, die den Boni f\u00fcr \u201eTischspiele\u201c \u00e4hneln. Es handelt sich um einen Bonus in H\u00f6he Ihrer Einzahlung, und Sie m\u00fcssen die Anforderungen zum Wetten befolgen, um Ihren Bonus auszahlen zu k\u00f6nnen.<\/p>\n<p>Au\u00dferdem erhalten Sie normalerweise Comps-Punkte f\u00fcr das Spielen von Blackjack, wodurch Sie zus\u00e4tzliche Belohnungen verdienen k\u00f6nnen.<\/p>\n<h3>WIE KANN MAN ONLINE BLACKJACK ZUM SPASS SPIELEN?<\/h3>\n<p>In jedem Online-Casino k\u00f6nnen Sie Online-Blackjack zum Spa\u00df spielen, ohne eine Einzahlung zu t\u00e4tigen. In einigen F\u00e4llen m\u00fcssen Sie sich nicht einmal registrieren. Stattdessen k\u00f6nnen Sie einfach auf das Blackjack-Spiel klicken, das Sie interessiert, und es \u00f6ffnet sich in einem Popup-Fenster.<\/p>\n","protected":false},"excerpt":{"rendered":"<p>Blackjack bietet den besten Wettvorteil einer Spielbank unter allen Tischspielen in einem Casino. Twenty-One hat Dutzende beliebter Variationen. Die meisten dieser Versionen bieten etwas h\u00f6here oder niedrigere erwartete Renditen, bieten aber auch einige der h\u00f6chsten Gewinnchancen, die Sie in einem Gl\u00fccksspielhaus finden werden. Aus diesem Grund finden Spieler, die Casinos besuchen, so viele verschiedene Tische,&#8230;<\/p>\n","protected":false},"author":1,"featured_media":0,"parent":0,"menu_order":0,"comment_status":"closed","ping_status":"closed","template":"","meta":{"_acf_changed":false,"_kad_post_transparent":"default","_kad_post_title":"default","_kad_post_layout":"default","_kad_post_sidebar_id":"","_kad_post_content_style":"default","_kad_post_vertical_padding":"default","_kad_post_feature":"","_kad_post_feature_position":"","_kad_post_header":false,"_kad_post_footer":false,"footnotes":""},"class_list":["post-2423","page","type-page","status-publish","hentry"],"acf":[],"rttpg_featured_image_url":null,"rttpg_author":{"display_name":"John","author_link":"https:\/\/rocketplay-new.com\/de\/author\/pemvas95n89x\/"},"rttpg_comment":0,"rttpg_category":null,"rttpg_excerpt":"Blackjack bietet den besten Wettvorteil einer Spielbank unter allen Tischspielen in einem Casino. Twenty-One hat Dutzende beliebter Variationen. Die meisten dieser Versionen bieten etwas h\u00f6here oder niedrigere erwartete Renditen, bieten aber auch einige der h\u00f6chsten Gewinnchancen, die Sie in einem Gl\u00fccksspielhaus finden werden. Aus diesem Grund finden Spieler, die Casinos besuchen, so viele verschiedene Tische,...","_links":{"self":[{"href":"https:\/\/rocketplay-new.com\/de\/wp-json\/wp\/v2\/pages\/2423","targetHints":{"allow":["GET"]}}],"collection":[{"href":"https:\/\/rocketplay-new.com\/de\/wp-json\/wp\/v2\/pages"}],"about":[{"href":"https:\/\/rocketplay-new.com\/de\/wp-json\/wp\/v2\/types\/page"}],"author":[{"embeddable":true,"href":"https:\/\/rocketplay-new.com\/de\/wp-json\/wp\/v2\/users\/1"}],"replies":[{"embeddable":true,"href":"https:\/\/rocketplay-new.com\/de\/wp-json\/wp\/v2\/comments?post=2423"}],"version-history":[{"count":5,"href":"https:\/\/rocketplay-new.com\/de\/wp-json\/wp\/v2\/pages\/2423\/revisions"}],"predecessor-version":[{"id":5836,"href":"https:\/\/rocketplay-new.com\/de\/wp-json\/wp\/v2\/pages\/2423\/revisions\/5836"}],"wp:attachment":[{"href":"https:\/\/rocketplay-new.com\/de\/wp-json\/wp\/v2\/media?parent=2423"}],"curies":[{"name":"wp","href":"https:\/\/api.w.org\/{rel}","templated":true}]}}