{"id":2408,"date":"2022-09-20T14:31:33","date_gmt":"2022-09-20T11:31:33","guid":{"rendered":"https:\/\/rocketplay-new.com\/monkey-king\/"},"modified":"2025-04-03T20:33:49","modified_gmt":"2025-04-03T17:33:49","slug":"monkey-king","status":"publish","type":"page","link":"https:\/\/rocketplay-new.com\/de\/monkey-king\/","title":{"rendered":"Monkey King Slot-Rezension"},"content":{"rendered":"<p><img loading=\"lazy\" decoding=\"async\" class=\" wp-image-477 aligncenter\" src=\"https:\/\/rocketplay-new.com\/wp-content\/uploads\/2022\/09\/monkey-king-igtech-916x450-1-300x147.png\" alt=\"Monkey King Slot review\" width=\"710\" height=\"348\" srcset=\"https:\/\/rocketplay-new.com\/wp-content\/uploads\/2022\/09\/monkey-king-igtech-916x450-1-300x147.png 300w, https:\/\/rocketplay-new.com\/wp-content\/uploads\/2022\/09\/monkey-king-igtech-916x450-1-768x377.png 768w, https:\/\/rocketplay-new.com\/wp-content\/uploads\/2022\/09\/monkey-king-igtech-916x450-1.png 916w\" sizes=\"auto, (max-width: 710px) 100vw, 710px\" \/><\/p>\n<h2>MONKEY KING SLOT REVIEW<\/h2>\n<p>Das Thema des alten China und seine Legenden haben die Entwickler von Casino-Slots schon immer angezogen. Und jeder von ihnen versucht, seinen Verbraucher so gut wie m\u00f6glich zu \u00fcberraschen. So auch IGTech. Sie haben das Spiel herausgebracht, das jetzt in vielen Deutschland Casinos pr\u00e4sentiert wird. Sie werden im Slot-Spiel Rocket Play Monkey King f\u00fcndig und k\u00f6nnen sich mit der Legende des Affenk\u00f6nigs vertraut machen und gute Sch\u00e4tze von ihm als Geschenk bekommen.<\/p>\n<p><span style=\"font-weight: 400;\"><div class=\"tosh-btn\"><a href=\"\/go-casino\/\" target=\"_blank\" rel=\"noopener\">BONUS ERHALTEN<\/a><\/div><\/span><\/p>\n<p>Dieser Hersteller hat sich in puncto Design als guter Slot herausgestellt. Es sieht stilvoll aus, die Symbole hier sind bis ins kleinste Detail durchdacht. Die musikalische Begleitung erm\u00f6glicht es Ihnen auch, so weit wie m\u00f6glich in die Atmosph\u00e4re einzutauchen. Die Musik \u00e4ndert sich, wenn die regul\u00e4re Runde durch eine Bonusrunde ersetzt wird, was das Gameplay perfekt verw\u00e4ssert.<\/p>\n<p>Einige Casinos locken G\u00e4ste mit Hilfe von Bonus-Spins zu diesem Slot. Das passiert in <a href=\"https:\/\/rocketplay-new.com\/de\/\">Rocket Play<\/a>. Wenn G\u00e4ste dieser Institution im VIP-Programm auf eine neue Ebene aufsteigen, erhalten sie das Recht, die Walzen kostenlos zu drehen, jedoch nicht in allen Spielautomaten. Just Rocket Play Monkey King Slot-Bonus ist einer der verf\u00fcgbaren.<\/p>\n<h2>MONKEY KING SYMBOLE UND AUSZAHLTABELLE<\/h2>\n<p>Lassen Sie uns dar\u00fcber sprechen, was das Herzst\u00fcck dieses Spielautomaten ist, dh \u00fcber seine Symbole. Diese Bilder heben ihn nicht nur hervor, sondern bringen auch Belohnungen. Der Slot hat 25 Linien, auf denen Symbole landen k\u00f6nnen. Wenn einer von ihnen 3 (in manchen F\u00e4llen reichen 2) oder mehr identische Symbole hat, k\u00f6nnen Sie gewinnen. Und welche \u2013 siehe Tabelle.<\/p>\n<table>\n<tbody>\n<tr>\n<td>Symbol<\/td>\n<td>Auszahlung f\u00fcr jeweils 2, 3, 4 oder 5 St\u00fcck<\/p>\n<p>(echter Gewinn in M\u00fcnzen)<\/td>\n<\/tr>\n<tr>\n<td>chinesische Charaktere<\/td>\n<td><span style=\"font-weight: 400;\">3, 10, 15<\/span><\/td>\n<\/tr>\n<tr>\n<td>Der b\u00e4rtige Held<\/td>\n<td><span style=\"font-weight: 400;\">1, 5, 15, 25<\/span><\/td>\n<\/tr>\n<tr>\n<td>Schwein<\/td>\n<td><span style=\"font-weight: 400;\">2, 7, 20, 30<\/span><\/td>\n<\/tr>\n<tr>\n<td>Kaiser<\/td>\n<td><span style=\"font-weight: 400;\">2, 8, 25, 50<\/span><\/td>\n<\/tr>\n<tr>\n<td>Affenk\u00f6nig<\/td>\n<td><span style=\"font-weight: 400;\">3, 10, 40, 100<\/span><\/td>\n<\/tr>\n<\/tbody>\n<\/table>\n<p>Diese Zeichen k\u00f6nnen als Standard bezeichnet werden. Sie summieren sich ziemlich oft zu Gewinnkombinationen. Sie wirken sich in keiner Weise auf andere Modi aus und k\u00f6nnen diese nicht aktivieren. Dazu m\u00fcssen Sie einige andere Charaktere fangen:<\/p>\n<ul>\n<li>Wild \u2013 ist ein Ersatz f\u00fcr fehlende Zeichen in Kombinationen. Es bringt Gewinne von 10 bis 400 M\u00fcnzen.<\/li>\n<li>Scatter \u2013 ein Symbol mit einer Inschrift. Es l\u00f6st die Freispiele aus und dies wird auf dem Bild selbst angezeigt. Das hei\u00dft, egal wo es sich befindet (auf der Leitung oder nicht), es funktioniert.<\/li>\n<\/ul>\n<p>Es ist das letzte Symbol, das ben\u00f6tigt wird, um die Bonusrunde (in H\u00f6he von 3 St\u00fcck) im Online-Slot Rocket Play Monkey King zu starten. Es besteht aus Drehungen der Walzen, f\u00fcr die Ihnen keine Geb\u00fchren berechnet werden. Anfangs wird es 5 davon geben, aber wenn Sie drei weitere Scatter fangen, werden Ihnen 3 weitere hinzugef\u00fcgt, und dies kann ohne Einschr\u00e4nkungen fortgesetzt werden.<\/p>\n<p>Ein weiterer interessanter Moment ist \u00fcbrigens der Beginn des Bonusspiels. Es startet nicht von selbst, Sie k\u00f6nnen die Regeln ausw\u00e4hlen, nach denen es ausgef\u00fchrt wird. Das ist sehr cool und nicht in allen Slots verf\u00fcgbar.<\/p>\n<p>Die Regeln gelten f\u00fcr den Multiplikator, der auf die Gewinne und den Wert jedes Bildes angewendet wird. Diese Option umfasst alle bezahlten Symbole mit Ausnahme von Hieroglyphen. Das hei\u00dft, Sie haben die Wahl zwischen 5 Optionen. Jedes Mal, wenn Sie die Bonusrunde erneut \u00f6ffnen, k\u00f6nnen Sie verschiedene Funktionen ausw\u00e4hlen. Hier ist ein Rocket Play Monkey King Slot-Tipp f\u00fcr Sie \u2013 w\u00e4hlen Sie immer verschiedene Optionen, um das Spiel abwechslungsreicher zu gestalten.<\/p>\n<p><span style=\"font-weight: 400;\"><div class=\"tosh-btn\"><a href=\"\/go-casino\/\" target=\"_blank\" rel=\"noopener\">BONUS ERHALTEN<\/a><\/div><\/span><\/p>\n<p>Zusammenfassend k\u00f6nnen wir mit Zuversicht sagen, dass dieses Spiel eine gro\u00dfartige Wahl f\u00fcr interessante Freizeitaktivit\u00e4ten ist. Es ist sehr cool, dass Rocket Play anbietet, es \u00fcberhaupt kostenlos zu spielen und trotzdem die M\u00f6glichkeit zu haben, zu gewinnen. Der Spielautomat Rocket Play Monkey King wird allen Liebhabern des alten China empfohlen.<\/p>\n<p><img loading=\"lazy\" decoding=\"async\" class=\" wp-image-476 aligncenter\" src=\"https:\/\/rocketplay-new.com\/wp-content\/uploads\/2022\/09\/monkeykingigtech3-300x225.jpg\" alt=\"Monkey King slot\" width=\"625\" height=\"469\" srcset=\"https:\/\/rocketplay-new.com\/wp-content\/uploads\/2022\/09\/monkeykingigtech3-300x225.jpg 300w, https:\/\/rocketplay-new.com\/wp-content\/uploads\/2022\/09\/monkeykingigtech3-600x450.jpg 600w, https:\/\/rocketplay-new.com\/wp-content\/uploads\/2022\/09\/monkeykingigtech3.jpg 680w\" sizes=\"auto, (max-width: 625px) 100vw, 625px\" \/><\/p>\n<h2>MONKEY KING SLOT-FAQS<\/h2>\n<h3>WELCHEN PROZENTSATZ DER RENDITE KANN ICH ERWARTEN, WENN ICH DIESEN SLOT SPIELE?<\/h3>\n<p>\u00dcbrigens ziemlich gut. Es ist 96,47.<\/p>\n<h3>KANN DIESER SLOT VOLLST\u00c4NDIG KOSTENLOS GESPIELT WERDEN?<\/h3>\n<p>Na sicher. Diese ist in zwei Versionen erh\u00e4ltlich. Sie k\u00f6nnen die Demo ausf\u00fchren. Dies ist ideal, um den Slot kennenzulernen und zu verstehen, ob er Ihnen gef\u00e4llt oder nicht. Oder Sie nutzen Angebote, bei denen Ihnen das Casino anbietet, den Slot kostenlos zu spielen.<\/p>\n<p>Lesen Sie auch \u00fcber: <a href=\"https:\/\/rocketplay-new.com\/lion-gems-hold-and-win\/\">Lion Gems: Hold and Win slot<\/a><\/p>\n","protected":false},"excerpt":{"rendered":"<p>MONKEY KING SLOT REVIEW Das Thema des alten China und seine Legenden haben die Entwickler von Casino-Slots schon immer angezogen. Und jeder von ihnen versucht, seinen Verbraucher so gut wie m\u00f6glich zu \u00fcberraschen. So auch IGTech. Sie haben das Spiel herausgebracht, das jetzt in vielen Deutschland Casinos pr\u00e4sentiert wird. Sie werden im Slot-Spiel Rocket Play&#8230;<\/p>\n","protected":false},"author":1,"featured_media":0,"parent":0,"menu_order":0,"comment_status":"closed","ping_status":"closed","template":"","meta":{"_acf_changed":false,"_kad_post_transparent":"default","_kad_post_title":"default","_kad_post_layout":"default","_kad_post_sidebar_id":"","_kad_post_content_style":"default","_kad_post_vertical_padding":"default","_kad_post_feature":"","_kad_post_feature_position":"","_kad_post_header":false,"_kad_post_footer":false,"footnotes":""},"class_list":["post-2408","page","type-page","status-publish","hentry"],"acf":[],"rttpg_featured_image_url":null,"rttpg_author":{"display_name":"John","author_link":"https:\/\/rocketplay-new.com\/de\/author\/pemvas95n89x\/"},"rttpg_comment":0,"rttpg_category":null,"rttpg_excerpt":"MONKEY KING SLOT REVIEW Das Thema des alten China und seine Legenden haben die Entwickler von Casino-Slots schon immer angezogen. Und jeder von ihnen versucht, seinen Verbraucher so gut wie m\u00f6glich zu \u00fcberraschen. So auch IGTech. Sie haben das Spiel herausgebracht, das jetzt in vielen Deutschland Casinos pr\u00e4sentiert wird. Sie werden im Slot-Spiel Rocket Play...","_links":{"self":[{"href":"https:\/\/rocketplay-new.com\/de\/wp-json\/wp\/v2\/pages\/2408","targetHints":{"allow":["GET"]}}],"collection":[{"href":"https:\/\/rocketplay-new.com\/de\/wp-json\/wp\/v2\/pages"}],"about":[{"href":"https:\/\/rocketplay-new.com\/de\/wp-json\/wp\/v2\/types\/page"}],"author":[{"embeddable":true,"href":"https:\/\/rocketplay-new.com\/de\/wp-json\/wp\/v2\/users\/1"}],"replies":[{"embeddable":true,"href":"https:\/\/rocketplay-new.com\/de\/wp-json\/wp\/v2\/comments?post=2408"}],"version-history":[{"count":5,"href":"https:\/\/rocketplay-new.com\/de\/wp-json\/wp\/v2\/pages\/2408\/revisions"}],"predecessor-version":[{"id":5827,"href":"https:\/\/rocketplay-new.com\/de\/wp-json\/wp\/v2\/pages\/2408\/revisions\/5827"}],"wp:attachment":[{"href":"https:\/\/rocketplay-new.com\/de\/wp-json\/wp\/v2\/media?parent=2408"}],"curies":[{"name":"wp","href":"https:\/\/api.w.org\/{rel}","templated":true}]}}