{"id":2376,"date":"2022-09-20T14:38:13","date_gmt":"2022-09-20T11:38:13","guid":{"rendered":"https:\/\/rocketplay-new.com\/lion-gems-hold-and-win\/"},"modified":"2025-11-26T20:22:48","modified_gmt":"2025-11-26T17:22:48","slug":"lion-gems-hold-and-win","status":"publish","type":"page","link":"https:\/\/rocketplay-new.com\/de\/lion-gems-hold-and-win\/","title":{"rendered":"Lion Gems: Halten und gewinnen"},"content":{"rendered":"<iframe src=\"https:\/\/ss.rocketplay.com\/games\/infin\/LionGemsHoldandWin\/138664\" allowfullscreen=\"true\" frameborder=\"0\" webkitallowfullscreen=\"true\" class=\"game-frame__iframe allowFullScreen\"><\/iframe>\n<h2>LION GEMS: HALTEN &amp; GEWINNEN \u2013 SLOT-\u00dcBERSICHT<\/h2>\n<p>Waren Sie schon einmal auf einer Safari? Wenn nicht, dann beeilen Sie sich nicht, sich aufzuregen! Schlie\u00dflich k\u00f6nnen Sie jederzeit auf die Casino-Website gehen und den Online-Slot Lion Gems: Hold and Win in Rocket Play finden. Es kombiniert coole Funktionen f\u00fcr Spieler und ein sch\u00f6nes Design f\u00fcr Naturliebhaber.<\/p>\n<p>Dieses Produkt ist ziemlich neu, da es im M\u00e4rz 2023 ver\u00f6ffentlicht wurde. Sein Entwickler war Playson. Der Slot steht Deutschland Spielern sowohl in kostenpflichtiger als auch in kostenloser Version zur Verf\u00fcgung. Versuchen Sie, es in der Demo auszuf\u00fchren, bevor Sie entscheiden, ob es zu Ihnen passt oder nicht!<\/p>\n<p>Lassen Sie uns besprechen, welche Funktionen dieser Slot hat, wof\u00fcr er gelobt werden sollte und was verbessert werden sollte.<\/p>\n<p><span style=\"font-weight: 400;\"><div class=\"tosh-btn\"><a href=\"\/go-casino\/\" target=\"_blank\" rel=\"noopener\">BONUS ERHALTEN<\/a><\/div><\/span><\/p>\n<p><a href=\"http:\/\/&lt;iframe src=&quot;https:\/\/ss.rocketplay.com\/games\/igtech\/WolfTreasure\/45516&quot; allowfullscreen=&quot;true&quot; frameborder=&quot;0&quot; webkitallowfullscreen=&quot;true&quot; class=&quot;game-frame__iframe allowFullScreen&quot;&gt;&lt;\/iframe&gt;\" target=\"_blank\"><img loading=\"lazy\" decoding=\"async\" class=\" wp-image-481 aligncenter\" src=\"https:\/\/rocketplay-new.com\/wp-content\/uploads\/2022\/09\/lion-gems-hold-and-win-slot-playson-300x196.jpg\" alt=\"Lion Gems: Hold and Win slot\" width=\"594\" height=\"388\" srcset=\"https:\/\/rocketplay-new.com\/wp-content\/uploads\/2022\/09\/lion-gems-hold-and-win-slot-playson-300x196.jpg 300w, https:\/\/rocketplay-new.com\/wp-content\/uploads\/2022\/09\/lion-gems-hold-and-win-slot-playson.jpg 720w\" sizes=\"auto, (max-width: 594px) 100vw, 594px\" \/><\/a><\/p>\n<h2>LION GEMS: SLOT-FUNKTIONEN HALTEN UND GEWINNEN<\/h2>\n<p>Sie betreten also das Slot-Spiel Rocket Play Lion Gems: Hold and Win. Vor Ihnen \u00f6ffnet sich die wundersch\u00f6ne Savanne mit wundersch\u00f6nen Landschaften und Einheimischen. Das Spielfeld besteht aus den Hauptsymbolen dieses Ortes und Tieren. Seine Gr\u00f6\u00dfe betr\u00e4gt 5 mal 4, und es gibt hier bis zu 30 Gewinnlinien.<\/p>\n<p>Der Spielautomat hat eine grundlegende Funktion \u2013 Gewinne f\u00fcr das Bilden von Kombinationen auf der Linie. Wenn Sie die gleichen Symbole auf einer Gewinnlinie erhalten, erhalten Sie eine Barauszahlung. Billigere Symbole sind Kartenwerte. Teurere Tiere:<\/p>\n<ul>\n<li>Flamingos;<\/li>\n<li>Wildschweine;<\/li>\n<li>Zebras;<\/li>\n<li>Leoparden;<\/li>\n<li>Nash\u00f6rner;<\/li>\n<li>ein L\u00f6we.<\/li>\n<\/ul>\n<p>Das Wild-Symbol ist so wild wie das Tier, das es symbolisiert. Das ist ein L\u00f6we. Er tritt nicht nur an die Stelle anderer, wenn es hilft, einen Gewinn zu erzielen, sondern nimmt auch mit einem x2-Multiplikator an der Bonusrunde teil.<\/p>\n<p>Das Scatter-Symbol ist hinter dem Bild eines Baumes versteckt. Es l\u00f6st die Funktion in Rocket Play Lion Gems: Hold and Win Free Spins aus. Daf\u00fcr m\u00fcssen Sie jedoch 3 solcher Bilder irgendwo auf dem Feld sammeln. Highlights dieser Runde:<\/p>\n<ul>\n<li>8 kostenlose Klicks werden vergeben;<\/li>\n<li>ein 2x Multiplikator mit einem L\u00f6wensymbol wird verwendet;<\/li>\n<li>Re-Spins sind m\u00f6glich, wenn Sie es schaffen, wieder Scatter zu sammeln.<\/li>\n<\/ul>\n<p>Ein weiteres Symbol, das mit der Bonusrunde verbunden ist, ist Diamond. Es ist f\u00fcr die Funktion erforderlich, deren Name im Steckplatznamen selbst angegeben ist. Das ist Halten und Gewinnen. Hier sind ihre Bedingungen:<\/p>\n<ul>\n<li>beginnt, nachdem 6 Diamanten auf das Feld gefallen sind;<\/li>\n<li>\u00f6ffnet ein neues Feld mit nur Bonus-Diamanten;<\/li>\n<li>gibt 3 Antworten, die aktualisiert werden k\u00f6nnen, wenn neue Diamanten behoben werden;<\/li>\n<li>bringt einen Multiplikator von x1 bis x16.<\/li>\n<\/ul>\n<p>Dies ist der interessanteste Slot-Bonus von Rocket Play Lion Gems: Hold and Win. Es gibt auch 4 Jackpots im Spiel. Sie k\u00f6nnen sie nur in der Bonusrunde fangen. Es gibt vier Arten von ihnen: von Mini bis Grand. Letztere erhalten Sie, wenn w\u00e4hrend der Bonusrunde alle leeren Zellen gef\u00fcllt sind.<\/p>\n<p>Au\u00dferdem k\u00f6nnen Sie w\u00e4hrend des Spiels auf Mystery Diamond treffen, der sich in einen der Jackpots verwandeln kann.<\/p>\n<p><img loading=\"lazy\" decoding=\"async\" class=\" wp-image-482 aligncenter\" src=\"https:\/\/rocketplay-new.com\/wp-content\/uploads\/2022\/09\/lion-gems-hold-and-win-slot-300x169.png\" alt=\"Lion Gems: Hold and Win review\" width=\"637\" height=\"359\" srcset=\"https:\/\/rocketplay-new.com\/wp-content\/uploads\/2022\/09\/lion-gems-hold-and-win-slot-300x169.png 300w, https:\/\/rocketplay-new.com\/wp-content\/uploads\/2022\/09\/lion-gems-hold-and-win-slot-1024x576.png 1024w, https:\/\/rocketplay-new.com\/wp-content\/uploads\/2022\/09\/lion-gems-hold-and-win-slot-768x432.png 768w, https:\/\/rocketplay-new.com\/wp-content\/uploads\/2022\/09\/lion-gems-hold-and-win-slot.png 1028w\" sizes=\"auto, (max-width: 637px) 100vw, 637px\" \/><\/p>\n<h2>VOR- UND NACHTEILE VON LION GEMS: HALTEN &amp; GEWINNEN<\/h2>\n<p>Da es sich um einen neuen Slot handelt, der mit modernen Technologien erstellt wurde, ist es sinnvoll, sich diesen genauer anzusehen. Einer der Pluspunkte ist, dass Rocket Play Lion Gems: Hold and Win Slot Deutschland ohne jegliche Sperrung verf\u00fcgbar ist. Aber es gibt noch weitere Vorteile:<\/p>\n<ul>\n<li>Animationen, Sounds und \u00dcberg\u00e4nge werden auf hohem Niveau gemacht;<\/li>\n<li>viele Bonusfunktionen;<\/li>\n<li>nicht das banalste Thema;<\/li>\n<li>Es gibt Optionen f\u00fcr ein praktisches Spiel (z. B. Autorun).<\/li>\n<\/ul>\n<p>Aber es gibt auch Nachteile zu beachten:<\/p>\n<ul>\n<li>Obwohl der Slot gut ist, hat er nichts Neues gebracht;<\/li>\n<li>der Prozentsatz der Rendite erreicht nicht den gew\u00fcnschten Wert und betr\u00e4gt 95,55 %.<\/li>\n<\/ul>\n<p>Aber lass dich nur von deinen Gef\u00fchlen leiten. Sie k\u00f6nnen sie mit der Demoversion verstehen.<\/p>\n<p><span style=\"font-weight: 400;\"><div class=\"tosh-btn\"><a href=\"\/go-casino\/\" target=\"_blank\" rel=\"noopener\">BONUS ERHALTEN<\/a><\/div><\/span><\/p>\n<h2>FAQ<\/h2>\n<h3>WELCHE BELOHNUNG WIRD DEN GR\u00d6SSTEN JACKPOT BRINGEN?<\/h3>\n<p>Die Belohnung f\u00fcr das Sammeln der maximalen Anzahl an Bonussymbolen ist ein 3000-facher Multiplikator.<\/p>\n<h3>WAS IST DIE EINSATZBEREICH F\u00dcR DIESES SPIEL?<\/h3>\n<p>Der Mindestbetrag betr\u00e4gt 0,20 und der H\u00f6chstbetrag 100. Dieser Betrag wird einmal abgehoben, wenn Sie die Walze drehen.<\/p>\n<h3>WIE OFT GEWINNT DIESES SPIEL?<\/h3>\n<p>Die Frequenz ist hier durchschnittlich. Der durchschnittliche Prozentsatz der Gewinnkombinationen betr\u00e4gt 16 %<\/p>\n<h2><span style=\"font-family: var(--global-body-font-family); font-size: 16px; font-weight: normal;\">Lesen Sie auch \u00fcber: <\/span><a style=\"font-family: var(--global-body-font-family); font-size: 16px; font-weight: normal;\" href=\"https:\/\/rocketplay-new.com\/wolf-treasure\/\">Wolf-Schatz-Slot<\/a><\/h2>\n","protected":false},"excerpt":{"rendered":"<p>LION GEMS: HALTEN &amp; GEWINNEN \u2013 SLOT-\u00dcBERSICHT Waren Sie schon einmal auf einer Safari? Wenn nicht, dann beeilen Sie sich nicht, sich aufzuregen! Schlie\u00dflich k\u00f6nnen Sie jederzeit auf die Casino-Website gehen und den Online-Slot Lion Gems: Hold and Win in Rocket Play finden. Es kombiniert coole Funktionen f\u00fcr Spieler und ein sch\u00f6nes Design f\u00fcr Naturliebhaber&#8230;.<\/p>\n","protected":false},"author":1,"featured_media":0,"parent":0,"menu_order":0,"comment_status":"closed","ping_status":"closed","template":"","meta":{"_acf_changed":false,"_kad_post_transparent":"default","_kad_post_title":"default","_kad_post_layout":"default","_kad_post_sidebar_id":"","_kad_post_content_style":"default","_kad_post_vertical_padding":"default","_kad_post_feature":"","_kad_post_feature_position":"","_kad_post_header":false,"_kad_post_footer":false,"footnotes":""},"class_list":["post-2376","page","type-page","status-publish","hentry"],"acf":[],"rttpg_featured_image_url":null,"rttpg_author":{"display_name":"John","author_link":"https:\/\/rocketplay-new.com\/de\/author\/pemvas95n89x\/"},"rttpg_comment":0,"rttpg_category":null,"rttpg_excerpt":"LION GEMS: HALTEN &amp; GEWINNEN \u2013 SLOT-\u00dcBERSICHT Waren Sie schon einmal auf einer Safari? Wenn nicht, dann beeilen Sie sich nicht, sich aufzuregen! Schlie\u00dflich k\u00f6nnen Sie jederzeit auf die Casino-Website gehen und den Online-Slot Lion Gems: Hold and Win in Rocket Play finden. Es kombiniert coole Funktionen f\u00fcr Spieler und ein sch\u00f6nes Design f\u00fcr Naturliebhaber....","_links":{"self":[{"href":"https:\/\/rocketplay-new.com\/de\/wp-json\/wp\/v2\/pages\/2376","targetHints":{"allow":["GET"]}}],"collection":[{"href":"https:\/\/rocketplay-new.com\/de\/wp-json\/wp\/v2\/pages"}],"about":[{"href":"https:\/\/rocketplay-new.com\/de\/wp-json\/wp\/v2\/types\/page"}],"author":[{"embeddable":true,"href":"https:\/\/rocketplay-new.com\/de\/wp-json\/wp\/v2\/users\/1"}],"replies":[{"embeddable":true,"href":"https:\/\/rocketplay-new.com\/de\/wp-json\/wp\/v2\/comments?post=2376"}],"version-history":[{"count":2,"href":"https:\/\/rocketplay-new.com\/de\/wp-json\/wp\/v2\/pages\/2376\/revisions"}],"predecessor-version":[{"id":5739,"href":"https:\/\/rocketplay-new.com\/de\/wp-json\/wp\/v2\/pages\/2376\/revisions\/5739"}],"wp:attachment":[{"href":"https:\/\/rocketplay-new.com\/de\/wp-json\/wp\/v2\/media?parent=2376"}],"curies":[{"name":"wp","href":"https:\/\/api.w.org\/{rel}","templated":true}]}}