{"id":2357,"date":"2022-09-20T13:28:34","date_gmt":"2022-09-20T10:28:34","guid":{"rendered":"https:\/\/rocketplay-new.com\/vip\/"},"modified":"2026-02-25T15:13:39","modified_gmt":"2026-02-25T12:13:39","slug":"vip","status":"publish","type":"page","link":"https:\/\/rocketplay-new.com\/de\/vip\/","title":{"rendered":"Wie werde ich Mitglied des VIP-Programms?"},"content":{"rendered":"<p><img loading=\"lazy\" decoding=\"async\" class=\" wp-image-456 aligncenter\" src=\"https:\/\/rocketplay-new.com\/wp-content\/uploads\/2022\/09\/rocketplay-vip-1-300x74.png\" alt=\"Rocket play VIP\" width=\"722\" height=\"178\" srcset=\"https:\/\/rocketplay-new.com\/wp-content\/uploads\/2022\/09\/rocketplay-vip-1-300x74.png 300w, https:\/\/rocketplay-new.com\/wp-content\/uploads\/2022\/09\/rocketplay-vip-1-768x190.png 768w, https:\/\/rocketplay-new.com\/wp-content\/uploads\/2022\/09\/rocketplay-vip-1.png 930w\" sizes=\"auto, (max-width: 722px) 100vw, 722px\" \/><\/p>\n<p>Nur drei Buchstaben VIP schien schon immer etwas Prestigetr\u00e4chtiges zu sein. Und ein VIP-Kunde zu sein, scheint eine unerf\u00fcllbare Aufgabe zu sein. Aus irgendeinem Grund gibt es in der Gesellschaft die Meinung, dass es schwierig ist und lange dauert, ein besonderer, privilegierter Kunde zu werden. Aber eigentlich ist es das nicht! Und der Beweis ist das Rocket Play Casino VIP-Programm.<\/p>\n<p>Dieses System ist durchdacht und ber\u00fccksichtigt die Interessen aller Kunden. Und diejenigen, die Sonderpreise erhalten und in den Levels aufsteigen m\u00f6chten. Und diejenigen, die sich nur f\u00fcr Spiele interessieren.<\/p>\n<p>Der Kunde des Programms in dieser Einrichtung wird sofort nach der Registrierung. Sie m\u00fcssen lediglich ein Konto erstellen und schon sind Sie beim ersten Schritt! Dank der Raten in verschiedenen Gl\u00fccksspielen werden Sie sich weiter bewegen.<\/p>\n<p><span style=\"font-weight: 400;\"><div class=\"tosh-btn\"><a href=\"\/go-casino\/\" target=\"_blank\" rel=\"noopener\">BONUS ERHALTEN<\/a><\/div><\/span><\/p>\n<h2>WIE ERHALTE ICH CASHBACK?<\/h2>\n<p>Wenn Sie in einem Spiel Geld verlieren (und das passiert von Zeit zu Zeit), ist das demotivierend. Aber das Casino versucht alles, damit Sie sich wohl f\u00fchlen. Daher wird einmal pro Woche ein Cashback von verlorenen Geldern vorgenommen. In dieser Einrichtung wird es montags ausgegeben, damit Sie Ihre Woche angenehm beginnen!<\/p>\n<p>Alle Spieler, die am Online-Casino-Rocket-Play-VIP-Programm teilnehmen, k\u00f6nnen es erhalten. Hier sind die Mindestbedingungen daf\u00fcr:<\/p>\n<ul>\n<li>das Silber-Level im Programm erreichen;<\/li>\n<li>Spielautomaten spielen;<\/li>\n<li>mindestens 5 EUR verlieren;<\/li>\n<li>ein aktives Konto haben.<\/li>\n<\/ul>\n<p>Die Silberstufe ist die dritte Stufe. Darauf erhalten Sie den Mindestbetrag an Cashback, der jede Woche ausgegeben wird \u2013 3%. Wenn Sie ein aktiver Benutzer sind, der oft spielt, m\u00fcssen Sie nicht lange warten. Insgesamt hat das Programm 9 Schritte, ohne den ersten zu z\u00e4hlen, der sofort ausgegeben wird. Auf letzteres erh\u00e4ltst du bereits 15% Cashback.<\/p>\n<p>Neben Cashback k\u00f6nnen Sie auch andere Preise erhalten. Die Tabelle zeigt genauer, welche und in welcher Menge.<\/p>\n<table>\n<tbody>\n<tr>\n<td>Art des Preises<\/td>\n<td>Gr\u00f6\u00dfe<\/td>\n<td>Auf welcher Ebene<\/td>\n<\/tr>\n<tr>\n<td>Freispiele<\/td>\n<td>Von 10 bis 300<\/td>\n<td>Bronze \u2013 Silberne Legende<\/td>\n<\/tr>\n<tr>\n<td>Kein Einzahlungsbonus<\/td>\n<td>Von 2300 EUR bis 22500 EUR<\/td>\n<td>Goldene Legende \u2013 Diamantlegende<\/td>\n<\/tr>\n<\/tbody>\n<\/table>\n<p>Diese Preise, die im besten VIP-Programm von Rocket Play Casino enthalten sind, sind wirklich gro\u00dfz\u00fcgig. Sie werden nur einmal ausgegeben, in dem Moment, in dem der Spieler ein neues Level erreicht. Aber der Cashback wird jede Woche ausgegeben.<\/p>\n<p>Als Mitglied des Programms k\u00f6nnen Sie alle anderen Werbeaktionen auf der Website nutzen. Zum Beispiel regelm\u00e4\u00dfige Angebote jede Woche. Somit werden f\u00fcr Sie in diesem Casino die bequemsten Bedingungen f\u00fcr Unterhaltung geschaffen.<\/p>\n<p><img loading=\"lazy\" decoding=\"async\" class=\" wp-image-457 aligncenter\" src=\"https:\/\/rocketplay-new.com\/wp-content\/uploads\/2022\/09\/xrocketplay-vip-program.jpg.pagespeed.ic_.fug6cjifwk-300x171.jpg\" alt=\"Rocket Play VIP program\" width=\"705\" height=\"402\" srcset=\"https:\/\/rocketplay-new.com\/wp-content\/uploads\/2022\/09\/xrocketplay-vip-program.jpg.pagespeed.ic_.fug6cjifwk-300x171.jpg 300w, https:\/\/rocketplay-new.com\/wp-content\/uploads\/2022\/09\/xrocketplay-vip-program.jpg.pagespeed.ic_.fug6cjifwk-1024x583.jpg 1024w, https:\/\/rocketplay-new.com\/wp-content\/uploads\/2022\/09\/xrocketplay-vip-program.jpg.pagespeed.ic_.fug6cjifwk-768x437.jpg 768w, https:\/\/rocketplay-new.com\/wp-content\/uploads\/2022\/09\/xrocketplay-vip-program.jpg.pagespeed.ic_.fug6cjifwk.jpg 1435w\" sizes=\"auto, (max-width: 705px) 100vw, 705px\" \/><\/p>\n<h2>H\u00e4ufig gestellte Fragen zu VIP-Programmen<\/h2>\n<h3>KANN ICH AUS DEM VIP-PROGRAMM DEMOTIERT WERDEN, WENN ICH WENIGER SPIELE?<\/h3>\n<p>Nat\u00fcrlich nicht! Wenn Sie sich Ihren Platz im Rocket Play Casino VIP-Programm Deutschland ehrlich verdient haben, erhalten Sie alle bereitgestellten Privilegien und bleiben dort, bis Sie noch mehr Punkte gesammelt haben. Es spielt keine Rolle, wie schwer Sie sie aufheben.<\/p>\n<p><span style=\"font-weight: 400;\"><div class=\"tosh-btn\"><a href=\"\/go-casino\/\" target=\"_blank\" rel=\"noopener\">BONUS ERHALTEN<\/a><\/div><\/span><\/p>\n<h3>MUSS ICH DAS ZUR\u00dcCKGEZAHLTE GELD MIT CASHBACK WETTEN?<\/h3>\n<p>Ja. Sie k\u00f6nnen sie nicht sofort auf der Karte anzeigen. Die Wettbedingungen sind gering. Der zur\u00fcckgegebene Betrag muss mit 5 multipliziert werden. Dies zeigt, wie viel Sie einsetzen m\u00fcssen, um die Auszahlung zu aktivieren.<\/p>\n<h3>WO KANN ICH MEINEN FORTSCHRITT IM PROGRAMM VERFOLGEN?<\/h3>\n<p>Alle relevanten Informationen zu diesem Thema finden Sie in Ihrem pers\u00f6nlichen Account. Schau da.<\/p>\n<h3><span style=\"font-family: var(--global-body-font-family); font-size: 16px; font-weight: normal;\">Lesen Sie auch \u00fcber: <\/span><a style=\"font-family: var(--global-body-font-family); font-size: 16px; font-weight: normal;\" href=\"https:\/\/rocketplay-new.com\/welcome-offer\/\">Willkommensangebote<\/a><\/h3>\n","protected":false},"excerpt":{"rendered":"<p>Nur drei Buchstaben VIP schien schon immer etwas Prestigetr\u00e4chtiges zu sein. Und ein VIP-Kunde zu sein, scheint eine unerf\u00fcllbare Aufgabe zu sein. Aus irgendeinem Grund gibt es in der Gesellschaft die Meinung, dass es schwierig ist und lange dauert, ein besonderer, privilegierter Kunde zu werden. Aber eigentlich ist es das nicht! Und der Beweis ist&#8230;<\/p>\n","protected":false},"author":1,"featured_media":0,"parent":0,"menu_order":0,"comment_status":"closed","ping_status":"closed","template":"","meta":{"_acf_changed":false,"_kad_post_transparent":"default","_kad_post_title":"default","_kad_post_layout":"default","_kad_post_sidebar_id":"","_kad_post_content_style":"default","_kad_post_vertical_padding":"default","_kad_post_feature":"","_kad_post_feature_position":"","_kad_post_header":false,"_kad_post_footer":false,"footnotes":""},"class_list":["post-2357","page","type-page","status-publish","hentry"],"acf":[],"rttpg_featured_image_url":null,"rttpg_author":{"display_name":"John","author_link":"https:\/\/rocketplay-new.com\/de\/author\/pemvas95n89x\/"},"rttpg_comment":0,"rttpg_category":null,"rttpg_excerpt":"Nur drei Buchstaben VIP schien schon immer etwas Prestigetr\u00e4chtiges zu sein. Und ein VIP-Kunde zu sein, scheint eine unerf\u00fcllbare Aufgabe zu sein. Aus irgendeinem Grund gibt es in der Gesellschaft die Meinung, dass es schwierig ist und lange dauert, ein besonderer, privilegierter Kunde zu werden. Aber eigentlich ist es das nicht! Und der Beweis ist...","_links":{"self":[{"href":"https:\/\/rocketplay-new.com\/de\/wp-json\/wp\/v2\/pages\/2357","targetHints":{"allow":["GET"]}}],"collection":[{"href":"https:\/\/rocketplay-new.com\/de\/wp-json\/wp\/v2\/pages"}],"about":[{"href":"https:\/\/rocketplay-new.com\/de\/wp-json\/wp\/v2\/types\/page"}],"author":[{"embeddable":true,"href":"https:\/\/rocketplay-new.com\/de\/wp-json\/wp\/v2\/users\/1"}],"replies":[{"embeddable":true,"href":"https:\/\/rocketplay-new.com\/de\/wp-json\/wp\/v2\/comments?post=2357"}],"version-history":[{"count":5,"href":"https:\/\/rocketplay-new.com\/de\/wp-json\/wp\/v2\/pages\/2357\/revisions"}],"predecessor-version":[{"id":11693,"href":"https:\/\/rocketplay-new.com\/de\/wp-json\/wp\/v2\/pages\/2357\/revisions\/11693"}],"wp:attachment":[{"href":"https:\/\/rocketplay-new.com\/de\/wp-json\/wp\/v2\/media?parent=2357"}],"curies":[{"name":"wp","href":"https:\/\/api.w.org\/{rel}","templated":true}]}}