{"id":2347,"date":"2022-09-20T14:15:51","date_gmt":"2022-09-20T11:15:51","guid":{"rendered":"https:\/\/rocketplay-new.com\/gold-express\/"},"modified":"2025-04-02T14:59:13","modified_gmt":"2025-04-02T11:59:13","slug":"gold-express","status":"publish","type":"page","link":"https:\/\/rocketplay-new.com\/de\/gold-express\/","title":{"rendered":"Gold-Express-Slot"},"content":{"rendered":"<p><img loading=\"lazy\" decoding=\"async\" class=\" wp-image-470 aligncenter\" src=\"https:\/\/rocketplay-new.com\/wp-content\/uploads\/2022\/09\/gold-express-slot-booongo-300x196.jpg\" alt=\"Gold Express slot review\" width=\"686\" height=\"448\" srcset=\"https:\/\/rocketplay-new.com\/wp-content\/uploads\/2022\/09\/gold-express-slot-booongo-300x196.jpg 300w, https:\/\/rocketplay-new.com\/wp-content\/uploads\/2022\/09\/gold-express-slot-booongo.jpg 612w\" sizes=\"auto, (max-width: 686px) 100vw, 686px\" \/><\/p>\n<p>SPIELANLEITUNG<\/p>\n<p>Wenn Sie den Online-Slot <a href=\"https:\/\/rocketplay-new.com\/de\/\">Rocket Play<\/a> Gold Express finden und ausf\u00fchren, gibt es keine Probleme beim Start. Es ist sehr einfach und einfach zu spielen. Die Mechanik hier wiederholt alle klassischen Online-Slots vollst\u00e4ndig.<\/p>\n<p>Vor Ihnen \u00f6ffnet sich ein Spielfeld mit 5 Walzen. Hier gibt es bis zu 20 Gewinnlinien. Um die Walzen zu starten, m\u00fcssen Sie eine spezielle Taste dr\u00fccken. Davor k\u00f6nnen Sie sich auf dem Informationsfeld mit den Einsatzh\u00f6hen vertraut machen oder automatische Spins einstellen.<\/p>\n<p>Alles, was Sie tun m\u00fcssen, ist die Bewegung der Walzen zu aktivieren und zu versuchen, Gewinnsymbole zu sammeln. Wenn Sie erfolgreich sind, erhalten Sie entweder eine Auszahlung f\u00fcr eine Kombination auf einer Linie oder es wird eine Bonusrunde er\u00f6ffnet. Dar\u00fcber, was sonst noch im Rocket Play Gold Express-Bonus enthalten ist, sprechen wir einfach weiter.<\/p>\n<p style=\"text-align: center;\"><div class=\"tosh-btn\"><a href=\"\/go-casino\/\" target=\"_blank\" rel=\"noopener\">BONUS ERHALTEN<\/a><\/div><\/p>\n<h2>SYMBOLE UND AUSZAHLUNGEN<\/h2>\n<p>Mal sehen, welche Symbole auf den Walzen versteckt sind. Lassen Sie uns zuerst \u00fcber die einfachsten von ihnen sprechen &#8211; Kartenwerte. Sie bringen einen kleinen Gewinn: von 0,30 bis 6,00. Um mindestens den Mindestgewinn zu erzielen, m\u00fcssen Sie mindestens 3 Symbole auf einer Gewinnlinie sammeln.<\/p>\n<p>Nun ein paar Worte zu teureren Symbolen. Das Thema dieses Spielautomaten erinnert an Agatha Christies Geschichte \u00fcber den Orient Express. Hier haben wir das Symbol des Zuges und der Passagiere darin sowie des Schaffners.<\/p>\n<p>Wenn Sie beim Rocket Play Gold Express Slot echtes Geld gewinnen wollen, dann sehen Sie sich die Auszahlungstabelle an.<\/p>\n<table>\n<tbody>\n<tr>\n<td>Symbol<\/td>\n<td>Auszahlungen<\/td>\n<\/tr>\n<tr>\n<td>Leiter (gr\u00fcn)<\/td>\n<td><span style=\"font-weight: 400;\">0.75\u201312.00<\/span><\/td>\n<\/tr>\n<tr>\n<td>Blonder Beifahrer<\/td>\n<td><span style=\"font-weight: 400;\">0.75\u201312.00<\/span><\/td>\n<\/tr>\n<tr>\n<td>Herr mit Monokel<\/td>\n<td><span style=\"font-weight: 400;\">1.5\u201315.00<\/span><\/td>\n<\/tr>\n<tr>\n<td>Br\u00fcnette Passagierin<\/td>\n<td><span style=\"font-weight: 400;\">1.5\u201315.00<\/span><\/td>\n<\/tr>\n<tr>\n<td>Herr mit Schnurrbart<\/td>\n<td><span style=\"font-weight: 400;\">3.00\u201330.00<\/span><\/td>\n<\/tr>\n<tr>\n<td>Zugwagen<\/td>\n<td><span style=\"font-weight: 400;\">3.00\u2013150.00<\/span><\/td>\n<\/tr>\n<\/tbody>\n<\/table>\n<p>Der Zug ist \u00fcbrigens auch ein Scatter-Symbol. Der Slot hat auch ein Wild in Form einer Reisetasche. Es ersetzt andere Symbole, wenn eines davon f\u00fcr eine Kombination fehlt. Es gibt auch ein Bonussymbol im Spiel. Es l\u00f6st eine der Bonusrunden aus, \u00fcber die wir als n\u00e4chstes sprechen werden.<\/p>\n<h2>BESTE GOLD-EXPRESS-BONUSFUNKTION<\/h2>\n<p>Der Slot ist nur f\u00fcr die Vielfalt seiner Bonusfunktionen bekannt. Es erm\u00f6glicht Ihnen, gro\u00dfe Betr\u00e4ge zu gewinnen, selbst wenn Sie anfangs eine kleine Bankroll hatten.<\/p>\n<p>Die Boost-Funktion wird aktiviert, wenn das Sparschwein-Symbol auf dem Bildschirm erscheint. Es kann in jedem Spielmodus auftreten. Dank ihm werden die Gewinne f\u00fcr alle Bonussymbole summiert, was von einer hellen Animation begleitet wird.<\/p>\n<p>Rocket Play Gold Express-Freispiele. F\u00fcr diese Runde m\u00fcssen Sie Scatter sammeln. Sie m\u00fcssen mindestens 3 davon auf den Bildschirm bringen. Dann erhalten Sie 8 Drehungen der Walzen, f\u00fcr die Ihnen keine Kosten entstehen. Diese Runde kann erh\u00f6ht werden, wenn die Scatter erneut landen. Auch in diesem Modus fallen zuf\u00e4llige Multiplikatoren weg.<\/p>\n<p>Wenn Sie das Gl\u00fcck haben, 6 M\u00fcnzen zu sammeln, beginnt das Bonusspiel. Zu diesem Zeitpunkt erscheinen auf dem Bildschirm gew\u00f6hnliche M\u00fcnzen, die die Gewinne erh\u00f6hen, sowie M\u00fcnzen mit Jackpots. Hier werden keine Bilder mehr angezeigt. Sie erhalten 3 Spins. W\u00e4hrenddessen werden alle M\u00fcnzen an zuf\u00e4lligen Orten fixiert (oder nicht). In diesem Fall werden Ihnen weitere Drehungen hinzugef\u00fcgt. Hier k\u00f6nnen Sie alle 20 Bonusm\u00fcnzen sammeln. Gewinne werden kumuliert.<\/p>\n<p style=\"text-align: center;\"><div class=\"tosh-btn\"><a href=\"\/go-casino\/\" target=\"_blank\" rel=\"noopener\">BONUS ERHALTEN<\/a><\/div><\/p>\n<p>Auch Rocket Play Gold Express Slot Deutschland enth\u00e4lt Jackpots:<\/p>\n<ul>\n<li>Klein \u2014 60,00;<\/li>\n<li>Minor \u2013 150,00;<\/li>\n<li>Major \u2014 450,00.<\/li>\n<\/ul>\n<p>Wenn w\u00e4hrend der Bonusrunde das gesamte Feld mit Symbolen bedeckt ist, erhalten Sie den Grand Jackpot.<\/p>\n<p><img loading=\"lazy\" decoding=\"async\" class=\" wp-image-469 aligncenter\" src=\"https:\/\/rocketplay-new.com\/wp-content\/uploads\/2022\/09\/gold-express-slot-base-game-300x170.webp\" alt=\"Gold Express slot\" width=\"688\" height=\"390\" srcset=\"https:\/\/rocketplay-new.com\/wp-content\/uploads\/2022\/09\/gold-express-slot-base-game-300x170.webp 300w, https:\/\/rocketplay-new.com\/wp-content\/uploads\/2022\/09\/gold-express-slot-base-game.webp 600w\" sizes=\"auto, (max-width: 688px) 100vw, 688px\" \/><\/p>\n<p>Also verschwenden Sie nicht Ihre Zeit! Probieren Sie diesen Spielautomaten unbedingt aus, da er gro\u00dfartig ist, um Geld zu verdienen und einfach nur Spa\u00df zu haben.<\/p>\n<h2>FAQ<\/h2>\n<h3>WAS IST DER H\u00d6CHSTE MULTIPLIKATOR IN DIESEM SPIEL?<\/h3>\n<p>Es ist nicht so einfach, es zu bekommen. Es erscheint, wenn Sie w\u00e4hrend der Bonusrunde alle Zellen f\u00fcllen. Das hei\u00dft, um den Multiplikator zu erhalten, m\u00fcssen Sie den Grand Jackpot aktivieren. Seine Gr\u00f6\u00dfe betr\u00e4gt bis zu x2000! Je mehr Sie also setzen, desto mehr Geld erhalten Sie.<\/p>\n<h3>WIE HOCH IST DER RTP-PROZENT IN DIESEM ONLINE-SPIEL?<\/h3>\n<p>Der Hersteller dieses Spiels voller Bonusrunden gibt einen solchen Prozentsatz an &#8211; 96%.<\/p>\n<p><span style=\"font-family: var(--global-body-font-family);\">Lesen Sie auch \u00fcber: <\/span><a style=\"font-family: var(--global-body-font-family);\" href=\"https:\/\/rocketplay-new.com\/monkey-king\/\">Monkey King Slot<\/a><\/p>\n","protected":false},"excerpt":{"rendered":"<p>SPIELANLEITUNG Wenn Sie den Online-Slot Rocket Play Gold Express finden und ausf\u00fchren, gibt es keine Probleme beim Start. Es ist sehr einfach und einfach zu spielen. Die Mechanik hier wiederholt alle klassischen Online-Slots vollst\u00e4ndig. Vor Ihnen \u00f6ffnet sich ein Spielfeld mit 5 Walzen. Hier gibt es bis zu 20 Gewinnlinien. Um die Walzen zu starten,&#8230;<\/p>\n","protected":false},"author":1,"featured_media":0,"parent":0,"menu_order":0,"comment_status":"closed","ping_status":"closed","template":"","meta":{"_acf_changed":false,"_kad_post_transparent":"default","_kad_post_title":"default","_kad_post_layout":"default","_kad_post_sidebar_id":"","_kad_post_content_style":"default","_kad_post_vertical_padding":"default","_kad_post_feature":"","_kad_post_feature_position":"","_kad_post_header":false,"_kad_post_footer":false,"footnotes":""},"class_list":["post-2347","page","type-page","status-publish","hentry"],"acf":[],"rttpg_featured_image_url":null,"rttpg_author":{"display_name":"John","author_link":"https:\/\/rocketplay-new.com\/de\/author\/pemvas95n89x\/"},"rttpg_comment":0,"rttpg_category":null,"rttpg_excerpt":"SPIELANLEITUNG Wenn Sie den Online-Slot Rocket Play Gold Express finden und ausf\u00fchren, gibt es keine Probleme beim Start. Es ist sehr einfach und einfach zu spielen. Die Mechanik hier wiederholt alle klassischen Online-Slots vollst\u00e4ndig. Vor Ihnen \u00f6ffnet sich ein Spielfeld mit 5 Walzen. Hier gibt es bis zu 20 Gewinnlinien. Um die Walzen zu starten,...","_links":{"self":[{"href":"https:\/\/rocketplay-new.com\/de\/wp-json\/wp\/v2\/pages\/2347","targetHints":{"allow":["GET"]}}],"collection":[{"href":"https:\/\/rocketplay-new.com\/de\/wp-json\/wp\/v2\/pages"}],"about":[{"href":"https:\/\/rocketplay-new.com\/de\/wp-json\/wp\/v2\/types\/page"}],"author":[{"embeddable":true,"href":"https:\/\/rocketplay-new.com\/de\/wp-json\/wp\/v2\/users\/1"}],"replies":[{"embeddable":true,"href":"https:\/\/rocketplay-new.com\/de\/wp-json\/wp\/v2\/comments?post=2347"}],"version-history":[{"count":4,"href":"https:\/\/rocketplay-new.com\/de\/wp-json\/wp\/v2\/pages\/2347\/revisions"}],"predecessor-version":[{"id":5638,"href":"https:\/\/rocketplay-new.com\/de\/wp-json\/wp\/v2\/pages\/2347\/revisions\/5638"}],"wp:attachment":[{"href":"https:\/\/rocketplay-new.com\/de\/wp-json\/wp\/v2\/media?parent=2347"}],"curies":[{"name":"wp","href":"https:\/\/api.w.org\/{rel}","templated":true}]}}