{"id":2341,"date":"2022-08-11T19:18:05","date_gmt":"2022-08-11T16:18:05","guid":{"rendered":"https:\/\/rocketplay-new.com\/free-spins\/"},"modified":"2025-04-08T11:04:20","modified_gmt":"2025-04-08T08:04:20","slug":"free-spins","status":"publish","type":"page","link":"https:\/\/rocketplay-new.com\/de\/free-spins\/","title":{"rendered":"Freispiele bei Rocket Play"},"content":{"rendered":"<p><img loading=\"lazy\" decoding=\"async\" class=\" wp-image-273 aligncenter\" src=\"https:\/\/rocketplay-new.com\/wp-content\/uploads\/2022\/08\/1-300x113.jpeg\" alt=\"rocket play\" width=\"621\" height=\"234\" srcset=\"https:\/\/rocketplay-new.com\/wp-content\/uploads\/2022\/08\/1-300x113.jpeg 300w, https:\/\/rocketplay-new.com\/wp-content\/uploads\/2022\/08\/1-1024x384.jpeg 1024w, https:\/\/rocketplay-new.com\/wp-content\/uploads\/2022\/08\/1-768x288.jpeg 768w, https:\/\/rocketplay-new.com\/wp-content\/uploads\/2022\/08\/1.jpeg 1140w\" sizes=\"auto, (max-width: 621px) 100vw, 621px\" \/><\/p>\n<p><a href=\"https:\/\/rocketplay-new.com\/de\/\">RocketPlay<\/a>-Freispiele sind eine der h\u00e4ufigsten Arten von Bonus-Spins in Online-Slots. <a href=\"https:\/\/rocketplay-new.com\/de\/slot-machines\/\">Spielautomaten<\/a> implizieren normalerweise das Vorhandensein eines Bonuskontos oder einer Einzahlung, die Gewinne aus Freispielen und anderen Bonusgeldern erh\u00e4lt. Um sie abzuheben, m\u00fcssen Sie die Wettbedingungen erf\u00fcllen.<\/p>\n<p>Beispielsweise bietet eine bestimmte Seite w\u00e4hrend der Registrierung 20 Freispiele f\u00fcr einen Slot an. Wenn der &#8222;bedingte&#8220; Preis des Spins 5 Cent betr\u00e4gt, kann der Spieler 20 Freispiele zu einem Preis von 5 Cent machen. In diesem Fall ist es wichtig, welcher Preis f\u00fcr einen Spin von RocketPlay Casino Free Spins bereitgestellt wird.<\/p>\n<p>Denn alle Gewinne beinhalten die Multiplikation des Einsatzes. Dementsprechend einflussreich ist es, um 1 Cent oder 40 Dollar zu spielen. Dieselbe Kombination, die das 200-fache des Einsatzes auszahlt, ergibt einen Gewinn von 2 $ oder 8000 $ &#8211; ein signifikanter Unterschied? Typischerweise liegt der Preis f\u00fcr einen Spin zwischen 10 und 50 Cent.<\/p>\n<p>Einsatz: Was gewinnt ein Spieler bei Freispielen? Zun\u00e4chst ist es notwendig, den Begriff Wette zu erkl\u00e4ren. Die Wettbedingungen gehen davon aus, dass alle w\u00e4hrend der Freispiele gewonnenen Gelder nicht auf das Hauptkonto, sondern auf das Bonuskonto gehen. Das sieht besondere Bedingungen f\u00fcr die Auszahlung dieser Mittel vor.<\/p>\n<p>Der Einsatz impliziert den Mindestbetrag an Bankroll, der f\u00fcr das Spiel ausgegeben wird. Es spielt keine Rolle, ob der Spieler gewinnt oder nicht, es ist wichtig, dass der Betrag ausgegeben wird. Sobald diese Bedingung erf\u00fcllt ist, gehen alle Gewinne aus Freispielen in die Kategorie Echtgeld.<\/p>\n<p>Tats\u00e4chlich ist die Wette also ein Mechanismus zum Schutz der Interessen des Casinos selbst. Gleichzeitig implizieren Reihen von Freispielen in der Regel auch eine erh\u00f6hte Wahrscheinlichkeit, dass gro\u00dfe Multiplikatoren ausfallen, sodass Freispiele fast garantiert eine deutliche Erh\u00f6hung der Einzahlung bringen.<\/p>\n<p><span style=\"font-weight: 400;\"><div class=\"tosh-btn\"><a href=\"\/go-casino\/\" target=\"_blank\" rel=\"noopener\">BONUS ERHALTEN<\/a><\/div><\/span><\/p>\n<h2>WIE MAN FREE SPINS BEANTRAGT<\/h2>\n<p>Wie werden RocketPlay-Casino-Freispiele ohne Einzahlung vergeben, wie bekommt man sie? Es gibt mehrere M\u00f6glichkeiten, diesen Bonus zu erhalten:<\/p>\n<ul>\n<li>Registrierungspreis.<\/li>\n<li>Gratulationspr\u00e4mien sind eine g\u00e4ngige Praxis. Solche Gelder werden normalerweise dem Konto gutgeschrieben, was Wettbedingungen f\u00fcr das Abheben von Boni oder das Gewinnen von echtem Geld impliziert.<\/li>\n<li>Gewinnkombinationen. Jeder Spielautomat bietet seine eigenen Kombinationen, die dem Spieler alle Arten von Boni bringen, einschlie\u00dflich Freispiele. Verschiedene Online-Casinos bieten unterschiedliche Bedingungen f\u00fcr die Auszahlung von Geldern, die durch Freispiele gewonnen wurden: Das Geld kann sofort mit einem Einsatz auf das Hauptkonto oder das Bonuskonto des Spielers gehen.<\/li>\n<\/ul>\n<p>Aktie. Von Zeit zu Zeit finden an allen gro\u00dfen Veranstaltungsorten verschiedene Aktionen statt, die an Feiertage und andere Anl\u00e4sse gebunden sein k\u00f6nnen. Tats\u00e4chlich beinhalten Werbeaktionen die Verteilung einiger Leckereien, unter anderem werden oft Freispiele vergeben.<\/p>\n<p>Verschiedene Gewinnspiele, Roulette, Lotterien und andere Bonusziehungen sind eine Standardpraxis, die regelm\u00e4\u00dfig von der \u00fcberwiegenden Mehrheit der gro\u00dfen Websites unterst\u00fctzt wird. Gewinne aus solchen Aktivit\u00e4ten k\u00f6nnen sich auf Tausende von Freispielen belaufen, die Wettbedingungen f\u00fcr den Gewinn k\u00f6nnen jedoch von den Standardanforderungen abweichen.<\/p>\n<p>Die Bedingungen f\u00fcr das Abheben von Geldern von einem Bonuskonto finden Sie immer in den Regeln der Website, wenn es sich um ein lizenziertes Online-Casino handelt.<\/p>\n<p>Auff\u00fcllung der Anzahlung, Kauf des VIP-Status. Das Aufladen des Guthabens und der Kauf eines VIP-Status werden von der Verwaltung des Online-Casinos definitiv nicht unbemerkt bleiben. Die Abgrenzung von Pr\u00e4mien in einer solchen Situation ist g\u00e4ngige Praxis.<\/p>\n<p>Experten f\u00fcr die Tatsache, eine Einzahlung zu haben, unterscheiden zwei Haupttypen von Freispielen.<\/p>\n<p>Freispiele ohne Einzahlung. Freispiele sind eigentlich das Gaming-\u00c4quivalent des kostenlosen Cash-Bonus. Der Spieler erh\u00e4lt das Recht auf Freispiele an beliebigen oder bestimmten virtuellen Spielautomaten. Das so gewonnene Geld geht immer auf das Konto mit der Wette.<\/p>\n<p>Freispiele mit einer Einzahlung. Viele Spielautomaten bieten Boni an, wenn Sie ein Konto mit einem bestimmten Betrag aufladen, und diese Boni k\u00f6nnen ein mehrstufiges System haben. Dies. Abh\u00e4ngig von der H\u00f6he der Auff\u00fcllung kann der Spieler einen unterschiedlichen Betrag an Bonusgeldern erhalten, einschlie\u00dflich Freispielen.<\/p>\n<p>Vorteile der RocketPlay-Casino-Bonus-Freispiele:<\/p>\n<ul>\n<li>Der Bonus erfordert keine echten Investitionen;<\/li>\n<li>Mit Bonusgeldern k\u00f6nnen Sie echtes Geld gewinnen;<\/li>\n<li>Freispiele werden h\u00e4ufig und bereitwillig vergeben, wenn bestimmte Bedingungen erf\u00fcllt sind.<\/li>\n<\/ul>\n<p>Nachteile von RocketPlay Freispiele Casino Deutschland:<\/p>\n<ul>\n<li>Um Gewinne abzuheben, m\u00fcssen Sie wetten;<\/li>\n<li>(m\u00f6glich) eine begrenzte Liste von Spielautomaten f\u00fcr das Spiel;<\/li>\n<li>(m\u00f6gliche) begrenzte Einsatzgr\u00f6\u00dfe;<\/li>\n<li>Sie geben oft und bereitwillig nach, aber nicht genug.<\/li>\n<\/ul>\n<p>Bonusdrehungen sind ein angenehmes Ph\u00e4nomen, das das Gameplay abwechslungsreicher gestaltet und zus\u00e4tzliche Vorteile verspricht. Ihre Verwendung hat sowohl Vor- als auch Nachteile.<\/p>\n<p><img loading=\"lazy\" decoding=\"async\" class=\" wp-image-274 aligncenter\" src=\"https:\/\/rocketplay-new.com\/wp-content\/uploads\/2022\/08\/casino-free-spins-slot-sign-machine-vector-illustration-194647586-300x192.jpg\" alt=\"free spins rocketplay\" width=\"580\" height=\"371\" srcset=\"https:\/\/rocketplay-new.com\/wp-content\/uploads\/2022\/08\/casino-free-spins-slot-sign-machine-vector-illustration-194647586-300x192.jpg 300w, https:\/\/rocketplay-new.com\/wp-content\/uploads\/2022\/08\/casino-free-spins-slot-sign-machine-vector-illustration-194647586-768x492.jpg 768w, https:\/\/rocketplay-new.com\/wp-content\/uploads\/2022\/08\/casino-free-spins-slot-sign-machine-vector-illustration-194647586.jpg 800w\" sizes=\"auto, (max-width: 580px) 100vw, 580px\" \/><\/p>\n<h2>ANDERE ROCKET PLAY-BONI<\/h2>\n<p>Die Hauptaufgabe eines Online-Casinos besteht darin, neue Spieler anzuziehen. Dazu verwenden Spieleportale viele verschiedene Methoden. Und am h\u00e4ufigsten ist die F\u00f6rderung aller Arten von Boni:<\/p>\n<ul>\n<li>Bonus ohne Einzahlung;<\/li>\n<li>Willkommenspaket;<\/li>\n<li>Cashback;<\/li>\n<li>neu laden;<\/li>\n<li>Bonus anl\u00e4sslich des Urlaubs;<\/li>\n<li>Nachschubbonus.<\/li>\n<\/ul>\n<p>Jeder Bonus ist gut f\u00fcr den Spieler. Sie m\u00fcssen jedoch bedenken, dass alle Boni von Online-Casinos sorgf\u00e4ltig durchdacht werden.<\/p>\n<p><span style=\"font-weight: 400;\"><div class=\"tosh-btn\"><a href=\"\/go-casino\/\" target=\"_blank\" rel=\"noopener\">BONUS ERHALTEN<\/a><\/div><\/span><\/p>\n<h2>FAQ<\/h2>\n<h3>WIE ERHALTE ICH EINEN BONUS?<\/h3>\n<p>Registrierung und Verifizierung sind erforderlich, um den Bonus zu erhalten.<\/p>\n<h3>IST ES NOTWENDIG, DEN BONUS ZU WETTEN?<\/h3>\n<p>Ja, dies ist eine zwingende Voraussetzung.<\/p>\n<h3>WIE KANN MAN GELD VOM BONUSKONTO ABHEBEN?<\/h3>\n<p>Kostenlose Casinobonusse ziehen viel Aufmerksamkeit auf sich. Gleichzeitig sollte klar sein, dass es einfach unm\u00f6glich ist, sie sofort zur\u00fcckzuziehen. Der Spieler kann das Bonuskonto verwenden, um weiterzuspielen. Um Geld abzuheben, m\u00fcssen Sie das erhaltene Geld zur\u00fcckgewinnen.<\/p>\n","protected":false},"excerpt":{"rendered":"<p>RocketPlay-Freispiele sind eine der h\u00e4ufigsten Arten von Bonus-Spins in Online-Slots. Spielautomaten implizieren normalerweise das Vorhandensein eines Bonuskontos oder einer Einzahlung, die Gewinne aus Freispielen und anderen Bonusgeldern erh\u00e4lt. Um sie abzuheben, m\u00fcssen Sie die Wettbedingungen erf\u00fcllen. Beispielsweise bietet eine bestimmte Seite w\u00e4hrend der Registrierung 20 Freispiele f\u00fcr einen Slot an. Wenn der &#8222;bedingte&#8220; Preis des&#8230;<\/p>\n","protected":false},"author":1,"featured_media":0,"parent":0,"menu_order":0,"comment_status":"closed","ping_status":"closed","template":"single-no-sidebar.php","meta":{"_acf_changed":false,"_kad_post_transparent":"default","_kad_post_title":"default","_kad_post_layout":"default","_kad_post_sidebar_id":"","_kad_post_content_style":"default","_kad_post_vertical_padding":"default","_kad_post_feature":"","_kad_post_feature_position":"","_kad_post_header":false,"_kad_post_footer":false,"footnotes":""},"class_list":["post-2341","page","type-page","status-publish","hentry"],"acf":[],"rttpg_featured_image_url":null,"rttpg_author":{"display_name":"John","author_link":"https:\/\/rocketplay-new.com\/de\/author\/pemvas95n89x\/"},"rttpg_comment":0,"rttpg_category":null,"rttpg_excerpt":"RocketPlay-Freispiele sind eine der h\u00e4ufigsten Arten von Bonus-Spins in Online-Slots. Spielautomaten implizieren normalerweise das Vorhandensein eines Bonuskontos oder einer Einzahlung, die Gewinne aus Freispielen und anderen Bonusgeldern erh\u00e4lt. Um sie abzuheben, m\u00fcssen Sie die Wettbedingungen erf\u00fcllen. Beispielsweise bietet eine bestimmte Seite w\u00e4hrend der Registrierung 20 Freispiele f\u00fcr einen Slot an. Wenn der &#8222;bedingte&#8220; Preis des...","_links":{"self":[{"href":"https:\/\/rocketplay-new.com\/de\/wp-json\/wp\/v2\/pages\/2341","targetHints":{"allow":["GET"]}}],"collection":[{"href":"https:\/\/rocketplay-new.com\/de\/wp-json\/wp\/v2\/pages"}],"about":[{"href":"https:\/\/rocketplay-new.com\/de\/wp-json\/wp\/v2\/types\/page"}],"author":[{"embeddable":true,"href":"https:\/\/rocketplay-new.com\/de\/wp-json\/wp\/v2\/users\/1"}],"replies":[{"embeddable":true,"href":"https:\/\/rocketplay-new.com\/de\/wp-json\/wp\/v2\/comments?post=2341"}],"version-history":[{"count":6,"href":"https:\/\/rocketplay-new.com\/de\/wp-json\/wp\/v2\/pages\/2341\/revisions"}],"predecessor-version":[{"id":5987,"href":"https:\/\/rocketplay-new.com\/de\/wp-json\/wp\/v2\/pages\/2341\/revisions\/5987"}],"wp:attachment":[{"href":"https:\/\/rocketplay-new.com\/de\/wp-json\/wp\/v2\/media?parent=2341"}],"curies":[{"name":"wp","href":"https:\/\/api.w.org\/{rel}","templated":true}]}}