{"id":2304,"date":"2022-09-20T12:17:34","date_gmt":"2022-09-20T09:17:34","guid":{"rendered":"https:\/\/rocketplay-new.com\/regular-bonuses\/"},"modified":"2025-04-02T18:16:06","modified_gmt":"2025-04-02T15:16:06","slug":"regular-bonuses","status":"publish","type":"page","link":"https:\/\/rocketplay-new.com\/de\/regular-bonuses\/","title":{"rendered":"Alles \u00fcber regul\u00e4re Boni im Rocket Play Casino"},"content":{"rendered":"<p><img loading=\"lazy\" decoding=\"async\" class=\" wp-image-444 aligncenter\" src=\"https:\/\/rocketplay-new.com\/wp-content\/uploads\/2022\/09\/rocketplay-high-roller-bonus-1-300x93.webp\" alt=\"rocketplay high roller bonus\" width=\"655\" height=\"203\" srcset=\"https:\/\/rocketplay-new.com\/wp-content\/uploads\/2022\/09\/rocketplay-high-roller-bonus-1-300x93.webp 300w, https:\/\/rocketplay-new.com\/wp-content\/uploads\/2022\/09\/rocketplay-high-roller-bonus-1-768x238.webp 768w, https:\/\/rocketplay-new.com\/wp-content\/uploads\/2022\/09\/rocketplay-high-roller-bonus-1.webp 968w\" sizes=\"auto, (max-width: 655px) 100vw, 655px\" \/><\/p>\n<p>Es ist f\u00fcr alle Benutzer obligatorisch, permanente Werbeaktionen auf der Casino-Website zu verwenden. Sie erm\u00f6glichen es Ihnen, Ihre Freizeit in der Einrichtung unterhaltsamer, rentabler und r\u00fccksichtsloser zu gestalten. Dar\u00fcber hinaus gilt, je mehr regelm\u00e4\u00dfige Boni ein Casino hat, desto zuverl\u00e4ssiger wird es angesehen. Verpassen Sie also nicht Ihre Chance, zus\u00e4tzliches Geld zu verdienen, studieren Sie unbedingt, welcher <a href=\"https:\/\/rocketplay-new.com\/de\/\">Rocket Play<\/a> Casino Bonus f\u00fcr Sie gerade aktuell ist und nutzen Sie ihn!<\/p>\n<p>Solche Angebote werden regul\u00e4r genannt, weil sie immer verf\u00fcgbar sind. Sie k\u00f6nnen sie mit einem Intervall von einer bestimmten Anzahl von Tagen verwenden. In diesem Fall eine Woche. Stammkunden, also alle, die bereits Willkommensangebote genutzt und die Einzahlung mehr als zweimal aufgef\u00fcllt haben, k\u00f6nnen einen Bonus anfordern.<\/p>\n<p><span style=\"font-weight: 400;\"><div class=\"tosh-btn\"><a href=\"\/go-casino\/\" target=\"_blank\" rel=\"noopener\">BONUS ERHALTEN<\/a><\/div><\/span><\/p>\n<p>In diesem Casino k\u00f6nnen Sie verschiedene Arten von Belohnungen erhalten. Beispielsweise sind die Freispiele von Rocket Play bei Kunden sehr beliebt. Und das nicht umsonst, denn dies ist eine gro\u00dfartige Gelegenheit zu gewinnen, ohne auch nur den Mindestbetrag Ihres pers\u00f6nlichen Geldes auszugeben. Aber man kann auch Geld bekommen. Die folgende Tabelle zeigt alle Arten von regul\u00e4ren Werbeaktionen.<\/p>\n<table>\n<tbody>\n<tr>\n<td>Name<\/td>\n<td>Typ<\/td>\n<td>Bei Ausgabe<\/td>\n<td>Maximale Belohnung<\/td>\n<\/tr>\n<tr>\n<td>Neu laden<\/td>\n<td>Freispiele<\/td>\n<td>Freitag<\/td>\n<td><span style=\"font-weight: 400;\">100 EUR<\/span><\/td>\n<\/tr>\n<tr>\n<td>Match-Bonus<\/td>\n<td>Echtgeld (50 % auf Einzahlung)<\/td>\n<td>Sonntag<\/td>\n<td><span style=\"font-weight: 400;\">300 EUR<\/span><\/td>\n<\/tr>\n<tr>\n<td>High Roller-Bonus<\/td>\n<td>Echtgeld (50 % auf Einzahlung)<\/td>\n<td>Jeden Tag<\/td>\n<td><span style=\"font-weight: 400;\">2500 EUR<\/span><\/td>\n<\/tr>\n<\/tbody>\n<\/table>\n<p>Wie Sie sehen k\u00f6nnen, k\u00f6nnen Sie jede Woche zus\u00e4tzliche Preise erhalten. Sie k\u00f6nnen nur einen davon verwenden oder alle drei gleichzeitig an verschiedenen Wochentagen. Es h\u00e4ngt alles davon ab, welche Bankroll Sie haben. Das Casino erfordert keine gro\u00dfen Investitionen, um Ihnen ein Geschenk zu machen.<\/p>\n<h2>WIE KANN MAN DIESEN BONUS EINFORDERN UND VERWENDEN?<\/h2>\n<p>Lassen Sie uns \u00fcber jeden der Boni separat sprechen, damit Sie alles richtig machen und Preise erhalten k\u00f6nnen. Der Freitagsbonus kann also auf diese Weise erhalten werden:<\/p>\n<ol>\n<li>Melden Sie sich am Freitag in Ihrem pers\u00f6nlichen Profil an.<\/li>\n<li>Machen Sie einen Nachschub an der Kasse (ab 30 EUR).<\/li>\n<li>Fordern Sie Ihre Freispiele an.<\/li>\n<\/ol>\n<p>F\u00fcr 30 EUR erhalten Sie 20 Spins, f\u00fcr 75 \u2013 50 und f\u00fcr 150 \u2013 100. W\u00e4hlen Sie daher, was f\u00fcr Sie bequemer und rentabler ist. Ein gro\u00dfes Plus ist, dass Sie daf\u00fcr nicht nach separaten Rocket Play Promo-Codes suchen m\u00fcssen. Die Aktivierung erfolgt automatisch.<\/p>\n<p>Sonntags m\u00fcssen Sie Folgendes tun, um ein Geschenk zu erhalten:<\/p>\n<ol>\n<li>Betreten Sie Ihr B\u00fcro.<\/li>\n<li>Laden Sie Ihr Konto wie gewohnt auf (ab 30 EUR).<\/li>\n<li>Warten Sie, bis weitere 50 % des eingezahlten Betrags dem Konto gutgeschrieben werden.<\/li>\n<\/ol>\n<p><span style=\"font-weight: 400;\"><div class=\"tosh-btn\"><a href=\"\/go-casino\/\" target=\"_blank\" rel=\"noopener\">BONUS ERHALTEN<\/a><\/div><\/span><\/p>\n<p>Aber der Bonus f\u00fcr diejenigen, die gro\u00df spielen, ist an jedem Tag der Woche verf\u00fcgbar. Um es zu aktivieren, m\u00fcssen Sie nicht nur das Konto auff\u00fcllen, wie in fr\u00fcheren F\u00e4llen. Hier ben\u00f6tigen Sie Rocket Play-Bonuscodes. Hier ist es: HIGHROLLER. Dank der einfachen Navigation finden Sie das Feld auf der Website, in das Sie es eingeben m\u00fcssen, leicht. Damit alles funktioniert, muss die Nachschubmenge bei 300 EUR liegen.<\/p>\n<p><img loading=\"lazy\" decoding=\"async\" class=\" wp-image-445 aligncenter\" src=\"https:\/\/rocketplay-new.com\/wp-content\/uploads\/2022\/09\/rocketplaycasino-300x113.webp\" alt=\"Rocket play regular bonus\" width=\"704\" height=\"265\" srcset=\"https:\/\/rocketplay-new.com\/wp-content\/uploads\/2022\/09\/rocketplaycasino-300x113.webp 300w, https:\/\/rocketplay-new.com\/wp-content\/uploads\/2022\/09\/rocketplaycasino-1024x384.webp 1024w, https:\/\/rocketplay-new.com\/wp-content\/uploads\/2022\/09\/rocketplaycasino-768x288.webp 768w, https:\/\/rocketplay-new.com\/wp-content\/uploads\/2022\/09\/rocketplaycasino.webp 1140w\" sizes=\"auto, (max-width: 704px) 100vw, 704px\" \/><\/p>\n<h2>SCHLUSSFOLGERUNG<\/h2>\n<p>Viele Casinospieler k\u00f6nnen einfach nicht ohne Boni spielen. Schlie\u00dflich k\u00f6nnen diese scheinbar kleinen Geschenke der Institution das Spiel erheblich erleichtern. Sie erh\u00f6hen die Bankroll und verbessern das Unterhaltungserlebnis. Daher ist es so wichtig, dass die Website laufend Angebote bereith\u00e4lt.<\/p>\n<p>Auf dieser Seite haben regelm\u00e4\u00dfige Boni viele Vorteile:<\/p>\n<ul>\n<li>verf\u00fcgbar f\u00fcr Leute mit jeder Bankroll;<\/li>\n<li>leicht angefordert;<\/li>\n<li>keine schwierigen Bedingungen haben;<\/li>\n<li>kann jede Woche verwendet werden, was ziemlich oft ist.<\/li>\n<\/ul>\n<p>Daher k\u00f6nnen wir sagen, dass jeder Rocket Play Casino Bonus Deutschland ein wirklich profitables Geschenk ist. Sie werden sofort verf\u00fcgbar, nachdem Sie eine zweite Einzahlung get\u00e4tigt und das Geschenk erhalten haben, auf das Sie Anspruch haben.<\/p>\n<p>Viele Casinos sind nicht sehr gro\u00dfz\u00fcgig mit Geschenken. Sie bieten keine regelm\u00e4\u00dfigen Boni an, und wenn doch, haben sie strenge Wettanforderungen oder zu hohe Wetten. Bei Rocket Play ist alles viel einfacher und angenehmer. Sie verlangen nicht viel von Ihnen. Nutzen Sie daher unbedingt deren Angebote und gestalten Sie Ihr Spielvergn\u00fcgen noch intensiver.<\/p>\n<p>Lesen Sie auch \u00fcber: <a href=\"https:\/\/rocketplay-new.com\/loyalty-program\/\">Treueprogramm<\/a><\/p>\n","protected":false},"excerpt":{"rendered":"<p>Es ist f\u00fcr alle Benutzer obligatorisch, permanente Werbeaktionen auf der Casino-Website zu verwenden. Sie erm\u00f6glichen es Ihnen, Ihre Freizeit in der Einrichtung unterhaltsamer, rentabler und r\u00fccksichtsloser zu gestalten. Dar\u00fcber hinaus gilt, je mehr regelm\u00e4\u00dfige Boni ein Casino hat, desto zuverl\u00e4ssiger wird es angesehen. Verpassen Sie also nicht Ihre Chance, zus\u00e4tzliches Geld zu verdienen, studieren Sie&#8230;<\/p>\n","protected":false},"author":1,"featured_media":0,"parent":0,"menu_order":0,"comment_status":"closed","ping_status":"closed","template":"","meta":{"_acf_changed":false,"_kad_post_transparent":"default","_kad_post_title":"default","_kad_post_layout":"default","_kad_post_sidebar_id":"","_kad_post_content_style":"default","_kad_post_vertical_padding":"default","_kad_post_feature":"","_kad_post_feature_position":"","_kad_post_header":false,"_kad_post_footer":false,"footnotes":""},"class_list":["post-2304","page","type-page","status-publish","hentry"],"acf":[],"rttpg_featured_image_url":null,"rttpg_author":{"display_name":"John","author_link":"https:\/\/rocketplay-new.com\/de\/author\/pemvas95n89x\/"},"rttpg_comment":0,"rttpg_category":null,"rttpg_excerpt":"Es ist f\u00fcr alle Benutzer obligatorisch, permanente Werbeaktionen auf der Casino-Website zu verwenden. Sie erm\u00f6glichen es Ihnen, Ihre Freizeit in der Einrichtung unterhaltsamer, rentabler und r\u00fccksichtsloser zu gestalten. Dar\u00fcber hinaus gilt, je mehr regelm\u00e4\u00dfige Boni ein Casino hat, desto zuverl\u00e4ssiger wird es angesehen. Verpassen Sie also nicht Ihre Chance, zus\u00e4tzliches Geld zu verdienen, studieren Sie...","_links":{"self":[{"href":"https:\/\/rocketplay-new.com\/de\/wp-json\/wp\/v2\/pages\/2304","targetHints":{"allow":["GET"]}}],"collection":[{"href":"https:\/\/rocketplay-new.com\/de\/wp-json\/wp\/v2\/pages"}],"about":[{"href":"https:\/\/rocketplay-new.com\/de\/wp-json\/wp\/v2\/types\/page"}],"author":[{"embeddable":true,"href":"https:\/\/rocketplay-new.com\/de\/wp-json\/wp\/v2\/users\/1"}],"replies":[{"embeddable":true,"href":"https:\/\/rocketplay-new.com\/de\/wp-json\/wp\/v2\/comments?post=2304"}],"version-history":[{"count":2,"href":"https:\/\/rocketplay-new.com\/de\/wp-json\/wp\/v2\/pages\/2304\/revisions"}],"predecessor-version":[{"id":5711,"href":"https:\/\/rocketplay-new.com\/de\/wp-json\/wp\/v2\/pages\/2304\/revisions\/5711"}],"wp:attachment":[{"href":"https:\/\/rocketplay-new.com\/de\/wp-json\/wp\/v2\/media?parent=2304"}],"curies":[{"name":"wp","href":"https:\/\/api.w.org\/{rel}","templated":true}]}}