{"id":2299,"date":"2022-09-20T12:29:07","date_gmt":"2022-09-20T09:29:07","guid":{"rendered":"https:\/\/rocketplay-new.com\/loyalty-program\/"},"modified":"2025-04-02T18:08:49","modified_gmt":"2025-04-02T15:08:49","slug":"loyalty-program","status":"publish","type":"page","link":"https:\/\/rocketplay-new.com\/de\/loyalty-program\/","title":{"rendered":"\u00dcber das Treueprogramm"},"content":{"rendered":"<p><img loading=\"lazy\" decoding=\"async\" class=\" wp-image-451 aligncenter\" src=\"https:\/\/rocketplay-new.com\/wp-content\/uploads\/2022\/09\/rocket-play-casino-300x103.webp\" alt=\"Rocket play Loyalty program\" width=\"711\" height=\"244\" srcset=\"https:\/\/rocketplay-new.com\/wp-content\/uploads\/2022\/09\/rocket-play-casino-300x103.webp 300w, https:\/\/rocketplay-new.com\/wp-content\/uploads\/2022\/09\/rocket-play-casino.webp 728w\" sizes=\"auto, (max-width: 711px) 100vw, 711px\" \/><\/p>\n<p>Kundenloyalit\u00e4t ist ein sehr wichtiger Indikator f\u00fcr ein Casino. Ein treuer Spieler wird wieder in die Institution zur\u00fcckkehren, keine Angst haben, Werbeaktionen zu nutzen und echtes Geld f\u00fcr seine Unterhaltung zu verwenden. Daher gibt es spezielle Systeme zur Erh\u00f6hung dieses Indikators in der Einrichtung. So entstand das Treueprogramm <a href=\"https:\/\/rocketplay-new.com\/de\/\">Rocket Play<\/a>, das als recht einfach, aber gleichzeitig sehr profitabel f\u00fcr die Kunden angesehen werden kann.<\/p>\n<p>Erfahren Sie mehr dar\u00fcber, wie es funktioniert. Glauben Sie, um die in diesem Programm bereitgestellten Boni zu erhalten, m\u00fcssen Sie nichts Besonderes tun. Obwohl dies auf den ersten Blick, wenn Sie die Details nicht kennen, etwas verwirrend erscheinen kann.<\/p>\n<p style=\"text-align: center;\"><span style=\"font-weight: 400;\"><div class=\"tosh-btn\"><a href=\"\/go-casino\/\" target=\"_blank\" rel=\"noopener\">BONUS ERHALTEN<\/a><\/div><\/span><\/p>\n<h2>WAS IST EIN CASINO-LOYALIT\u00c4TSBONUS?<\/h2>\n<p>Wenn eine Person mehr als einmal ihr Engagement f\u00fcr den einen oder anderen Gl\u00fccksspielclub zeigt, wird sie belohnt. Als Dankesch\u00f6n f\u00fcr Ihre Hartn\u00e4ckigkeit erhalten Sie den Treuebonus. Es kann sich um Geld, Freispiele von Walzen in Spielautomaten, Rabatte und andere Angebote handeln.<\/p>\n<p>Das Treueprogramm des Online-Casinos Rocket Play verwendet echtes Geld als Belohnung. Nur werden sie nicht einfach so ausgegeben, sondern in Form von Cashback.<\/p>\n<p>Was sind die Vorteile dieses Formats:<\/p>\n<ul>\n<li>tats\u00e4chlich verlieren Sie weniger Geld als Sie verlieren;<\/li>\n<li>psychologisch wird es leichter zu spielen, da ein Teil des Verlustes zur\u00fcckkehrt;<\/li>\n<li>es gibt ein konstantes kleines Einkommen in Form einer Rendite, die f\u00fcr das Spiel wiederverwendet werden kann.<\/li>\n<\/ul>\n<p>Cashback ist eine wirklich coole Funktion. Das Spielen wird noch angenehmer. Solche Unterhaltung ist nicht immer profitabel. Es gibt schwarze Balken, wenn das Gl\u00fcck den Spieler nicht begleitet, und das ist frustrierend. Und wenn etwas Geld zur\u00fcckgegeben wird, beruhigt sich der Spieler und bekommt einen Motivationsschub f\u00fcr weitere Unterhaltung.<\/p>\n<h2>WIE FUNKTIONIEREN TREUEBONI?<\/h2>\n<p>Stellen wir uns vor, Sie sind ein Casino-Kunde. Sie haben Ihr eigenes Konto und Sie haben es finanziert, um spielen zu k\u00f6nnen. Sie betreten das Spiel zum Beispiel Slots und platzieren dort eine Wette. Der Betrag dieser Wette wird gespeichert, und wenn Sie die n\u00e4chste Wette platzieren, werden sie summiert. Dies wird fortgesetzt, bis 30 AUD gesammelt wurden. Dieser Betrag wird in einen CompPoints (CP) umgewandelt.<\/p>\n<p>Diese Punkte sind Indikatoren f\u00fcr Ihre Loyalit\u00e4t. Je mehr von ihnen, desto h\u00f6her ist Ihr Level im System. Dementsprechend versteht das Casino so, dass Sie schon lange spielen, Ihr Geld auf seiner Website ausgeben und verschiedene Unterhaltungen ausprobieren.<\/p>\n<p style=\"text-align: center;\"><span style=\"font-weight: 400;\"><div class=\"tosh-btn\"><a href=\"\/go-casino\/\" target=\"_blank\" rel=\"noopener\">BONUS ERHALTEN<\/a><\/div><\/span><\/p>\n<p>Je mehr Punkte Sie haben, desto h\u00f6her ist der Cashback-Prozentsatz. Die maximale Gr\u00f6\u00dfe betr\u00e4gt 15 %.<\/p>\n<p>\u00dcbrigens ist Cashback im Treueprogramm Casino Rocket Play Australia in zwei Arten unterteilt:<\/p>\n<ul>\n<li>f\u00fcr Verluste in Spielautomaten;<\/li>\n<li>f\u00fcr das Verlieren in Live-Spielen.<\/li>\n<\/ul>\n<p>Die erste kommt montags, die zweite donnerstags. Es stellt sich also heraus, dass Ihnen das Geld w\u00e4hrend der Woche zweimal zur\u00fcckerstattet wird. Nat\u00fcrlich, wenn Sie sowohl Spielautomaten als auch Live-Casino spielen.<\/p>\n<p><img loading=\"lazy\" decoding=\"async\" class=\" wp-image-452 aligncenter\" src=\"https:\/\/rocketplay-new.com\/wp-content\/uploads\/2022\/09\/how-to-claim-a-loyalty-bonus-htc-300x162.webp\" alt=\"Loyalty bonus\" width=\"644\" height=\"348\" srcset=\"https:\/\/rocketplay-new.com\/wp-content\/uploads\/2022\/09\/how-to-claim-a-loyalty-bonus-htc-300x162.webp 300w, https:\/\/rocketplay-new.com\/wp-content\/uploads\/2022\/09\/how-to-claim-a-loyalty-bonus-htc-1024x554.webp 1024w, https:\/\/rocketplay-new.com\/wp-content\/uploads\/2022\/09\/how-to-claim-a-loyalty-bonus-htc-768x415.webp 768w, https:\/\/rocketplay-new.com\/wp-content\/uploads\/2022\/09\/how-to-claim-a-loyalty-bonus-htc.webp 1480w\" sizes=\"auto, (max-width: 644px) 100vw, 644px\" \/><\/p>\n<p>SCHLUSSFOLGERUNG<\/p>\n<p>Treuegeschenke werden allen Benutzern gegeben. Sie m\u00fcssen nicht lange warten, bis Ihnen alle Vorteile zur Verf\u00fcgung stehen. Sie k\u00f6nnen die Anzahl der Punkte und die H\u00f6he des Cashbacks in Ihrem pers\u00f6nlichen Konto verfolgen.<\/p>\n<p>Wenn Sie ein treuer Kunde des Gl\u00fccksspielhauses sind, k\u00f6nnen Sie alle Vorteile des besten Casino-Treueprogramms Rocket Play sp\u00fcren. Das ist nicht nur finanziell von Vorteil, sondern macht Sie auch zu einem ganz besonderen Mitglied der Casino-Community.<\/p>\n<p>Lesen Sie auch \u00fcber: <a href=\"https:\/\/rocketplay-new.com\/vip\/\">VIP Program<\/a><\/p>\n","protected":false},"excerpt":{"rendered":"<p>Kundenloyalit\u00e4t ist ein sehr wichtiger Indikator f\u00fcr ein Casino. Ein treuer Spieler wird wieder in die Institution zur\u00fcckkehren, keine Angst haben, Werbeaktionen zu nutzen und echtes Geld f\u00fcr seine Unterhaltung zu verwenden. Daher gibt es spezielle Systeme zur Erh\u00f6hung dieses Indikators in der Einrichtung. So entstand das Treueprogramm Rocket Play, das als recht einfach, aber&#8230;<\/p>\n","protected":false},"author":1,"featured_media":0,"parent":0,"menu_order":0,"comment_status":"closed","ping_status":"closed","template":"","meta":{"_acf_changed":false,"_kad_post_transparent":"default","_kad_post_title":"default","_kad_post_layout":"default","_kad_post_sidebar_id":"","_kad_post_content_style":"default","_kad_post_vertical_padding":"default","_kad_post_feature":"","_kad_post_feature_position":"","_kad_post_header":false,"_kad_post_footer":false,"footnotes":""},"class_list":["post-2299","page","type-page","status-publish","hentry"],"acf":[],"rttpg_featured_image_url":null,"rttpg_author":{"display_name":"John","author_link":"https:\/\/rocketplay-new.com\/de\/author\/pemvas95n89x\/"},"rttpg_comment":0,"rttpg_category":null,"rttpg_excerpt":"Kundenloyalit\u00e4t ist ein sehr wichtiger Indikator f\u00fcr ein Casino. Ein treuer Spieler wird wieder in die Institution zur\u00fcckkehren, keine Angst haben, Werbeaktionen zu nutzen und echtes Geld f\u00fcr seine Unterhaltung zu verwenden. Daher gibt es spezielle Systeme zur Erh\u00f6hung dieses Indikators in der Einrichtung. So entstand das Treueprogramm Rocket Play, das als recht einfach, aber...","_links":{"self":[{"href":"https:\/\/rocketplay-new.com\/de\/wp-json\/wp\/v2\/pages\/2299","targetHints":{"allow":["GET"]}}],"collection":[{"href":"https:\/\/rocketplay-new.com\/de\/wp-json\/wp\/v2\/pages"}],"about":[{"href":"https:\/\/rocketplay-new.com\/de\/wp-json\/wp\/v2\/types\/page"}],"author":[{"embeddable":true,"href":"https:\/\/rocketplay-new.com\/de\/wp-json\/wp\/v2\/users\/1"}],"replies":[{"embeddable":true,"href":"https:\/\/rocketplay-new.com\/de\/wp-json\/wp\/v2\/comments?post=2299"}],"version-history":[{"count":3,"href":"https:\/\/rocketplay-new.com\/de\/wp-json\/wp\/v2\/pages\/2299\/revisions"}],"predecessor-version":[{"id":5702,"href":"https:\/\/rocketplay-new.com\/de\/wp-json\/wp\/v2\/pages\/2299\/revisions\/5702"}],"wp:attachment":[{"href":"https:\/\/rocketplay-new.com\/de\/wp-json\/wp\/v2\/media?parent=2299"}],"curies":[{"name":"wp","href":"https:\/\/api.w.org\/{rel}","templated":true}]}}