{"id":2289,"date":"2022-09-20T14:02:14","date_gmt":"2022-09-20T11:02:14","guid":{"rendered":"https:\/\/rocketplay-new.com\/9-coins\/"},"modified":"2025-04-02T14:27:27","modified_gmt":"2025-04-02T11:27:27","slug":"9-coins","status":"publish","type":"page","link":"https:\/\/rocketplay-new.com\/de\/9-coins\/","title":{"rendered":"9 M\u00fcnzen"},"content":{"rendered":"<p><img loading=\"lazy\" decoding=\"async\" class=\"aligncenter wp-image-5037\" src=\"https:\/\/rocketplay-new.com\/wp-content\/uploads\/2024\/02\/9999.png\" alt=\"9 Coins \" width=\"800\" height=\"363\" srcset=\"https:\/\/rocketplay-new.com\/wp-content\/uploads\/2024\/02\/9999.png 1281w, https:\/\/rocketplay-new.com\/wp-content\/uploads\/2024\/02\/9999-300x136.png 300w, https:\/\/rocketplay-new.com\/wp-content\/uploads\/2024\/02\/9999-1024x465.png 1024w, https:\/\/rocketplay-new.com\/wp-content\/uploads\/2024\/02\/9999-768x349.png 768w\" sizes=\"auto, (max-width: 800px) 100vw, 800px\" \/><\/p>\n<p>GRUNDINFORMATION<\/p>\n<p>Das moderne Angebot an Slots ist wirklich riesig. Und es ist schwierig, etwas Ungew\u00f6hnliches unter ihnen zu finden. Sie sind alle \u00e4hnlich in Bezug auf die Mechanik, die Anzahl der Walzen und Linien, Animationen, Risikospiele und andere Funktionen. Aber wenn Sie den Rocket Play 9 Coins-Slot online im Casino finden, werden Sie verstehen, dass es Optionen mit originellen Steuerelementen und Optionen gibt.<\/p>\n<p>Zun\u00e4chst erscheint die Bedeutung dieses Slots nicht so interessant und spannend. Aber er hat seine Fans, und das nicht umsonst. Sie m\u00fcssen nicht sofort echtes Geld einsetzen, um das Spiel zu verstehen. Schlie\u00dflich k\u00f6nnen Sie jederzeit eine Demoversion ausf\u00fchren, die Sie kostenlos kennenlernen wird.<\/p>\n<p style=\"text-align: center;\"><div class=\"tosh-btn\"><a href=\"\/go-casino\/\" target=\"_blank\" rel=\"noopener\">BONUS ERHALTEN<\/a><\/div><\/p>\n<p>Der Sch\u00f6pfer des Slots ist Wazdan. Sie ist daf\u00fcr bekannt, neue und interessante Funktionen zu erfinden. Das Entwicklungsteam hat oft frische Ideen, die dann in die Slots implementiert werden. Genau das ist hier passiert. Lernen wir ihn also in unserem Rocket Play 9 Coins-Slot-Review besser kennen und entscheiden, ob er Ihnen gef\u00e4llt.<\/p>\n<h2>9 M\u00dcNZENSYMBOLE UND AUSZAHLTABELLE<\/h2>\n<p>Auf den ersten Blick hat dieses Spiel nichts mit Weltraum zu tun. Aber sobald Sie den Slot starten, h\u00f6ren Sie thematische Musik, die Sie in die unbekannten Tiefen des Universums zu entf\u00fchren scheint. Dar\u00fcber hinaus sind alle Animationen im Spiel in diesem Stil erstellt.<\/p>\n<p>Aber das Wichtigste ist nat\u00fcrlich nicht das Design, sondern die Funktionen des Spiels.<\/p>\n<p>Sie \u00f6ffnen also das Spiel und sehen ein Feld von 3 mal 3 Zellen vor sich. Eine ungew\u00f6hnliche Option f\u00fcr einen Slot, aber das ist erst der Anfang. Wenn Sie einen Spielautomaten starten, f\u00fcllt er sich nicht vollst\u00e4ndig mit Symbolen. Sie halten nur in einigen Zellen an. Ist es also \u00fcberhaupt m\u00f6glich im Rocket Play 9 Coins Slot echtes Geld zu verdienen?<\/p>\n<p>Hier gibt es keine Gewinnlinien, daher bringt keine Kombination von Symbolen Vorteile. Au\u00dfer einem.<\/p>\n<p>Ihr Ziel ist es, dass drei Symbole auf dem Mittelstreifen des Quadrats anhalten. Dies l\u00f6st die Bonusrunde aus. Hier warten alle Zahlungen auf Sie. Die folgende Tabelle zeigt sie alle.<\/p>\n<table>\n<tbody>\n<tr>\n<td>Symbol<\/td>\n<td>Seine Funktion<\/td>\n<\/tr>\n<tr>\n<td>Bargeld (einfache M\u00fcnzen)<\/td>\n<td>Kann den Einsatz von x1 bis x5 multiplizieren<\/td>\n<\/tr>\n<tr>\n<td>Kasten<\/td>\n<td>Sammelt alle Gewinne auf dem Spielfeld und bringt einen zuf\u00e4lligen Multiplikator auf bis zu x9<\/td>\n<\/tr>\n<tr>\n<td>Mysteri\u00f6se Symbole<\/td>\n<td>Verwandelt sich in einen der Charaktere<\/td>\n<\/tr>\n<tr>\n<td>Mystery-Jackpot<\/td>\n<td>L\u00e4sst sich in jeden Jackpot umwandeln<\/td>\n<\/tr>\n<tr>\n<td>Haupt<\/td>\n<td>Kann die Wette auf x50 multiplizieren<\/td>\n<\/tr>\n<tr>\n<td>Unerheblich<\/td>\n<td>Kann die Wette auf x20 multiplizieren<\/td>\n<\/tr>\n<tr>\n<td>Mini<\/td>\n<td>Kann die Wette auf x10 multiplizieren<\/td>\n<\/tr>\n<\/tbody>\n<\/table>\n<p>In der Bonusrunde machen Sie 3 Rocket Play 9 Coins-Freispiele. Und wenn mindestens ein Symbol auf dem Feld verweilt, erh\u00f6ht sich die Anzahl der Spins wieder. Das kann bis zum Schluss so weitergehen. Was Sie w\u00e4hrend des profitablen Modus erhalten k\u00f6nnen, deckt die nutzlosen Drehungen ab, die zuvor gemacht wurden.<\/p>\n<p>Ein weiterer wichtiger Faktor, der bestimmt, ob ein Slot zum Spielen geeignet ist oder nicht, ist der RTP. Es zeigt, wie viel Prozent des f\u00fcr den Slot ausgegebenen Geldes Sie bei einem langen Spiel zur\u00fcckgeben. Je h\u00f6her diese Zahl, desto besser. Der Durchschnitt im Gl\u00fccksspielbereich liegt bei 95,5 %. Dieser Slot hat 96,06 %, was etwas besser als der Durchschnitt ist.<\/p>\n<p style=\"text-align: center;\"><div class=\"tosh-btn\"><a href=\"\/go-casino\/\" target=\"_blank\" rel=\"noopener\">BONUS ERHALTEN<\/a><\/div><\/p>\n<p>Trotz der Tatsache, dass es heute viele Spielautomaten mit einem h\u00f6heren Prozentsatz auf dem Markt gibt, kann dieses Spiel immer noch als recht profitabel angesehen werden. Der beste Slot-Bonus von Rocket Play 9 Coins wartet auf Sie, wenn alle neun Zellen w\u00e4hrend der Bonusrunde mit Symbolen gef\u00fcllt sind.<\/p>\n<p><img loading=\"lazy\" decoding=\"async\" class=\"aligncenter wp-image-5047\" src=\"https:\/\/rocketplay-new.com\/wp-content\/uploads\/2024\/02\/999-1.png\" alt=\"9 Coins 2\" width=\"800\" height=\"444\" srcset=\"https:\/\/rocketplay-new.com\/wp-content\/uploads\/2024\/02\/999-1.png 955w, https:\/\/rocketplay-new.com\/wp-content\/uploads\/2024\/02\/999-1-300x166.png 300w, https:\/\/rocketplay-new.com\/wp-content\/uploads\/2024\/02\/999-1-768x426.png 768w\" sizes=\"auto, (max-width: 800px) 100vw, 800px\" \/><\/p>\n<h2>9 H\u00e4ufig gestellte Fragen zu M\u00fcnzschlitzen<\/h2>\n<h3>WIE ERHALTE ICH DEN MAXIMALBETRAG IN DIESEM SLOT?<\/h3>\n<p>Dazu m\u00fcssen Sie alle Zellen des Feldes mit Symbolen f\u00fcllen. In diesem Fall erhalten Sie den Grand Jackpot.<\/p>\n<h3>WIE VIEL K\u00d6NNEN SIE IN DIESEM SPIEL VERDIENEN?<\/h3>\n<p>Der genaue Betrag h\u00e4ngt von Ihrem Einsatz ab. Der maximale Multiplikator, den Sie erhalten k\u00f6nnen, ist x500. Es ist nur in der Bonusrunde verf\u00fcgbar. Wenn Sie es treffen, werden die vorherigen Gewinne auf Null zur\u00fcckgesetzt. Denn mehr kann man nicht bekommen.<\/p>\n<h2>WIE KANN ICH DEN SLOT VON EINEM MOBILTELEFON STARTEN?<\/h2>\n<p>Das geht ganz einfach. Melden Sie sich einfach \u00fcber einen Browser bei Ihrem Konto auf der Casino-Website an, suchen Sie diesen Slot und starten Sie ihn. Es passt sich Ihrem Bildschirm an.<\/p>\n<p>Lesen Sie auch \u00fcber:<a href=\"https:\/\/rocketplay-new.com\/gold-express\/\">Gold-Express-Slot<\/a><\/p>\n","protected":false},"excerpt":{"rendered":"<p>GRUNDINFORMATION Das moderne Angebot an Slots ist wirklich riesig. Und es ist schwierig, etwas Ungew\u00f6hnliches unter ihnen zu finden. Sie sind alle \u00e4hnlich in Bezug auf die Mechanik, die Anzahl der Walzen und Linien, Animationen, Risikospiele und andere Funktionen. Aber wenn Sie den Rocket Play 9 Coins-Slot online im Casino finden, werden Sie verstehen, dass&#8230;<\/p>\n","protected":false},"author":1,"featured_media":0,"parent":0,"menu_order":0,"comment_status":"closed","ping_status":"closed","template":"","meta":{"_acf_changed":false,"_kad_post_transparent":"default","_kad_post_title":"default","_kad_post_layout":"default","_kad_post_sidebar_id":"","_kad_post_content_style":"default","_kad_post_vertical_padding":"default","_kad_post_feature":"","_kad_post_feature_position":"","_kad_post_header":false,"_kad_post_footer":false,"footnotes":""},"class_list":["post-2289","page","type-page","status-publish","hentry"],"acf":[],"rttpg_featured_image_url":null,"rttpg_author":{"display_name":"John","author_link":"https:\/\/rocketplay-new.com\/de\/author\/pemvas95n89x\/"},"rttpg_comment":0,"rttpg_category":null,"rttpg_excerpt":"GRUNDINFORMATION Das moderne Angebot an Slots ist wirklich riesig. Und es ist schwierig, etwas Ungew\u00f6hnliches unter ihnen zu finden. Sie sind alle \u00e4hnlich in Bezug auf die Mechanik, die Anzahl der Walzen und Linien, Animationen, Risikospiele und andere Funktionen. Aber wenn Sie den Rocket Play 9 Coins-Slot online im Casino finden, werden Sie verstehen, dass...","_links":{"self":[{"href":"https:\/\/rocketplay-new.com\/de\/wp-json\/wp\/v2\/pages\/2289","targetHints":{"allow":["GET"]}}],"collection":[{"href":"https:\/\/rocketplay-new.com\/de\/wp-json\/wp\/v2\/pages"}],"about":[{"href":"https:\/\/rocketplay-new.com\/de\/wp-json\/wp\/v2\/types\/page"}],"author":[{"embeddable":true,"href":"https:\/\/rocketplay-new.com\/de\/wp-json\/wp\/v2\/users\/1"}],"replies":[{"embeddable":true,"href":"https:\/\/rocketplay-new.com\/de\/wp-json\/wp\/v2\/comments?post=2289"}],"version-history":[{"count":4,"href":"https:\/\/rocketplay-new.com\/de\/wp-json\/wp\/v2\/pages\/2289\/revisions"}],"predecessor-version":[{"id":5623,"href":"https:\/\/rocketplay-new.com\/de\/wp-json\/wp\/v2\/pages\/2289\/revisions\/5623"}],"wp:attachment":[{"href":"https:\/\/rocketplay-new.com\/de\/wp-json\/wp\/v2\/media?parent=2289"}],"curies":[{"name":"wp","href":"https:\/\/api.w.org\/{rel}","templated":true}]}}