{"id":8962,"date":"2025-05-29T12:10:37","date_gmt":"2025-05-29T09:10:37","guid":{"rendered":"https:\/\/rocketplay-new.com\/slot-machines\/golden-goddess\/"},"modified":"2025-07-16T21:32:16","modified_gmt":"2025-07-16T18:32:16","slug":"golden-goddess","status":"publish","type":"page","link":"https:\/\/rocketplay-new.com\/da\/slot-machines\/golden-goddess\/","title":{"rendered":"Golden Goddess spilleautomat &#8211; Spil spilleautomat gratis"},"content":{"rendered":"<p>Golden Goddess spilleautomaten er et popul\u00e6rt online spilleautomatspil, der giver spillerne chancen for at begive sig ud p\u00e5 et sp\u00e6ndende eventyr i jagten p\u00e5 skjulte skatte og rigdomme. Med sin fantastiske grafik, fordybende gameplay og sp\u00e6ndende bonusfunktioner vil dette spilleautomatspil helt sikkert holde spillerne underholdt i timevis. Uanset om du er en erfaren spilleautomatspiller eller en nybegynder, der \u00f8nsker at pr\u00f8ve lykken, er Golden Goddess spilleautomaten et godt valg for alle, der leder efter en sjov og givende spiloplevelse. Og det bedste af det? Du kan spille denne spilleautomat gratis, hvilket giver dig chancen for at teste lykken og se, om du har det, der skal til for at afd\u00e6kke de gyldne skatte, der venter p\u00e5 at blive fundet. S\u00e5 hvorfor vente? Dyk ned i Golden Goddess spilleautomatens verden og se, om du har det, der skal til for at blive rig!<\/p>\n<div class=\"go-btn-container\"><div class=\"tosh-btn\"><a href=\"\/go-casino\/\" target=\"_blank\">SPIL NU<\/a><\/div><\/div>\n<h2>OVERSIGT GOLDEN GODDESS SLOT<\/h2>\n<p>Golden Goddess spilleautomaten er et popul\u00e6rt online spilleautomatspil udviklet af IGT, der har fascineret spillerne med sit fortryllende tema og sp\u00e6ndende gameplay. Med en mystisk have som baggrund byder spillet p\u00e5 symboler som selveste den Gyldne Gudinde, en flot prins, en hvid hest og en due. Med 5 hjul og 40 betalingslinjer har spillerne masser af muligheder for at vinde stort, n\u00e5r de drejer hjulene i jagten p\u00e5 den flygtige Gyldne Gudinde. Spillet kan ogs\u00e5 prale af en Super Stacks-funktion, hvor et tilf\u00e6ldigt valgt symbol kan fylde hele hjul og give massive gevinster. Derudover tilbyder Golden Goddess-spilleautomaten en gratis spins-bonusrunde, hvor spillerne kan optjene op til 7 gratis spins med chancen for at retrigge for endnu flere bel\u00f8nninger. Med sin smukke grafik, engagerende gameplay og potentiale for store gevinster er det ikke underligt, at Golden Goddess-spilleautomaten forbliver en favorit blandt online casinospillere.<\/p>\n<p><img loading=\"lazy\" decoding=\"async\" class=\"aligncenter size-full wp-image-8917\" src=\"https:\/\/rocketplay-new.com\/wp-content\/uploads\/2025\/07\/golden-goddess-slot-2.webp\" alt=\"Golden Goddess slot - Play Slot for Free 2\" width=\"800\" height=\"366\" srcset=\"https:\/\/rocketplay-new.com\/wp-content\/uploads\/2025\/07\/golden-goddess-slot-2.webp 800w, https:\/\/rocketplay-new.com\/wp-content\/uploads\/2025\/07\/golden-goddess-slot-2-300x137.webp 300w, https:\/\/rocketplay-new.com\/wp-content\/uploads\/2025\/07\/golden-goddess-slot-2-768x351.webp 768w\" sizes=\"auto, (max-width: 800px) 100vw, 800px\" \/><\/p>\n<h2>GOLDEN GODDESS SLOT: TEMA, VISUALER OG MUSIK<\/h2>\n<p>Golden Goddess spilleautomaten er et popul\u00e6rt online casinospil med et f\u00e6ngslende tema, fantastiske visuelle elementer og fortryllende musik. Spillets tema er centreret omkring den antikke gr\u00e6ske mytologi, med den Gyldne Gudinde selv som hovedperson. Spillets visuelle elementer er utroligt detaljerede og smukt designet med symboler, der inkluderer mystiske v\u00e6sner, gyldne roser og den ikoniske Gyldne Gudinde. Spillets baggrund er en frodig have fyldt med livlige blomster og funklende juveler, hvilket skaber en magisk og fordybende atmosf\u00e6re for spillerne. Spillets musik er \u00e6terisk og beroligende, hvilket bidrager til den overordnede atmosf\u00e6re og forbedrer spillerens oplevelse. Med sit engagerende tema, fantastiske visuelle elementer og fortryllende musik giver Golden Goddess spilleautomaten spillerne en virkelig f\u00e6ngslende og forn\u00f8jelig spiloplevelse.<\/p>\n<h2>S\u00c5DAN SPILLER DU GOLDEN GODDESS SLOT<\/h2>\n<p>Golden Goddess er et popul\u00e6rt spilleautomatspil, der kan findes i mange casinoer b\u00e5de online og offline. For at spille Golden Goddess spilleautomaten skal du f\u00f8rst v\u00e6lge din indsatsst\u00f8rrelse ved at justere m\u00f8ntv\u00e6rdien og antallet af betalingslinjer. N\u00e5r du har indstillet din indsats, skal du blot klikke p\u00e5 spin-knappen for at starte spillet. Spillet indeholder symboler som selveste den Gyldne Gudinde, en flot prins, en hvid hest og en due. M\u00e5let med spillet er at matche disse symboler i vindende kombinationer for at modtage gevinster. Den Gyldne Gudinde-symbolet er det h\u00f8jest betalende symbol og kan give dig en jackpot, hvis du lander fem af dem p\u00e5 en betalingslinje. Derudover er der et bonussymbol, der kan udl\u00f8se en gratis spins-runde, hvor du kan vinde endnu flere pr\u00e6mier. Samlet set er det nemt og sjovt at spille Golden Goddess-spilleautomaten, hvilket g\u00f8r den til et godt valg for b\u00e5de begyndere og erfarne spillere.<\/p>\n<div class=\"go-btn-container\"><div class=\"tosh-btn\"><a href=\"\/go-casino\/\" target=\"_blank\">SPIL NU<\/a><\/div><\/div>\n<h2>GOLDEN GODDESS SLOT: SPILMULIGHEDER OG VINDERPOTENTIAL<\/h2>\n<p>Golden Goddess-spilleautomaten er et popul\u00e6rt valg for b\u00e5de almindelige spillere og high rollers p\u00e5 grund af dens brede vifte af spilmuligheder og imponerende vinderpotentiale. Spillere kan v\u00e6lge at satse alt fra 1 til 50 betalingslinjer, med mulighed for at justere indsatsen pr. linje fra s\u00e5 lidt som $0,01 til s\u00e5 meget som $10. Denne fleksibilitet giver spillerne mulighed for at skr\u00e6ddersy deres indsatser til deres individuelle pr\u00e6ferencer og budget, hvilket g\u00f8r spillet tilg\u00e6ngeligt for alle typer spillere. Spillet tilbyder ogs\u00e5 en r\u00e6kke bonusfunktioner, herunder stablede symboler, wilds og gratis spins, som kan \u00f8ge spillerens chancer for at vinde stort betydeligt. Med en maksimal jackpot p\u00e5 1000 m\u00f8nter tilbyder Golden Goddess-spilleautomaten masser af potentiale for lukrative udbetalinger, hvilket g\u00f8r det til et sp\u00e6ndende valg for spillere, der \u00f8nsker at vinde. Samlet set g\u00f8r kombinationen af brugerdefinerede indsatsmuligheder og gener\u00f8st gevinstpotentiale Golden Goddess-spilleautomaten til et topvalg for spillere, der s\u00f8ger b\u00e5de underholdning og chancen for at vinde stort.<\/p>\n<p><img loading=\"lazy\" decoding=\"async\" class=\"aligncenter size-full wp-image-8908\" src=\"https:\/\/rocketplay-new.com\/wp-content\/uploads\/2025\/07\/golden-goddess-slot-1.webp\" alt=\"Golden Goddess slot - Play Slot for Free\" width=\"800\" height=\"389\" srcset=\"https:\/\/rocketplay-new.com\/wp-content\/uploads\/2025\/07\/golden-goddess-slot-1.webp 800w, https:\/\/rocketplay-new.com\/wp-content\/uploads\/2025\/07\/golden-goddess-slot-1-300x146.webp 300w, https:\/\/rocketplay-new.com\/wp-content\/uploads\/2025\/07\/golden-goddess-slot-1-768x373.webp 768w\" sizes=\"auto, (max-width: 800px) 100vw, 800px\" \/><\/p>\n<h2>ALMINDELIGE SP\u00d8RGSM\u00c5L OG SVAR &#8211; GOLDEN GODDESS SLOT<\/h2>\n<p>Golden Goddess er et popul\u00e6rt spilleautomatspil, der har f\u00e5et stor opm\u00e6rksomhed fra spillere over hele verden. Som med ethvert spil er der nogle almindelige sp\u00f8rgsm\u00e5l, som spillere har om Golden Goddess-spilleautomaten. Et af de oftest stillede sp\u00f8rgsm\u00e5l er, hvordan man udl\u00f8ser bonusfunktionerne i spillet. For at udl\u00f8se bonusrunden med gratis spins skal spillerne lande tre rose-scatter-symboler p\u00e5 hjul 2, 3 og 4. Et andet almindeligt sp\u00f8rgsm\u00e5l handler om spillets RTP (tilbagebetaling til spilleren). Golden Goddess&#8217; RTP er omkring 94%, hvilket er ret standard for et spilleautomatspil. Spillere sp\u00f8rger ogs\u00e5 ofte om spillets volatilitet, som anses for at v\u00e6re medium. Samlet set er Golden Goddess et elsket spilleautomatspil, der tilbyder en sp\u00e6ndende og forn\u00f8jelig spilleoplevelse for alle typer spillere.<\/p>\n","protected":false},"excerpt":{"rendered":"<p>Golden Goddess spilleautomaten er et popul\u00e6rt online spilleautomatspil, der giver spillerne chancen for at begive sig ud p\u00e5 et sp\u00e6ndende eventyr i jagten p\u00e5 skjulte skatte og rigdomme. Med sin fantastiske grafik, fordybende gameplay og sp\u00e6ndende bonusfunktioner vil dette spilleautomatspil helt sikkert holde spillerne underholdt i timevis. Uanset om du er en erfaren spilleautomatspiller eller&#8230;<\/p>\n","protected":false},"author":1,"featured_media":6771,"parent":2514,"menu_order":0,"comment_status":"closed","ping_status":"closed","template":"","meta":{"_acf_changed":false,"_kad_post_transparent":"default","_kad_post_title":"default","_kad_post_layout":"default","_kad_post_sidebar_id":"","_kad_post_content_style":"default","_kad_post_vertical_padding":"default","_kad_post_feature":"","_kad_post_feature_position":"","_kad_post_header":false,"_kad_post_footer":false,"footnotes":""},"class_list":["post-8962","page","type-page","status-publish","has-post-thumbnail","hentry"],"acf":[],"rttpg_featured_image_url":{"full":["https:\/\/rocketplay-new.com\/wp-content\/uploads\/2025\/05\/golden-goddess-slot-play-slot-for-free.png",1149,698,false],"landscape":["https:\/\/rocketplay-new.com\/wp-content\/uploads\/2025\/05\/golden-goddess-slot-play-slot-for-free.png",1149,698,false],"portraits":["https:\/\/rocketplay-new.com\/wp-content\/uploads\/2025\/05\/golden-goddess-slot-play-slot-for-free.png",1149,698,false],"thumbnail":["https:\/\/rocketplay-new.com\/wp-content\/uploads\/2025\/05\/golden-goddess-slot-play-slot-for-free-150x150.png",150,150,true],"medium":["https:\/\/rocketplay-new.com\/wp-content\/uploads\/2025\/05\/golden-goddess-slot-play-slot-for-free-300x182.png",300,182,true],"large":["https:\/\/rocketplay-new.com\/wp-content\/uploads\/2025\/05\/golden-goddess-slot-play-slot-for-free-1024x622.png",1024,622,true],"1536x1536":["https:\/\/rocketplay-new.com\/wp-content\/uploads\/2025\/05\/golden-goddess-slot-play-slot-for-free.png",1149,698,false],"2048x2048":["https:\/\/rocketplay-new.com\/wp-content\/uploads\/2025\/05\/golden-goddess-slot-play-slot-for-free.png",1149,698,false],"wppb-medium":["https:\/\/rocketplay-new.com\/wp-content\/uploads\/2025\/05\/golden-goddess-slot-play-slot-for-free-600x450.png",600,450,true]},"rttpg_author":{"display_name":"John","author_link":"https:\/\/rocketplay-new.com\/da\/author\/pemvas95n89x\/"},"rttpg_comment":0,"rttpg_category":null,"rttpg_excerpt":"Golden Goddess spilleautomaten er et popul\u00e6rt online spilleautomatspil, der giver spillerne chancen for at begive sig ud p\u00e5 et sp\u00e6ndende eventyr i jagten p\u00e5 skjulte skatte og rigdomme. Med sin fantastiske grafik, fordybende gameplay og sp\u00e6ndende bonusfunktioner vil dette spilleautomatspil helt sikkert holde spillerne underholdt i timevis. Uanset om du er en erfaren spilleautomatspiller eller...","_links":{"self":[{"href":"https:\/\/rocketplay-new.com\/da\/wp-json\/wp\/v2\/pages\/8962","targetHints":{"allow":["GET"]}}],"collection":[{"href":"https:\/\/rocketplay-new.com\/da\/wp-json\/wp\/v2\/pages"}],"about":[{"href":"https:\/\/rocketplay-new.com\/da\/wp-json\/wp\/v2\/types\/page"}],"author":[{"embeddable":true,"href":"https:\/\/rocketplay-new.com\/da\/wp-json\/wp\/v2\/users\/1"}],"replies":[{"embeddable":true,"href":"https:\/\/rocketplay-new.com\/da\/wp-json\/wp\/v2\/comments?post=8962"}],"version-history":[{"count":2,"href":"https:\/\/rocketplay-new.com\/da\/wp-json\/wp\/v2\/pages\/8962\/revisions"}],"predecessor-version":[{"id":8966,"href":"https:\/\/rocketplay-new.com\/da\/wp-json\/wp\/v2\/pages\/8962\/revisions\/8966"}],"up":[{"embeddable":true,"href":"https:\/\/rocketplay-new.com\/da\/wp-json\/wp\/v2\/pages\/2514"}],"wp:featuredmedia":[{"embeddable":true,"href":"https:\/\/rocketplay-new.com\/da\/wp-json\/wp\/v2\/media\/6771"}],"wp:attachment":[{"href":"https:\/\/rocketplay-new.com\/da\/wp-json\/wp\/v2\/media?parent=8962"}],"curies":[{"name":"wp","href":"https:\/\/api.w.org\/{rel}","templated":true}]}}