{"id":8764,"date":"2025-05-29T11:34:47","date_gmt":"2025-05-29T08:34:47","guid":{"rendered":"https:\/\/rocketplay-new.com\/slot-machines\/big-bad-wolf\/"},"modified":"2025-07-16T18:50:50","modified_gmt":"2025-07-16T15:50:50","slug":"big-bad-wolf","status":"publish","type":"page","link":"https:\/\/rocketplay-new.com\/da\/slot-machines\/big-bad-wolf\/","title":{"rendered":"Big Bad Wolf spilleautomat &#8211; Spil spilleautomat gratis"},"content":{"rendered":"<p>Big Bad Wolf spilleautomaten er et popul\u00e6rt online spilleautomatspil, der v\u00e6kker det klassiske eventyr til live p\u00e5 en sp\u00e6ndende og engagerende m\u00e5de. Spillere kan dreje hjulene og pr\u00f8ve lykken med at vinde stort, mens de nyder den finurlige grafik og sjove animationer. Med en r\u00e6kke bonusfunktioner og gratis spins tilbyder denne spilleautomat masser af muligheder for spillere at \u00f8ge deres gevinster. Og det bedste af det hele? Spillere kan pr\u00f8ve denne spilleautomat gratis, f\u00f8r de beslutter sig for at spille for rigtige penge, hvilket g\u00f8r den til en god mulighed for b\u00e5de almindelige spillere og erfarne spillere, der leder efter underholdning.<\/p>\n<div class=\"go-btn-container\"><div class=\"tosh-btn\"><a href=\"\/go-casino\/\" target=\"_blank\">SPIL NU<\/a><\/div><\/div>\n<h2>OVERSIGT BIG BAD WOLF SPILLEAUTOMAT<\/h2>\n<p>Big Bad Wolf spilleautomaten er et popul\u00e6rt video spilleautomat skabt af Quickspin, med et klassisk eventyrtema baseret p\u00e5 historien om de tre sm\u00e5 grise. Spillets design er visuelt tiltalende med grafik og animationer i h\u00f8j kvalitet, der v\u00e6kker eventyrfigurerne til live p\u00e5 hjulene. Gameplayet er hurtigt og engagerende, med fem hjul og 25 betalingslinjer, der tilbyder masser af muligheder for at vinde stort. En af de unikke funktioner ved Big Bad Wolf spilleautomaten er Swooping Reels, hvor vindende kombinationer forsvinder, og nye symboler falder ned for potentielt at skabe flere gevinster i et enkelt spin. Spillet inkluderer ogs\u00e5 en Free Spins bonusrunde, hvor spillere kan optjene op til 20 gratis spins og udl\u00f8se yderligere funktioner som Blowing Down the House-funktionen, hvilket kan f\u00f8re til endnu mere lukrative gevinster. Samlet set er Big Bad Wolf spilleautomaten et sjovt og underholdende spil, der appellerer til b\u00e5de almindelige spillere og erfarne spilleautomatentusiaster.<\/p>\n<p><img loading=\"lazy\" decoding=\"async\" class=\"aligncenter size-full wp-image-8741\" src=\"https:\/\/rocketplay-new.com\/wp-content\/uploads\/2025\/07\/big-bad-wolf-2.webp\" alt=\"Big Bad Wolf slot machine - Play Slot for Free 2\" width=\"800\" height=\"335\" srcset=\"https:\/\/rocketplay-new.com\/wp-content\/uploads\/2025\/07\/big-bad-wolf-2.webp 800w, https:\/\/rocketplay-new.com\/wp-content\/uploads\/2025\/07\/big-bad-wolf-2-300x126.webp 300w, https:\/\/rocketplay-new.com\/wp-content\/uploads\/2025\/07\/big-bad-wolf-2-768x322.webp 768w\" sizes=\"auto, (max-width: 800px) 100vw, 800px\" \/><\/p>\n<h2>BIG BAD WOLF SPILLEAUTOMAT: TEMA, VISUALER OG MUSIK<\/h2>\n<p>Big Bad Wolf spilleautomaten er et popul\u00e6rt online spil, der er inspireret af det klassiske eventyr om de tre sm\u00e5 grise. Spillets tema drejer sig om den berygtede skurk, den store stygge ulv, der er p\u00e5 en mission for at spr\u00e6nge de tre sm\u00e5 grises huse ned. Spillets visuelle elementer er levende og engagerende med tegneserielignende grafik, der bringer historien til live. Hjulene er placeret mod en baggrund af grisenes huse, med ulven lurkende i baggrunden. Symbolerne p\u00e5 hjulene inkluderer de tre grise, ulven og forskellige genstande relateret til historien, s\u00e5som halm, pinde og mursten. Spillets soundtrack er muntert og finurligt, hvilket bidrager til den overordnede sjove og lette atmosf\u00e6re i spillet. Samlet set er Big Bad Wolf spilleautomaten et visuelt tiltalende og underholdende spil, der tilbyder spillerne en unik og engagerende spiloplevelse.<\/p>\n<h2>S\u00c5DAN SPILLER DU BIG BAD WOLF SPILLEAUTOMATEN<\/h2>\n<p>Big Bad Wolf er en popul\u00e6r spilleautomat, der er baseret p\u00e5 det klassiske eventyr om de tre sm\u00e5 grise. For at spille dette spil skal du f\u00f8rst v\u00e6lge din indsatsst\u00f8rrelse ved at klikke p\u00e5 knappen &#8220;Indsats&#8221;. N\u00e5r du har valgt din indsats, kan du dreje hjulene ved at klikke p\u00e5 knappen &#8220;Spin&#8221;. M\u00e5let med spillet er at matche symboler for at vinde pr\u00e6mier. Symbolerne i dette spil inkluderer de tre sm\u00e5 grise, den store stygge ulv og forskellige andre ikoner med g\u00e5rdtema. En af de unikke funktioner i dette spil er bonusrunden &#8220;Blowing Down the House&#8221;, som udl\u00f8ses, n\u00e5r du lander tre eller flere ulvesymboler p\u00e5 hjulene. I l\u00f8bet af denne bonusrunde vil den store stygge ulv bl\u00e6se husene ned og afsl\u00f8re pengepr\u00e6mier. Samlet set er det at spille Big Bad Wolf spilleautomaten en sjov og sp\u00e6ndende oplevelse, der kan resultere i store gevinster for heldige spillere.<\/p>\n<div class=\"go-btn-container\"><div class=\"tosh-btn\"><a href=\"\/go-casino\/\" target=\"_blank\">SPIL NU<\/a><\/div><\/div>\n<h2>BIG BAD WOLF SPILLEAUTOMAT: SPILMULIGHEDER OG GEVINSTPOTENTIAL<\/h2>\n<p>Big Bad Wolf spilleautomaten er et popul\u00e6rt spil, der tilbyder spillerne en r\u00e6kke forskellige spilmuligheder og potentiale for store gevinster. Spillere kan v\u00e6lge at satse alt fra et par cent til flere dollars pr. spin, hvilket giver fleksibilitet i, hvor meget de vil satse. Spillet har et standardlayout med fem hjul og tre r\u00e6kker, sammen med 25 betalingslinjer, der giver spillerne masser af muligheder for at vinde. Spillet inkluderer ogs\u00e5 en r\u00e6kke bonusfunktioner, herunder gratis spins og multiplikatorer, der kan hj\u00e6lpe spillerne med at \u00f8ge deres gevinster. Med en RTP p\u00e5 omkring 97% har Big Bad Wolf spilleautomaten potentiale til at tilbyde spillerne nogle imponerende udbetalinger. Samlet set g\u00f8r spillets spilmuligheder og gevinstpotentiale det til et popul\u00e6rt valg for b\u00e5de casual spillere og high rollers, der leder efter sp\u00e6nding og chancen for at vinde stort.<\/p>\n<p><img loading=\"lazy\" decoding=\"async\" class=\"aligncenter size-full wp-image-8732\" src=\"https:\/\/rocketplay-new.com\/wp-content\/uploads\/2025\/07\/big-bad-wolf-1.webp\" alt=\"Big Bad Wolf slot machine - Play Slot for Free\" width=\"800\" height=\"437\" srcset=\"https:\/\/rocketplay-new.com\/wp-content\/uploads\/2025\/07\/big-bad-wolf-1.webp 800w, https:\/\/rocketplay-new.com\/wp-content\/uploads\/2025\/07\/big-bad-wolf-1-300x164.webp 300w, https:\/\/rocketplay-new.com\/wp-content\/uploads\/2025\/07\/big-bad-wolf-1-768x420.webp 768w\" sizes=\"auto, (max-width: 800px) 100vw, 800px\" \/><\/p>\n<h2>ALMINDELIGE SP\u00d8RGSM\u00c5L OG SVAR &#8211; BIG BAD WOLF SPILLEAUTOMAT<\/h2>\n<p>Big Bad Wolf spilleautomaten er et popul\u00e6rt spil, der er blevet nydt af mange spillere i b\u00e5de landbaserede casinoer og online. Et almindeligt sp\u00f8rgsm\u00e5l, som spillere har om dette spil, er, hvordan man vinder stort. N\u00f8glen til at vinde stort p\u00e5 Big Bad Wolf spilleautomaten er at udl\u00f8se bonusrunderne, hvilket kan resultere i nogle store udbetalinger. Et andet almindeligt sp\u00f8rgsm\u00e5l handler om spillets RTP (Return to Player) procent. RTP&#8217;en for Big Bad Wolf spilleautomaten er omkring 97,35%, hvilket anses for at v\u00e6re ret h\u00f8jt sammenlignet med andre spilleautomater. Spillere sp\u00f8rger ogs\u00e5 ofte om spillets volatilitet, som er i den lave ende, hvilket betyder, at spillere kan forvente hyppigere, men mindre gevinster. Samlet set er Big Bad Wolf spilleautomaten et sjovt og givende spil, der tilbyder masser af muligheder for spillere at vinde stort.<\/p>\n","protected":false},"excerpt":{"rendered":"<p>Big Bad Wolf spilleautomaten er et popul\u00e6rt online spilleautomatspil, der v\u00e6kker det klassiske eventyr til live p\u00e5 en sp\u00e6ndende og engagerende m\u00e5de. Spillere kan dreje hjulene og pr\u00f8ve lykken med at vinde stort, mens de nyder den finurlige grafik og sjove animationer. Med en r\u00e6kke bonusfunktioner og gratis spins tilbyder denne spilleautomat masser af muligheder&#8230;<\/p>\n","protected":false},"author":1,"featured_media":6626,"parent":2514,"menu_order":0,"comment_status":"closed","ping_status":"closed","template":"single-no-sidebar.php","meta":{"_acf_changed":false,"_kad_post_transparent":"default","_kad_post_title":"default","_kad_post_layout":"default","_kad_post_sidebar_id":"","_kad_post_content_style":"default","_kad_post_vertical_padding":"default","_kad_post_feature":"","_kad_post_feature_position":"","_kad_post_header":false,"_kad_post_footer":false,"footnotes":""},"class_list":["post-8764","page","type-page","status-publish","has-post-thumbnail","hentry"],"acf":[],"rttpg_featured_image_url":{"full":["https:\/\/rocketplay-new.com\/wp-content\/uploads\/2025\/05\/big-bad-wolf-slot-machine-play-slot-for-free.png",975,697,false],"landscape":["https:\/\/rocketplay-new.com\/wp-content\/uploads\/2025\/05\/big-bad-wolf-slot-machine-play-slot-for-free.png",975,697,false],"portraits":["https:\/\/rocketplay-new.com\/wp-content\/uploads\/2025\/05\/big-bad-wolf-slot-machine-play-slot-for-free.png",975,697,false],"thumbnail":["https:\/\/rocketplay-new.com\/wp-content\/uploads\/2025\/05\/big-bad-wolf-slot-machine-play-slot-for-free-150x150.png",150,150,true],"medium":["https:\/\/rocketplay-new.com\/wp-content\/uploads\/2025\/05\/big-bad-wolf-slot-machine-play-slot-for-free-300x214.png",300,214,true],"large":["https:\/\/rocketplay-new.com\/wp-content\/uploads\/2025\/05\/big-bad-wolf-slot-machine-play-slot-for-free.png",975,697,false],"1536x1536":["https:\/\/rocketplay-new.com\/wp-content\/uploads\/2025\/05\/big-bad-wolf-slot-machine-play-slot-for-free.png",975,697,false],"2048x2048":["https:\/\/rocketplay-new.com\/wp-content\/uploads\/2025\/05\/big-bad-wolf-slot-machine-play-slot-for-free.png",975,697,false],"wppb-medium":["https:\/\/rocketplay-new.com\/wp-content\/uploads\/2025\/05\/big-bad-wolf-slot-machine-play-slot-for-free-600x450.png",600,450,true]},"rttpg_author":{"display_name":"John","author_link":"https:\/\/rocketplay-new.com\/da\/author\/pemvas95n89x\/"},"rttpg_comment":0,"rttpg_category":null,"rttpg_excerpt":"Big Bad Wolf spilleautomaten er et popul\u00e6rt online spilleautomatspil, der v\u00e6kker det klassiske eventyr til live p\u00e5 en sp\u00e6ndende og engagerende m\u00e5de. Spillere kan dreje hjulene og pr\u00f8ve lykken med at vinde stort, mens de nyder den finurlige grafik og sjove animationer. Med en r\u00e6kke bonusfunktioner og gratis spins tilbyder denne spilleautomat masser af muligheder...","_links":{"self":[{"href":"https:\/\/rocketplay-new.com\/da\/wp-json\/wp\/v2\/pages\/8764","targetHints":{"allow":["GET"]}}],"collection":[{"href":"https:\/\/rocketplay-new.com\/da\/wp-json\/wp\/v2\/pages"}],"about":[{"href":"https:\/\/rocketplay-new.com\/da\/wp-json\/wp\/v2\/types\/page"}],"author":[{"embeddable":true,"href":"https:\/\/rocketplay-new.com\/da\/wp-json\/wp\/v2\/users\/1"}],"replies":[{"embeddable":true,"href":"https:\/\/rocketplay-new.com\/da\/wp-json\/wp\/v2\/comments?post=8764"}],"version-history":[{"count":2,"href":"https:\/\/rocketplay-new.com\/da\/wp-json\/wp\/v2\/pages\/8764\/revisions"}],"predecessor-version":[{"id":8766,"href":"https:\/\/rocketplay-new.com\/da\/wp-json\/wp\/v2\/pages\/8764\/revisions\/8766"}],"up":[{"embeddable":true,"href":"https:\/\/rocketplay-new.com\/da\/wp-json\/wp\/v2\/pages\/2514"}],"wp:featuredmedia":[{"embeddable":true,"href":"https:\/\/rocketplay-new.com\/da\/wp-json\/wp\/v2\/media\/6626"}],"wp:attachment":[{"href":"https:\/\/rocketplay-new.com\/da\/wp-json\/wp\/v2\/media?parent=8764"}],"curies":[{"name":"wp","href":"https:\/\/api.w.org\/{rel}","templated":true}]}}