{"id":8667,"date":"2025-05-29T00:15:54","date_gmt":"2025-05-28T21:15:54","guid":{"rendered":"https:\/\/rocketplay-new.com\/slot-machines\/pig\/"},"modified":"2025-07-16T16:58:17","modified_gmt":"2025-07-16T13:58:17","slug":"pig","status":"publish","type":"page","link":"https:\/\/rocketplay-new.com\/da\/slot-machines\/pig\/","title":{"rendered":"Pig spilleautomat &#8211; Spil spilleautomat gratis"},"content":{"rendered":"<p>Pig-spilleautomaten er et sjovt og sp\u00e6ndende spil, hvor spillerne kan pr\u00f8ve lykken og vinde store pr\u00e6mier. Med sin livlige grafik og underholdende lydeffekter tilbyder Pig-spilleautomaten en sp\u00e6ndende spiloplevelse, der f\u00e5r spillerne til at vende tilbage. Det bedste er, at spillerne kan spille spilleautomater gratis, s\u00e5 de kan nyde spillet uden at skulle bruge penge. Uanset om du er en erfaren spilleautomatspiller eller en nybegynder, der \u00f8nsker at pr\u00f8ve kr\u00e6fter med spilleautomater, vil Pig-spilleautomaten helt sikkert give timevis af underholdning og chancen for at vinde store pr\u00e6mier.<\/p>\n<div class=\"go-btn-container\"><div class=\"tosh-btn\"><a href=\"\/go-casino\/\" target=\"_blank\">SPIL NU<\/a><\/div><\/div>\n<h2>OVERSIGT PIG SLOT-AUTOMASKIN<\/h2>\n<p>Pig-spilleautomaten er et popul\u00e6rt spil med et finurligt grisetema. Spillerne har til opgave at dreje hjulene for at matche forskellige griserelaterede symboler for at vinde pr\u00e6mier. Spillet er kendt for sin lyse og farverige grafik samt sine sjove og underholdende lydeffekter. Ud over det almindelige spilleautomat-gameplay har Pig-spilleautomaten ogs\u00e5 bonusrunder og specialfunktioner, der kan \u00f8ge spillerens chancer for at vinde stort. Med sine s\u00f8de grisefigurer og sp\u00e6ndende gameplay er Pig spilleautomaten et hit blandt casinoentusiaster i alle aldre. Uanset om du er en erfaren spilleautomatspiller eller nybegynder i gamblingverdenen, vil Pig spilleautomaten helt sikkert give dig timevis af underholdning og sp\u00e6nding.<\/p>\n<p><img loading=\"lazy\" decoding=\"async\" class=\"aligncenter size-full wp-image-8639\" src=\"https:\/\/rocketplay-new.com\/wp-content\/uploads\/2025\/07\/pig-slot-2.webp\" alt=\"Pig slot machine - Play Slot for Free 2\" width=\"800\" height=\"265\" srcset=\"https:\/\/rocketplay-new.com\/wp-content\/uploads\/2025\/07\/pig-slot-2.webp 800w, https:\/\/rocketplay-new.com\/wp-content\/uploads\/2025\/07\/pig-slot-2-300x99.webp 300w, https:\/\/rocketplay-new.com\/wp-content\/uploads\/2025\/07\/pig-slot-2-768x254.webp 768w\" sizes=\"auto, (max-width: 800px) 100vw, 800px\" \/><\/p>\n<h2>PIG SLOT-AUTOMAT: TEMA, VISUALER OG MUSIK<\/h2>\n<p>Pig-spilleautomaten er et popul\u00e6rt og finurligt casinospil, der har et sjovt og legende tema centreret omkring nuttede tegneseriegrise. Spillets visuelle elementer er lyse og farverige med s\u00f8de grisesymboler, der snurrer p\u00e5 hjulene, og muntre animationer, der bringer grisene til live. Spilleautomatens overordnede design er muntert og engagerende, hvilket skaber en im\u00f8dekommende og underholdende atmosf\u00e6re for spillerne. Musikken, der ledsager spillet, er optimistisk og i\u00f8refaldende, hvilket bidrager til sp\u00e6ndingen og energien i oplevelsen. Lydeffekterne fra de snurrende hjul og vindende kombinationer forbedrer den samlede fordybelse i spillet, hvilket g\u00f8r det til en virkelig forn\u00f8jelig og mindev\u00e6rdig spiloplevelse for spillere i alle aldre. Samlet set er Pig-spilleautomaten et dejligt og underholdende spil, der kombinerer et charmerende tema, engagerende visuelle elementer og livlig musik for at skabe en sjov og engagerende casinooplevelse.<\/p>\n<h2>S\u00c5DAN SPILLER DU PIG SLOT-AUTOMATEN<\/h2>\n<p>At spille Pig-spilleautomaten er en sjov og sp\u00e6ndende oplevelse, der potentielt kan f\u00f8re til store gevinster. For at begynde at spille skal du inds\u00e6tte dine penge eller din v\u00e6rdikupon i maskinen og v\u00e6lge det \u00f8nskede indsatsbel\u00f8b. N\u00e5r du har placeret din indsats, skal du blot trykke p\u00e5 spin-knappen og se, hvordan hjulene begynder at dreje. M\u00e5let med spillet er at matche symbolerne p\u00e5 hjulene for at vinde en udbetaling. Hold \u00f8je med specielle bonussymboler, s\u00e5som Piggy Bank eller Pig Wild, som kan hj\u00e6lpe med at \u00f8ge dine chancer for at vinde stort. Derudover kan nogle maskiner have bonusrunder eller minispil, der yderligere kan forbedre dine gevinster. Husk altid at spille ansvarligt og s\u00e6tte et budget, f\u00f8r du begynder at spille, for at sikre, at du f\u00e5r en sjov og forn\u00f8jelig spiloplevelse.<\/p>\n<div class=\"go-btn-container\"><div class=\"tosh-btn\"><a href=\"\/go-casino\/\" target=\"_blank\">SPIL NU<\/a><\/div><\/div>\n<h2>PIG SLOT-AUTOMAT: SPILMULIGHEDER OG GEVINSTPOTENTIAL<\/h2>\n<p>Pig spilleautomaten er et popul\u00e6rt spil i casinoer og online spilleplatforme p\u00e5 grund af dens sjove tema og sp\u00e6ndende gameplay. Spillere har en r\u00e6kke forskellige indsatsmuligheder, n\u00e5r de spiller p\u00e5 Pig spilleautomaten, hvilket giver dem mulighed for at tilpasse deres indsats baseret p\u00e5 deres budget og risikotolerance. Indsatsmulighederne sp\u00e6nder typisk fra et par cent til flere dollars pr. spin, hvilket giver spillerne fleksibiliteten til at satse konservativt eller g\u00e5 efter en stor gevinst. Gevinstpotentialet i Pig-spilleautomaten er ogs\u00e5 ret imponerende, hvor spillerne har chancen for at vinde jackpots fra et par hundrede dollars til flere tusinde dollars. Ud over jackpots kan spillerne ogs\u00e5 vinde mindre pr\u00e6mier gennem bonusrunder, gratis spins og andre funktioner i spillet. Samlet set tilbyder Pig-spilleautomaten en sp\u00e6ndende og potentielt lukrativ spiloplevelse for spillere p\u00e5 alle niveauer.<\/p>\n<p><img loading=\"lazy\" decoding=\"async\" class=\"aligncenter size-full wp-image-8630\" src=\"https:\/\/rocketplay-new.com\/wp-content\/uploads\/2025\/07\/pig-slot-1.webp\" alt=\"Pig slot machine - Play Slot for Free\" width=\"800\" height=\"339\" srcset=\"https:\/\/rocketplay-new.com\/wp-content\/uploads\/2025\/07\/pig-slot-1.webp 800w, https:\/\/rocketplay-new.com\/wp-content\/uploads\/2025\/07\/pig-slot-1-300x127.webp 300w, https:\/\/rocketplay-new.com\/wp-content\/uploads\/2025\/07\/pig-slot-1-768x325.webp 768w\" sizes=\"auto, (max-width: 800px) 100vw, 800px\" \/><\/p>\n<h2>ALMINDELIGE SP\u00d8RGSM\u00c5L OG SVAR &#8211; PIG SLOT-AUTOMAT<\/h2>\n<p>Pig-spilleautomaten er et popul\u00e6rt spil, der findes p\u00e5 mange casinoer og online spillesider. Et almindeligt sp\u00f8rgsm\u00e5l, som spillere har, er, hvordan man vinder stort p\u00e5 Pig-spilleautomaten. Svaret p\u00e5 dette sp\u00f8rgsm\u00e5l er, at resultatet af hvert spin er fuldst\u00e6ndig tilf\u00e6ldigt, s\u00e5 der er ingen sikker m\u00e5de at garantere en stor gevinst p\u00e5. Et andet almindeligt sp\u00f8rgsm\u00e5l er, om der er nogen strategier, der kan \u00f8ge dine chancer for at vinde p\u00e5 Pig-spilleautomaten. Mens nogle spillere tror p\u00e5 bestemte strategier, s\u00e5som at satse et bestemt bel\u00f8b eller spille p\u00e5 bestemte tidspunkter af dagen, er sandheden, at disse strategier ikke har nogen effekt p\u00e5 spillets udfald. I sidste ende er den bedste m\u00e5de at nyde Pig-spilleautomaten p\u00e5 at spille ansvarligt og have det sjovt, mens du pr\u00f8ver lykken med at vinde stort.<\/p>\n","protected":false},"excerpt":{"rendered":"<p>Pig-spilleautomaten er et sjovt og sp\u00e6ndende spil, hvor spillerne kan pr\u00f8ve lykken og vinde store pr\u00e6mier. Med sin livlige grafik og underholdende lydeffekter tilbyder Pig-spilleautomaten en sp\u00e6ndende spiloplevelse, der f\u00e5r spillerne til at vende tilbage. Det bedste er, at spillerne kan spille spilleautomater gratis, s\u00e5 de kan nyde spillet uden at skulle bruge penge. Uanset&#8230;<\/p>\n","protected":false},"author":1,"featured_media":6568,"parent":2514,"menu_order":0,"comment_status":"closed","ping_status":"closed","template":"","meta":{"_acf_changed":false,"_kad_post_transparent":"default","_kad_post_title":"default","_kad_post_layout":"default","_kad_post_sidebar_id":"","_kad_post_content_style":"default","_kad_post_vertical_padding":"default","_kad_post_feature":"","_kad_post_feature_position":"","_kad_post_header":false,"_kad_post_footer":false,"footnotes":""},"class_list":["post-8667","page","type-page","status-publish","has-post-thumbnail","hentry"],"acf":[],"rttpg_featured_image_url":{"full":["https:\/\/rocketplay-new.com\/wp-content\/uploads\/2025\/05\/pig-slot-machine-play-slot-for-free.png",1052,582,false],"landscape":["https:\/\/rocketplay-new.com\/wp-content\/uploads\/2025\/05\/pig-slot-machine-play-slot-for-free.png",1052,582,false],"portraits":["https:\/\/rocketplay-new.com\/wp-content\/uploads\/2025\/05\/pig-slot-machine-play-slot-for-free.png",1052,582,false],"thumbnail":["https:\/\/rocketplay-new.com\/wp-content\/uploads\/2025\/05\/pig-slot-machine-play-slot-for-free-150x150.png",150,150,true],"medium":["https:\/\/rocketplay-new.com\/wp-content\/uploads\/2025\/05\/pig-slot-machine-play-slot-for-free-300x166.png",300,166,true],"large":["https:\/\/rocketplay-new.com\/wp-content\/uploads\/2025\/05\/pig-slot-machine-play-slot-for-free-1024x567.png",1024,567,true],"1536x1536":["https:\/\/rocketplay-new.com\/wp-content\/uploads\/2025\/05\/pig-slot-machine-play-slot-for-free.png",1052,582,false],"2048x2048":["https:\/\/rocketplay-new.com\/wp-content\/uploads\/2025\/05\/pig-slot-machine-play-slot-for-free.png",1052,582,false],"wppb-medium":["https:\/\/rocketplay-new.com\/wp-content\/uploads\/2025\/05\/pig-slot-machine-play-slot-for-free-600x450.png",600,450,true]},"rttpg_author":{"display_name":"John","author_link":"https:\/\/rocketplay-new.com\/da\/author\/pemvas95n89x\/"},"rttpg_comment":0,"rttpg_category":null,"rttpg_excerpt":"Pig-spilleautomaten er et sjovt og sp\u00e6ndende spil, hvor spillerne kan pr\u00f8ve lykken og vinde store pr\u00e6mier. Med sin livlige grafik og underholdende lydeffekter tilbyder Pig-spilleautomaten en sp\u00e6ndende spiloplevelse, der f\u00e5r spillerne til at vende tilbage. Det bedste er, at spillerne kan spille spilleautomater gratis, s\u00e5 de kan nyde spillet uden at skulle bruge penge. Uanset...","_links":{"self":[{"href":"https:\/\/rocketplay-new.com\/da\/wp-json\/wp\/v2\/pages\/8667","targetHints":{"allow":["GET"]}}],"collection":[{"href":"https:\/\/rocketplay-new.com\/da\/wp-json\/wp\/v2\/pages"}],"about":[{"href":"https:\/\/rocketplay-new.com\/da\/wp-json\/wp\/v2\/types\/page"}],"author":[{"embeddable":true,"href":"https:\/\/rocketplay-new.com\/da\/wp-json\/wp\/v2\/users\/1"}],"replies":[{"embeddable":true,"href":"https:\/\/rocketplay-new.com\/da\/wp-json\/wp\/v2\/comments?post=8667"}],"version-history":[{"count":2,"href":"https:\/\/rocketplay-new.com\/da\/wp-json\/wp\/v2\/pages\/8667\/revisions"}],"predecessor-version":[{"id":8669,"href":"https:\/\/rocketplay-new.com\/da\/wp-json\/wp\/v2\/pages\/8667\/revisions\/8669"}],"up":[{"embeddable":true,"href":"https:\/\/rocketplay-new.com\/da\/wp-json\/wp\/v2\/pages\/2514"}],"wp:featuredmedia":[{"embeddable":true,"href":"https:\/\/rocketplay-new.com\/da\/wp-json\/wp\/v2\/media\/6568"}],"wp:attachment":[{"href":"https:\/\/rocketplay-new.com\/da\/wp-json\/wp\/v2\/media?parent=8667"}],"curies":[{"name":"wp","href":"https:\/\/api.w.org\/{rel}","templated":true}]}}