{"id":8502,"date":"2025-05-28T23:47:20","date_gmt":"2025-05-28T20:47:20","guid":{"rendered":"https:\/\/rocketplay-new.com\/slot-machines\/planet-moolah\/"},"modified":"2025-07-14T00:03:09","modified_gmt":"2025-07-13T21:03:09","slug":"planet-moolah","status":"publish","type":"page","link":"https:\/\/rocketplay-new.com\/da\/slot-machines\/planet-moolah\/","title":{"rendered":"Planet Moolah spilleautomat &#8211; Spil spilleautomat gratis"},"content":{"rendered":"<p>Planet Moolah spilleautomaten er et sjovt og sp\u00e6ndende spil, der bringer g\u00e5rden til live p\u00e5 en helt ny m\u00e5de. Med levende grafik og underholdende lydeffekter transporteres spillerne til en verden, hvor k\u00f8er, kyllinger og andre husdyr er showets stjerner. Spillet har kaskaderende hjul, gratis spins og chancen for at vinde stort med sit unikke tema. Spillere kan pr\u00f8ve lykken gratis eller spille med rigtige penge for at f\u00e5 chancen for at vinde store pr\u00e6mier. Uanset om du er en almindelig spiller eller en erfaren gambler, tilbyder Planet Moolah spilleautomaten en sjov og underholdende oplevelse for alle.<\/p>\n<div class=\"go-btn-container\"><div class=\"tosh-btn\"><a href=\"\/go-casino\/\" target=\"_blank\">SPIL NU<\/a><\/div><\/div>\n<h2>OVERSIGT PLANET MOOLAH SPILLEAUTOMAT<\/h2>\n<p>Planet Moolah er en popul\u00e6r spilleautomat, der tager spillerne med p\u00e5 en finurlig rejse til en g\u00e5rd i det ydre rum. Udviklet af WMS Gaming har dette spil et sjovt og finurligt tema, der adskiller det fra traditionelle spilleautomater. Hjulene er fyldt med k\u00f8er, kyllinger, lader og andre landbrugsrelaterede symboler, alt sammen sat op mod en baggrund af et farverigt rumlandskab. Det, der g\u00f8r Planet Moolah unik, er dens Cascading Reels-funktion, hvor vindende kombinationer forsvinder, og nye symboler kaskaderer ned for at tage deres plads, hvilket potentielt kan f\u00f8re til flere gevinster p\u00e5 et enkelt spin. Dette spil tilbyder ogs\u00e5 en bonusrunde med gratis spins, hvor spillere kan optjene op til 50 gratis spins for endnu flere chancer for at vinde stort. Med sit underholdende tema, innovative gameplay og givende bonusfunktioner er Planet Moolah et must-try for enhver spilleautomatentusiast, der leder efter en sjov og sp\u00e6ndende spiloplevelse.<\/p>\n<p><img loading=\"lazy\" decoding=\"async\" class=\"aligncenter size-full wp-image-8460\" src=\"https:\/\/rocketplay-new.com\/wp-content\/uploads\/2025\/07\/planet-moolah-1.webp\" alt=\"Planet Moolah slot\" width=\"800\" height=\"439\" srcset=\"https:\/\/rocketplay-new.com\/wp-content\/uploads\/2025\/07\/planet-moolah-1.webp 800w, https:\/\/rocketplay-new.com\/wp-content\/uploads\/2025\/07\/planet-moolah-1-300x165.webp 300w, https:\/\/rocketplay-new.com\/wp-content\/uploads\/2025\/07\/planet-moolah-1-768x421.webp 768w\" sizes=\"auto, (max-width: 800px) 100vw, 800px\" \/><\/p>\n<h2>PLANET MOOLAH SPILLEAUTOMAT: TEMA, VISUALER OG MUSIK<\/h2>\n<p>Planet Moolah spilleautomaten er et popul\u00e6rt spil p\u00e5 casinoer og online spilplatforme, kendt for sit finurlige tema, f\u00e6ngslende grafik og i\u00f8refaldende musik. Spillets tema drejer sig om en gruppe sk\u00f8re, rumv\u00e6senk\u00f8er, der har invaderet planeten Jorden for at stj\u00e6le k\u00f8er og husdyr. Grafikken er lys og farverig med tegneserieagtig grafik, der bringer den humoristiske historie til live. Spillere vil st\u00f8de p\u00e5 flyvende tallerkener, g\u00e5rddyr og selvf\u00f8lgelig de drilske rumv\u00e6senk\u00f8er, n\u00e5r de drejer hjulene. Baggrundsmusikken er munter og energisk, hvilket bidrager til den samlede sp\u00e6nding i spillet. Med sit unikke tema, engagerende grafik og livlige musik tilbyder Planet Moolah spilleautomaten spillerne en sjov og underholdende spiloplevelse.<\/p>\n<h2>S\u00c5DAN SPILLER DU PLANET MOOLAH SPILLEAUTOMAT<\/h2>\n<p>Planet Moolah er en sjov og sp\u00e6ndende spilleautomat, der findes p\u00e5 mange casinoer. For at spille spillet skal du starte med at inds\u00e6tte dine penge eller din v\u00e6rdikupon i maskinen og v\u00e6lge dit indsatsbel\u00f8b. Spillet har fem hjul og 25 betalingslinjer, hvilket giver dig masser af muligheder for at vinde stort. Spillets tema er baseret p\u00e5 en gruppe rumv\u00e6senk\u00f8er, der har overtaget en g\u00e5rd, og symbolerne p\u00e5 hjulene afspejler dette tema. For at vinde skal du matche tre eller flere af de samme symboler p\u00e5 en betalingslinje. Hvis du rammer en vindende kombination, vil du blive bel\u00f8nnet med en udbetaling baseret p\u00e5 symbolernes v\u00e6rdi. Der er ogs\u00e5 s\u00e6rlige bonusfunktioner i spillet, s\u00e5som kaskaderende hjul og gratis spins, som kan hj\u00e6lpe dig med at \u00f8ge dine gevinster yderligere. Alt i alt er det en sjov og underholdende oplevelse at spille Planet Moolah, der kan f\u00f8re til nogle store gevinster, hvis du er heldig. S\u00e5 pr\u00f8v det n\u00e6ste gang du er p\u00e5 casinoet, og se om du kan besejre de rumv\u00e6senk\u00f8er og komme ud p\u00e5 toppen.<\/p>\n<div class=\"go-btn-container\"><div class=\"tosh-btn\"><a href=\"\/go-casino\/\" target=\"_blank\">SPIL NU<\/a><\/div><\/div>\n<h2>PLANET MOOLAH SPILLEAUTOMAT: SPILLMULIGHEDER OG GEVINSTPOTENTIAL<\/h2>\n<p>Planet Moolah spilleautomaten er kendt for sit unikke tema og underholdende gameplay, men den tilbyder ogs\u00e5 en r\u00e6kke forskellige spilmuligheder og gevinstpotentiale for spillere. Spillet giver spillerne mulighed for at satse p\u00e5 op til 25 betalingslinjer, med mulighed for at justere antallet af aktive betalingslinjer samt indsatsbel\u00f8bet pr. linje. Denne fleksibilitet i spilmuligheder giver spillerne mulighed for at skr\u00e6ddersy deres indsatser til deres foretrukne spillestil og budget. Med hensyn til gevinstpotentiale tilbyder spillet en r\u00e6kke udbetalingskombinationer og bonusfunktioner, der kan resultere i betydelige udbetalinger. Cascading Reels-funktionen, hvor vindende symboler forsvinder, og nye symboler falder p\u00e5 plads, kan f\u00f8re til fortl\u00f8bende gevinster p\u00e5 et enkelt spin og \u00f8ge det samlede gevinstpotentiale. Derudover giver spillets jackpotpr\u00e6mie spillerne en chance for at vinde stort med et enkelt spin. Samlet set giver Planet Moolah spilleautomaten spillerne en r\u00e6kke spilmuligheder og sp\u00e6ndende gevinstpotentiale for at holde dem engagerede og underholdt.<\/p>\n<p><img loading=\"lazy\" decoding=\"async\" class=\"aligncenter size-full wp-image-8469\" src=\"https:\/\/rocketplay-new.com\/wp-content\/uploads\/2025\/07\/planet-moolah-2.webp\" alt=\"Planet Moolah slot 2\" width=\"800\" height=\"535\" srcset=\"https:\/\/rocketplay-new.com\/wp-content\/uploads\/2025\/07\/planet-moolah-2.webp 800w, https:\/\/rocketplay-new.com\/wp-content\/uploads\/2025\/07\/planet-moolah-2-300x201.webp 300w, https:\/\/rocketplay-new.com\/wp-content\/uploads\/2025\/07\/planet-moolah-2-768x514.webp 768w\" sizes=\"auto, (max-width: 800px) 100vw, 800px\" \/><\/p>\n<h2>ALMINDELIGE SP\u00d8RGSM\u00c5L OG SVAR &#8211; PLANET MOOLAH SPILLEAUTOMAT<\/h2>\n<p>Planet Moolah spilleautomaten er et popul\u00e6rt spil blandt casinoentusiaster, men der er ofte almindelige sp\u00f8rgsm\u00e5l, der opst\u00e5r, n\u00e5r man spiller dette spil. Et af de oftest stillede sp\u00f8rgsm\u00e5l er, hvordan man udl\u00f8ser bonusrunden i Planet Moolah. Bonusrunden aktiveres, n\u00e5r du lander p\u00e5 fire eller flere p\u00e5 hinanden f\u00f8lgende kaskadegevinster, hvilket giver dig op til 50 gratis spins. Et andet almindeligt sp\u00f8rgsm\u00e5l er, om spillet er fair og tilf\u00e6ldigt. Planet Moolah spilleautomaten drives af en tilf\u00e6ldig talgenerator, der sikrer, at hvert spin er fuldst\u00e6ndig tilf\u00e6ldigt og fair. Spillere sp\u00f8rger ogs\u00e5 ofte om spillets RTP (return to player) procentdel. RTP&#8217;en for Planet Moolah er omkring 96%, hvilket betyder, at spillerne over tid kan forvente at f\u00e5 tilbage omkring 96% af de penge, de satser. Samlet set er Planet Moolah spilleautomaten et sjovt og sp\u00e6ndende spil med masser af chancer for at vinde store pr\u00e6mier.<\/p>\n","protected":false},"excerpt":{"rendered":"<p>Planet Moolah spilleautomaten er et sjovt og sp\u00e6ndende spil, der bringer g\u00e5rden til live p\u00e5 en helt ny m\u00e5de. Med levende grafik og underholdende lydeffekter transporteres spillerne til en verden, hvor k\u00f8er, kyllinger og andre husdyr er showets stjerner. Spillet har kaskaderende hjul, gratis spins og chancen for at vinde stort med sit unikke tema&#8230;.<\/p>\n","protected":false},"author":1,"featured_media":6481,"parent":2514,"menu_order":0,"comment_status":"closed","ping_status":"closed","template":"","meta":{"_acf_changed":false,"_kad_post_transparent":"default","_kad_post_title":"default","_kad_post_layout":"default","_kad_post_sidebar_id":"","_kad_post_content_style":"default","_kad_post_vertical_padding":"default","_kad_post_feature":"","_kad_post_feature_position":"","_kad_post_header":false,"_kad_post_footer":false,"footnotes":""},"class_list":["post-8502","page","type-page","status-publish","has-post-thumbnail","hentry"],"acf":[],"rttpg_featured_image_url":{"full":["https:\/\/rocketplay-new.com\/wp-content\/uploads\/2025\/05\/planet-moolah-slot-machine-play-slot-for-free.png",936,675,false],"landscape":["https:\/\/rocketplay-new.com\/wp-content\/uploads\/2025\/05\/planet-moolah-slot-machine-play-slot-for-free.png",936,675,false],"portraits":["https:\/\/rocketplay-new.com\/wp-content\/uploads\/2025\/05\/planet-moolah-slot-machine-play-slot-for-free.png",936,675,false],"thumbnail":["https:\/\/rocketplay-new.com\/wp-content\/uploads\/2025\/05\/planet-moolah-slot-machine-play-slot-for-free-150x150.png",150,150,true],"medium":["https:\/\/rocketplay-new.com\/wp-content\/uploads\/2025\/05\/planet-moolah-slot-machine-play-slot-for-free-300x216.png",300,216,true],"large":["https:\/\/rocketplay-new.com\/wp-content\/uploads\/2025\/05\/planet-moolah-slot-machine-play-slot-for-free.png",936,675,false],"1536x1536":["https:\/\/rocketplay-new.com\/wp-content\/uploads\/2025\/05\/planet-moolah-slot-machine-play-slot-for-free.png",936,675,false],"2048x2048":["https:\/\/rocketplay-new.com\/wp-content\/uploads\/2025\/05\/planet-moolah-slot-machine-play-slot-for-free.png",936,675,false],"wppb-medium":["https:\/\/rocketplay-new.com\/wp-content\/uploads\/2025\/05\/planet-moolah-slot-machine-play-slot-for-free-600x450.png",600,450,true]},"rttpg_author":{"display_name":"John","author_link":"https:\/\/rocketplay-new.com\/da\/author\/pemvas95n89x\/"},"rttpg_comment":0,"rttpg_category":null,"rttpg_excerpt":"Planet Moolah spilleautomaten er et sjovt og sp\u00e6ndende spil, der bringer g\u00e5rden til live p\u00e5 en helt ny m\u00e5de. Med levende grafik og underholdende lydeffekter transporteres spillerne til en verden, hvor k\u00f8er, kyllinger og andre husdyr er showets stjerner. Spillet har kaskaderende hjul, gratis spins og chancen for at vinde stort med sit unikke tema....","_links":{"self":[{"href":"https:\/\/rocketplay-new.com\/da\/wp-json\/wp\/v2\/pages\/8502","targetHints":{"allow":["GET"]}}],"collection":[{"href":"https:\/\/rocketplay-new.com\/da\/wp-json\/wp\/v2\/pages"}],"about":[{"href":"https:\/\/rocketplay-new.com\/da\/wp-json\/wp\/v2\/types\/page"}],"author":[{"embeddable":true,"href":"https:\/\/rocketplay-new.com\/da\/wp-json\/wp\/v2\/users\/1"}],"replies":[{"embeddable":true,"href":"https:\/\/rocketplay-new.com\/da\/wp-json\/wp\/v2\/comments?post=8502"}],"version-history":[{"count":2,"href":"https:\/\/rocketplay-new.com\/da\/wp-json\/wp\/v2\/pages\/8502\/revisions"}],"predecessor-version":[{"id":8504,"href":"https:\/\/rocketplay-new.com\/da\/wp-json\/wp\/v2\/pages\/8502\/revisions\/8504"}],"up":[{"embeddable":true,"href":"https:\/\/rocketplay-new.com\/da\/wp-json\/wp\/v2\/pages\/2514"}],"wp:featuredmedia":[{"embeddable":true,"href":"https:\/\/rocketplay-new.com\/da\/wp-json\/wp\/v2\/media\/6481"}],"wp:attachment":[{"href":"https:\/\/rocketplay-new.com\/da\/wp-json\/wp\/v2\/media?parent=8502"}],"curies":[{"name":"wp","href":"https:\/\/api.w.org\/{rel}","templated":true}]}}