{"id":8176,"date":"2025-05-28T23:10:55","date_gmt":"2025-05-28T20:10:55","guid":{"rendered":"https:\/\/rocketplay-new.com\/slot-machines\/megabucks\/"},"modified":"2025-07-11T12:22:04","modified_gmt":"2025-07-11T09:22:04","slug":"megabucks","status":"publish","type":"page","link":"https:\/\/rocketplay-new.com\/da\/slot-machines\/megabucks\/","title":{"rendered":"Megabucks spilleautomat &#8211; Spil spilleautomat gratis"},"content":{"rendered":"<p>Megabucks spilleautomaten er en af \u200b\u200bde mest popul\u00e6re og ikoniske spilleautomater p\u00e5 casinoer verden over. Megabucks spilleautomaten er kendt for sine massive jackpots og sp\u00e6ndende gameplay og giver spillerne chancen for at vinde stort med blot et enkelt spin. Med sit elegante design og brugervenlige interface kan spillerne nemt navigere i spillet og nyde sp\u00e6ndingen ved at ramme jackpotten. Og det bedste af det? Du kan nu spille Megabucks spilleautomaten gratis online, hvilket giver dig chancen for at opleve sp\u00e6ndingen og de potentielle gevinster uden at skulle bruge en krone. S\u00e5 hvorfor vente? Pr\u00f8v lykken p\u00e5 Megabucks spilleautomaten i dag og se, om du har det, der skal til for at ramme den store jackpot!<\/p>\n<div class=\"go-btn-container\"><div class=\"tosh-btn\"><a href=\"\/go-casino\/\" target=\"_blank\">SPIL NU<\/a><\/div><\/div>\n<h2>OVERSIGT MEGABUCKS SPILLEAUTOMAT<\/h2>\n<p>Megabucks spilleautomaten er en af \u200b\u200bde mest kendte og popul\u00e6re spilleautomater p\u00e5 casinoer verden over. Megabucks-maskinen er kendt for sin massive progressive jackpot og har potentialet til at g\u00f8re spillere til \u00f8jeblikkelige million\u00e6rer med blot \u00e9t heldigt spin. Spillets koncept er simpelt &#8211; spillere skal satse det maksimale bel\u00f8b og finde den rigtige kombination af symboler for at vinde jackpotten. Jackpotten starter p\u00e5 10 millioner dollars og forts\u00e6tter med at vokse, indtil den vindes, og n\u00e5r ofte rekordstore bel\u00f8b. Megabucks-maskinens tiltr\u00e6kningskraft ligger i chancen for at vinde livs\u00e6ndrende pengesummer med blot et enkelt spin, hvilket g\u00f8r den til en favorit blandt b\u00e5de almindelige og seri\u00f8se spillere. Selvom oddsene for at vinde jackpotten er sm\u00e5, f\u00e5r sp\u00e6ndingen og den potentielle gevinst spillerne til at komme tilbage for mere. Med sine h\u00f8je indsatser og potentiale for enorme bel\u00f8nninger forbliver Megabucks spilleautomaten en topattraktion p\u00e5 casinoer verden over.<\/p>\n<p><img loading=\"lazy\" decoding=\"async\" class=\"aligncenter size-full wp-image-8151\" src=\"https:\/\/rocketplay-new.com\/wp-content\/uploads\/2025\/07\/megabucks-slot-machine-play-slot-for-free-2.webp\" alt=\"Megabucks slot machine - Play Slot for Free 2\" width=\"800\" height=\"436\" srcset=\"https:\/\/rocketplay-new.com\/wp-content\/uploads\/2025\/07\/megabucks-slot-machine-play-slot-for-free-2.webp 800w, https:\/\/rocketplay-new.com\/wp-content\/uploads\/2025\/07\/megabucks-slot-machine-play-slot-for-free-2-300x164.webp 300w, https:\/\/rocketplay-new.com\/wp-content\/uploads\/2025\/07\/megabucks-slot-machine-play-slot-for-free-2-768x419.webp 768w\" sizes=\"auto, (max-width: 800px) 100vw, 800px\" \/><\/p>\n<h2>MEGABUCKS SPILLEAUTOMAT: TEMA, VISUELLE ELEMENTER OG MUSIK<\/h2>\n<p>Megabucks spilleautomaten er et popul\u00e6rt spil, der findes p\u00e5 casinoer over hele verden. Spillets tema er centreret omkring ideen om at vinde stort. Maskinens visuelle elementer er lyse og prangende med dristige farver og i\u00f8jnefaldende grafik, der tiltr\u00e6kker spillerne. Hjulene er fyldt med symboler som dollartegn, kirseb\u00e6r og heldige syvere, hvilket bidrager til sp\u00e6ndingen ved spillet. Musikken, der ledsager gameplayet, er munter og energisk og skaber en f\u00f8lelse af forventning og sp\u00e6nding, mens hjulene drejer. Samlet set skaber kombinationen af \u200b\u200btema, visuelle elementer og musikken p\u00e5 Megabucks spilleautomaten en fordybende og engagerende oplevelse for spillere, der \u00f8nsker at vinde stort.<\/p>\n<h2>S\u00c5DAN SPILLER DU MEGABUCKS SPILLEAUTOMAT<\/h2>\n<p>At spille Megabucks spilleautomaten kan v\u00e6re en sp\u00e6ndende oplevelse for dem, der \u00f8nsker at vinde stort. For at starte skal spillerne inds\u00e6tte deres penge eller casinokort i maskinen og v\u00e6lge, hvor mange betalingslinjer de vil satse p\u00e5. Jo flere betalingslinjer der v\u00e6lges, desto h\u00f8jere er chancerne for at vinde. Dern\u00e6st skal spillerne beslutte, hvor meget de vil satse pr. linje. N\u00e5r disse valg er foretaget, kan de dreje hjulene og vente p\u00e5 resultatet. M\u00e5let er at matche symboler p\u00e5 tv\u00e6rs af betalingslinjerne for at vinde pr\u00e6mier. Nogle maskiner tilbyder ogs\u00e5 bonusrunder eller progressive jackpots, hvilket \u00f8ger sp\u00e6ndingen. Det er vigtigt at huske, at det at spille spilleautomater er et hasardspil, s\u00e5 det er vigtigt at s\u00e6tte et budget og holde sig til det. Med lidt held og strategi kan spillere f\u00e5 en sp\u00e6ndende oplevelse med at spille Megabucks spilleautomater og potentielt ende med en k\u00e6mpe jackpot.<\/p>\n<div class=\"go-btn-container\"><div class=\"tosh-btn\"><a href=\"\/go-casino\/\" target=\"_blank\">SPIL NU<\/a><\/div><\/div>\n<h2>MEGABUCKS SPILLEAUTOMAT: SPILMULIGHEDER OG GEVINSTPOTENTIAL<\/h2>\n<p>Megabucks spilleautomaten er en af \u200b\u200bde mest popul\u00e6re og velkendte spilleautomater i casinoer over hele verden. En af de vigtigste funktioner, der g\u00f8r dette spil s\u00e5 tiltalende for spillere, er dens brede udvalg af spilmuligheder og potentialet for massive gevinster. Med en minimumsindsats p\u00e5 blot et par cent kan spillerne v\u00e6lge at satse p\u00e5 flere betalingslinjer og \u00f8ge deres chancer for at ramme jackpotten. Megabucks spilleautomaten tilbyder en progressiv jackpot, der kan n\u00e5 op i millioner, hvilket g\u00f8r den til en lukrativ mulighed for spillere, der \u00f8nsker at vinde jackpotten. Selvom oddsene for at vinde jackpotten er sm\u00e5, f\u00e5r sp\u00e6ndingen og forventningen om potentielt at ramme den livs\u00e6ndrende gevinst spillerne til at komme tilbage efter mere. Med s\u00e5 h\u00f8je indsatser og muligheden for at vinde stort, forts\u00e6tter Megabucks spilleautomaten med at v\u00e6re et popul\u00e6rt valg for b\u00e5de afslappede og seri\u00f8se spillere.<\/p>\n<p><img loading=\"lazy\" decoding=\"async\" class=\"aligncenter size-full wp-image-8142\" src=\"https:\/\/rocketplay-new.com\/wp-content\/uploads\/2025\/07\/megabucks-slot-machine-play-slot-for-free-1.webp\" alt=\"Megabucks slot machine - Play Slot for Free\" width=\"800\" height=\"580\" srcset=\"https:\/\/rocketplay-new.com\/wp-content\/uploads\/2025\/07\/megabucks-slot-machine-play-slot-for-free-1.webp 800w, https:\/\/rocketplay-new.com\/wp-content\/uploads\/2025\/07\/megabucks-slot-machine-play-slot-for-free-1-300x218.webp 300w, https:\/\/rocketplay-new.com\/wp-content\/uploads\/2025\/07\/megabucks-slot-machine-play-slot-for-free-1-768x557.webp 768w\" sizes=\"auto, (max-width: 800px) 100vw, 800px\" \/><\/p>\n<h2>ALMINDELIGE SP\u00d8RGSM\u00c5L OG SVAR &#8211; MEGABUCKS SPILLEAUTOMAT<\/h2>\n<p>Megabucks spilleautomaten er kendt for sine massive jackpotpr\u00e6mier, der ofte n\u00e5r op i millioner af dollars. Derfor har mange spillere sp\u00f8rgsm\u00e5l om, hvordan de kan \u00f8ge deres chancer for at vinde p\u00e5 denne popul\u00e6re maskine. Et almindeligt sp\u00f8rgsm\u00e5l er, om der er en specifik strategi, der kan hj\u00e6lpe spillere med at vinde p\u00e5 Megabucks spilleautomaten. Svaret p\u00e5 dette er nej, da spilleautomater udelukkende er baseret p\u00e5 held, og der ikke er nogen garanteret m\u00e5de at vinde p\u00e5. Et andet ofte stillet sp\u00f8rgsm\u00e5l er, hvor ofte jackpotten rammes p\u00e5 Megabucks-maskinen. Svaret p\u00e5 dette varierer, da jackpotten vindes tilf\u00e6ldigt og kan rammes n\u00e5r som helst. Derudover \u00f8nsker spillere ofte at kende oddsene for at vinde jackpotten p\u00e5 Megabucks-maskinen. Oddsene for at vinde jackpotten p\u00e5 Megabucks-maskinen er typisk meget lave, da maskinen er designet til at tilbyde store jackpotpr\u00e6mier med lav sandsynlighed for at vinde. Samlet set, selvom der ikke er nogen idiotsikre strategier til at vinde p\u00e5 Megabucks spilleautomaten, kan spillere stadig nyde sp\u00e6ndingen og sp\u00e6ndingen ved at spille for en chance for en livs\u00e6ndrende jackpot.<\/p>\n","protected":false},"excerpt":{"rendered":"<p>Megabucks spilleautomaten er en af \u200b\u200bde mest popul\u00e6re og ikoniske spilleautomater p\u00e5 casinoer verden over. Megabucks spilleautomaten er kendt for sine massive jackpots og sp\u00e6ndende gameplay og giver spillerne chancen for at vinde stort med blot et enkelt spin. Med sit elegante design og brugervenlige interface kan spillerne nemt navigere i spillet og nyde sp\u00e6ndingen&#8230;<\/p>\n","protected":false},"author":1,"featured_media":6307,"parent":2514,"menu_order":0,"comment_status":"closed","ping_status":"closed","template":"","meta":{"_acf_changed":false,"_kad_post_transparent":"default","_kad_post_title":"default","_kad_post_layout":"default","_kad_post_sidebar_id":"","_kad_post_content_style":"default","_kad_post_vertical_padding":"default","_kad_post_feature":"","_kad_post_feature_position":"","_kad_post_header":false,"_kad_post_footer":false,"footnotes":""},"class_list":["post-8176","page","type-page","status-publish","has-post-thumbnail","hentry"],"acf":[],"rttpg_featured_image_url":{"full":["https:\/\/rocketplay-new.com\/wp-content\/uploads\/2025\/05\/megabucks-slot-machine-play-slot-for-free.png",977,773,false],"landscape":["https:\/\/rocketplay-new.com\/wp-content\/uploads\/2025\/05\/megabucks-slot-machine-play-slot-for-free.png",977,773,false],"portraits":["https:\/\/rocketplay-new.com\/wp-content\/uploads\/2025\/05\/megabucks-slot-machine-play-slot-for-free.png",977,773,false],"thumbnail":["https:\/\/rocketplay-new.com\/wp-content\/uploads\/2025\/05\/megabucks-slot-machine-play-slot-for-free-150x150.png",150,150,true],"medium":["https:\/\/rocketplay-new.com\/wp-content\/uploads\/2025\/05\/megabucks-slot-machine-play-slot-for-free-300x237.png",300,237,true],"large":["https:\/\/rocketplay-new.com\/wp-content\/uploads\/2025\/05\/megabucks-slot-machine-play-slot-for-free.png",977,773,false],"1536x1536":["https:\/\/rocketplay-new.com\/wp-content\/uploads\/2025\/05\/megabucks-slot-machine-play-slot-for-free.png",977,773,false],"2048x2048":["https:\/\/rocketplay-new.com\/wp-content\/uploads\/2025\/05\/megabucks-slot-machine-play-slot-for-free.png",977,773,false],"wppb-medium":["https:\/\/rocketplay-new.com\/wp-content\/uploads\/2025\/05\/megabucks-slot-machine-play-slot-for-free-600x450.png",600,450,true]},"rttpg_author":{"display_name":"John","author_link":"https:\/\/rocketplay-new.com\/da\/author\/pemvas95n89x\/"},"rttpg_comment":0,"rttpg_category":null,"rttpg_excerpt":"Megabucks spilleautomaten er en af \u200b\u200bde mest popul\u00e6re og ikoniske spilleautomater p\u00e5 casinoer verden over. Megabucks spilleautomaten er kendt for sine massive jackpots og sp\u00e6ndende gameplay og giver spillerne chancen for at vinde stort med blot et enkelt spin. Med sit elegante design og brugervenlige interface kan spillerne nemt navigere i spillet og nyde sp\u00e6ndingen...","_links":{"self":[{"href":"https:\/\/rocketplay-new.com\/da\/wp-json\/wp\/v2\/pages\/8176","targetHints":{"allow":["GET"]}}],"collection":[{"href":"https:\/\/rocketplay-new.com\/da\/wp-json\/wp\/v2\/pages"}],"about":[{"href":"https:\/\/rocketplay-new.com\/da\/wp-json\/wp\/v2\/types\/page"}],"author":[{"embeddable":true,"href":"https:\/\/rocketplay-new.com\/da\/wp-json\/wp\/v2\/users\/1"}],"replies":[{"embeddable":true,"href":"https:\/\/rocketplay-new.com\/da\/wp-json\/wp\/v2\/comments?post=8176"}],"version-history":[{"count":2,"href":"https:\/\/rocketplay-new.com\/da\/wp-json\/wp\/v2\/pages\/8176\/revisions"}],"predecessor-version":[{"id":8179,"href":"https:\/\/rocketplay-new.com\/da\/wp-json\/wp\/v2\/pages\/8176\/revisions\/8179"}],"up":[{"embeddable":true,"href":"https:\/\/rocketplay-new.com\/da\/wp-json\/wp\/v2\/pages\/2514"}],"wp:featuredmedia":[{"embeddable":true,"href":"https:\/\/rocketplay-new.com\/da\/wp-json\/wp\/v2\/media\/6307"}],"wp:attachment":[{"href":"https:\/\/rocketplay-new.com\/da\/wp-json\/wp\/v2\/media?parent=8176"}],"curies":[{"name":"wp","href":"https:\/\/api.w.org\/{rel}","templated":true}]}}