{"id":4449,"date":"2024-01-19T12:21:26","date_gmt":"2024-01-19T09:21:26","guid":{"rendered":"https:\/\/rocketplay-new.com\/responsible-gaming\/"},"modified":"2024-01-19T23:32:57","modified_gmt":"2024-01-19T20:32:57","slug":"responsible-gaming","status":"publish","type":"page","link":"https:\/\/rocketplay-new.com\/da\/responsible-gaming\/","title":{"rendered":"Ansvarligt spil"},"content":{"rendered":"<p>I onlinekasinoernes sp\u00e6ndende verden skiller RocketPlay sig ikke kun ud for sine sp\u00e6ndende spil og banebrydende teknologi, men ogs\u00e5 for sit urokkelige engagement i ansvarligt spil. Som en ansvarlig og spillercentreret platform placerer RocketPlay Casino sine brugeres velbefindende i h\u00f8js\u00e6det, hvilket sikrer et sikkert og behageligt spilmilj\u00f8 for alle. Denne omfattende udforskning dykker ned i de forskellige aspekter af RocketPlays initiativer til ansvarligt spil og fremh\u00e6ver de foranstaltninger, der er truffet for at fremme en sund spiloplevelse.<\/p>\n<h2>Politikker for spillerbeskyttelse<\/h2>\n<p>Hos RocketPlay Casino ligger grundlaget for ansvarligt spil i robuste spillerbeskyttelsespolitikker. Platformen overholder strengt industriens bedste praksis og regulatoriske standarder for at beskytte sine brugere. Strenge aldersbekr\u00e6ftelsesprocesser er p\u00e5 plads for at sikre, at kun personer i den lovlige spillealder f\u00e5r adgang til platformen. Denne omhyggelige tilgang forhindrer mindre\u00e5rige spil og fremmer et sikkert og trov\u00e6rdigt spilomr\u00e5de.<\/p>\n<h2>Uddannelsesinitiativer<\/h2>\n<p>RocketPlay forst\u00e5r vigtigheden af informeret beslutningstagning, n\u00e5r det kommer til online gambling. Platformen g\u00e5r ud over det ved at implementere omfattende uddannelsesinitiativer for at fremme bevidstheden om ansvarlig spilpraksis. Gennem informative artikler, interaktive selvstudier og engagerende indhold giver RocketPlay sine spillere viden til at tr\u00e6ffe ansvarlige valg. Emnerne sp\u00e6nder fra at forst\u00e5 de risici, der er forbundet med spil, til at genkende tegn p\u00e5 problematisk adf\u00e6rd og skabe en kultur med informeret og ansvarligt spil.<\/p>\n<h2>Indstillinger for selvekskludering<\/h2>\n<p>I erkendelse af, at nogle spillere kan have brug for en pause fra spil, tilbyder RocketPlay Casino muligheder for selvudelukkelse. Denne styrkende funktion giver brugerne mulighed for at tage kontrol over deres spillevaner ved frivilligt at udelukke sig selv fra platformen i en bestemt periode. Brugere kan ikke f\u00e5 adgang til deres konti i dette tidsrum, hvilket forst\u00e6rker vigtigheden af ansvarligt spil og opmuntrer spillere til at holde pauser, n\u00e5r det er n\u00f8dvendigt. Selvekskluderingsfunktionen er et bevis p\u00e5 RocketPlays dedikation til at fremme en sund balance mellem underholdning og ansvarligt spil.<\/p>\n<h2>Gr\u00e6nser for indskud og indsatser<\/h2>\n<p>RocketPlay Casino har implementeret gr\u00e6nser for indskud og indsatser for at forhindre overdreven gambling og fremme \u00f8konomisk ansvarlighed. Spillere kan s\u00e6tte personlige gr\u00e6nser p\u00e5 deres konti, hvilket sikrer, at de holder sig inden for foruddefinerede gr\u00e6nser. Disse gr\u00e6nser kan justeres baseret p\u00e5 individuelle pr\u00e6ferencer, hvilket giver spillerne mulighed for at skr\u00e6ddersy deres spiloplevelse til at tilpasse sig ansvarlig praksis. RocketPlay fremmer en b\u00e6redygtig og forn\u00f8jelig spiloplevelse ved at opmuntre brugerne til at etablere \u00f8konomiske gr\u00e6nser.<\/p>\n<h2>Overv\u00e5gning og intervention<\/h2>\n<p>RocketPlay anvender avancerede overv\u00e5gningssystemer til at identificere potentielle tegn p\u00e5 problematisk spilleadf\u00e6rd. Disse systemer analyserer brugeraktivitet og leder efter m\u00f8nstre, der indikerer overdreven spil eller usunde vaner. I tilf\u00e6lde, hvor der opdages r\u00f8de flag, griber kasinoet \u00f8jeblikkeligt ind og kontakter spilleren med support og ressourcer. Denne proaktive tilgang understreger RocketPlays forpligtelse til at fremme et f\u00e6llesskab af ansvarlige spillere, hvor assistance er let tilg\u00e6ngelig for dem, der m\u00e5tte have brug for det.<\/p>\n<h2>Samarbejde med ansvarlige spilorganisationer<\/h2>\n<p>RocketPlay Casino samarbejder aktivt med anerkendte, ansvarlige spilorganisationer for at forblive p\u00e5 forkant med branchens bedste praksis. Ved at samarbejde med enheder, der er dedikeret til at fremme ansvarligt spil, sikrer RocketPlay, at dets politikker og initiativer er i overensstemmelse med den nyeste forskning og standarder. Denne samarbejdsindsats forbedrer platformens evne til at h\u00e5ndtere nye udfordringer og konsekvent give brugerne et sikkert og ansvarligt spilmilj\u00f8.<\/p>\n<h2>Promovering af ansvarlig annoncering<\/h2>\n<p>Ud over interne foranstaltninger tager RocketPlay Casino ansvar for sin annonceringspraksis. Platformen er forpligtet til at promovere ansvarligt spil i dets markedsf\u00f8ringsmateriale og afholde sig fra at bruge vildledende eller lokkende sprog, der kan tilskynde til overdreven gambling. Ved at indf\u00f8re etisk reklamepraksis, sigter RocketPlay p\u00e5 at skabe en gennemsigtig og \u00e6rlig repr\u00e6sentation af sin spiloplevelse, i overensstemmelse med dens bredere forpligtelse til ansvarligt spil.<\/p>\n<h2>Samfundsengagement og support<\/h2>\n<p>RocketPlay forst\u00e5r, at ansvarligt spil er en kollektiv indsats, der involverer platformen og dens f\u00e6llesskab. Kasinoet engagerer sig med sine brugere gennem f\u00e6llesskabsfora, sociale medier og st\u00f8ttekanaler for at fremme \u00e5bne diskussioner om ansvarligt spil. RocketPlay opfordrer spillere til at dele deres erfaringer og s\u00f8ge hj\u00e6lp ved at skabe et st\u00f8ttende og forst\u00e5ende f\u00e6llesskab, hvilket forst\u00e6rker vigtigheden af ansvarligt spil i brugerbasen.<\/p>\n<h2>Kontinuerlig forbedring og innovation<\/h2>\n<p>RocketPlay Casino forbliver dedikeret til kontinuerlig forbedring og innovation i sine initiativer til ansvarligt spil, efterh\u00e5nden som spillandskabet udvikler sig. Platformen s\u00f8ger aktivt feedback fra brugere, eksperter og industriens interessenter for at forfine sine politikker og introducere nye funktioner, der forbedrer spillerbeskyttelsen. Ved at v\u00e6re p\u00e5 forkant med nye trends og udfordringer sikrer RocketPlay, at dens ansvarlige spilramme udvikler sig for at im\u00f8dekomme de skiftende behov hos dens mangfoldige spillerbase.<\/p>\n<h2>Konklusion: En sikrere og mere behagelig spiloplevelse<\/h2>\n<p>Som konklusion er RocketPlay Casinos forpligtelse til ansvarligt spil ikke kun en funktion, men en kernev\u00e6rdi, der former dets identitet. Ved at implementere et omfattende s\u00e6t af foranstaltninger, fra spillerbeskyttelsespolitikker til samarbejde med ansvarlige spilorganisationer, g\u00e5r RocketPlay ud over at skabe en sikrere og mere behagelig spiloplevelse. Mens online spilindustrien forts\u00e6tter med at udvikle sig, forbliver RocketPlay standhaftig i sin dedikation til at fremme en kultur af ansvarligt spil, hvor spillere kan hengive sig til sp\u00e6ndingen ved kasinounderholdning med selvtillid og ro i sindet.<\/p>\n","protected":false},"excerpt":{"rendered":"<p>I onlinekasinoernes sp\u00e6ndende verden skiller RocketPlay sig ikke kun ud for sine sp\u00e6ndende spil og banebrydende teknologi, men ogs\u00e5 for sit urokkelige engagement i ansvarligt spil. Som en ansvarlig og spillercentreret platform placerer RocketPlay Casino sine brugeres velbefindende i h\u00f8js\u00e6det, hvilket sikrer et sikkert og behageligt spilmilj\u00f8 for alle. Denne omfattende udforskning dykker ned i&#8230;<\/p>\n","protected":false},"author":1,"featured_media":0,"parent":0,"menu_order":0,"comment_status":"closed","ping_status":"closed","template":"","meta":{"_acf_changed":false,"_kad_post_transparent":"default","_kad_post_title":"default","_kad_post_layout":"default","_kad_post_sidebar_id":"","_kad_post_content_style":"default","_kad_post_vertical_padding":"default","_kad_post_feature":"","_kad_post_feature_position":"","_kad_post_header":false,"_kad_post_footer":false,"footnotes":""},"class_list":["post-4449","page","type-page","status-publish","hentry"],"acf":[],"rttpg_featured_image_url":null,"rttpg_author":{"display_name":"John","author_link":"https:\/\/rocketplay-new.com\/da\/author\/pemvas95n89x\/"},"rttpg_comment":0,"rttpg_category":null,"rttpg_excerpt":"I onlinekasinoernes sp\u00e6ndende verden skiller RocketPlay sig ikke kun ud for sine sp\u00e6ndende spil og banebrydende teknologi, men ogs\u00e5 for sit urokkelige engagement i ansvarligt spil. Som en ansvarlig og spillercentreret platform placerer RocketPlay Casino sine brugeres velbefindende i h\u00f8js\u00e6det, hvilket sikrer et sikkert og behageligt spilmilj\u00f8 for alle. Denne omfattende udforskning dykker ned i...","_links":{"self":[{"href":"https:\/\/rocketplay-new.com\/da\/wp-json\/wp\/v2\/pages\/4449","targetHints":{"allow":["GET"]}}],"collection":[{"href":"https:\/\/rocketplay-new.com\/da\/wp-json\/wp\/v2\/pages"}],"about":[{"href":"https:\/\/rocketplay-new.com\/da\/wp-json\/wp\/v2\/types\/page"}],"author":[{"embeddable":true,"href":"https:\/\/rocketplay-new.com\/da\/wp-json\/wp\/v2\/users\/1"}],"replies":[{"embeddable":true,"href":"https:\/\/rocketplay-new.com\/da\/wp-json\/wp\/v2\/comments?post=4449"}],"version-history":[{"count":2,"href":"https:\/\/rocketplay-new.com\/da\/wp-json\/wp\/v2\/pages\/4449\/revisions"}],"predecessor-version":[{"id":4451,"href":"https:\/\/rocketplay-new.com\/da\/wp-json\/wp\/v2\/pages\/4449\/revisions\/4451"}],"wp:attachment":[{"href":"https:\/\/rocketplay-new.com\/da\/wp-json\/wp\/v2\/media?parent=4449"}],"curies":[{"name":"wp","href":"https:\/\/api.w.org\/{rel}","templated":true}]}}