{"id":4425,"date":"2024-01-19T13:55:57","date_gmt":"2024-01-19T10:55:57","guid":{"rendered":"https:\/\/rocketplay-new.com\/privacy-policy\/"},"modified":"2024-01-19T23:15:28","modified_gmt":"2024-01-19T20:15:28","slug":"privacy-policy","status":"publish","type":"page","link":"https:\/\/rocketplay-new.com\/da\/privacy-policy\/","title":{"rendered":"Fortrolighedspolitik"},"content":{"rendered":"<p>I vores digitale tidsalder er privatlivet i h\u00f8js\u00e6det, og hos RocketPlay Casino prioriterer vi at beskytte dine personlige oplysninger. Denne privatlivspolitik beskriver vores forpligtelse til at beskytte dine data, sikre gennemsigtighed og skabe tillid mellem dig og vores platform. Ved at engagere dig med RocketPlay Casino, accepterer du den praksis, der er beskrevet heri.<\/p>\n<h2>Vores forpligtelse til dit privatliv<\/h2>\n<p>Hos RocketPlay Casino anerkender vi vigtigheden af privatliv i onlinespil. Dette afsnit giver et overblik over vores dedikation til at sikre dine data og opretholde de h\u00f8jeste standarder for fortrolighed.<\/p>\n<h2>Oplysninger, vi indsamler: At finde den rigtige balance<\/h2>\n<p>At forst\u00e5 de typer oplysninger, vi indsamler, er afg\u00f8rende for at opbygge et sikkert onlinemilj\u00f8. RocketPlay Casino indsamler data for at forbedre din spilleoplevelse, men vi indsamler omhyggeligt kun n\u00f8dvendige oplysninger. Dette afsnit beskriver de kategorier af oplysninger, vi kan indsamle, herunder personlige oplysninger, enhedsoplysninger og spilpr\u00e6ferencer.<\/p>\n<h2>S\u00e5dan bruger vi dine oplysninger: Skr\u00e6ddersy din oplevelse<\/h2>\n<p>RocketPlay Casino bruger dine data til at personligg\u00f8re og forbedre din spilleoplevelse. Dette afsnit skitserer de forskellige m\u00e5der, vi kan bruge dine oplysninger p\u00e5, fra kontoadministration til optimering af spilforslag. Du kan v\u00e6re sikker p\u00e5, at dine data bruges ansvarligt og i henhold til lovbestemmelser.<\/p>\n<h2>Datasikkerhed: Bef\u00e6stelse af dine oplysninger<\/h2>\n<p>Beskyttelse af dine oplysninger er en topprioritet hos RocketPlay Casino. Dette afsnit dykker ned i de sikkerhedsforanstaltninger, vi anvender for at beskytte dine data mod uautoriseret adgang, offentligg\u00f8relse eller \u00e6ndring. Vores brug af kryptering, sikker socket-lagteknologi og regelm\u00e6ssige sikkerhedsrevisioner viser vores urokkelige engagement i dit privatliv.<\/p>\n<h2>Deling af dine oplysninger: Gennemsigtighed er n\u00f8glen<\/h2>\n<p>Mens vi tager skridt til at beskytte dine oplysninger, er der tilf\u00e6lde, hvor deling er n\u00f8dvendig for en problemfri drift af RocketPlay Casino. Dette afsnit beskriver de omst\u00e6ndigheder, hvorunder vi kan dele dine data med tredjeparter, og sikrer, at det g\u00f8res ansvarligt og i overensstemmelse med g\u00e6ldende love.<\/p>\n<h2>Dine valg og kontrol: Styrk dit privatliv<\/h2>\n<p>RocketPlay Casino tror p\u00e5 at give dig kontrol over dine data. Dette afsnit beskriver dine valg med hensyn til de oplysninger, du giver, og hvordan de bruges. Fra kontoindstillinger til kommunikationspr\u00e6ferencer giver vi dig mulighed for at skr\u00e6ddersy din oplevelse, s\u00e5 den stemmer overens med dine privatlivspr\u00e6ferencer.<\/p>\n<h2>Cookies og sporingsteknologier: Forbedring af brugeroplevelsen<\/h2>\n<p>Cookies og sporingsteknologier spiller en rolle i at optimere din interaktion med RocketPlay Casino. Dette afsnit belyser vores brug af disse v\u00e6rkt\u00f8jer og forklarer, hvordan de gavner dig ved at forbedre webstedets funktionalitet, tilpasse indhold og facilitere en mere behagelig spiloplevelse.<\/p>\n<h2>Internationale dataoverf\u00f8rsler: Sikring af global overholdelse<\/h2>\n<p>Som en online platform kan RocketPlay Casino overf\u00f8re dine data internationalt. Dette afsnit omhandler, hvordan vi navigerer p\u00e5 tv\u00e6rs af gr\u00e6nser over dataoverf\u00f8rsler, og understreger vores forpligtelse til at overholde relevante databeskyttelseslove og sikre, at dine oplysninger forbliver sikre, uanset placering.<\/p>\n<h2>B\u00f8rns privatliv: En s\u00e6rlig overvejelse<\/h2>\n<p>RocketPlay Casino er beregnet til voksne, og vi indsamler ikke bevidst oplysninger fra personer under den lovlige spillealder. Dette afsnit beskriver vores bestr\u00e6belser p\u00e5 at beskytte b\u00f8rns privatliv og opfordrer til ansvarlig spilpraksis.<\/p>\n<h2>\u00c6ndringer af privatlivspolitikken: Holder dig informeret<\/h2>\n<p>RocketPlay Casino er forpligtet til gennemsigtighed, og dette afsnit forklarer, hvordan vi kommunikerer \u00e6ndringer til vores privatlivspolitik. Regelm\u00e6ssige opdateringer sikrer, at du altid er informeret om, hvordan dine data h\u00e5ndteres, og giver dig mulighed for at gennemg\u00e5 og justere dine privatlivsindstillinger i overensstemmelse hermed.<\/p>\n<h2>Kontakt os: Din feedback er vigtig<\/h2>\n<p>Din feedback er uvurderlig for RocketPlay Casino. Dette afsnit indeholder oplysninger om, hvordan du kontakter os med sp\u00f8rgsm\u00e5l, bekymringer eller anmodninger relateret til dit privatliv. Vi hilser \u00e5ben kommunikation velkommen og er dedikeret til at besvare dine henvendelser hurtigt og effektivt.<\/p>\n<h2>Din tillid, vores prioritet<\/h2>\n<p>Som konklusion v\u00e6rds\u00e6tter RocketPlay Casino dit privatliv og er forpligtet til at fremme et sikkert og trov\u00e6rdigt spilmilj\u00f8. Ved at prioritere gennemsigtighed, anvende robuste sikkerhedsforanstaltninger og give dig kontrol over dine data, sigter vi mod at opbygge et varigt forhold baseret p\u00e5 tillid og gensidig respekt. Tak fordi du valgte RocketPlay Casino, hvor dit privatliv er vores prioritet.<\/p>\n","protected":false},"excerpt":{"rendered":"<p>I vores digitale tidsalder er privatlivet i h\u00f8js\u00e6det, og hos RocketPlay Casino prioriterer vi at beskytte dine personlige oplysninger. Denne privatlivspolitik beskriver vores forpligtelse til at beskytte dine data, sikre gennemsigtighed og skabe tillid mellem dig og vores platform. Ved at engagere dig med RocketPlay Casino, accepterer du den praksis, der er beskrevet heri. Vores&#8230;<\/p>\n","protected":false},"author":1,"featured_media":0,"parent":0,"menu_order":0,"comment_status":"closed","ping_status":"closed","template":"","meta":{"_acf_changed":false,"_kad_post_transparent":"default","_kad_post_title":"default","_kad_post_layout":"default","_kad_post_sidebar_id":"","_kad_post_content_style":"default","_kad_post_vertical_padding":"default","_kad_post_feature":"","_kad_post_feature_position":"","_kad_post_header":false,"_kad_post_footer":false,"footnotes":""},"class_list":["post-4425","page","type-page","status-publish","hentry"],"acf":[],"rttpg_featured_image_url":null,"rttpg_author":{"display_name":"John","author_link":"https:\/\/rocketplay-new.com\/da\/author\/pemvas95n89x\/"},"rttpg_comment":0,"rttpg_category":null,"rttpg_excerpt":"I vores digitale tidsalder er privatlivet i h\u00f8js\u00e6det, og hos RocketPlay Casino prioriterer vi at beskytte dine personlige oplysninger. Denne privatlivspolitik beskriver vores forpligtelse til at beskytte dine data, sikre gennemsigtighed og skabe tillid mellem dig og vores platform. Ved at engagere dig med RocketPlay Casino, accepterer du den praksis, der er beskrevet heri. Vores...","_links":{"self":[{"href":"https:\/\/rocketplay-new.com\/da\/wp-json\/wp\/v2\/pages\/4425","targetHints":{"allow":["GET"]}}],"collection":[{"href":"https:\/\/rocketplay-new.com\/da\/wp-json\/wp\/v2\/pages"}],"about":[{"href":"https:\/\/rocketplay-new.com\/da\/wp-json\/wp\/v2\/types\/page"}],"author":[{"embeddable":true,"href":"https:\/\/rocketplay-new.com\/da\/wp-json\/wp\/v2\/users\/1"}],"replies":[{"embeddable":true,"href":"https:\/\/rocketplay-new.com\/da\/wp-json\/wp\/v2\/comments?post=4425"}],"version-history":[{"count":1,"href":"https:\/\/rocketplay-new.com\/da\/wp-json\/wp\/v2\/pages\/4425\/revisions"}],"predecessor-version":[{"id":4426,"href":"https:\/\/rocketplay-new.com\/da\/wp-json\/wp\/v2\/pages\/4425\/revisions\/4426"}],"wp:attachment":[{"href":"https:\/\/rocketplay-new.com\/da\/wp-json\/wp\/v2\/media?parent=4425"}],"curies":[{"name":"wp","href":"https:\/\/api.w.org\/{rel}","templated":true}]}}