{"id":4396,"date":"2024-01-19T14:12:34","date_gmt":"2024-01-19T11:12:34","guid":{"rendered":"https:\/\/rocketplay-new.com\/kyc-policy\/"},"modified":"2024-01-19T22:56:37","modified_gmt":"2024-01-19T19:56:37","slug":"kyc-policy","status":"publish","type":"page","link":"https:\/\/rocketplay-new.com\/da\/kyc-policy\/","title":{"rendered":"KYC politik"},"content":{"rendered":"<p>I den dynamiske verden af online spil skiller RocketPlay Casino sig ud for sit sp\u00e6ndende udvalg af spil og dets standhaftige engagement i at sikre et sikkert og ansvarligt spilmilj\u00f8. En af de vigtigste s\u00f8jler, der underst\u00f8tter denne forpligtelse, er RocketPlay Casinos robuste Kend din kunde-politik (KYC). I denne omfattende udforskning dykker vi ned i forviklingerne af RocketPlays KYC-politik, og forst\u00e5r dens betydning for at opretholde platformens integritet og beskytte spillernes interesser.<\/p>\n<h2>Introduktion til KYC: Opbygning af tillid gennem verifikation<\/h2>\n<p>Kend din kunde, almindeligvis kendt som KYC, er et s\u00e6t procedurer, der g\u00f8r det muligt for virksomheder at verificere deres kunders identitet. I online casinoer som RocketPlay er KYC ikke kun et lovkrav, men et vigtigt element i at opbygge tillid hos spillere. RocketPlay forst\u00e5r, at fremme af et tillidsforhold er afg\u00f8rende i spilindustrien, og en stringent KYC-politik er grundlaget for denne tillid.<\/p>\n<h2>Den tredelte bekr\u00e6ftelsesproces<\/h2>\n<p>RocketPlay Casino anvender en verifikationsproces i tre niveauer for at sikre en grundig unders\u00f8gelse af spillerens identitet. Denne flerlagede tilgang er designet til at v\u00e6re omfattende og effektiv, og balancerer spillerens bekvemmelighed og casinoets behov for streng verifikation.<\/p>\n<h3>Dokumentbekr\u00e6ftelse: Det indledende trin<\/h3>\n<p>Rejsen gennem RocketPlays KYC-proces begynder med dokumentbekr\u00e6ftelse. Spillere er forpligtet til at indsende klare og gyldige identifikationsdokumenter, s\u00e5som offentligt udstedt ID eller pas. Dette indledende trin er afg\u00f8rende for at fastsl\u00e5 spillerens identitet og alder og overholde juridiske og regulatoriske standarder. RocketPlays avancerede dokumentverifikationsteknologi sikrer en hurtig og problemfri proces, der minimerer spillerens ulejlighed.<\/p>\n<h3>Adressebekr\u00e6ftelse: Etablering af bop\u00e6l<\/h3>\n<p>Ud over at bekr\u00e6fte identiteten omfatter RocketPlay Casinos KYC-politik ogs\u00e5 adressebekr\u00e6ftelse. Spillere bliver bedt om at freml\u00e6gge dokumenter, der validerer deres nuv\u00e6rende bop\u00e6lsadresse. Dette trin er afg\u00f8rende for at overholde regulatoriske krav, forhindre svigagtige aktiviteter og sikre, at spillere deltager fra autoriserede jurisdiktioner.<\/p>\n<h3>Bekr\u00e6ftelse af betalingsmetode: Forbedring af sikkerheden<\/h3>\n<p>Det sidste niveau i RocketPlays KYC-proces involverer at verificere spillerens valgte betalingsmetode. Dette trin tilf\u00f8jer et ekstra lag af sikkerhed, der sikrer, at de finansielle transaktioner p\u00e5 platformen udf\u00f8res sikkert. Ved at knytte betalingsmetoden til spillerens verificerede identitet, mindsker RocketPlay risikoen for uautoriserede transaktioner og \u00f8ger den overordnede sikkerhed for spiloplevelsen.<\/p>\n<h2>Hurtig behandling og spillerkomfort<\/h2>\n<p>RocketPlay Casino anerkender vigtigheden af at give sine spillere en problemfri og forn\u00f8jelig spilleoplevelse. P\u00e5 trods af den omfattende karakter af dets KYC-proces, er kasinoet forpligtet til hurtige behandlingstider. Ved at udnytte banebrydende teknologi sigter RocketPlay p\u00e5 at fuldf\u00f8re verifikationsprocessen omg\u00e5ende, s\u00e5 spillere kan dykke ned i deres yndlingsspil uden un\u00f8dvendige forsinkelser.<\/p>\n<p>Kasinoet forst\u00e5r, at KYC-procedurer nogle gange kan opfattes som besv\u00e6rlige, og som svar har RocketPlay implementeret brugervenlige gr\u00e6nseflader og supportsystemer. Spillere har adgang til et dedikeret supportteam, der hj\u00e6lper dem gennem verifikationsprocessen, og l\u00f8ser eventuelle sp\u00f8rgsm\u00e5l eller bekymringer, de m\u00e5tte have. Denne forpligtelse til spillerens bekvemmelighed er et bevis p\u00e5 RocketPlays kundecentrerede tilgang.<\/p>\n<h2>Sikkerhedsforanstaltninger: Beskyttelse af spillernes interesser<\/h2>\n<p>RocketPlays KYC-politiks prim\u00e6re m\u00e5l er at forbedre platformsikkerheden. Ved at verificere hver spillers identitet, adresse og betalingsmetode, skaber kasinoet en forst\u00e6rket barriere mod svigagtige aktiviteter, s\u00e5som identitetstyveri og hvidvaskning af penge. Dette beskytter individuelle spilleres interesser og opretholder integriteten af hele spil\u00f8kosystemet.<\/p>\n<p>RocketPlay anvender state-of-the-art krypteringsteknologi til at sikre de personlige og \u00f8konomiske oplysninger, som spillere giver under KYC-processen. Kasinoet overholder de h\u00f8jeste industristandarder for databeskyttelse, hvilket sikrer, at f\u00f8lsomme oplysninger forbliver fortrolige og immune over for uautoriseret adgang.<\/p>\n<h2>Promovering af ansvarligt spil<\/h2>\n<p>RocketPlay Casinos engagement i ansvarligt spil g\u00e5r h\u00e5nd i h\u00e5nd med dets KYC-politik. Ved at sikre, at spillere er myndige og inden for autoriserede jurisdiktioner, tager kasinoet proaktive foranstaltninger for at forhindre mindre\u00e5rige spil og opretholde juridiske standarder. Derudover beskytter verificering af betalingsmetoder mod potentiel \u00f8konomisk skade, hvilket er i overensstemmelse med RocketPlays dedikation til at fremme et sikkert og ansvarligt spilmilj\u00f8.<\/p>\n<h2>Kontinuerlig overv\u00e5gning og tilpasningsevne<\/h2>\n<p>Onlinespillandskabet er dynamisk, og RocketPlay Casino forst\u00e5r behovet for kontinuerlig overv\u00e5gning og tilpasningsevne i sine KYC-procedurer. Kasinoet opdaterer regelm\u00e6ssigt sine verifikationsprocesser for at undg\u00e5 nye trusler og overholder udviklende regulatoriske standarder. Denne proaktive tilgang afspejler RocketPlays forpligtelse til at opretholde det h\u00f8jeste niveau af sikkerhed og integritet inden for sin spilplatform.<\/p>\n<h2>En s\u00f8jle af tillid og integritet<\/h2>\n<p>I den konkurrencepr\u00e6gede verden af online casinoer st\u00e5r RocketPlay h\u00f8jt for dets sp\u00e6ndende spil og urokkelige engagement i tillid, integritet og spillernes velv\u00e6re. KYC-politikken er ikke blot en regulatorisk n\u00f8dvendighed for RocketPlay; det er en proaktiv foranstaltning til at skabe et sikkert og ansvarligt spilmilj\u00f8. Gennem en omhyggelig tre-trins verifikationsproces, hurtige behandlingstider og fokus p\u00e5 spillerens bekvemmelighed, sikrer RocketPlay Casino, at spillere kan nyde deres yndlingsspil med tillid til, at deres sikkerhed og velv\u00e6re prioriteres. I det v\u00e6sentlige handler KYC-politikken hos RocketPlay ikke kun om verifikation; det handler om at opbygge et grundlag af tillid, der l\u00f8fter hele spiloplevelsen.<\/p>\n","protected":false},"excerpt":{"rendered":"<p>I den dynamiske verden af online spil skiller RocketPlay Casino sig ud for sit sp\u00e6ndende udvalg af spil og dets standhaftige engagement i at sikre et sikkert og ansvarligt spilmilj\u00f8. En af de vigtigste s\u00f8jler, der underst\u00f8tter denne forpligtelse, er RocketPlay Casinos robuste Kend din kunde-politik (KYC). I denne omfattende udforskning dykker vi ned i&#8230;<\/p>\n","protected":false},"author":1,"featured_media":0,"parent":0,"menu_order":0,"comment_status":"closed","ping_status":"closed","template":"","meta":{"_acf_changed":false,"_kad_post_transparent":"default","_kad_post_title":"default","_kad_post_layout":"default","_kad_post_sidebar_id":"","_kad_post_content_style":"default","_kad_post_vertical_padding":"default","_kad_post_feature":"","_kad_post_feature_position":"","_kad_post_header":false,"_kad_post_footer":false,"footnotes":""},"class_list":["post-4396","page","type-page","status-publish","hentry"],"acf":[],"rttpg_featured_image_url":null,"rttpg_author":{"display_name":"John","author_link":"https:\/\/rocketplay-new.com\/da\/author\/pemvas95n89x\/"},"rttpg_comment":0,"rttpg_category":null,"rttpg_excerpt":"I den dynamiske verden af online spil skiller RocketPlay Casino sig ud for sit sp\u00e6ndende udvalg af spil og dets standhaftige engagement i at sikre et sikkert og ansvarligt spilmilj\u00f8. En af de vigtigste s\u00f8jler, der underst\u00f8tter denne forpligtelse, er RocketPlay Casinos robuste Kend din kunde-politik (KYC). I denne omfattende udforskning dykker vi ned i...","_links":{"self":[{"href":"https:\/\/rocketplay-new.com\/da\/wp-json\/wp\/v2\/pages\/4396","targetHints":{"allow":["GET"]}}],"collection":[{"href":"https:\/\/rocketplay-new.com\/da\/wp-json\/wp\/v2\/pages"}],"about":[{"href":"https:\/\/rocketplay-new.com\/da\/wp-json\/wp\/v2\/types\/page"}],"author":[{"embeddable":true,"href":"https:\/\/rocketplay-new.com\/da\/wp-json\/wp\/v2\/users\/1"}],"replies":[{"embeddable":true,"href":"https:\/\/rocketplay-new.com\/da\/wp-json\/wp\/v2\/comments?post=4396"}],"version-history":[{"count":2,"href":"https:\/\/rocketplay-new.com\/da\/wp-json\/wp\/v2\/pages\/4396\/revisions"}],"predecessor-version":[{"id":4399,"href":"https:\/\/rocketplay-new.com\/da\/wp-json\/wp\/v2\/pages\/4396\/revisions\/4399"}],"wp:attachment":[{"href":"https:\/\/rocketplay-new.com\/da\/wp-json\/wp\/v2\/media?parent=4396"}],"curies":[{"name":"wp","href":"https:\/\/api.w.org\/{rel}","templated":true}]}}