{"id":4365,"date":"2024-01-19T14:07:26","date_gmt":"2024-01-19T11:07:26","guid":{"rendered":"https:\/\/rocketplay-new.com\/gdpr-policy\/"},"modified":"2024-01-19T22:23:04","modified_gmt":"2024-01-19T19:23:04","slug":"gdpr-policy","status":"publish","type":"page","link":"https:\/\/rocketplay-new.com\/da\/gdpr-policy\/","title":{"rendered":"GDPR politik"},"content":{"rendered":"<p>I en tid med digital underholdning anerkender RocketPlay Casino den altafg\u00f8rende vigtighed af at beskytte dit privatliv. Vores GDPR-politik (General Data Protection Regulation) indkapsler vores forpligtelse til gennemsigtighed og datasikkerhed. Denne omfattende ramme sikrer, at dine personlige oplysninger h\u00e5ndteres omhyggeligt og n\u00f8je overholder internationale databeskyttelsesstandarder.<\/p>\n<h2>Omfavnelse af databeskyttelse i gaming-sf\u00e6ren<\/h2>\n<p>RocketPlay Casino er ikke kun en platform til spil; det er et f\u00e6llesskab bygget p\u00e5 tillid. Vores GDPR-politik er et vidnesbyrd om vores dedikation til at beskytte privatlivets fred i en stadig mere forbundet verden. Vi forst\u00e5r betydningen af dine personlige oplysninger og er forpligtet til at sikre, at dine data behandles ansvarligt.<\/p>\n<h2>Omfanget af GDPR-politikken: Hvad omfatter den?<\/h2>\n<p>Vores GDPR-politik omfatter alle aspekter af RocketPlay Casinos drift, og d\u00e6kker indsamling, behandling, lagring og deling af personlige data. Dette inkluderer oplysninger opn\u00e5et under kontoregistrering, gameplay, finansielle transaktioner og andre interaktioner med vores platform. Vi er gennemsigtige omkring de data, vi indsamler, og bruger dem kun til legitime form\u00e5l, der er beskrevet i denne politik.<\/p>\n<h2>Lovligt grundlag for databehandling: Dit samtykke har betydning<\/h2>\n<p>RocketPlay Casino overholder princippet om lovlighed i databehandling. Vi sikrer, at dine data kun behandles med et gyldigt juridisk grundlag. I de fleste tilf\u00e6lde er dette retsgrundlag dit udtrykkelige samtykke, som du giver, n\u00e5r du registrerer en konto eller engagerer dig i vores tjenester. Du har til enhver tid ret til at tr\u00e6kke dit samtykke tilbage, og vi g\u00f8r denne proces lige s\u00e5 ligetil som det oprindelige samtykke.<\/p>\n<h2>Oplysninger, vi indsamler: At finde en balance mellem relevans og n\u00f8dvendighed<\/h2>\n<p>For at forbedre din spiloplevelse og levere personlige tjenester indsamler vi specifikke oplysninger s\u00e5som dit navn, e-mailadresse og betalingsoplysninger. Vi begr\u00e6nser dog dataindsamlingen til, hvad der er strengt n\u00f8dvendigt til disse form\u00e5l. V\u00e6r sikker p\u00e5, RocketPlay Casino behandler ikke overdreven eller irrelevant data.<\/p>\n<h2>Datasikkerhed: Bef\u00e6stelse af din digitale f\u00e6stning<\/h2>\n<p>Sikkerhed er i h\u00f8js\u00e6det i vores operationer. RocketPlay Casino anvender state-of-the-art sikkerhedsforanstaltninger for at beskytte dine data mod uautoriseret adgang, offentligg\u00f8relse, \u00e6ndring og \u00f8del\u00e6ggelse. Vores forpligtelse til dit privatliv omfatter regelm\u00e6ssige sikkerhedsrevisioner, krypteringsprotokoller og streng adgangskontrol, der sikrer, at dine oplysninger forbliver fortrolige og sikre.<\/p>\n<h2>Tredjepartspartnerskaber: Sikring af databeskyttelse ud over vores mure<\/h2>\n<p>RocketPlay Casino samarbejder nogle gange med tredjepartstjenesteudbydere for at forbedre vores tilbud. N\u00e5r s\u00e5danne partnerskaber involverer behandling af personoplysninger, sikrer vi, at disse enheder overholder de samme strenge databeskyttelsesstandarder. Vi indg\u00e5r aftaler med dem for at garantere, at dit privatliv respekteres og opretholdes selv uden for vores platforms gr\u00e6nser.<\/p>\n<h2>Dataopbevaring: At finde en balance mellem n\u00f8dvendighed og respekt for dine valg<\/h2>\n<p>Vi opbevarer kun dine data, s\u00e5 l\u00e6nge det er n\u00f8dvendigt for at opfylde de form\u00e5l, som de blev indsamlet til. Hvis du v\u00e6lger at deaktivere din konto eller tr\u00e6kke dit samtykke tilbage, vil RocketPlay Casino straks slette eller anonymisere dine data, medmindre opbevaring er p\u00e5kr\u00e6vet ved lov eller n\u00f8dvendig af legitime forretningsform\u00e5l.<\/p>\n<h2>Dine rettigheder under GDPR: Giver dig kontrol<\/h2>\n<p>RocketPlay Casino er forpligtet til at give dig kontrol over dine data. I henhold til GDPR kan du f\u00e5 adgang til, rette eller slette dine oplysninger. Du kan ogs\u00e5 g\u00f8re indsigelse mod visse typer behandling og anmode om portabilitet af dine data. Vores brugervenlige gr\u00e6nseflade og lydh\u00f8r kundesupport g\u00f8r det nemt for dig at ud\u00f8ve disse rettigheder.<\/p>\n<h2>Reaktion p\u00e5 databrud: Hurtig og gennemsigtig handling<\/h2>\n<p>I det uheldige tilf\u00e6lde af et databrud, har RocketPlay Casino etableret protokoller til at reagere hurtigt og gennemsigtigt. Vi underretter dig og de relevante myndigheder omg\u00e5ende, og beskriver arten af bruddet og de skridt, der er taget for at afb\u00f8de dens virkning. Vores forpligtelse er ikke kun at forhindre kr\u00e6nkelser, men ogs\u00e5 at h\u00e5ndtere dem ansvarligt, hvis de opst\u00e5r.<\/p>\n<h2>B\u00f8rns privatliv: En s\u00e6rlig overvejelse<\/h2>\n<p>RocketPlay Casino er designet til voksenunderholdning, og vi indsamler eller behandler ikke bevidst persondata fra personer under 18. Hvis du er for\u00e6lder eller v\u00e6rge og ved, at dit barn har givet os deres oplysninger uden dit samtykke, bedes du kontakte os os, og vi vil tage passende skridt til at rette op p\u00e5 situationen.<\/p>\n<h2>Politikopdateringer: Vokser ansvarligt med teknologiske fremskridt<\/h2>\n<p>I takt med at teknologien udvikler sig, g\u00f8r vores forpligtelse til databeskyttelse det ogs\u00e5. RocketPlay Casino lover regelm\u00e6ssigt at gennemg\u00e5 og opdatere vores GDPR-politik for at afspejle teknologiske \u00e6ndringer, juridiske krav og brugerfeedback. Vi opfordrer dig til at gense denne politik med j\u00e6vne mellemrum for at holde dig informeret om, hvordan vi beskytter dit privatliv.<\/p>\n<h2>Et f\u00e6lles ansvar for en sikker digital legeplads<\/h2>\n<p>RocketPlay Casinos GDPR-politik er ikke kun et s\u00e6t regler; det er en pagt. Det repr\u00e6senterer vores forpligtelse til at skabe en digital legeplads, hvor du kan udforske, engagere og vinde, alt imens du er sikker p\u00e5, at dit privatliv er altafg\u00f8rende. Efterh\u00e5nden som vi forts\u00e6tter med at innovere og vokse, vil vores GDPR-politik udvikle sig for at im\u00f8dekomme udfordringerne i det digitale landskab og sikre, at RocketPlay Casino forbliver en p\u00e5lidelig og sikker destination for spilleentusiaster verden over.<\/p>\n","protected":false},"excerpt":{"rendered":"<p>I en tid med digital underholdning anerkender RocketPlay Casino den altafg\u00f8rende vigtighed af at beskytte dit privatliv. Vores GDPR-politik (General Data Protection Regulation) indkapsler vores forpligtelse til gennemsigtighed og datasikkerhed. Denne omfattende ramme sikrer, at dine personlige oplysninger h\u00e5ndteres omhyggeligt og n\u00f8je overholder internationale databeskyttelsesstandarder. Omfavnelse af databeskyttelse i gaming-sf\u00e6ren RocketPlay Casino er ikke kun&#8230;<\/p>\n","protected":false},"author":1,"featured_media":0,"parent":0,"menu_order":0,"comment_status":"closed","ping_status":"closed","template":"","meta":{"_acf_changed":false,"_kad_post_transparent":"default","_kad_post_title":"default","_kad_post_layout":"default","_kad_post_sidebar_id":"","_kad_post_content_style":"default","_kad_post_vertical_padding":"default","_kad_post_feature":"","_kad_post_feature_position":"","_kad_post_header":false,"_kad_post_footer":false,"footnotes":""},"class_list":["post-4365","page","type-page","status-publish","hentry"],"acf":[],"rttpg_featured_image_url":null,"rttpg_author":{"display_name":"John","author_link":"https:\/\/rocketplay-new.com\/da\/author\/pemvas95n89x\/"},"rttpg_comment":0,"rttpg_category":null,"rttpg_excerpt":"I en tid med digital underholdning anerkender RocketPlay Casino den altafg\u00f8rende vigtighed af at beskytte dit privatliv. Vores GDPR-politik (General Data Protection Regulation) indkapsler vores forpligtelse til gennemsigtighed og datasikkerhed. Denne omfattende ramme sikrer, at dine personlige oplysninger h\u00e5ndteres omhyggeligt og n\u00f8je overholder internationale databeskyttelsesstandarder. Omfavnelse af databeskyttelse i gaming-sf\u00e6ren RocketPlay Casino er ikke kun...","_links":{"self":[{"href":"https:\/\/rocketplay-new.com\/da\/wp-json\/wp\/v2\/pages\/4365","targetHints":{"allow":["GET"]}}],"collection":[{"href":"https:\/\/rocketplay-new.com\/da\/wp-json\/wp\/v2\/pages"}],"about":[{"href":"https:\/\/rocketplay-new.com\/da\/wp-json\/wp\/v2\/types\/page"}],"author":[{"embeddable":true,"href":"https:\/\/rocketplay-new.com\/da\/wp-json\/wp\/v2\/users\/1"}],"replies":[{"embeddable":true,"href":"https:\/\/rocketplay-new.com\/da\/wp-json\/wp\/v2\/comments?post=4365"}],"version-history":[{"count":2,"href":"https:\/\/rocketplay-new.com\/da\/wp-json\/wp\/v2\/pages\/4365\/revisions"}],"predecessor-version":[{"id":4367,"href":"https:\/\/rocketplay-new.com\/da\/wp-json\/wp\/v2\/pages\/4365\/revisions\/4367"}],"wp:attachment":[{"href":"https:\/\/rocketplay-new.com\/da\/wp-json\/wp\/v2\/media?parent=4365"}],"curies":[{"name":"wp","href":"https:\/\/api.w.org\/{rel}","templated":true}]}}