{"id":4362,"date":"2024-01-19T11:58:54","date_gmt":"2024-01-19T08:58:54","guid":{"rendered":"https:\/\/rocketplay-new.com\/contact-us\/"},"modified":"2024-01-19T22:14:45","modified_gmt":"2024-01-19T19:14:45","slug":"contact-us","status":"publish","type":"page","link":"https:\/\/rocketplay-new.com\/da\/contact-us\/","title":{"rendered":"Kontakt os"},"content":{"rendered":"<p>Tag p\u00e5 en rejse med overlegen kundeservice med RocketPlay Casino, hvor din tilfredshed er vores prioritet. Vores kontakt os-side er omhyggeligt designet til at give dig nem adgang til assistance, hvilket sikrer, at din spiloplevelse med RocketPlay forbliver fantastisk.<\/p>\n<h2>Opret forbindelse med det samme: Live Chat Support<\/h2>\n<p>RocketPlay Casino forst\u00e5r v\u00e6rdien af realtidsassistance, og derfor er vores live chat support tilg\u00e6ngelig 24\/7. Uanset om du har sp\u00f8rgsm\u00e5l om specifikke spil, har brug for hj\u00e6lp til din konto eller vil dele din feedback, er vores kyndige og venlige supportteam klar til at kontakte dig med det samme. For\u00f8g din spiloplevelse ved at l\u00f8se foresp\u00f8rgsler i realtid og sikre uafbrudt gameplay.<\/p>\n<h2>E-mail-support: Detaljerede l\u00f8sninger lige ved h\u00e5nden<\/h2>\n<p>For mere omfattende foresp\u00f8rgsler eller hvis du foretr\u00e6kker skriftlig kommunikation, tilbyder RocketPlay Casino e-mail support. Send os en besked p\u00e5 support@rocketplaycasino.com, og vores dedikerede team vil give dig et hurtigt og detaljeret svar. Vi prioriterer grundige l\u00f8sninger, der behandler alle aspekter af din bekymring med pr\u00e6cision og omhu. Din tilfredshed er vores forpligtelse, og vores e-mail-support sikrer, at dine sp\u00f8rgsm\u00e5l bliver besvaret fyldestg\u00f8rende.<\/p>\n<h2>Telefonsupport: En personlig tilgang<\/h2>\n<p>Nogle gange kan det g\u00f8re hele forskellen at h\u00f8re en venlig stemme. RocketPlay Casino tilbyder telefonsupport gennem vores dedikerede hotline p\u00e5 1-800-ROCKET-1. Forbind direkte med vores supportmedarbejdere, klar til at hj\u00e6lpe dig med eventuelle sp\u00f8rgsm\u00e5l eller bekymringer. Vi sigter efter at tilf\u00f8je et personligt pr\u00e6g til din kundeserviceoplevelse, s\u00e5 du f\u00f8ler dig v\u00e6rdsat og h\u00f8rt. N\u00e5r du v\u00e6lger telefonsupport, v\u00e6lger du en direkte linje til topkvalitet.<\/p>\n<h2>Ofte stillede sp\u00f8rgsm\u00e5l: Navigering i informationsuniverset<\/h2>\n<p>Udforsk RocketPlay Casinos omfattende sektion med ofte stillede sp\u00f8rgsm\u00e5l (FAQs), f\u00f8r du kontakter vores supportteam. Denne uvurderlige ressource d\u00e6kker forskellige emner, fra kontostyring til spilleregler. Naviger let gennem almindelige problemer, da vores ofte stillede sp\u00f8rgsm\u00e5l giver trinvise l\u00f8sninger. Det er din 24\/7 go-to kilde til hurtige svar, hvilket sikrer, at du kan l\u00f8se foresp\u00f8rgsler uafh\u00e6ngigt og effektivt.<\/p>\n<h2>Din feedback er vigtig: Rapportering af problemer og forslag<\/h2>\n<p>RocketPlay Casino v\u00e6rds\u00e6tter l\u00f8bende forbedringer, og din feedback er afg\u00f8rende for at forbedre vores spiloplevelse. Hvis du st\u00f8der p\u00e5 problemer eller har forslag til forbedringer, opfordrer vi dig til at rapportere dem gennem vores dedikerede kanaler.<\/p>\n<h2>Rapport\u00e9r en fejl: Hj\u00e6lp os med at sikre glatte lanceringer<\/h2>\n<p>Skulle du st\u00f8de p\u00e5 tekniske fejl eller fejl under din spilrejse, s\u00e5 rapporter dem til os. Din \u00e5rv\u00e5genhed hj\u00e6lper os med at sikre problemfri lanceringer og opretholde den h\u00f8je kvalitetsstandard, som RocketPlay Casino er forpligtet til at levere.<\/p>\n<p>Kontakt RocketPlay Casino i dag \u2013 din gateway til uovertruffen support og en h\u00f8j spilleoplevelse.<\/p>\n","protected":false},"excerpt":{"rendered":"<p>Tag p\u00e5 en rejse med overlegen kundeservice med RocketPlay Casino, hvor din tilfredshed er vores prioritet. Vores kontakt os-side er omhyggeligt designet til at give dig nem adgang til assistance, hvilket sikrer, at din spiloplevelse med RocketPlay forbliver fantastisk. Opret forbindelse med det samme: Live Chat Support RocketPlay Casino forst\u00e5r v\u00e6rdien af realtidsassistance, og derfor&#8230;<\/p>\n","protected":false},"author":1,"featured_media":0,"parent":0,"menu_order":0,"comment_status":"closed","ping_status":"closed","template":"","meta":{"_acf_changed":false,"_kad_post_transparent":"default","_kad_post_title":"default","_kad_post_layout":"default","_kad_post_sidebar_id":"","_kad_post_content_style":"default","_kad_post_vertical_padding":"default","_kad_post_feature":"","_kad_post_feature_position":"","_kad_post_header":false,"_kad_post_footer":false,"footnotes":""},"class_list":["post-4362","page","type-page","status-publish","hentry"],"acf":[],"rttpg_featured_image_url":null,"rttpg_author":{"display_name":"John","author_link":"https:\/\/rocketplay-new.com\/da\/author\/pemvas95n89x\/"},"rttpg_comment":0,"rttpg_category":null,"rttpg_excerpt":"Tag p\u00e5 en rejse med overlegen kundeservice med RocketPlay Casino, hvor din tilfredshed er vores prioritet. Vores kontakt os-side er omhyggeligt designet til at give dig nem adgang til assistance, hvilket sikrer, at din spiloplevelse med RocketPlay forbliver fantastisk. Opret forbindelse med det samme: Live Chat Support RocketPlay Casino forst\u00e5r v\u00e6rdien af realtidsassistance, og derfor...","_links":{"self":[{"href":"https:\/\/rocketplay-new.com\/da\/wp-json\/wp\/v2\/pages\/4362","targetHints":{"allow":["GET"]}}],"collection":[{"href":"https:\/\/rocketplay-new.com\/da\/wp-json\/wp\/v2\/pages"}],"about":[{"href":"https:\/\/rocketplay-new.com\/da\/wp-json\/wp\/v2\/types\/page"}],"author":[{"embeddable":true,"href":"https:\/\/rocketplay-new.com\/da\/wp-json\/wp\/v2\/users\/1"}],"replies":[{"embeddable":true,"href":"https:\/\/rocketplay-new.com\/da\/wp-json\/wp\/v2\/comments?post=4362"}],"version-history":[{"count":1,"href":"https:\/\/rocketplay-new.com\/da\/wp-json\/wp\/v2\/pages\/4362\/revisions"}],"predecessor-version":[{"id":4363,"href":"https:\/\/rocketplay-new.com\/da\/wp-json\/wp\/v2\/pages\/4362\/revisions\/4363"}],"wp:attachment":[{"href":"https:\/\/rocketplay-new.com\/da\/wp-json\/wp\/v2\/media?parent=4362"}],"curies":[{"name":"wp","href":"https:\/\/api.w.org\/{rel}","templated":true}]}}