{"id":4285,"date":"2024-01-19T14:17:15","date_gmt":"2024-01-19T11:17:15","guid":{"rendered":"https:\/\/rocketplay-new.com\/aml-policy\/"},"modified":"2024-01-19T20:54:49","modified_gmt":"2024-01-19T17:54:49","slug":"aml-policy","status":"publish","type":"page","link":"https:\/\/rocketplay-new.com\/da\/aml-policy\/","title":{"rendered":"AML politik"},"content":{"rendered":"<p>I den dynamiske verden af online casinoer st\u00e5r sikkerhed og gennemsigtighed som hj\u00f8rnestenene i en trov\u00e6rdig spilleoplevelse. RocketPlay Casino anerkender den altafg\u00f8rende betydning af at beskytte sine spillere og opretholde integriteten af sin platform. Implementering af en robust politik mod hvidvaskning af penge (AML) er afg\u00f8rende for denne forpligtelse. Denne politik er i overensstemmelse med lovkrav og g\u00e5r ud over at skabe et sikkert og retf\u00e6rdigt spilmilj\u00f8 for alle deltagere.<\/p>\n<h2>Introduktion til RocketPlay Casino AML-politik<\/h2>\n<p>RocketPlay Casino l\u00e6gger en pr\u00e6mie p\u00e5 integritet og fair play, og dets AML-politik er et bolv\u00e6rk mod ulovlige finansielle aktiviteter. AML-politikken er designet til at opdage og forhindre ethvert fors\u00f8g p\u00e5 hvidvaskning af penge, hvilket sikrer, at platformen forbliver ubesmittet af \u00f8konomisk fejl.<\/p>\n<h2>Overholdelse af regulatoriske standarder<\/h2>\n<p>For at styrke sin forpligtelse til integritet, overholder RocketPlay Casino strengt alle relevante regulatoriske standarder og krav. AML-politikken opdateres regelm\u00e6ssigt for at tilpasse sig de seneste juridiske rammer, hvilket afspejler kasinoets dedikation til at v\u00e6re p\u00e5 forkant med det stadigt skiftende landskab af onlinespilregler.<\/p>\n<h2>Kend din kundes (KYC)-procedurer<\/h2>\n<p>RocketPlay Casino anvender strenge KYC-procedurer som en integreret del af deres AML-ramme. F\u00f8r en spiller kan deltage fuldt ud i spiloplevelsen, skal de gennemg\u00e5 en grundig verifikationsproces. Denne proces involverer indsendelse af identifikationsdokumenter, bevis for adresse og andre relevante oplysninger, der sikrer, at hver spillers identitet verificeres med en h\u00f8j grad af sikkerhed.<\/p>\n<h2>Transaktionsoverv\u00e5gning og -rapportering<\/h2>\n<p>Kasinoets AML-politik str\u00e6kker sig til \u00e5rv\u00e5gen overv\u00e5gning af alle finansielle transaktioner p\u00e5 platformen. Avancerede algoritmer og analyser bruges til at identificere m\u00f8nstre og anomalier, der kan indikere potentielle hvidvaskaktiviteter. Alle mist\u00e6nkelige transaktioner rapporteres omg\u00e5ende til de relevante myndigheder, hvilket viser RocketPlay Casinos forpligtelse til at samarbejde med regulerende organer for at bek\u00e6mpe \u00f8konomisk kriminalitet.<\/p>\n<h2>Risikobaseret tilgang<\/h2>\n<p>RocketPlay Casino anvender en risikobaseret tilgang til AML og skr\u00e6ddersy dets forebyggende foranstaltninger til det risikoniveau, der er forbundet med hver spiller og transaktion. Denne nuancerede strategi g\u00f8r det muligt for casinoet at allokere ressourcer effektivt, fokusere mere p\u00e5 aktiviteter med h\u00f8jere risiko, samtidig med at de sikrer en str\u00f8mlinet oplevelse for lavrisikospillere.<\/p>\n<h2>Personaltr\u00e6ning og bevidsthed<\/h2>\n<p>Effektiviteten af enhver AML-politik afh\u00e6nger af hele teamets kollektive \u00e5rv\u00e5genhed. RocketPlay Casino investerer i omfattende tr\u00e6ningsprogrammer for at sikre, at dets personale er velbevandret i at genkende og reagere p\u00e5 potentielle hvidvaskrisici. Kontinuerlige uddannelses- og oplysningskampagner fremmer en kultur af overholdelse og omhu i hele organisationen.<\/p>\n<h2>Forbedret due diligence for h\u00f8jrisikokunder<\/h2>\n<p>I erkendelse af, at specifikke kunder kan udg\u00f8re en h\u00f8jere risiko for involvering i hvidvaskaktiviteter, implementerer RocketPlay Casino forbedrede due diligence-foranstaltninger for s\u00e5danne personer. Dette inkluderer yderligere unders\u00f8gelse af deres finansielle transaktioner, kilden til deres midler og andre relevante faktorer. Ved at udvise forsigtighed i h\u00e5ndteringen af h\u00f8jrisikokunder beskytter kasinoet sin AML-ramme.<\/p>\n<h2>Samarbejde med retsh\u00e5ndh\u00e6velse<\/h2>\n<p>RocketPlay Casino opretholder \u00e5bne kommunikationslinjer med retsh\u00e5ndh\u00e6vende myndigheder og deler oplysninger om potentielle hvidvaskaktiviteter efter behov. Denne samarbejdstilgang styrker ikke kun kasinoets AML-indsats, men bidrager ogs\u00e5 til spilleindustriens og regulerende organers bredere indsats for at bek\u00e6mpe \u00f8konomisk kriminalitet.<\/p>\n<h2>Gennemsigtighed og kommunikation med spillere<\/h2>\n<p>Gennemsigtig kommunikation er grundl\u00e6ggende for at opbygge tillid mellem casinoet og dets spillere. RocketPlay Casino sikrer, at spillere er opm\u00e6rksomme p\u00e5 de AML-foranstaltninger, der er p\u00e5 plads, hvilket fremmer en f\u00f8lelse af tillid til retf\u00e6rdigheden og sikkerheden i spillemilj\u00f8et. Klar kommunikation omfatter ogs\u00e5 retningslinjer for ansvarligt spil og konsekvenserne af at deltage i forbudte \u00f8konomiske aktiviteter.<\/p>\n<h2>Kontinuerlig forbedring og tilpasning<\/h2>\n<p>I det stadigt udviklende landskab af onlinespil og finansielle regler, er RocketPlay Casino fortsat forpligtet til l\u00f8bende forbedringer. AML-politikken gennemg\u00e5r regelm\u00e6ssigt, og kasinoet tilpasser effektivt sine strategier for at im\u00f8deg\u00e5 nye trusler og udfordringer. Denne proaktive tilgang sikrer, at RocketPlay Casino forbliver p\u00e5 forkant med AML-overholdelse, hvilket giver spillerne en sikker og forn\u00f8jelig spilleoplevelse.<\/p>\n<p>RocketPlay Casinos AML-politik er et vidnesbyrd om dets urokkelige forpligtelse til at levere et sikkert og retf\u00e6rdigt spillemilj\u00f8. Kasinoet opfylder og overg\u00e5r regulatoriske standarder ved at kombinere banebrydende teknologi med en omfattende og adaptiv tilgang til AML. Mens spillere fordyber sig i sp\u00e6ndingen ved at spille p\u00e5 RocketPlay Casino, kan de g\u00f8re det med tillid til, at en robust og proaktiv AML-politik beskytter deres \u00f8konomiske transaktioner.<\/p>\n","protected":false},"excerpt":{"rendered":"<p>I den dynamiske verden af online casinoer st\u00e5r sikkerhed og gennemsigtighed som hj\u00f8rnestenene i en trov\u00e6rdig spilleoplevelse. RocketPlay Casino anerkender den altafg\u00f8rende betydning af at beskytte sine spillere og opretholde integriteten af sin platform. Implementering af en robust politik mod hvidvaskning af penge (AML) er afg\u00f8rende for denne forpligtelse. Denne politik er i overensstemmelse med&#8230;<\/p>\n","protected":false},"author":1,"featured_media":0,"parent":0,"menu_order":0,"comment_status":"closed","ping_status":"closed","template":"","meta":{"_acf_changed":false,"_kad_post_transparent":"default","_kad_post_title":"default","_kad_post_layout":"default","_kad_post_sidebar_id":"","_kad_post_content_style":"default","_kad_post_vertical_padding":"default","_kad_post_feature":"","_kad_post_feature_position":"","_kad_post_header":false,"_kad_post_footer":false,"footnotes":""},"class_list":["post-4285","page","type-page","status-publish","hentry"],"acf":[],"rttpg_featured_image_url":null,"rttpg_author":{"display_name":"John","author_link":"https:\/\/rocketplay-new.com\/da\/author\/pemvas95n89x\/"},"rttpg_comment":0,"rttpg_category":null,"rttpg_excerpt":"I den dynamiske verden af online casinoer st\u00e5r sikkerhed og gennemsigtighed som hj\u00f8rnestenene i en trov\u00e6rdig spilleoplevelse. RocketPlay Casino anerkender den altafg\u00f8rende betydning af at beskytte sine spillere og opretholde integriteten af sin platform. Implementering af en robust politik mod hvidvaskning af penge (AML) er afg\u00f8rende for denne forpligtelse. Denne politik er i overensstemmelse med...","_links":{"self":[{"href":"https:\/\/rocketplay-new.com\/da\/wp-json\/wp\/v2\/pages\/4285","targetHints":{"allow":["GET"]}}],"collection":[{"href":"https:\/\/rocketplay-new.com\/da\/wp-json\/wp\/v2\/pages"}],"about":[{"href":"https:\/\/rocketplay-new.com\/da\/wp-json\/wp\/v2\/types\/page"}],"author":[{"embeddable":true,"href":"https:\/\/rocketplay-new.com\/da\/wp-json\/wp\/v2\/users\/1"}],"replies":[{"embeddable":true,"href":"https:\/\/rocketplay-new.com\/da\/wp-json\/wp\/v2\/comments?post=4285"}],"version-history":[{"count":2,"href":"https:\/\/rocketplay-new.com\/da\/wp-json\/wp\/v2\/pages\/4285\/revisions"}],"predecessor-version":[{"id":4287,"href":"https:\/\/rocketplay-new.com\/da\/wp-json\/wp\/v2\/pages\/4285\/revisions\/4287"}],"wp:attachment":[{"href":"https:\/\/rocketplay-new.com\/da\/wp-json\/wp\/v2\/media?parent=4285"}],"curies":[{"name":"wp","href":"https:\/\/api.w.org\/{rel}","templated":true}]}}