{"id":4256,"date":"2024-01-19T11:44:56","date_gmt":"2024-01-19T08:44:56","guid":{"rendered":"https:\/\/rocketplay-new.com\/about-us\/"},"modified":"2025-11-17T18:02:59","modified_gmt":"2025-11-17T15:02:59","slug":"about-us","status":"publish","type":"page","link":"https:\/\/rocketplay-new.com\/da\/about-us\/","title":{"rendered":"Om os"},"content":{"rendered":"<p>Velkommen til RocketPlay Casino, hvor sp\u00e6ndingen ved spil n\u00e5r nye h\u00f8jder. Udforsk et univers af underholdning, innovation og uovertruffen sp\u00e6nding. Oplev hvorfor RocketPlay Casino er den ultimative destination for spillere, der s\u00f8ger en ekstraordin\u00e6r spilleoplevelse.<\/p>\n<h2>Vores mission: Omdefinering af fremragende gaming<\/h2>\n<p>Hos RocketPlay Casino er vores mission klar: at omdefinere spilkvalitet. Vi str\u00e6ber efter at skabe et dynamisk, fordybende milj\u00f8, hvor spillere kan undslippe virkeligheden og begive sig ud p\u00e5 sp\u00e6ndende eventyr. Vores engagement i innovation, retf\u00e6rdighed og ansvarligt spil adskiller os i onlinekasinoindustrien.<\/p>\n<h2>Uovertruffen spiludvalg<\/h2>\n<p>RocketPlay Casino kan prale af et stort og varieret udvalg af spil for at im\u00f8dekomme enhver spillers pr\u00e6ferencer. Fra klassiske bordspil til banebrydende slots, vores portef\u00f8lje er sammensat til at levere en uovertruffen spiloplevelse. I partnerskab med f\u00f8rende spiludviklere sikrer vi, at vores samling altid er up-to-date med de seneste udgivelser, hvilket garanterer en konstant str\u00f8m af sp\u00e6nding for vores spillere.<\/p>\n<h2>avanceret teknologi<\/h2>\n<p>Kernen i RocketPlay Casino er banebrydende teknologi, der driver vores platform. Vi udnytter state-of-the-art software til at levere problemfri gameplay, sl\u00e5ende grafik og en intuitiv brugergr\u00e6nseflade. Vores engagement i teknologisk innovation sikrer, at spillere kan nyde deres yndlingsspil p\u00e5 tv\u00e6rs af forskellige enheder uden at g\u00e5 p\u00e5 kompromis med kvaliteten.<\/p>\n<h2>Fair Play og sikkerhed<\/h2>\n<p>Integritet og sikkerhed er altafg\u00f8rende hos RocketPlay Casino. Vi arbejder forpligtet til fair play og bruger certificerede tilf\u00e6ldige talgeneratorer for at garantere, at hvert resultat er uventet. Vores sikre og krypterede platform beskytter dine personlige oplysninger, s\u00e5 du kan fokusere p\u00e5 det, der betyder mest \u2013 at nyde sp\u00e6ndingen ved spillet.<\/p>\n<h2>RocketPlay-bel\u00f8nninger: For\u00f8g dine gevinster<\/h2>\n<p>RocketPlay Rewards er vores m\u00e5de at vise p\u00e5sk\u00f8nnelse til vores loyale spillere. Med et niveaudelt loyalitetsprogram kan spillere l\u00e5se op for eksklusive bonusser, personlige kampagner og andre sp\u00e6ndende bel\u00f8nninger. Jo mere du spiller, jo h\u00f8jere klatrer du, og jo mere luksuri\u00f8se bliver bel\u00f8nningerne. RocketPlay Casino er ikke kun en destination; det er en rejse fyldt med frynsegoder og privilegier.<\/p>\n<h2>Fantastisk Live Casino-oplevelse<\/h2>\n<p>Vores live casino er svaret for dem, der s\u00f8ger sp\u00e6ndingen ved et fysisk kasino fra komforten af deres hjem. Interager med professionelle dealere, fordyb dig i stemningen p\u00e5 et rigtigt kasino, og nyd spil som blackjack, roulette og baccarat i realtid. RocketPlay Casino bringer den autentiske casinooplevelse til din sk\u00e6rm.<\/p>\n<h2>Ansvarlig fortalervirksomhed for spil<\/h2>\n<p>RocketPlay Casino er forpligtet til at fremme ansvarlig spilpraksis. Vi forst\u00e5r vigtigheden af spil som en form for underholdning og rekreation. Gennem v\u00e6rkt\u00f8jer som muligheder for selvekskludering, indbetalingsgr\u00e6nser og p\u00e5lidelige spilressourcer giver vi vores spillere mulighed for at bevare kontrollen over deres spillevaner. Vi sigter efter at sikre, at RocketPlay forbliver en kilde til gl\u00e6de og underholdning.<\/p>\n<h2>24\/7 kundesupport<\/h2>\n<p>Hos RocketPlay Casino er din tilfredshed vores prioritet. Vores dedikerede kundesupportteam st\u00e5r til r\u00e5dighed 24\/7 for at hj\u00e6lpe dig med eventuelle sp\u00f8rgsm\u00e5l eller bekymringer. Uanset om du har et sp\u00f8rgsm\u00e5l om et spil, har brug for hj\u00e6lp til en transaktion eller \u00f8nsker feedback, er vores team klar til at give hurtig og hj\u00e6lpsom assistance. Din spilleoplevelse er i sikre h\u00e6nder med RocketPlay Casino.<\/p>\n<h2>Global Community, Local Touch<\/h2>\n<p>RocketPlay Casino er ikke kun en global spilleplatform; det er et f\u00e6llesskab. Vi hylder mangfoldighed og omfavner spillere fra hele verden. Vores platform er tilg\u00e6ngelig p\u00e5 flere sprog, og vores supportteam er flydende p\u00e5 forskellige sprog for at sikre, at hver spiller f\u00f8ler sig hjemme. RocketPlay Casino kombinerer sp\u00e6ndingen fra et globalt spilf\u00e6llesskab med et lokalt pr\u00e6g, der giver genlyd hos spillerne personligt.<\/p>\n<h2>Innovation slutter aldrig<\/h2>\n<p>N\u00e5r vi ser p\u00e5 fremtiden, er RocketPlay Casino fortsat forpligtet til at skubbe gr\u00e6nserne for innovation. Vi udforsker l\u00f8bende nye teknologier, spilkoncepter og funktioner for at holde vores platform p\u00e5 forkant med online casinoindustrien. Med RocketPlay spiller du ikke kun dagens spil; du f\u00e5r et glimt ind i fremtiden for onlinespil.<\/p>\n<h2>Tilmeld dig RocketPlay Adventure i dag!<\/h2>\n<p>Tag p\u00e5 en sp\u00e6ndende rejse med RocketPlay Casino og oplev spil som aldrig f\u00f8r. Vores forpligtelse til ekspertise, retf\u00e6rdighed og innovation sikrer, at hvert \u00f8jeblik hos os er fyldt med sp\u00e6nding og muligheder. Slut dig til vores f\u00e6llesskab af sp\u00e6ndingss\u00f8gende, f\u00e5 dine RocketPlay-bel\u00f8nninger, og lad spillene begynde. RocketPlay Casino er hvor eventyret aldrig slutter, og sp\u00e6ndingen kender ingen gr\u00e6nser.<\/p>\n","protected":false},"excerpt":{"rendered":"<p>Velkommen til RocketPlay Casino, hvor sp\u00e6ndingen ved spil n\u00e5r nye h\u00f8jder. Udforsk et univers af underholdning, innovation og uovertruffen sp\u00e6nding. Oplev hvorfor RocketPlay Casino er den ultimative destination for spillere, der s\u00f8ger en ekstraordin\u00e6r spilleoplevelse. Vores mission: Omdefinering af fremragende gaming Hos RocketPlay Casino er vores mission klar: at omdefinere spilkvalitet. Vi str\u00e6ber efter at&#8230;<\/p>\n","protected":false},"author":1,"featured_media":0,"parent":0,"menu_order":0,"comment_status":"closed","ping_status":"closed","template":"","meta":{"_acf_changed":false,"_kad_post_transparent":"default","_kad_post_title":"default","_kad_post_layout":"default","_kad_post_sidebar_id":"","_kad_post_content_style":"default","_kad_post_vertical_padding":"default","_kad_post_feature":"","_kad_post_feature_position":"","_kad_post_header":false,"_kad_post_footer":false,"footnotes":""},"class_list":["post-4256","page","type-page","status-publish","hentry"],"acf":[],"rttpg_featured_image_url":null,"rttpg_author":{"display_name":"John","author_link":"https:\/\/rocketplay-new.com\/da\/author\/pemvas95n89x\/"},"rttpg_comment":0,"rttpg_category":null,"rttpg_excerpt":"Velkommen til RocketPlay Casino, hvor sp\u00e6ndingen ved spil n\u00e5r nye h\u00f8jder. Udforsk et univers af underholdning, innovation og uovertruffen sp\u00e6nding. Oplev hvorfor RocketPlay Casino er den ultimative destination for spillere, der s\u00f8ger en ekstraordin\u00e6r spilleoplevelse. Vores mission: Omdefinering af fremragende gaming Hos RocketPlay Casino er vores mission klar: at omdefinere spilkvalitet. Vi str\u00e6ber efter at...","_links":{"self":[{"href":"https:\/\/rocketplay-new.com\/da\/wp-json\/wp\/v2\/pages\/4256","targetHints":{"allow":["GET"]}}],"collection":[{"href":"https:\/\/rocketplay-new.com\/da\/wp-json\/wp\/v2\/pages"}],"about":[{"href":"https:\/\/rocketplay-new.com\/da\/wp-json\/wp\/v2\/types\/page"}],"author":[{"embeddable":true,"href":"https:\/\/rocketplay-new.com\/da\/wp-json\/wp\/v2\/users\/1"}],"replies":[{"embeddable":true,"href":"https:\/\/rocketplay-new.com\/da\/wp-json\/wp\/v2\/comments?post=4256"}],"version-history":[{"count":2,"href":"https:\/\/rocketplay-new.com\/da\/wp-json\/wp\/v2\/pages\/4256\/revisions"}],"predecessor-version":[{"id":4258,"href":"https:\/\/rocketplay-new.com\/da\/wp-json\/wp\/v2\/pages\/4256\/revisions\/4258"}],"wp:attachment":[{"href":"https:\/\/rocketplay-new.com\/da\/wp-json\/wp\/v2\/media?parent=4256"}],"curies":[{"name":"wp","href":"https:\/\/api.w.org\/{rel}","templated":true}]}}