{"id":3972,"date":"2023-01-13T23:29:50","date_gmt":"2023-01-13T20:29:50","guid":{"rendered":"https:\/\/rocketplay-new.com\/sport-betting\/volleyball\/"},"modified":"2025-04-02T15:56:06","modified_gmt":"2025-04-02T12:56:06","slug":"volleyball","status":"publish","type":"page","link":"https:\/\/rocketplay-new.com\/da\/sport\/volleyball\/","title":{"rendered":"Spilguide for begyndere"},"content":{"rendered":"<p>Her er en vejledning om volleyball-betting-odds og andre ejendommeligheder. Pr\u00f8v at l\u00e6re mere nyttig information og l\u00e6re at tjene penge p\u00e5 strandsporten. Dette vil give dig mulighed for at deltage oftere i ber\u00f8mte turneringer, f\u00e5 ekstra bonusser og generelt \u00f8ge det sjove.<\/p>\n<p style=\"text-align: center;\"><span style=\"font-weight: 400;\">\u00a0<div class=\"go-btn-container\"><div class=\"tosh-btn\"><a href=\"\/go-casino\/\" target=\"_blank\">SPIL NU<\/a><\/div><\/div> <\/span><\/p>\n<h2>S\u00c5DAN SPILLER DU P\u00c5 VOLLEYBALL<\/h2>\n<p>F\u00f8rst b\u00f8r du studere afsnittet om volleyball-v\u00e6ddem\u00e5lstips og l\u00e6re, hvordan du administrerer dit budget korrekt. Takket v\u00e6re evnen til at kontrollere dine f\u00f8lelser og ressourcer, kan du bruge alle de tilg\u00e6ngelige indsatser mere effektivt. Det er dog kun registrerede brugere, der kan spille for rigtige penge.<\/p>\n<p>For at oprette en personlig konto skal du v\u00e6lge et passende spilfirma p\u00e5 vores hjemmeside og starte:<\/p>\n<ol>\n<li>Indtast alle personlige oplysninger, som du skal bruge i fremtiden for at bekr\u00e6fte din konto. Dataene vil blive krydstjekket, s\u00e5 du skal v\u00e6re forsigtig.<\/li>\n<li>V\u00e6lg derefter en passende spilbegivenhed og analyser spillerne og holdene. Du kan finde en svaghed i modstanderens forsvar og f\u00e5 fremragende odds for din evne til at forudsige begivenhedens resultater.<\/li>\n<li>Brug derefter det unikke system til at bygge et v\u00e6ddem\u00e5l gennem kuponen. Glem ikke at bruge et kreditkort eller cryptocurrency til at finansiere din konto.<\/li>\n<\/ol>\n<p>Ved volleyball-v\u00e6ddem\u00e5l kan du ogs\u00e5 pr\u00f8ve at f\u00e5 en bonus fra spillefirmaet. Dette vil hj\u00e6lpe dig mange gange mere effektivt med at begynde at bruge forskellige teknikker fra eksperterne.<\/p>\n<p><img loading=\"lazy\" decoding=\"async\" class=\"aligncenter wp-image-4651\" src=\"https:\/\/rocketplay-new.com\/wp-content\/uploads\/2024\/02\/female-professional-volleyball-players-action-3d-stadium.jpg\" alt=\"Volleyball Betting\" width=\"800\" height=\"450\" srcset=\"https:\/\/rocketplay-new.com\/wp-content\/uploads\/2024\/02\/female-professional-volleyball-players-action-3d-stadium.jpg 1000w, https:\/\/rocketplay-new.com\/wp-content\/uploads\/2024\/02\/female-professional-volleyball-players-action-3d-stadium-300x169.jpg 300w, https:\/\/rocketplay-new.com\/wp-content\/uploads\/2024\/02\/female-professional-volleyball-players-action-3d-stadium-768x432.jpg 768w\" sizes=\"auto, (max-width: 800px) 100vw, 800px\" \/><\/p>\n<h2>S\u00c5DAN VIRKER VOLLEYBALLBEDNING<\/h2>\n<p>Den nemmeste m\u00e5de at forst\u00e5, hvordan online volleyball-v\u00e6ddem\u00e5l fungerer bedst, er at bruge din erfaring, s\u00e5 registrer en personlig konto og lav dit f\u00f8rste v\u00e6ddem\u00e5l. Du kan v\u00e6lge det minimumsbel\u00f8b, der er til r\u00e5dighed, hvilket giver dig mulighed for at teste systemets forskellige muligheder. Generelt er logikken ret simpel.<\/p>\n<p>Du s\u00e6tter dit g\u00e6t imod forudsigelsen af et spillefirma. Afh\u00e6ngigt af de afsl\u00f8rede odds, har hvert udfald sine odds, som din indsats vil blive ganget med. Hvis du vinder, f\u00e5r du din indsats tilbage og tilf\u00f8jer dine gevinster. Et tab betyder, at casinoet tager dine penge. Systemet er ret \u00e6rligt og gennemsigtigt.<\/p>\n<h2>VOLLEYBALLODDS FORKLARET<\/h2>\n<p>Brugere finder det ofte udfordrende at beslutte, hvordan Volleyball-v\u00e6ddem\u00e5lskampagner vil give dem mulighed for at tjene. Oddsene forbliver trods alt, s\u00e5 du skal beregne hver indsats manuelt. Siden beregner automatisk din fortjeneste og samlede oms\u00e6tning i kuponen. Hvis du for eksempel satser $500 til odds 1,5, kan du f\u00e5 $750. To hundrede og halvtreds dollars vil v\u00e6re din fortjeneste, og 500 vil vende tilbage til kontoen.<\/p>\n<p style=\"text-align: center;\"><span style=\"font-weight: 400;\">\u00a0<div class=\"go-btn-container\"><div class=\"tosh-btn\"><a href=\"\/go-casino\/\" target=\"_blank\">SPIL NU<\/a><\/div><\/div> <\/span><\/p>\n<h2>POPUL\u00c6RE VOLLEYBALLINDSATS<\/h2>\n<p>Blandt de mest popul\u00e6re v\u00e6ddem\u00e5l b\u00f8r v\u00e6re den almindelige sejr for et af holdene og samlede point. Disse enkle resultater giver spillere mulighed for at tjene hundredtusindvis af dollars dagligt. Mere komplicerede udfald har ofte h\u00f8jere odds, men risikoen er h\u00f8jere. Test forskellige v\u00e6ddem\u00e5lsmuligheder.<\/p>\n<h2>DE MEST POPUL\u00c6RE VOLLEYBALLTURNERINGER AT VEDDE P\u00c5<\/h2>\n<p>Du kan drage fordel af volleyball-v\u00e6ddem\u00e5lsstrategien ved enhver turnering. Og derfor er det n\u00f8dvendigt at vide om de mest ben\u00e6vnte konkurrencer i sportsdisciplinen:<\/p>\n<ul>\n<li>Olympiske Lege;<\/li>\n<li>verdensmesterskaber;<\/li>\n<li>Guldbold.<\/li>\n<\/ul>\n<p>Pr\u00f8v at se udsendelsen bedre for at forst\u00e5 spillets vilk\u00e5r og regler. Dette vil hj\u00e6lpe dig med at administrere dine ressourcer mere effektivt og tjene flere penge. Du vil ogs\u00e5 v\u00e6re i stand til at f\u00e5 adgang til mange resultater, fordi gambling virksomheder er interesserede i at tiltr\u00e6kke det maksimale antal spillere til turneringer i verdensklasse.<\/p>\n<p><img loading=\"lazy\" decoding=\"async\" class=\"aligncenter wp-image-4660\" src=\"https:\/\/rocketplay-new.com\/wp-content\/uploads\/2024\/02\/girl-posing-with-volley-ball.jpg\" alt=\"Volleyball Betting 2\" width=\"800\" height=\"534\" srcset=\"https:\/\/rocketplay-new.com\/wp-content\/uploads\/2024\/02\/girl-posing-with-volley-ball.jpg 1000w, https:\/\/rocketplay-new.com\/wp-content\/uploads\/2024\/02\/girl-posing-with-volley-ball-300x200.jpg 300w, https:\/\/rocketplay-new.com\/wp-content\/uploads\/2024\/02\/girl-posing-with-volley-ball-768x513.jpg 768w\" sizes=\"auto, (max-width: 800px) 100vw, 800px\" \/><\/p>\n<h2>FAQ<\/h2>\n<p>De fleste nybegyndere begynder at stille sp\u00f8rgsm\u00e5l til eksperterne efter at have registreret og placeret deres f\u00f8rste v\u00e6ddem\u00e5l. Vi tilbyder dig en lille hj\u00e6lpesektion, der indeholder svar p\u00e5 de mest popul\u00e6re sp\u00f8rgsm\u00e5l om sportsdisciplinen.<\/p>\n<h3>HVILKE ENHEDER KAN JEG VEDDE FRA?<\/h3>\n<p>Volleyball-v\u00e6ddem\u00e5l giver dig mulighed for at satse fra enhver enhed. For det f\u00f8rste afh\u00e6nger det hele af casinoet eller bettingsiden du v\u00e6lger. Nogle virksomheder tilbyder kun en mobilversion, mens andre med det samme godkender at bruge en separat app fra udviklerne. At lave v\u00e6ddem\u00e5l i browseren p\u00e5 pc&#8217;en er det mest bekvemme, men der er altid adgang til en computer. Vi foresl\u00e5r at pr\u00f8ve forskellige muligheder og opleve fordele og ulemper ved alle metoder.<\/p>\n<h3>HVAD ER DEN MAKSIMUM VINDER-RATE?<\/h3>\n<p>Oftest gives de h\u00f8jeste odds p\u00e5 et potentielt tabende hold, der er d\u00e5rligere forberedt eller spiller i en anden liga. I dette tilf\u00e6lde anbefales det at v\u00e6re opm\u00e6rksom p\u00e5 r\u00e6kken af indsatser for vinderen af hele turneringen. V\u00e6lg den seneste underdog og pr\u00f8v at vinde til odds 50 eller 150. Mindre risikable v\u00e6ddem\u00e5l er samlede point. I dette tilf\u00e6lde kan en afvigelse p\u00e5 10 point p\u00e5virke stigningen i odds til 3.<\/p>\n<h3>HVORDAN FORST\u00c5R MAN HVEM MAN SKAL VEDDE P\u00c5 I VOLLEYBALL?<\/h3>\n<p>Den f\u00f8rste ting at g\u00f8re er at finde de bedste online volleyball betting sider for at f\u00e5 et bedre overblik over kampene. Det er n\u00f8dvendigt at l\u00e6se grundigt om deltagerne, selve turneringen og statistikken mellem modstanderne. Pr\u00f8v at analysere alle aspekter af kampen kvalitativt, og du vil v\u00e6re i stand til at finde det perfekte match til dig selv. Det anbefales at starte med en lille m\u00e6ngde.<\/p>\n","protected":false},"excerpt":{"rendered":"<p>Her er en vejledning om volleyball-betting-odds og andre ejendommeligheder. Pr\u00f8v at l\u00e6re mere nyttig information og l\u00e6re at tjene penge p\u00e5 strandsporten. Dette vil give dig mulighed for at deltage oftere i ber\u00f8mte turneringer, f\u00e5 ekstra bonusser og generelt \u00f8ge det sjove. \u00a0 S\u00c5DAN SPILLER DU P\u00c5 VOLLEYBALL F\u00f8rst b\u00f8r du studere afsnittet om volleyball-v\u00e6ddem\u00e5lstips&#8230;<\/p>\n","protected":false},"author":1,"featured_media":0,"parent":3693,"menu_order":0,"comment_status":"closed","ping_status":"closed","template":"","meta":{"_acf_changed":false,"_kad_post_transparent":"default","_kad_post_title":"default","_kad_post_layout":"default","_kad_post_sidebar_id":"","_kad_post_content_style":"default","_kad_post_vertical_padding":"default","_kad_post_feature":"","_kad_post_feature_position":"","_kad_post_header":false,"_kad_post_footer":false,"footnotes":""},"class_list":["post-3972","page","type-page","status-publish","hentry"],"acf":[],"rttpg_featured_image_url":null,"rttpg_author":{"display_name":"John","author_link":"https:\/\/rocketplay-new.com\/da\/author\/pemvas95n89x\/"},"rttpg_comment":0,"rttpg_category":null,"rttpg_excerpt":"Her er en vejledning om volleyball-betting-odds og andre ejendommeligheder. Pr\u00f8v at l\u00e6re mere nyttig information og l\u00e6re at tjene penge p\u00e5 strandsporten. Dette vil give dig mulighed for at deltage oftere i ber\u00f8mte turneringer, f\u00e5 ekstra bonusser og generelt \u00f8ge det sjove. \u00a0 S\u00c5DAN SPILLER DU P\u00c5 VOLLEYBALL F\u00f8rst b\u00f8r du studere afsnittet om volleyball-v\u00e6ddem\u00e5lstips...","_links":{"self":[{"href":"https:\/\/rocketplay-new.com\/da\/wp-json\/wp\/v2\/pages\/3972","targetHints":{"allow":["GET"]}}],"collection":[{"href":"https:\/\/rocketplay-new.com\/da\/wp-json\/wp\/v2\/pages"}],"about":[{"href":"https:\/\/rocketplay-new.com\/da\/wp-json\/wp\/v2\/types\/page"}],"author":[{"embeddable":true,"href":"https:\/\/rocketplay-new.com\/da\/wp-json\/wp\/v2\/users\/1"}],"replies":[{"embeddable":true,"href":"https:\/\/rocketplay-new.com\/da\/wp-json\/wp\/v2\/comments?post=3972"}],"version-history":[{"count":4,"href":"https:\/\/rocketplay-new.com\/da\/wp-json\/wp\/v2\/pages\/3972\/revisions"}],"predecessor-version":[{"id":5663,"href":"https:\/\/rocketplay-new.com\/da\/wp-json\/wp\/v2\/pages\/3972\/revisions\/5663"}],"up":[{"embeddable":true,"href":"https:\/\/rocketplay-new.com\/da\/wp-json\/wp\/v2\/pages\/3693"}],"wp:attachment":[{"href":"https:\/\/rocketplay-new.com\/da\/wp-json\/wp\/v2\/media?parent=3972"}],"curies":[{"name":"wp","href":"https:\/\/api.w.org\/{rel}","templated":true}]}}