{"id":3910,"date":"2023-01-13T21:01:16","date_gmt":"2023-01-13T18:01:16","guid":{"rendered":"https:\/\/rocketplay-new.com\/horse-racing\/"},"modified":"2025-04-02T16:07:31","modified_gmt":"2025-04-02T13:07:31","slug":"horse-racing","status":"publish","type":"page","link":"https:\/\/rocketplay-new.com\/da\/sport\/horse-racing\/","title":{"rendered":"Gennemgang af v\u00e6ddem\u00e5l p\u00e5 hestev\u00e6ddel\u00f8b"},"content":{"rendered":"<p>Du kan se de fleste fordele ved v\u00e6ddem\u00e5l p\u00e5 hestev\u00e6ddel\u00f8b, hvis du regelm\u00e6ssigt placerer sm\u00e5 v\u00e6ddem\u00e5l. L\u00f8bene afholdes ret ofte, s\u00e5 du er garanteret at finde en passende mulighed for dig selv og nyde kampen. Det vigtigste er at l\u00e6se alle reglerne, se et par online-udsendelser p\u00e5 forh\u00e5nd og derefter begynde at bette med grundl\u00e6ggende viden.<\/p>\n<p style=\"text-align: center;\"><span style=\"font-weight: 400;\"><div class=\"go-btn-container\"><div class=\"tosh-btn\"><a href=\"\/go-casino\/\" target=\"_blank\">SPIL NU<\/a><\/div><\/div><\/span><\/p>\n<h2>TYPER AF HESTEV\u00c6DDSv\u00e6ddem\u00e5l<\/h2>\n<p>Generelt er de mest popul\u00e6re i Australia Horse Racing v\u00e6ddem\u00e5l v\u00e6ddem\u00e5l p\u00e5 vinderen af l\u00f8bet. I dette tilf\u00e6lde skal du omhyggeligt gennemg\u00e5 alle tilg\u00e6ngelige oplysninger om deltagerne og v\u00e6lge favoritten, der garanteret vinder. S\u00f8rg for at overveje alle v\u00e6sentlige parametre, og glem ikke, at selv de klare favoritter nogle gange ikke er i hum\u00f8r til at vinde.<\/p>\n<p>Begyndere b\u00f8r satse p\u00e5 det antal point, der kan tildeles. Det er ogs\u00e5 muligt at satse p\u00e5 den langsomste hest, men s\u00e5danne v\u00e6ddem\u00e5lsmuligheder er mere velegnede til professionelle. Fors\u00f8g ikke bare at g\u00e6tte vinderen, men g\u00f8r noget rigtigt analytisk arbejde.<\/p>\n<h2>S\u00c5DAN V\u00c6LGER DU DIN VINDERHEST<\/h2>\n<p>I de fleste tilf\u00e6lde kan professionelle spillere v\u00e6lge det bedste v\u00e6ddem\u00e5l p\u00e5 hestev\u00e6ddel\u00f8b som den prim\u00e6re indkomsttype. S\u00e5danne mennesker ved, at de fleste ryttere og heste l\u00e6nge har v\u00e6ret i stand til at analysere p\u00e5 forh\u00e5nd takket v\u00e6re forskellige tjenester. Begyndere skal dog yderligere forklares, at selv i dette tilf\u00e6lde er hvert l\u00f8b unikt og kan g\u00e5 efter forskellige scenarier.<\/p>\n<p><img loading=\"lazy\" decoding=\"async\" class=\"aligncenter wp-image-4691\" src=\"https:\/\/rocketplay-new.com\/wp-content\/uploads\/2024\/02\/generative-ai-horse-racing.jpg\" alt=\"Horse Racing betting\" width=\"800\" height=\"449\" srcset=\"https:\/\/rocketplay-new.com\/wp-content\/uploads\/2024\/02\/generative-ai-horse-racing.jpg 1000w, https:\/\/rocketplay-new.com\/wp-content\/uploads\/2024\/02\/generative-ai-horse-racing-300x168.jpg 300w, https:\/\/rocketplay-new.com\/wp-content\/uploads\/2024\/02\/generative-ai-horse-racing-768x431.jpg 768w\" sizes=\"auto, (max-width: 800px) 100vw, 800px\" \/><\/p>\n<p>For at v\u00e6re garanteret at vinde, skal du f\u00f8rst registrere dig og placere et v\u00e6ddem\u00e5l:<\/p>\n<ol>\n<li>Opret en personlig konto og angiv dine personlige oplysninger, som vil hj\u00e6lpe dig med at best\u00e5 bekr\u00e6ftelsesproceduren uden yderligere problemer.<\/li>\n<li>S\u00f8rg for at finansiere din konto p\u00e5 enhver bekvem m\u00e5de. Kryptovaluta er blevet mere og mere popul\u00e6rt p\u00e5 det seneste, fordi overf\u00f8rsler krediteres hurtigt, og der er n\u00e6sten ingen gr\u00e6nser for indbetalingsbel\u00f8bet.<\/li>\n<li>Derefter skal du begynde at analysere den kamp, du er interesseret i. Find straks profilerne p\u00e5 dine modstandere og begynd at l\u00e6se de statistiske oplysninger. S\u00e5danne kan hj\u00e6lpe dig med at se de tilsyneladende v\u00e6ddem\u00e5l p\u00e5 l\u00f8bene.<\/li>\n<\/ol>\n<p>Vi anbefaler ogs\u00e5, at du gennemg\u00e5r verifikationsproceduren, hvilket \u00f8ger dine chancer for at f\u00e5 h\u00f8je indsatsgr\u00e6nser. Takket v\u00e6re dette kan du satse flere penge ad gangen og vinde en stor sum penge. Desuden \u00e5bner der sig nye bonusser og \u00f8konomiske muligheder for at h\u00e6ve fra din konto.<\/p>\n<h2>ODDS FOR HESTEV\u00c6DNING FORKLARET<\/h2>\n<p>Det er ikke sv\u00e6rt at finde ud af live-v\u00e6ddem\u00e5l p\u00e5 hestev\u00e6ddel\u00f8b med odds, fordi du kun skal tjekke analytisk arbejde med tallene. Hvis du satser $100 p\u00e5 en begivenhed med odds 1,8, ender du med $180 p\u00e5 din konto. Du skal blot gange indsatsbel\u00f8bet med odds-tallet, og du vil straks afg\u00f8re den endelige score, hvis du vinder.<\/p>\n<p style=\"text-align: center;\"><span style=\"font-weight: 400;\"><div class=\"go-btn-container\"><div class=\"tosh-btn\"><a href=\"\/go-casino\/\" target=\"_blank\">SPIL NU<\/a><\/div><\/div><\/span><\/p>\n<h2>TIPS OG STRATEGI<\/h2>\n<p>Vores eksperter kan tilbyde v\u00e6ddem\u00e5l p\u00e5 hestev\u00e6ddel\u00f8bstips for at hj\u00e6lpe begyndere med at forst\u00e5 deres kapital, ikke tabe alle pengene p\u00e5 \u00e9n gang og tjene det maksimale bel\u00f8b p\u00e5 kontoen. Blandt dem b\u00f8r vi n\u00e6vne:<\/p>\n<ul>\n<li>det er n\u00f8dvendigt at holde styr p\u00e5 dit budget og omhyggeligt skrive statistik for alle de spillede kampe. Dette vil hj\u00e6lpe dig i fremtiden med at analysere din valgte strategi og justere den i den rigtige retning;<\/li>\n<li>det er bedre at dobbelttjekke dit valgte resultat og indsatsbel\u00f8b flere gange. Nogle gange kan endda specialister beg\u00e5 en triviel fejl, som ofte f\u00f8rer til fatale konsekvenser for brugerne;<\/li>\n<li>i de fleste tilf\u00e6lde er det bedre at g\u00e5 til kampagnesiden og f\u00e5 s\u00e6rlige bonusser. Dette vil \u00f8ge dine chancer for succes og give dig mulighed for at tjene mere gratis.<\/li>\n<\/ul>\n<p>Pr\u00f8v forskellige strategier og taktikker for at v\u00e6lge den bedste og begynd at tjene regelm\u00e6ssigt.<\/p>\n<p><img loading=\"lazy\" decoding=\"async\" class=\"aligncenter wp-image-4700\" src=\"https:\/\/rocketplay-new.com\/wp-content\/uploads\/2024\/02\/equestrian-sport-young-girl-rides-horse-championship.jpg\" alt=\"Horse Racing betting 2\" width=\"800\" height=\"534\" srcset=\"https:\/\/rocketplay-new.com\/wp-content\/uploads\/2024\/02\/equestrian-sport-young-girl-rides-horse-championship.jpg 1000w, https:\/\/rocketplay-new.com\/wp-content\/uploads\/2024\/02\/equestrian-sport-young-girl-rides-horse-championship-300x200.jpg 300w, https:\/\/rocketplay-new.com\/wp-content\/uploads\/2024\/02\/equestrian-sport-young-girl-rides-horse-championship-768x512.jpg 768w\" sizes=\"auto, (max-width: 800px) 100vw, 800px\" \/><\/p>\n<h2>FAQ<\/h2>\n<p>Specielt til vores l\u00e6sere har vi samlet en database med svar fra eksperter p\u00e5 de mest popul\u00e6re sp\u00f8rgsm\u00e5l fra begyndere. Takket v\u00e6re dette beh\u00f8ver du ikke bruge timer p\u00e5 at studere informationen, men kan begynde at satse med det samme.<\/p>\n<h3>HVAD ER MINIMUMSINDSATSBEL\u00d8BET?<\/h3>\n<p>Gratis v\u00e6ddem\u00e5l p\u00e5 hestev\u00e6ddel\u00f8b vil ikke kr\u00e6ve den store indsats fra dig, fordi spillefirmaet ofte giver en s\u00e5dan bonus v\u00e6k til alle spillere. Pr\u00f8v at f\u00e5 en gave, og du vil overhovedet kunne satse uden at bruge rigtige penge. I dette tilf\u00e6lde vil gevinsterne blive krediteret din konto, hvilket betyder, at et s\u00e5dant v\u00e6ddem\u00e5l vil v\u00e6re rentabelt. Men n\u00e5r man ikke tager bonusserne i betragtning, er minimumsindsatsen oftest en eller fem amerikanske dollars.<\/p>\n<h3>HVILKEN TYPE INDSATS ER DEN MEST ALMINDELIGE?<\/h3>\n<p>Dette er et v\u00e6ddem\u00e5l p\u00e5 vinderen af l\u00f8bet, som giver dig mulighed for at f\u00e5 dine gevinster hurtigt og effektivt. Nogle gange giver virksomheden dig mulighed for at v\u00e6lge flere mulige vindere samtidigt, men oddsene er lidt lavere.<\/p>\n<h3>KAN JEG VEDDE FRA MIN TELEFON?<\/h3>\n<p>Ja, hestev\u00e6ddel\u00f8bsv\u00e6ddem\u00e5lsappen kan bruges af alle spillere, der er registreret p\u00e5 den officielle side. Pr\u00f8v at v\u00e6re online hele tiden og ved pr\u00e6cist, hvad der sker i kampen nu. Samtidig er systemet med at h\u00e6ve penge og f\u00e5 bonusser bevaret, fordi spillere endda kan kontakte teknisk support. Pr\u00f8v at placere et v\u00e6ddem\u00e5l i en lang ventek\u00f8, eller mens du er ude for sjov.<\/p>\n","protected":false},"excerpt":{"rendered":"<p>Du kan se de fleste fordele ved v\u00e6ddem\u00e5l p\u00e5 hestev\u00e6ddel\u00f8b, hvis du regelm\u00e6ssigt placerer sm\u00e5 v\u00e6ddem\u00e5l. L\u00f8bene afholdes ret ofte, s\u00e5 du er garanteret at finde en passende mulighed for dig selv og nyde kampen. Det vigtigste er at l\u00e6se alle reglerne, se et par online-udsendelser p\u00e5 forh\u00e5nd og derefter begynde at bette med grundl\u00e6ggende&#8230;<\/p>\n","protected":false},"author":1,"featured_media":0,"parent":3693,"menu_order":0,"comment_status":"closed","ping_status":"closed","template":"","meta":{"_acf_changed":false,"_kad_post_transparent":"default","_kad_post_title":"default","_kad_post_layout":"default","_kad_post_sidebar_id":"","_kad_post_content_style":"default","_kad_post_vertical_padding":"default","_kad_post_feature":"","_kad_post_feature_position":"","_kad_post_header":false,"_kad_post_footer":false,"footnotes":""},"class_list":["post-3910","page","type-page","status-publish","hentry"],"acf":[],"rttpg_featured_image_url":null,"rttpg_author":{"display_name":"John","author_link":"https:\/\/rocketplay-new.com\/da\/author\/pemvas95n89x\/"},"rttpg_comment":0,"rttpg_category":null,"rttpg_excerpt":"Du kan se de fleste fordele ved v\u00e6ddem\u00e5l p\u00e5 hestev\u00e6ddel\u00f8b, hvis du regelm\u00e6ssigt placerer sm\u00e5 v\u00e6ddem\u00e5l. L\u00f8bene afholdes ret ofte, s\u00e5 du er garanteret at finde en passende mulighed for dig selv og nyde kampen. Det vigtigste er at l\u00e6se alle reglerne, se et par online-udsendelser p\u00e5 forh\u00e5nd og derefter begynde at bette med grundl\u00e6ggende...","_links":{"self":[{"href":"https:\/\/rocketplay-new.com\/da\/wp-json\/wp\/v2\/pages\/3910","targetHints":{"allow":["GET"]}}],"collection":[{"href":"https:\/\/rocketplay-new.com\/da\/wp-json\/wp\/v2\/pages"}],"about":[{"href":"https:\/\/rocketplay-new.com\/da\/wp-json\/wp\/v2\/types\/page"}],"author":[{"embeddable":true,"href":"https:\/\/rocketplay-new.com\/da\/wp-json\/wp\/v2\/users\/1"}],"replies":[{"embeddable":true,"href":"https:\/\/rocketplay-new.com\/da\/wp-json\/wp\/v2\/comments?post=3910"}],"version-history":[{"count":4,"href":"https:\/\/rocketplay-new.com\/da\/wp-json\/wp\/v2\/pages\/3910\/revisions"}],"predecessor-version":[{"id":5673,"href":"https:\/\/rocketplay-new.com\/da\/wp-json\/wp\/v2\/pages\/3910\/revisions\/5673"}],"up":[{"embeddable":true,"href":"https:\/\/rocketplay-new.com\/da\/wp-json\/wp\/v2\/pages\/3693"}],"wp:attachment":[{"href":"https:\/\/rocketplay-new.com\/da\/wp-json\/wp\/v2\/media?parent=3910"}],"curies":[{"name":"wp","href":"https:\/\/api.w.org\/{rel}","templated":true}]}}