{"id":3853,"date":"2023-01-13T19:04:27","date_gmt":"2023-01-13T16:04:27","guid":{"rendered":"https:\/\/rocketplay-new.com\/sport-betting\/tennis\/"},"modified":"2025-04-02T15:48:40","modified_gmt":"2025-04-02T12:48:40","slug":"tennis","status":"publish","type":"page","link":"https:\/\/rocketplay-new.com\/da\/sport\/tennis\/","title":{"rendered":"En guide til v\u00e6ddem\u00e5l p\u00e5 tennis"},"content":{"rendered":"<p>En v\u00e6sentlig fordel ved tennisv\u00e6ddem\u00e5l er, at der nu spilles mange professionelle og amat\u00f8rkampe. Takket v\u00e6re dette kan alle s\u00e6tte deres penge ind i en bestemt spillers gevinster og tjene penge p\u00e5 det. Det er nok at finde en passende online side til gambling og v\u00e6ddem\u00e5l og derefter oprette en kupon. I vores anmeldelse vil du f\u00e5 nyttige oplysninger og l\u00e6re, hvordan du satser.<\/p>\n<p style=\"text-align: center;\"><span style=\"font-weight: 400;\"><div class=\"go-btn-container\"><div class=\"tosh-btn\"><a href=\"\/go-casino\/\" target=\"_blank\">SPIL NU<\/a><\/div><\/div> <\/span><\/p>\n<h2>STRATEGI FOR TENNISV\u00c6DDING<\/h2>\n<p>En interessant strategi for begyndere er at bruge Tennis betting-appen, som er gratis for alle brugere. Dette er en fantastisk m\u00e5de at f\u00e5 adgang til v\u00e6ddem\u00e5l regelm\u00e6ssigt. Samtidig kan du tjene penge selv p\u00e5 en g\u00e5tur eller mens du venter i k\u00f8.<\/p>\n<p>Ud over dette er der en specifik tennis-v\u00e6ddem\u00e5lsstrategi, der skiller sig ud p\u00e5 grund af dens grundl\u00e6ggende principper for spillet:<\/p>\n<ul>\n<li>det oprindelige budget b\u00f8r v\u00e6re opdelt i flere tiere af dele, og ikke satse mere end \u00e9n ad gangen p\u00e5 en kamp. I dette tilf\u00e6lde vil du ikke kun begr\u00e6nse dine gevinster, men ogs\u00e5 dine tab. S\u00e5 der vil ikke v\u00e6re noget tab af hele indskuddet, hvilket er en v\u00e6sentlig fordel;<\/li>\n<li>du b\u00f8r l\u00e6re at kontrollere dine f\u00f8lelser, mens du satser, s\u00e5 du ikke ved et uheld laver et v\u00e6ddem\u00e5l, der vil f\u00f8re til din undergang. De fleste begyndere mister deres penge, netop fordi de fors\u00f8ger at vinde de tabte penge tilbage hurtigt;<\/li>\n<li>du kan ikke bruge analyser fra folk p\u00e5 internettet som den eneste rigtige v\u00e6ddem\u00e5lsmulighed. Ogs\u00e5 tilgangen i v\u00e6ddem\u00e5lsmilj\u00f8et kaldes doven, og det f\u00f8rer uundg\u00e5eligt til et tab. Du b\u00f8r gribe dit spil ansvarligt an og altid se indsatsbel\u00f8bet. Foretag analyser og studer kampene selv, s\u00e5 du ikke laver en fejl.<\/li>\n<\/ul>\n<p>Vi anbefaler alle nytilkomne kun at bruge tjenesterne fra de trov\u00e6rdige websteder med mange \u00e5rs erfaring. Du kan finde dette p\u00e5 vores spilportal i anmeldelsersektionen, hvor eksperter har samlet de bedste tilg\u00e6ngelige muligheder. Pr\u00f8v at starte dit spil og f\u00e5 et stort overskud direkte fra din konto. G\u00e5 ogs\u00e5 gennem verifikationsproceduren, s\u00e5 der ikke vil v\u00e6re problemer med tilbagetr\u00e6kning af midler i fremtiden.<\/p>\n<p><img loading=\"lazy\" decoding=\"async\" class=\"aligncenter wp-image-4672\" src=\"https:\/\/rocketplay-new.com\/wp-content\/uploads\/2024\/02\/tennis-girl-professional-tennis-court.jpg\" alt=\"Tennis Betting\" width=\"800\" height=\"500\" srcset=\"https:\/\/rocketplay-new.com\/wp-content\/uploads\/2024\/02\/tennis-girl-professional-tennis-court.jpg 1000w, https:\/\/rocketplay-new.com\/wp-content\/uploads\/2024\/02\/tennis-girl-professional-tennis-court-300x188.jpg 300w, https:\/\/rocketplay-new.com\/wp-content\/uploads\/2024\/02\/tennis-girl-professional-tennis-court-768x480.jpg 768w\" sizes=\"auto, (max-width: 800px) 100vw, 800px\" \/><\/p>\n<h2>DE MEST POPUL\u00c6RE TENNIS INDSATS<\/h2>\n<p>Det bedste sted for begyndere inden for tennis online-v\u00e6ddem\u00e5l at starte er med et mere ligetil v\u00e6ddem\u00e5l. Normalt er det en sejr for en bestemt atlet eller et par atleter i en kamp. Mere komplicerede v\u00e6ddem\u00e5l er overladt til professionelle, der kontrollerer deres \u00f8konomiske ressourcer og fordeler overskud godt. Samlede v\u00e6ddem\u00e5l anses for at v\u00e6re mere komplicerede, fordi det er mange gange mere udfordrende at beregne point og forudsige dem.<\/p>\n<p>Du kan pr\u00f8ve forskellige v\u00e6ddem\u00e5lsmuligheder i en speciel demo-tilstand. Dette vil give dig mulighed for at undg\u00e5 at bruge ekstra penge og pr\u00f8ve alle muligheder. Nogle gange er denne tilstand muligvis ikke tilg\u00e6ngelig, men dette er den bedste mulighed, hvis du snart kan tjene rigtige penge.<\/p>\n<p style=\"text-align: center;\"><span style=\"font-weight: 400;\"><div class=\"go-btn-container\"><div class=\"tosh-btn\"><a href=\"\/go-casino\/\" target=\"_blank\">SPIL NU<\/a><\/div><\/div> <\/span><\/p>\n<h2>TENNIS ODDS FORKLARET<\/h2>\n<p>Den nemmeste m\u00e5de at forklare oddsene p\u00e5 er at give specifikke eksempler fra rigtige v\u00e6ddem\u00e5l. Pr\u00f8v at satse $200 p\u00e5 et resultat med odds 1,4. I dette tilf\u00e6lde vil du tjene $80, og $280 vil v\u00e6re p\u00e5 din konto. For $100 satset til odds 1,7 f\u00e5r du $70 i nettooverskud. Her er det det samme som at investere, s\u00e5 du kan finde ud af det, hvis du finder de bedste Tennis betting sider.<\/p>\n<h2>KONKLUSION<\/h2>\n<p>Afslutningsvis vil vi gerne sige igen, at den bedste m\u00e5de at starte dit spil p\u00e5 er at f\u00e5 Tennis gratis v\u00e6ddem\u00e5l p\u00e5 den officielle gamblingside fra vores anmeldelser. Pr\u00f8v at lave din f\u00f8rste indsats og vind en stor sum penge. Dette vil hj\u00e6lpe dig med at v\u00e6nne dig til gr\u00e6nsefladen hurtigt og l\u00e6re, hvordan du allokerer dine ressourcer korrekt. Kun ved hj\u00e6lp af rigtige v\u00e6ddem\u00e5l kan du l\u00e6re at lave rentable v\u00e6ddem\u00e5l og vinde regelm\u00e6ssigt.<\/p>\n<p><img loading=\"lazy\" decoding=\"async\" class=\"aligncenter wp-image-4681\" src=\"https:\/\/rocketplay-new.com\/wp-content\/uploads\/2024\/02\/high-angle-tennis-racket-balls.jpg\" alt=\"Tennis Betting 2\" width=\"800\" height=\"534\" srcset=\"https:\/\/rocketplay-new.com\/wp-content\/uploads\/2024\/02\/high-angle-tennis-racket-balls.jpg 1000w, https:\/\/rocketplay-new.com\/wp-content\/uploads\/2024\/02\/high-angle-tennis-racket-balls-300x200.jpg 300w, https:\/\/rocketplay-new.com\/wp-content\/uploads\/2024\/02\/high-angle-tennis-racket-balls-768x512.jpg 768w\" sizes=\"auto, (max-width: 800px) 100vw, 800px\" \/><\/p>\n<h2>FAQ<\/h2>\n<p>Ud over tips til tennisspil, er her en kort guide til begyndere. Svarene p\u00e5 popul\u00e6re sp\u00f8rgsm\u00e5l hj\u00e6lper dig med at blive bedre bekendt med aktive betting og tjene flere penge.<\/p>\n<h3>HVAD ER DET MEST POPUL\u00c6RE V\u00c6DDE P\u00c5 TENNIS?<\/h3>\n<p>Vi satser ofte p\u00e5 en mester, der kan vinde kampen og selvsikkert holde fast i sin strategi. P\u00e5 andenpladsen er at placere v\u00e6ddem\u00e5l p\u00e5 de samlede runder og point, som ogs\u00e5 kan analyseres. Det vigtigste er at indsamle p\u00e5lidelig information og p\u00e5 forh\u00e5nd l\u00e6re om, hvilke funktioner i denne disciplin. I dette tilf\u00e6lde har du alle chancer for at vinde.<\/p>\n<h3>ER DET UDFORDRENDE AT L\u00c6RE HVORDAN MAN SATSER I TENNIS?<\/h3>\n<p>Nej, spillere l\u00e6rer normalt at satse inden for blot en uge. Takket v\u00e6re spillesidens klare regler og \u00e6rlige udsendelser bliver det nemt at f\u00e5 styr p\u00e5 det. Se et par spil for at justere dine strategier og taktikker, og begynd derefter at tjene store summer. Du kan ogs\u00e5 lave minimumsindsatser p\u00e5 \u00e9n dollar for at forst\u00e5 systemet bedre og ikke miste kapital.<\/p>\n<h3>I HVILKEN ALDER KAN JEG VEDDE?<\/h3>\n<p>En begr\u00e6nsning p\u00e5 live-tennisv\u00e6ddem\u00e5l er myndighedsalderen i bop\u00e6lslandet. Derfor anbefales det, at du igen s\u00e6tter dig ind i lovgivningen i din stat eller dit land. Dette vil hj\u00e6lpe dig med ikke at miste din konto, fordi administrationen vil finde en uoverensstemmelse under verifikationsprocessen. Spil smukt, og du er garanteret at vinde p\u00e5 et tidspunkt.<\/p>\n","protected":false},"excerpt":{"rendered":"<p>En v\u00e6sentlig fordel ved tennisv\u00e6ddem\u00e5l er, at der nu spilles mange professionelle og amat\u00f8rkampe. Takket v\u00e6re dette kan alle s\u00e6tte deres penge ind i en bestemt spillers gevinster og tjene penge p\u00e5 det. Det er nok at finde en passende online side til gambling og v\u00e6ddem\u00e5l og derefter oprette en kupon. I vores anmeldelse vil&#8230;<\/p>\n","protected":false},"author":1,"featured_media":0,"parent":3693,"menu_order":0,"comment_status":"closed","ping_status":"closed","template":"","meta":{"_acf_changed":false,"_kad_post_transparent":"default","_kad_post_title":"default","_kad_post_layout":"default","_kad_post_sidebar_id":"","_kad_post_content_style":"default","_kad_post_vertical_padding":"default","_kad_post_feature":"","_kad_post_feature_position":"","_kad_post_header":false,"_kad_post_footer":false,"footnotes":""},"class_list":["post-3853","page","type-page","status-publish","hentry"],"acf":[],"rttpg_featured_image_url":null,"rttpg_author":{"display_name":"John","author_link":"https:\/\/rocketplay-new.com\/da\/author\/pemvas95n89x\/"},"rttpg_comment":0,"rttpg_category":null,"rttpg_excerpt":"En v\u00e6sentlig fordel ved tennisv\u00e6ddem\u00e5l er, at der nu spilles mange professionelle og amat\u00f8rkampe. Takket v\u00e6re dette kan alle s\u00e6tte deres penge ind i en bestemt spillers gevinster og tjene penge p\u00e5 det. Det er nok at finde en passende online side til gambling og v\u00e6ddem\u00e5l og derefter oprette en kupon. I vores anmeldelse vil...","_links":{"self":[{"href":"https:\/\/rocketplay-new.com\/da\/wp-json\/wp\/v2\/pages\/3853","targetHints":{"allow":["GET"]}}],"collection":[{"href":"https:\/\/rocketplay-new.com\/da\/wp-json\/wp\/v2\/pages"}],"about":[{"href":"https:\/\/rocketplay-new.com\/da\/wp-json\/wp\/v2\/types\/page"}],"author":[{"embeddable":true,"href":"https:\/\/rocketplay-new.com\/da\/wp-json\/wp\/v2\/users\/1"}],"replies":[{"embeddable":true,"href":"https:\/\/rocketplay-new.com\/da\/wp-json\/wp\/v2\/comments?post=3853"}],"version-history":[{"count":4,"href":"https:\/\/rocketplay-new.com\/da\/wp-json\/wp\/v2\/pages\/3853\/revisions"}],"predecessor-version":[{"id":5654,"href":"https:\/\/rocketplay-new.com\/da\/wp-json\/wp\/v2\/pages\/3853\/revisions\/5654"}],"up":[{"embeddable":true,"href":"https:\/\/rocketplay-new.com\/da\/wp-json\/wp\/v2\/pages\/3693"}],"wp:attachment":[{"href":"https:\/\/rocketplay-new.com\/da\/wp-json\/wp\/v2\/media?parent=3853"}],"curies":[{"name":"wp","href":"https:\/\/api.w.org\/{rel}","templated":true}]}}