{"id":3800,"date":"2023-01-13T18:30:54","date_gmt":"2023-01-13T15:30:54","guid":{"rendered":"https:\/\/rocketplay-new.com\/sport-betting\/american-football\/"},"modified":"2025-04-02T17:48:32","modified_gmt":"2025-04-02T14:48:32","slug":"american-football","status":"publish","type":"page","link":"https:\/\/rocketplay-new.com\/da\/sport\/american-football\/","title":{"rendered":"S\u00e5dan satser du p\u00e5 amerikansk fodbold"},"content":{"rendered":"<p>Popul\u00e6r underholdning i USA tiltr\u00e6kker ogs\u00e5 fans af gambling sport. Spil p\u00e5 amerikansk fodbold er en glimrende mulighed for hurtigt og effektivt at bruge forskellige resultater til at vinde. Et stort antal kampe og h\u00f8j dynamik vil give selv en nybegynder mulighed for at forst\u00e5 reglerne og begynde at tjene hurtigt. I vores anmeldelse har vi samlet de mest nyttige oplysninger om v\u00e6ddem\u00e5l p\u00e5 amerikansk fodbold.<\/p>\n<p style=\"text-align: center;\"><span style=\"font-weight: 400;\">\u00a0<div class=\"go-btn-container\"><div class=\"tosh-btn\"><a href=\"\/go-casino\/\" target=\"_blank\">SPIL NU<\/a><\/div><\/div> <\/span><\/p>\n<h2>ODDS FOR AMERIKANSK FODBOLD FORKLARET<\/h2>\n<p>I de fleste tilf\u00e6lde er amerikansk fodbold betting sider udfordrende at v\u00e6lge, fordi der er mange konkurrenter p\u00e5 markedet og snydere. Du kan finde garanteret p\u00e5lidelige v\u00e6ddem\u00e5lssider i vores anmeldelser, fordi vi tester alle funktionerne i spilselskaber i detaljer. Du b\u00f8r ogs\u00e5 forholde dig ansvarligt til dine indsatser ved at studere den overordnede indsatslinje p\u00e5 siden.<\/p>\n<p>Jo flere mulige udfald, der tilbydes, jo mere omfattende betragtes den mulige indsatslinje. Pr\u00f8v at finde de perfekte muligheder og tjen et par dusin dollars mere. Dette er din mulighed for at tjene et stort bel\u00f8b i kontanter. Du kan ogs\u00e5 pr\u00f8ve forskellige muligheder.<\/p>\n<p>Det er bedst at se p\u00e5 v\u00e6ddem\u00e5l p\u00e5 vinderen af kampen med det samme. Dette er en klassisk indsatstype, der vil appellere til de fleste spillere. Den nemmeste m\u00e5de at g\u00e6tte kampens udfald p\u00e5 er her.<\/p>\n<p>I American Football hold-v\u00e6ddem\u00e5l kan du ogs\u00e5 v\u00e6re opm\u00e6rksom p\u00e5 forskellige yderligere resultater. For eksempel er totalen en god mulighed for at \u00f8ge din saldo flere gange i en enkelt indsats. Desuden kan varianterne af en s\u00e5dan total v\u00e6re forskellige, hvilket betyder, at ingen vil tage din chance for at tjene meget p\u00e5 \u00e9n gang v\u00e6k<\/p>\n<p><img loading=\"lazy\" decoding=\"async\" class=\"aligncenter wp-image-4739\" src=\"https:\/\/rocketplay-new.com\/wp-content\/uploads\/2024\/02\/american-football-player-professional-stadium.jpg\" alt=\"American Football \" width=\"800\" height=\"400\" srcset=\"https:\/\/rocketplay-new.com\/wp-content\/uploads\/2024\/02\/american-football-player-professional-stadium.jpg 1000w, https:\/\/rocketplay-new.com\/wp-content\/uploads\/2024\/02\/american-football-player-professional-stadium-300x150.jpg 300w, https:\/\/rocketplay-new.com\/wp-content\/uploads\/2024\/02\/american-football-player-professional-stadium-768x384.jpg 768w\" sizes=\"auto, (max-width: 800px) 100vw, 800px\" \/><\/p>\n<h2>AMERIKANSKE FODBOLD INDSATSTYPER<\/h2>\n<p>Det anbefales at v\u00e6re opm\u00e6rksom p\u00e5 American Football-v\u00e6ddem\u00e5lsbonusser for at undg\u00e5 at miste en stor pulje p\u00e5 din konto. Du kan finde ud af de n\u00f8jagtige betingelser umiddelbart efter at have registreret en personlig konto. L\u00e6s reglerne grundigt og find ud af mere information om spillevirksomheden. Herefter kan du begynde at tjene aktivt.<\/p>\n<p>Vi kan ogs\u00e5 anbefale dig at f\u00e5 f\u00f8lgende gaver i amerikansk fodbold:<\/p>\n<ul>\n<li>\u00f8get cashback fra hvert tab takket v\u00e6re abonnementet p\u00e5 VIP-programmet;<\/li>\n<li>muligheden for at \u00f8ge dit indskud ved at tage en ekstra bonus fra administrationen;<\/li>\n<li>chancen for at f\u00e5 et gratis v\u00e6ddem\u00e5l og ikke at tabe kapital i tilf\u00e6lde af tab.<\/li>\n<\/ul>\n<p>Dette kan hj\u00e6lpe dig med at \u00f8ge din opsparing og skabe en sikker \u00f8konomisk pude.<\/p>\n<p style=\"text-align: center;\"><span style=\"font-weight: 400;\">\u00a0<div class=\"go-btn-container\"><div class=\"tosh-btn\"><a href=\"\/go-casino\/\" target=\"_blank\">SPIL NU<\/a><\/div><\/div> <\/span><\/p>\n<h2>AMERIKANSKE FODBOLDSPILLINGSSTRATEGIER<\/h2>\n<p>Blandt de bedste strategier og bedste amerikansk fodbold v\u00e6ddem\u00e5l online er nogle af de mest ber\u00f8mte. Det er n\u00f8dvendigt at f\u00f8lge anbefalingerne fra eksperter n\u00f8je for at v\u00e6re sikker p\u00e5 at tjene penge og ikke miste hele din kapital:<\/p>\n<ul>\n<li>pr\u00f8v at dele det samlede bel\u00f8b af din bank i 20-30 dele og sats ikke mere end 3% af din kapital ad gangen. P\u00e5 denne m\u00e5de vil du ikke tabe det hele p\u00e5 \u00e9n gang, hvilket betyder, at du gradvist vil mestre kunsten at spille;<\/li>\n<li>du b\u00f8r gribe v\u00e6ddem\u00e5let an p\u00e5 en disciplineret m\u00e5de, s\u00e5 der ikke er problemer under lodtr\u00e6kningerne. Du b\u00f8r ikke satse alt p\u00e5 f\u00f8lelser, eller hvis du vil vinde tilbage, fordi dette vil f\u00f8re dig til flere tab;<\/li>\n<li>spillere skal studere reglerne for kampagner og bonusser omhyggeligt for at undg\u00e5 den typiske f\u00e6lde af misforst\u00e5ede forhold.<\/li>\n<\/ul>\n<p>Brug alle anbefalingerne, og du kan vinde.<\/p>\n<p><img loading=\"lazy\" decoding=\"async\" class=\"aligncenter wp-image-4749\" src=\"https:\/\/rocketplay-new.com\/wp-content\/uploads\/2024\/02\/american-football-american-football-player-professional-sport-stadium.jpg\" alt=\"American Football 2\" width=\"800\" height=\"462\" srcset=\"https:\/\/rocketplay-new.com\/wp-content\/uploads\/2024\/02\/american-football-american-football-player-professional-sport-stadium.jpg 1000w, https:\/\/rocketplay-new.com\/wp-content\/uploads\/2024\/02\/american-football-american-football-player-professional-sport-stadium-300x173.jpg 300w, https:\/\/rocketplay-new.com\/wp-content\/uploads\/2024\/02\/american-football-american-football-player-professional-sport-stadium-768x443.jpg 768w\" sizes=\"auto, (max-width: 800px) 100vw, 800px\" \/><\/p>\n<h2>KONKLUSION<\/h2>\n<p>Sammenfattende b\u00f8r alle pr\u00f8ve at satse p\u00e5 amerikansk fodbold. Dette er en dynamisk sportsdisciplin, som mange mennesker vil kunne lide p\u00e5 grund af de sp\u00e6ndende bonusser og den brede bettinglinje. Du kan nu pr\u00f8ve alle fordelene p\u00e5 den officielle gamblingside.<\/p>\n<h2>FAQ<\/h2>\n<p>Ud over tip om amerikansk fodbold har vi samlet svarene p\u00e5 de mest popul\u00e6re begyndersp\u00f8rgsm\u00e5l til dig. L\u00e6s de nyttige oplysninger og begynd at spille aktivt for at vinde og tjene masser af ekstra penge. Du kan starte nu p\u00e5 den officielle casino hjemmeside.<\/p>\n<h3>HVAD ER VINDERSTRATEGIEN?<\/h3>\n<p>I de fleste tilf\u00e6lde b\u00f8r du stole p\u00e5 odds p\u00e5 American Football for at vurdere dine succeschancer korrekt. Oftere end ikke er holdene klar til at vise et godt resultat, s\u00e5 du b\u00f8r analysere det kommende spil ansvarligt. Pr\u00f8v at bruge flere spillemuligheder til at tjene penge og udvikle din strategi. Demo-tilstand kan hj\u00e6lpe dig, hvis den i \u00f8jeblikket er tilg\u00e6ngelig i spillet.<\/p>\n<h3>HVAD ER DET BEDSTE HOLD AT VEDDE P\u00c5?<\/h3>\n<p>De fleste v\u00e6ddem\u00e5l p\u00e5 amerikansk fodbold er baseret p\u00e5 analyser af de to hold. Det er n\u00f8dvendigt at studere den tidligere konfrontation mellem organisationerne og de atleter, der skal pr\u00e6stere i den n\u00e6ste kamp. Nogle gange er spillerne klar til at tilbyde dig et fantastisk show, som er sv\u00e6rt at forudsige. Ellers kan du bestemme favoritten p\u00e5 \u00e9n gang og derefter se de konstante gevinster.<\/p>\n","protected":false},"excerpt":{"rendered":"<p>Popul\u00e6r underholdning i USA tiltr\u00e6kker ogs\u00e5 fans af gambling sport. Spil p\u00e5 amerikansk fodbold er en glimrende mulighed for hurtigt og effektivt at bruge forskellige resultater til at vinde. Et stort antal kampe og h\u00f8j dynamik vil give selv en nybegynder mulighed for at forst\u00e5 reglerne og begynde at tjene hurtigt. I vores anmeldelse har&#8230;<\/p>\n","protected":false},"author":1,"featured_media":0,"parent":3693,"menu_order":0,"comment_status":"closed","ping_status":"closed","template":"","meta":{"_acf_changed":false,"_kad_post_transparent":"default","_kad_post_title":"default","_kad_post_layout":"default","_kad_post_sidebar_id":"","_kad_post_content_style":"default","_kad_post_vertical_padding":"default","_kad_post_feature":"","_kad_post_feature_position":"","_kad_post_header":false,"_kad_post_footer":false,"footnotes":""},"class_list":["post-3800","page","type-page","status-publish","hentry"],"acf":[],"rttpg_featured_image_url":null,"rttpg_author":{"display_name":"John","author_link":"https:\/\/rocketplay-new.com\/da\/author\/pemvas95n89x\/"},"rttpg_comment":0,"rttpg_category":null,"rttpg_excerpt":"Popul\u00e6r underholdning i USA tiltr\u00e6kker ogs\u00e5 fans af gambling sport. Spil p\u00e5 amerikansk fodbold er en glimrende mulighed for hurtigt og effektivt at bruge forskellige resultater til at vinde. Et stort antal kampe og h\u00f8j dynamik vil give selv en nybegynder mulighed for at forst\u00e5 reglerne og begynde at tjene hurtigt. I vores anmeldelse har...","_links":{"self":[{"href":"https:\/\/rocketplay-new.com\/da\/wp-json\/wp\/v2\/pages\/3800","targetHints":{"allow":["GET"]}}],"collection":[{"href":"https:\/\/rocketplay-new.com\/da\/wp-json\/wp\/v2\/pages"}],"about":[{"href":"https:\/\/rocketplay-new.com\/da\/wp-json\/wp\/v2\/types\/page"}],"author":[{"embeddable":true,"href":"https:\/\/rocketplay-new.com\/da\/wp-json\/wp\/v2\/users\/1"}],"replies":[{"embeddable":true,"href":"https:\/\/rocketplay-new.com\/da\/wp-json\/wp\/v2\/comments?post=3800"}],"version-history":[{"count":4,"href":"https:\/\/rocketplay-new.com\/da\/wp-json\/wp\/v2\/pages\/3800\/revisions"}],"predecessor-version":[{"id":5682,"href":"https:\/\/rocketplay-new.com\/da\/wp-json\/wp\/v2\/pages\/3800\/revisions\/5682"}],"up":[{"embeddable":true,"href":"https:\/\/rocketplay-new.com\/da\/wp-json\/wp\/v2\/pages\/3693"}],"wp:attachment":[{"href":"https:\/\/rocketplay-new.com\/da\/wp-json\/wp\/v2\/media?parent=3800"}],"curies":[{"name":"wp","href":"https:\/\/api.w.org\/{rel}","templated":true}]}}