{"id":3746,"date":"2023-01-13T17:47:51","date_gmt":"2023-01-13T14:47:51","guid":{"rendered":"https:\/\/rocketplay-new.com\/a-beginner-s-guide-to-sport-betting\/hockey\/"},"modified":"2025-04-02T18:00:34","modified_gmt":"2025-04-02T15:00:34","slug":"hockey","status":"publish","type":"page","link":"https:\/\/rocketplay-new.com\/da\/sport\/hockey\/","title":{"rendered":"S\u00e5dan satser du p\u00e5 hockey"},"content":{"rendered":"<p>At v\u00e6lge de rigtige Hockey-indsatslinjer er den mest udfordrende udfordring for begyndere. Pr\u00f8v at forst\u00e5 de s\u00e6rlige kendetegn ved sportsdisciplin og udled den perfekte formel for succes. Vores korte oversigt fokuserer p\u00e5 strategier, taktik og fordele ved ishockeyv\u00e6ddem\u00e5l. Begynd at tjene flere penge p\u00e5 v\u00e6ddem\u00e5l nu.<\/p>\n<p style=\"text-align: center;\"><span style=\"font-weight: 400;\">\u00a0<div class=\"go-btn-container\"><div class=\"tosh-btn\"><a href=\"\/go-casino\/\" target=\"_blank\">SPIL NU<\/a><\/div><\/div><\/span><\/p>\n<h2>HOCKEY PUCK LINE V\u00c6DDNING<\/h2>\n<p>I de fleste tilf\u00e6lde er begyndere interesserede i Hockey-v\u00e6ddem\u00e5l gratis, fordi det er en fantastisk m\u00e5de at forst\u00e5 det grundl\u00e6ggende ved betting og begynde at tjene penge hurtigt. Administrationen distribuerer uafh\u00e6ngigt s\u00e5danne bonusser til alle deltagere p\u00e5 en separat kampagneside, s\u00e5 det anbefales at pr\u00f8ve at finde et s\u00e5dant tilbud lige nu. Det er ogs\u00e5 en chance for at pr\u00f8ve betting og teste forskellige strategier uden at bruge dit budget p\u00e5 det.<\/p>\n<p>De mest popul\u00e6re v\u00e6ddem\u00e5lsmuligheder forbliver dog:<\/p>\n<ul>\n<li>holdsejr. Det er n\u00f8dvendigt at se n\u00f8je p\u00e5 tidligere m\u00f8der mellem holdene og deres resultater i de seneste kampe. V\u00e6r ogs\u00e5 s\u00e6rlig opm\u00e6rksom p\u00e5 udskiftninger, som ofte forekommer og i v\u00e6sentlig grad p\u00e5virker kampens endelige resultat;<\/li>\n<li>samlede scorede pucke. En popul\u00e6r v\u00e6ddem\u00e5lsmulighed for dem, der kan lide at tjene et godt bel\u00f8b p\u00e5 deres konto hurtigt. Det er nemmest at opdele s\u00e5danne pucke i tre perioder; derfor kan du vinde s\u00e5 mange som tre gange i en kamp. Analysen er ret kompliceret, men den giver dig mulighed for at opn\u00e5 et fremragende overskud;<\/li>\n<li>totalt farlige skud. Det vigtigste ved denne type v\u00e6ddem\u00e5l er, at kun professionelle fors\u00f8ger at spille fra farlige spark. S\u00e5dan en per kamp kan ske ret meget, og for at studere dette sp\u00f8rgsm\u00e5l er det nok at se p\u00e5 statistikken over holdsejre og spillere. Dybdeg\u00e5ende analyse og pengene er i lommen.<\/li>\n<\/ul>\n<p>Du kan finde dit ideal, hvis du bruger en af de casinosider, vi har<\/p>\n<p>beskrevet. Pr\u00f8v at studere deres funktioner i vores anmeldelser, fordi vi grundigt tester hver spilressource. Takket v\u00e6re dette kan du f\u00e5 din erfaring, penge og evnen til at analysere fremtidige kampe.<\/p>\n<p><img loading=\"lazy\" decoding=\"async\" class=\"aligncenter wp-image-4710\" src=\"https:\/\/rocketplay-new.com\/wp-content\/uploads\/2024\/02\/hockey-players.jpg\" alt=\"Hockey betting \" width=\"800\" height=\"400\" srcset=\"https:\/\/rocketplay-new.com\/wp-content\/uploads\/2024\/02\/hockey-players.jpg 1000w, https:\/\/rocketplay-new.com\/wp-content\/uploads\/2024\/02\/hockey-players-300x150.jpg 300w, https:\/\/rocketplay-new.com\/wp-content\/uploads\/2024\/02\/hockey-players-768x384.jpg 768w\" sizes=\"auto, (max-width: 800px) 100vw, 800px\" \/><\/p>\n<h2>LIVE HOCKEYBETTING<\/h2>\n<p>Live betting Hockey er ogs\u00e5 meget popul\u00e6rt, fordi det er en glimrende mulighed for at f\u00e5 en stor pr\u00e6miefond, der allerede kender resultatet af kampen. Det er nok at begynde at spille og se udsendelsen, og derefter placere din indsats p\u00e5 et bestemt tidspunkt. Det vigtigste er at have nerverne af st\u00e5l s\u00e5 meget som muligt, fordi situationen p\u00e5 banen kan \u00e6ndre sig med f\u00e5 minutters mellemrum. Det er s\u00e5 h\u00e5rdt som muligt, men du b\u00f8r l\u00e6re at kontrollere dine f\u00f8lelser, og s\u00e5 har du alle chancer for at vinde.<\/p>\n<p style=\"text-align: center;\"><span style=\"font-weight: 400;\">\u00a0<div class=\"go-btn-container\"><div class=\"tosh-btn\"><a href=\"\/go-casino\/\" target=\"_blank\">SPIL NU<\/a><\/div><\/div><\/span><\/p>\n<h2>V\u00e6ddem\u00e5lstyper<\/h2>\n<p>At satse p\u00e5 en sejr er popul\u00e6rt, fordi ishockey live betting tips disponerer over det. De fleste strategier er afh\u00e6ngige af vinderen, fordi det er nemmere at forudsige det endelige resultat. Vi kan anbefale, at du f\u00f8lger en enkel retningslinje:<\/p>\n<ul>\n<li>G\u00e5 til hovedsiden af online gambling-siden og v\u00e6lg et passende match.<\/li>\n<li>Foretag derefter et v\u00e6ddem\u00e5l for et hvilket som helst bel\u00f8b og se kampen.<\/li>\n<li>V\u00e6lg flere resultater og analyser, hvilke der giver flere penge.<\/li>\n<\/ul>\n<p>Denne tilgang giver dig mulighed for at teste mange retninger og v\u00e6lge den bedste. Ellers bliver det sv\u00e6rere at f\u00e5 gode resultater.<\/p>\n<h2>VILK\u00c5R FOR HOCKEYBETTING<\/h2>\n<p>For det f\u00f8rste anbefales det at studere gratis v\u00e6ddem\u00e5lstilbud p\u00e5 hockey og alle funktionerne i moderne v\u00e6ddem\u00e5l. Kasinoets regler og regler er vigtige, for hvis du ikke f\u00f8lger dem, kan du blive blokeret. Du b\u00f8r ogs\u00e5 l\u00e6re farepunkterne og hvordan strafpointene spilles.<\/p>\n<p>Alt dette vil hj\u00e6lpe dig med at tilpasse dig hurtigere til Hockey-v\u00e6ddem\u00e5lstips og begynde at nyde alle fordelene ved gambling. Pr\u00f8v at \u00f8ge dit overskud, og du vil v\u00e6re tilfreds med resultatet.<\/p>\n<p><img loading=\"lazy\" decoding=\"async\" class=\"aligncenter wp-image-4729\" src=\"https:\/\/rocketplay-new.com\/wp-content\/uploads\/2024\/02\/professional-hockey-player-skating-ice-isolated-white.jpg\" alt=\"Hockey betting 2\" width=\"800\" height=\"437\" srcset=\"https:\/\/rocketplay-new.com\/wp-content\/uploads\/2024\/02\/professional-hockey-player-skating-ice-isolated-white.jpg 1000w, https:\/\/rocketplay-new.com\/wp-content\/uploads\/2024\/02\/professional-hockey-player-skating-ice-isolated-white-300x164.jpg 300w, https:\/\/rocketplay-new.com\/wp-content\/uploads\/2024\/02\/professional-hockey-player-skating-ice-isolated-white-768x419.jpg 768w\" sizes=\"auto, (max-width: 800px) 100vw, 800px\" \/><\/p>\n<h2>FAQ<\/h2>\n<p>Begyndere vil sandsynligvis hurtigt f\u00e5 styr p\u00e5 de v\u00e6sentlige aspekter af spillet. S\u00e5 det anbefales at begynde at l\u00e6se den v\u00e6rdifulde information fra vores eksperter. Vi har samlet svarene p\u00e5 de mest popul\u00e6re sp\u00f8rgsm\u00e5l til dig.<\/p>\n<h3>ER DET UDFORDRENDE AT L\u00c6RE, HVORDAN MAN SATSER P\u00c5 HOCKEY?<\/h3>\n<p>Takket v\u00e6re \u00e5benheden i Hockey-v\u00e6ddem\u00e5l kan du l\u00e6re, hvordan du vinder i den f\u00f8rste spilleuge. Det er nok at pr\u00f8ve noget nyt og have det sjovt p\u00e5 det officielle websted. Tjek sektionen om bonusser og kampagner for at f\u00e5 yderligere bel\u00f8nninger. Dette vil hj\u00e6lpe dig med at tjene rigtige penge hurtigere og mere effektivt.<\/p>\n<h3>HVAD ER MINIMUMINDSATS P\u00c5 HOCKEY?<\/h3>\n<p>Gr\u00e6nsen er normalt sat afh\u00e6ngigt af turneringen og din saldo. Pr\u00f8v at satse \u00e9n dollar, fordi det er den klassiske indsatsst\u00f8rrelse for en almindelig turnering. Nogle gange kan casinoet dog tillade dig at s\u00e6tte bel\u00f8bet til et par cents. S\u00e5danne sm\u00e5 indsatser er dog ogs\u00e5 nyttige, fordi de giver dig mulighed for at forst\u00e5 online Hockey-v\u00e6ddem\u00e5l indefra uden at miste meget kapital.<\/p>\n<h3>HVILKEN TYPE INDSATS ER DEN MEST L\u00d8Nsomme?<\/h3>\n<p>Det er bedst at bruge forskellige indsatsmuligheder under spillet. Nogle egner sig bedre til almindelige kampe, mens andre er ideelle under live-udsendelser. Pr\u00f8v at l\u00e6re, hvordan du tilpasser dig en bestemt type spil og lav de v\u00e6ddem\u00e5l, der kan give den maksimale fortjeneste p\u00e5 relativt kort tid. Selvom den bedste mulighed, if\u00f8lge vores eksperter, er at satse p\u00e5 antallet af scorede m\u00e5l i kampen.<\/p>\n","protected":false},"excerpt":{"rendered":"<p>At v\u00e6lge de rigtige Hockey-indsatslinjer er den mest udfordrende udfordring for begyndere. Pr\u00f8v at forst\u00e5 de s\u00e6rlige kendetegn ved sportsdisciplin og udled den perfekte formel for succes. Vores korte oversigt fokuserer p\u00e5 strategier, taktik og fordele ved ishockeyv\u00e6ddem\u00e5l. Begynd at tjene flere penge p\u00e5 v\u00e6ddem\u00e5l nu. \u00a0 HOCKEY PUCK LINE V\u00c6DDNING I de fleste tilf\u00e6lde&#8230;<\/p>\n","protected":false},"author":1,"featured_media":0,"parent":3693,"menu_order":0,"comment_status":"closed","ping_status":"closed","template":"","meta":{"_acf_changed":false,"_kad_post_transparent":"default","_kad_post_title":"default","_kad_post_layout":"default","_kad_post_sidebar_id":"","_kad_post_content_style":"default","_kad_post_vertical_padding":"default","_kad_post_feature":"","_kad_post_feature_position":"","_kad_post_header":false,"_kad_post_footer":false,"footnotes":""},"class_list":["post-3746","page","type-page","status-publish","hentry"],"acf":[],"rttpg_featured_image_url":null,"rttpg_author":{"display_name":"John","author_link":"https:\/\/rocketplay-new.com\/da\/author\/pemvas95n89x\/"},"rttpg_comment":0,"rttpg_category":null,"rttpg_excerpt":"At v\u00e6lge de rigtige Hockey-indsatslinjer er den mest udfordrende udfordring for begyndere. Pr\u00f8v at forst\u00e5 de s\u00e6rlige kendetegn ved sportsdisciplin og udled den perfekte formel for succes. Vores korte oversigt fokuserer p\u00e5 strategier, taktik og fordele ved ishockeyv\u00e6ddem\u00e5l. Begynd at tjene flere penge p\u00e5 v\u00e6ddem\u00e5l nu. \u00a0 HOCKEY PUCK LINE V\u00c6DDNING I de fleste tilf\u00e6lde...","_links":{"self":[{"href":"https:\/\/rocketplay-new.com\/da\/wp-json\/wp\/v2\/pages\/3746","targetHints":{"allow":["GET"]}}],"collection":[{"href":"https:\/\/rocketplay-new.com\/da\/wp-json\/wp\/v2\/pages"}],"about":[{"href":"https:\/\/rocketplay-new.com\/da\/wp-json\/wp\/v2\/types\/page"}],"author":[{"embeddable":true,"href":"https:\/\/rocketplay-new.com\/da\/wp-json\/wp\/v2\/users\/1"}],"replies":[{"embeddable":true,"href":"https:\/\/rocketplay-new.com\/da\/wp-json\/wp\/v2\/comments?post=3746"}],"version-history":[{"count":4,"href":"https:\/\/rocketplay-new.com\/da\/wp-json\/wp\/v2\/pages\/3746\/revisions"}],"predecessor-version":[{"id":5691,"href":"https:\/\/rocketplay-new.com\/da\/wp-json\/wp\/v2\/pages\/3746\/revisions\/5691"}],"up":[{"embeddable":true,"href":"https:\/\/rocketplay-new.com\/da\/wp-json\/wp\/v2\/pages\/3693"}],"wp:attachment":[{"href":"https:\/\/rocketplay-new.com\/da\/wp-json\/wp\/v2\/media?parent=3746"}],"curies":[{"name":"wp","href":"https:\/\/api.w.org\/{rel}","templated":true}]}}