{"id":3693,"date":"2023-01-13T15:58:26","date_gmt":"2023-01-13T12:58:26","guid":{"rendered":"https:\/\/rocketplay-new.com\/a-beginner-s-guide-to-sport-betting\/"},"modified":"2026-04-01T00:27:04","modified_gmt":"2026-03-31T21:27:04","slug":"sport","status":"publish","type":"page","link":"https:\/\/rocketplay-new.com\/da\/sport\/","title":{"rendered":"En begynderguide til sportsv\u00e6ddem\u00e5l"},"content":{"rendered":"<p>For det meste tiltr\u00e6kker sportsv\u00e6ddem\u00e5l brugere over hele verden for at tjene et par hundrede dollars hurtigt og sjovt. Is\u00e6r for s\u00e5danne brugere har mange casinoer \u00e5bnet muligheden for at spille p\u00e5 sports- og cybersport-begivenheder. Lige nu tilbyder vi en unik mulighed for at tage lidt tr\u00e6ning og tjene flere gange mere p\u00e5 betting.<\/p>\n<h2>EN KORT INTRODUKTION TIL, HVORDAN VEDDELELSE VIRKER<\/h2>\n<p>Betting er en m\u00e5de at forudsige et bestemt resultat i en kamp og f\u00e5 et vist bel\u00f8b for det. Jo mindre forudsigeligt resultatet er, jo mere kan du tjene p\u00e5 \u00e9n gang. N\u00e5r du g\u00f8r det, satser du med spillesiden, som f\u00e5r sin mening udtrykt p\u00e5 odds. Pr\u00f8v at udnytte denne viden til at tjene flere penge.<\/p>\n<p>I de fleste tilf\u00e6lde r\u00e5des begyndere til at bruge sportsv\u00e6ddem\u00e5lsappen p\u00e5 deres smartphones. Det er en praktisk mobil m\u00e5de at f\u00e5 penge, se udsendelser og endda h\u00e6ve gevinster til dit kort. Du skal blot downloade en separat app fra udviklingsteamet eller bruge mobilversionen, som alle kan bruge.<\/p>\n<p><img loading=\"lazy\" decoding=\"async\" class=\"aligncenter wp-image-4759\" src=\"https:\/\/rocketplay-new.com\/wp-content\/uploads\/2024\/02\/top-view-sports-gambling-money.jpg\" alt=\"sport betting\" width=\"800\" height=\"534\" srcset=\"https:\/\/rocketplay-new.com\/wp-content\/uploads\/2024\/02\/top-view-sports-gambling-money.jpg 1000w, https:\/\/rocketplay-new.com\/wp-content\/uploads\/2024\/02\/top-view-sports-gambling-money-300x200.jpg 300w, https:\/\/rocketplay-new.com\/wp-content\/uploads\/2024\/02\/top-view-sports-gambling-money-768x512.jpg 768w\" sizes=\"auto, (max-width: 800px) 100vw, 800px\" \/><\/p>\n<p>For at se effekten af v\u00e6ddem\u00e5l kan oddsene v\u00e6re helt anderledes. For eksempel kan satse $1.000 til odds 1,6 give dig en ekstra $600 i din pulje. Det lyder godt og er ikke sv\u00e6rt, fordi det betyder den klare ledelse af \u00e9t hold. En anden ting er, at kampen m\u00e5ske ikke g\u00e5r efter planen. Det er pr\u00e6cis, hvad du skal forudsige for at f\u00e5 den rigtige id\u00e9 om spillet.<\/p>\n<h2>SPORTSPILLINGSGUIDE, ORDLISTE, VILK\u00c5R<\/h2>\n<p>I de fleste tilf\u00e6lde kan det bedste sportsv\u00e6ddem\u00e5l drage fordel af de brugere, der har gennemg\u00e5et registreringsproceduren p\u00e5 spillesiden. Pr\u00f8v at oprette en personlig konto:<\/p>\n<ol>\n<li>Tilmeld dig p\u00e5 webstedet, som er angivet i vores anmeldelser. P\u00e5 den m\u00e5de falder du ikke for svindlere og kan uden problemer vinde en stor sum. Angiv kun rigtige personlige data, s\u00e5 der ikke vil v\u00e6re problemer med at h\u00e6ve penge p\u00e5 din konto i fremtiden.<\/li>\n<li>Brug derefter et af de foresl\u00e5ede betalingssystemer til at indbetale og f\u00e5 pengene ind p\u00e5 din konto. S\u00f8rg for at bruge det system, du planl\u00e6gger at bruge til udbetalingen. I dette tilf\u00e6lde vil du ikke have problemer med at f\u00e5 pengene ind p\u00e5 din konto.<\/li>\n<li>V\u00e6lg en kamp baseret p\u00e5 dit budget, yndlingsturneringer, m\u00e6ngden af information til analyse og flere andre faktorer. Det er bedre at satse lidt og vinde end at satse alt og tabe puljen.<\/li>\n<\/ol>\n<p>S\u00f8rg for at bekr\u00e6fte din konto. Dette vil hj\u00e6lpe administrationen med at bekr\u00e6fte din ret til at eje en konto, din myndig alder og din evne til at spille spillet. Du vil ogs\u00e5 v\u00e6re i stand til at f\u00e5 en stigning i de maksimale indsatsgr\u00e6nser og ikke st\u00e5 over for udbetalingsproblemer. Proceduren involverer overf\u00f8rsel af personlige dokumenter, men alle data er krypteret og videregives ikke til tredjemand.<\/p>\n<p>I topsportsv\u00e6ddem\u00e5l b\u00f8r du ogs\u00e5 v\u00e6re opm\u00e6rksom p\u00e5 begreber som odds, kuponen og totalen. For eksempel er det samlede antal point scoret i spillet. I alt over 26,5 betyder, at du vinder, hvis et hold f\u00e5r 27 point. Samtidig vil 26 point eller mindre betyde, at du taber. Alt dette er ikke for kompliceret, s\u00e5 du vil v\u00e6re i stand til at finde ud af spilmekanikken.<\/p>\n<p style=\"text-align: center;\"><span style=\"font-weight: 400;\"><div class=\"go-btn-container\"><div class=\"tosh-btn\"><a href=\"\/go-casino\/\" target=\"_blank\">SPIL NU<\/a><\/div><\/div><\/span><\/p>\n<h2>GRUNDL\u00c6GGENDE V\u00c6DDEMYNDIGHEDER<\/h2>\n<p>N\u00e5r du opretter forudsigelser om sportsv\u00e6ddem\u00e5l, skal du indse, at visse egenskaber hos dig kan hj\u00e6lpe dig med at vinde. Disse omfatter et analytisk mindset, hvor du analyserer forskellige faktorer og bearbejder store m\u00e6ngder information. Det er n\u00f8dvendigt at v\u00e6re opm\u00e6rksom og f\u00f8lge \u00e6ndringerne p\u00e5 spillebanen. Inddragelse af diverse informationer p\u00e5 internettet kan v\u00e6re en grund til at \u00e6ndre v\u00e6ddem\u00e5let inden kampen.<\/p>\n<p>Men ud over dette b\u00f8r du have en vis grad af flid og t\u00e5lmodighed. Disciplin er grundlaget for konstant at vinde og f\u00e5 overskud p\u00e5 din konto. Hvis du har valgt en bestemt strategi, b\u00f8r du f\u00f8lge den til ende. Du skal behandle dit spil ansvarligt og f\u00e5 mest muligt ud af din \u00f8konomi. Pr\u00f8v det, og du vil v\u00e6re sikker p\u00e5 at f\u00e5 succes.<\/p>\n<p><img loading=\"lazy\" decoding=\"async\" class=\"aligncenter wp-image-4768\" src=\"https:\/\/rocketplay-new.com\/wp-content\/uploads\/2024\/02\/young-hispanic-man-supporting-soccer-match-using-smartphone-sitting-by-christmas-decor-home.jpg\" alt=\"sport betting 2\" width=\"800\" height=\"534\" srcset=\"https:\/\/rocketplay-new.com\/wp-content\/uploads\/2024\/02\/young-hispanic-man-supporting-soccer-match-using-smartphone-sitting-by-christmas-decor-home.jpg 1000w, https:\/\/rocketplay-new.com\/wp-content\/uploads\/2024\/02\/young-hispanic-man-supporting-soccer-match-using-smartphone-sitting-by-christmas-decor-home-300x200.jpg 300w, https:\/\/rocketplay-new.com\/wp-content\/uploads\/2024\/02\/young-hispanic-man-supporting-soccer-match-using-smartphone-sitting-by-christmas-decor-home-768x512.jpg 768w\" sizes=\"auto, (max-width: 800px) 100vw, 800px\" \/><\/p>\n<h2>SPORTSPILLINGSSTRATEGIER<\/h2>\n<p>Der er nogle sportsv\u00e6ddem\u00e5lstips fra eksperterne, som med garanti vil hj\u00e6lpe dig med at vinde og f\u00e5 penge:<\/p>\n<ul>\n<li>opdel dit budget i mange dele, s\u00e5 du ikke mister alle dine penge p\u00e5 \u00e9n gang;<\/li>\n<li>v\u00e6r opm\u00e6rksom p\u00e5 bonusserne fra spillefirmaet, som kan give dig en betydelig indkomst og muntre dig op;<\/li>\n<li>det er v\u00e6rd at kontakte teknisk support, hvis du ikke forst\u00e5r noget. Det er bedre at vente p\u00e5 svar fra en specialist end at have en blokeret konto senere.<\/li>\n<\/ul>\n<p>Pr\u00f8v at udvikle din strategi og taktik baseret p\u00e5 erfaring og analyser. Dette vil hj\u00e6lpe dig med at forst\u00e5 sportsdisciplinen i h\u00f8j grad og tjene flere gange mere. Bare pr\u00f8v det, og du vil v\u00e6re tilfreds med dine fantastiske resultater.<\/p>\n<p style=\"text-align: center;\"><span style=\"font-weight: 400;\"><div class=\"go-btn-container\"><div class=\"tosh-btn\"><a href=\"\/go-casino\/\" target=\"_blank\">SPIL NU<\/a><\/div><\/div><\/span><\/p>\n<h2>FAQ<\/h2>\n<p>Til vores l\u00e6sere har vi samlet en lille liste over popul\u00e6re sp\u00f8rgsm\u00e5l fra begyndere, som ikke er lette at finde svar p\u00e5. L\u00e6s venligst den nyttige information og udnyt alle mulighederne for at vinde en stor sum.<\/p>\n<h3>HVORDAN V\u00c6LGER MAN DEN BEDSTE STRATEGI TIL VEDDELELSE P\u00c5 SPORT?<\/h3>\n<p>Du skal f\u00f8rst finde en passende sportsv\u00e6ddem\u00e5lsside, der opfylder alle moderne kvalitetsstandarder. Blandt vores anmeldelser findes s\u00e5danne casinoer hele tiden, s\u00e5 vi anbefaler at l\u00e6se afsnittet grundigt med tips fra eksperterne. Pr\u00f8v at finde den perfekte balance mellem m\u00e6ngden af et v\u00e6ddem\u00e5l og oddsene. Dette vil give dig mulighed for at tabe mindre og tjene mere.<\/p>\n<h3>HVOR GAMMEL KAN JEG VEDDE?<\/h3>\n<p>Spilsider kan kun bruges af voksne brugere, der er over 18 \u00e5r. Denne minimumsadgangsgr\u00e6nse kan variere afh\u00e6ngigt af dit land eller din stat. Vi anbefaler at studere statistikker for din region i detaljer og finde ud af detaljerne for ikke at st\u00e5 over for en pludselig blokering af din konto i fremtiden.<\/p>\n<h3>HVAD ER DEN MEST N\u00d8DVENDIGE F\u00c6RDIGHED I VEDDEm\u00e5l?<\/h3>\n<p>Australske sportsv\u00e6ddem\u00e5l kr\u00e6ver betydelig tid og evnen til at analysere store data. Dette giver dig mulighed for at forudsige udfaldet af specifikke kampe og bestemme vinderen p\u00e5 forh\u00e5nd. Tag chancen for at bruge forskellige bonusser og l\u00e6s alle de nyttige oplysninger. Dette vil hj\u00e6lpe dig med at tjene en stor sum penge hurtigere.<\/p>\n","protected":false},"excerpt":{"rendered":"<p>For det meste tiltr\u00e6kker sportsv\u00e6ddem\u00e5l brugere over hele verden for at tjene et par hundrede dollars hurtigt og sjovt. Is\u00e6r for s\u00e5danne brugere har mange casinoer \u00e5bnet muligheden for at spille p\u00e5 sports- og cybersport-begivenheder. Lige nu tilbyder vi en unik mulighed for at tage lidt tr\u00e6ning og tjene flere gange mere p\u00e5 betting. EN&#8230;<\/p>\n","protected":false},"author":1,"featured_media":0,"parent":0,"menu_order":0,"comment_status":"closed","ping_status":"closed","template":"single-no-sidebar.php","meta":{"_acf_changed":false,"_kad_post_transparent":"default","_kad_post_title":"default","_kad_post_layout":"default","_kad_post_sidebar_id":"","_kad_post_content_style":"default","_kad_post_vertical_padding":"default","_kad_post_feature":"","_kad_post_feature_position":"","_kad_post_header":false,"_kad_post_footer":false,"footnotes":""},"class_list":["post-3693","page","type-page","status-publish","hentry"],"acf":[],"rttpg_featured_image_url":null,"rttpg_author":{"display_name":"John","author_link":"https:\/\/rocketplay-new.com\/da\/author\/pemvas95n89x\/"},"rttpg_comment":0,"rttpg_category":null,"rttpg_excerpt":"For det meste tiltr\u00e6kker sportsv\u00e6ddem\u00e5l brugere over hele verden for at tjene et par hundrede dollars hurtigt og sjovt. Is\u00e6r for s\u00e5danne brugere har mange casinoer \u00e5bnet muligheden for at spille p\u00e5 sports- og cybersport-begivenheder. Lige nu tilbyder vi en unik mulighed for at tage lidt tr\u00e6ning og tjene flere gange mere p\u00e5 betting. EN...","_links":{"self":[{"href":"https:\/\/rocketplay-new.com\/da\/wp-json\/wp\/v2\/pages\/3693","targetHints":{"allow":["GET"]}}],"collection":[{"href":"https:\/\/rocketplay-new.com\/da\/wp-json\/wp\/v2\/pages"}],"about":[{"href":"https:\/\/rocketplay-new.com\/da\/wp-json\/wp\/v2\/types\/page"}],"author":[{"embeddable":true,"href":"https:\/\/rocketplay-new.com\/da\/wp-json\/wp\/v2\/users\/1"}],"replies":[{"embeddable":true,"href":"https:\/\/rocketplay-new.com\/da\/wp-json\/wp\/v2\/comments?post=3693"}],"version-history":[{"count":4,"href":"https:\/\/rocketplay-new.com\/da\/wp-json\/wp\/v2\/pages\/3693\/revisions"}],"predecessor-version":[{"id":5645,"href":"https:\/\/rocketplay-new.com\/da\/wp-json\/wp\/v2\/pages\/3693\/revisions\/5645"}],"wp:attachment":[{"href":"https:\/\/rocketplay-new.com\/da\/wp-json\/wp\/v2\/media?parent=3693"}],"curies":[{"name":"wp","href":"https:\/\/api.w.org\/{rel}","templated":true}]}}