{"id":3639,"date":"2023-01-12T23:55:15","date_gmt":"2023-01-12T20:55:15","guid":{"rendered":"https:\/\/rocketplay-new.com\/live-dealer\/roulette\/"},"modified":"2025-11-26T20:01:48","modified_gmt":"2025-11-26T17:01:48","slug":"roulette","status":"publish","type":"page","link":"https:\/\/rocketplay-new.com\/da\/live-dealer\/roulette\/","title":{"rendered":"Roulette live dealer Hos Rocket Play Review"},"content":{"rendered":"<p>Den kritiske fordel ved Live Dealer Roulette er evnen til at l\u00e6re at spille cool og begynde at tjene penge hurtigt. I de fleste tilf\u00e6lde er det sjovt og interessant at spille med en live dealer. Spillere elsker at have det sjovt og stille sp\u00f8rgsm\u00e5l, som personalet er villige til at besvare. Pr\u00f8v at komme i gang, og du vil med garanti nyde det.<\/p>\n<p><span style=\"font-weight: 400;\">\u00a0<div class=\"go-btn-container\"><div class=\"tosh-btn\"><a href=\"\/go-casino\/\" target=\"_blank\">SPIL NU<\/a><\/div><\/div> <\/span><\/p>\n<h2>S\u00c5DAN SPILLER DU LIVE DEALER ROULETTE ONLINE<\/h2>\n<p>For at starte en Live Dealer Roulette kan online casinoer have det sjovt efter at have oprettet en personlig konto:<\/p>\n<ol>\n<li>Udfyld personlige oplysninger, n\u00e5r du opretter en profil p\u00e5 hovedsiden. Husk, at de indtastede data kan bruges senere til kontobekr\u00e6ftelsesproceduren.<\/li>\n<li>Derefter skal du indbetale p\u00e5 nogen m\u00e5de, der passer dig. Du kan bruge klassiske betalingssystemer eller bank- og kryptovalutaer til hurtigt at \u00f8ge din saldo.<\/li>\n<li>G\u00e5 til kataloget over spil og v\u00e6lg live muligheder. S\u00e6t dig ved bordet og g\u00f8r dig klar til magien ved at vinde.<\/li>\n<\/ol>\n<p>Du b\u00f8r gennemg\u00e5 den yderligere procedure for verifikation af din konto. Dette vil hj\u00e6lpe dig med at \u00f8ge dine maksimale indsatsgr\u00e6nser og bruge ind- og udbetalinger fra din konto uden problemer. Pr\u00f8v at drage fordel af alle fordelene ved onlinespil.<\/p>\n<p><img loading=\"lazy\" decoding=\"async\" class=\"aligncenter wp-image-4836\" src=\"https:\/\/rocketplay-new.com\/wp-content\/uploads\/2024\/02\/6666.png\" alt=\"Roulette live dealer Rocket Play\" width=\"800\" height=\"455\" srcset=\"https:\/\/rocketplay-new.com\/wp-content\/uploads\/2024\/02\/6666.png 1442w, https:\/\/rocketplay-new.com\/wp-content\/uploads\/2024\/02\/6666-300x171.png 300w, https:\/\/rocketplay-new.com\/wp-content\/uploads\/2024\/02\/6666-1024x583.png 1024w, https:\/\/rocketplay-new.com\/wp-content\/uploads\/2024\/02\/6666-768x437.png 768w\" sizes=\"auto, (max-width: 800px) 100vw, 800px\" \/><\/p>\n<h2>VARIANTER AF LIVE DEALER ROULETTE<\/h2>\n<p>Den f\u00f8rste ting at spille Roulette online Live Dealer er at spille den klassiske version uden yderligere regler. Dette vil hj\u00e6lpe dig med at forst\u00e5 spillet og foretage de f\u00f8rste indsatser. Herefter kan du g\u00e5 videre til mere komplekse variationer og sp\u00e6ndende kombinationer. Pr\u00f8v de forskellige varianter p\u00e5 hoveds\u00f8gesiden.<\/p>\n<p><span style=\"font-weight: 400;\">\u00a0<div class=\"go-btn-container\"><div class=\"tosh-btn\"><a href=\"\/go-casino\/\" target=\"_blank\">SPIL NU<\/a><\/div><\/div> <\/span><\/p>\n<h2>HVORDAN LIVE DEALER ROULETTE SAMMENLIGNER MED ANDRE SPIL<\/h2>\n<p>For det meste er Live Dealer Roulette Australia en unik mulighed for at have det sjovt for hver gevinst. Ikke kun vinder og \u00f8ger du din saldo, men du kommer ogs\u00e5 til at prale af dine gevinster til andre brugere. Alle i den aktive session af spillet ser dine pr\u00e6stationer, hvilket betyder, at det er meget sjovere og mere interessant at spille.<\/p>\n<h2>TYPER ONLINE LIVE DEALER ROULETTE INDSATS<\/h2>\n<p>Oftere end ikke stopper brugere ved almindelige v\u00e6ddem\u00e5l. Men eksperter kan give Live Dealer Roulette tips:<\/p>\n<ul>\n<li>pr\u00f8v at dele saldoen og ikke bruge mere end en hundrededel af kapitalen ad gangen;<\/li>\n<li>arbejd med dine f\u00f8lelser og pr\u00f8v kun at lave de indsatser, som du har brug for lige nu;<\/li>\n<li>brug demotilstanden og pr\u00f8v forskellige strategier.<\/li>\n<\/ul>\n<p>Alt dette vil hj\u00e6lpe dig med at forbedre dine resultater under spillet og nyde en fantastisk tid. Pr\u00f8v det nu, og du er garanteret at vinde i sidste ende.<\/p>\n<p><img loading=\"lazy\" decoding=\"async\" class=\"aligncenter wp-image-4846\" src=\"https:\/\/rocketplay-new.com\/wp-content\/uploads\/2024\/02\/2223232-1.png\" alt=\"Roulette live dealer Rocket Play 2\" width=\"800\" height=\"448\" srcset=\"https:\/\/rocketplay-new.com\/wp-content\/uploads\/2024\/02\/2223232-1.png 1183w, https:\/\/rocketplay-new.com\/wp-content\/uploads\/2024\/02\/2223232-1-300x168.png 300w, https:\/\/rocketplay-new.com\/wp-content\/uploads\/2024\/02\/2223232-1-1024x573.png 1024w, https:\/\/rocketplay-new.com\/wp-content\/uploads\/2024\/02\/2223232-1-768x430.png 768w\" sizes=\"auto, (max-width: 800px) 100vw, 800px\" \/><\/p>\n<h2>FAQ<\/h2>\n<p>Specielt for vores brugere har vi samlet en lille base af nyttige oplysninger. Se p\u00e5 svarene p\u00e5 popul\u00e6re sp\u00f8rgsm\u00e5l fra begyndere, s\u00e5 du ikke laver klassiske fejl og tjener det maksimale bel\u00f8b hurtigt.<\/p>\n<h3>HVAD ER FORDELENE VED AT SPILLE MED EN LIVE DEALER?<\/h3>\n<p>Den st\u00f8rste fordel ved Live Dealer Roulette er evnen til hurtigt at f\u00e5 styr p\u00e5 det og begynde at tjene rigtige penge. Selv en nybegynder kan begynde at finde de rigtige kombinationer af deres handlinger ved hj\u00e6lp af simple regler og tr\u00e6ning med forhandleren. Det f\u00f8rste v\u00e6ddem\u00e5l er ofte nemt at lave, men det, der giver dig mulighed for at tjene en million, er sv\u00e6rt.<\/p>\n<h3>ER DET V\u00c6RD AT BEGYNDE AT SPILLE MED ET MINIMUM BUDGET?<\/h3>\n<p>Ja, selv med en smule penge, kan du vinde hurtigt. Det er alt sammen takket v\u00e6re evnen til at fordoble enhver indsats, hvilket f\u00f8rer til hurtig kapitalv\u00e6kst. Du vil ogs\u00e5 v\u00e6re i stand til at v\u00e6lge en strategi, der passer til dig, og f\u00e5 flere penge hurtigt.<\/p>\n<h3>KAN JEG BRUGE US\u00c6Dvanlig TAKTIK?<\/h3>\n<p>Enhver spiller kan bruge unikke strategier i Live Dealer Roulette online for at f\u00e5 flere penge. Samtidig skal de ikke v\u00e6re baseret p\u00e5 snyd, s\u00e5 spil forsigtigt og korrekt. Du kan udvikle personlig taktik i en speciel demo-tilstand uden en dealer, som giver dig mulighed for at l\u00e6re og i fremtiden tjene.<\/p>\n","protected":false},"excerpt":{"rendered":"<p>Den kritiske fordel ved Live Dealer Roulette er evnen til at l\u00e6re at spille cool og begynde at tjene penge hurtigt. I de fleste tilf\u00e6lde er det sjovt og interessant at spille med en live dealer. Spillere elsker at have det sjovt og stille sp\u00f8rgsm\u00e5l, som personalet er villige til at besvare. Pr\u00f8v at komme&#8230;<\/p>\n","protected":false},"author":1,"featured_media":0,"parent":3422,"menu_order":0,"comment_status":"closed","ping_status":"closed","template":"","meta":{"_acf_changed":false,"_kad_post_transparent":"default","_kad_post_title":"default","_kad_post_layout":"default","_kad_post_sidebar_id":"","_kad_post_content_style":"default","_kad_post_vertical_padding":"default","_kad_post_feature":"","_kad_post_feature_position":"","_kad_post_header":false,"_kad_post_footer":false,"footnotes":""},"class_list":["post-3639","page","type-page","status-publish","hentry"],"acf":[],"rttpg_featured_image_url":null,"rttpg_author":{"display_name":"John","author_link":"https:\/\/rocketplay-new.com\/da\/author\/pemvas95n89x\/"},"rttpg_comment":0,"rttpg_category":null,"rttpg_excerpt":"Den kritiske fordel ved Live Dealer Roulette er evnen til at l\u00e6re at spille cool og begynde at tjene penge hurtigt. I de fleste tilf\u00e6lde er det sjovt og interessant at spille med en live dealer. Spillere elsker at have det sjovt og stille sp\u00f8rgsm\u00e5l, som personalet er villige til at besvare. Pr\u00f8v at komme...","_links":{"self":[{"href":"https:\/\/rocketplay-new.com\/da\/wp-json\/wp\/v2\/pages\/3639","targetHints":{"allow":["GET"]}}],"collection":[{"href":"https:\/\/rocketplay-new.com\/da\/wp-json\/wp\/v2\/pages"}],"about":[{"href":"https:\/\/rocketplay-new.com\/da\/wp-json\/wp\/v2\/types\/page"}],"author":[{"embeddable":true,"href":"https:\/\/rocketplay-new.com\/da\/wp-json\/wp\/v2\/users\/1"}],"replies":[{"embeddable":true,"href":"https:\/\/rocketplay-new.com\/da\/wp-json\/wp\/v2\/comments?post=3639"}],"version-history":[{"count":4,"href":"https:\/\/rocketplay-new.com\/da\/wp-json\/wp\/v2\/pages\/3639\/revisions"}],"predecessor-version":[{"id":5815,"href":"https:\/\/rocketplay-new.com\/da\/wp-json\/wp\/v2\/pages\/3639\/revisions\/5815"}],"up":[{"embeddable":true,"href":"https:\/\/rocketplay-new.com\/da\/wp-json\/wp\/v2\/pages\/3422"}],"wp:attachment":[{"href":"https:\/\/rocketplay-new.com\/da\/wp-json\/wp\/v2\/media?parent=3639"}],"curies":[{"name":"wp","href":"https:\/\/api.w.org\/{rel}","templated":true}]}}