{"id":3586,"date":"2023-01-12T22:24:23","date_gmt":"2023-01-12T19:24:23","guid":{"rendered":"https:\/\/rocketplay-new.com\/live-dealer\/baccarat\/"},"modified":"2026-02-25T22:54:06","modified_gmt":"2026-02-25T19:54:06","slug":"baccarat","status":"publish","type":"page","link":"https:\/\/rocketplay-new.com\/da\/live-dealer\/baccarat\/","title":{"rendered":"Live Dealer Baccarat At Rocket Play anmeldelse"},"content":{"rendered":"<p>Alle spillere kan pr\u00f8ve deres h\u00e5nd p\u00e5 Live Dealer Baccarat, fordi det er sjovt og rentabelt. Takket v\u00e6re den perfekt konstruerede balance kan du pr\u00f8ve alle taktik uden at bruge mange penge. Pr\u00f8v spillet, og du vil v\u00e6re tilfreds med de f\u00e6rdigheder og penge, du har f\u00e5et.<\/p>\n<p><span style=\"font-weight: 400;\"><div class=\"go-btn-container\"><div class=\"tosh-btn\"><a href=\"\/go-casino\/\" target=\"_blank\">SPIL NU<\/a><\/div><\/div> <\/span><\/p>\n<h2>SPILGUIDE MED LIVE DEALER BACCARAT<\/h2>\n<p>En af de v\u00e6sentlige fordele ved online Baccarat Live Dealer er, at selv en nybegynder kan pr\u00f8ve at spille og vinde. Selv et lille budget vil give dig mulighed for at forbedre dine f\u00e6rdigheder og pr\u00f8ve forskellige strategier, som m\u00e5ske ikke er tilg\u00e6ngelige i andre spil. Du vil ogs\u00e5 v\u00e6re i stand til at bruge andre brugeres moderne taktik til at forbedre dine resultater.<\/p>\n<p><img loading=\"lazy\" decoding=\"async\" class=\"aligncenter wp-image-4894\" src=\"https:\/\/rocketplay-new.com\/wp-content\/uploads\/2024\/02\/7777.png\" alt=\"Live Dealer Baccarat Rocket Play\" width=\"800\" height=\"451\" srcset=\"https:\/\/rocketplay-new.com\/wp-content\/uploads\/2024\/02\/7777.png 1443w, https:\/\/rocketplay-new.com\/wp-content\/uploads\/2024\/02\/7777-300x169.png 300w, https:\/\/rocketplay-new.com\/wp-content\/uploads\/2024\/02\/7777-1024x577.png 1024w, https:\/\/rocketplay-new.com\/wp-content\/uploads\/2024\/02\/7777-768x433.png 768w\" sizes=\"auto, (max-width: 800px) 100vw, 800px\" \/><\/p>\n<p>Begyndelsen af spillet ser oftest s\u00e5dan ud:<\/p>\n<ol>\n<li>Du g\u00e5r til casinoets officielle hjemmeside og fuldf\u00f8rer registreringen og specificerer personlige data for yderligere verifikation.<\/li>\n<li>Bagefter fylder du bekvemt din konto op og g\u00e5r til underholdningskataloget. V\u00e6lg bordet med omhu, fordi de adskiller sig ikke kun i dealeren, men ogs\u00e5 i indsatsgr\u00e6nserne og det maksimale antal brugere.<\/li>\n<li>S\u00e6t et v\u00e6ddem\u00e5l p\u00e5 et bestemt resultat og f\u00e5 dine penge v\u00e6rd. V\u00e6r opm\u00e6rksom p\u00e5 de kort, du falder ud af, fordi den endelige pr\u00e6mie afh\u00e6nger af det.<\/li>\n<\/ol>\n<p>Glem ikke at bekr\u00e6fte din identitet, s\u00e5 der ikke vil v\u00e6re problemer med udbetalingen eller indbetalingen i fremtiden.<\/p>\n<p><span style=\"font-weight: 400;\"><div class=\"go-btn-container\"><div class=\"tosh-btn\"><a href=\"\/go-casino\/\" target=\"_blank\">SPIL NU<\/a><\/div><\/div> <\/span><\/p>\n<h2>DE FORSKELLIGE LIVE DEALER BACCARAT VARIANTER<\/h2>\n<p>P\u00e5 den officielle hjemmeside er Live Dealer Baccarat online casino Australia pr\u00e6senteret i flere varianter, s\u00e5 du kan v\u00e6lge det bedst egnede. Pr\u00f8v at kombinere fascinerende gameplay og balance i form af faldende kort. Dette vil give dig mulighed for at starte dit spil mere effektivt og tjene flere penge.<\/p>\n<p>Du kan ogs\u00e5 pr\u00f8ve us\u00e6dvanlige baccaratvarianter for at forbedre dine resultater. Disse inkluderer dem med et minimumss\u00e6t af kort eller multiplicerende gevinster. Du kan ogs\u00e5 bruge bonusser til at forbedre dine resultater under gevinster.<\/p>\n<h2>TIPS TIL LIVE DEALER BACCARAT SPIL<\/h2>\n<p>Der er et par kritiske anbefalinger til den bedste online Live Dealer Baccarat, som du vil nyde:<\/p>\n<ul>\n<li>pas p\u00e5 dine f\u00f8lelser og lav ikke risikable v\u00e6ddem\u00e5l;<\/li>\n<li>v\u00e6r mere opm\u00e6rksom p\u00e5 din kapital for ikke at miste alle pengene;<\/li>\n<li>f\u00f8lge den valgte strategi for ikke at v\u00e6re en taber.<\/li>\n<\/ul>\n<p>Du skal behandle dine penge s\u00e5 ansvarligt som muligt og forvalte dem effektivt. Kun i dette tilf\u00e6lde vil du v\u00e6re i stand til at opn\u00e5 imponerende resultater p\u00e5 kortest mulig tid og tage dine gevinster. Glem ikke demotilstanden, som garanteret vil gl\u00e6de dig.<\/p>\n<p><img loading=\"lazy\" decoding=\"async\" class=\"aligncenter wp-image-4903\" src=\"https:\/\/rocketplay-new.com\/wp-content\/uploads\/2024\/02\/77777777777777.png\" alt=\"Live Dealer Baccarat Rocket Play 2\" width=\"800\" height=\"456\" srcset=\"https:\/\/rocketplay-new.com\/wp-content\/uploads\/2024\/02\/77777777777777.png 1193w, https:\/\/rocketplay-new.com\/wp-content\/uploads\/2024\/02\/77777777777777-300x171.png 300w, https:\/\/rocketplay-new.com\/wp-content\/uploads\/2024\/02\/77777777777777-1024x584.png 1024w, https:\/\/rocketplay-new.com\/wp-content\/uploads\/2024\/02\/77777777777777-768x438.png 768w\" sizes=\"auto, (max-width: 800px) 100vw, 800px\" \/><\/p>\n<h2>FAQ<\/h2>\n<p>Her har vores bedste eksperter sammensat en lille database for at hj\u00e6lpe nytilkomne med at komme op i fart med alle de sp\u00e6ndende aspekter af gambling. Pr\u00f8v at l\u00e6se svarene p\u00e5 popul\u00e6re sp\u00f8rgsm\u00e5l for at begynde at spille effektivt.<\/p>\n<h3>HVAD ER FORDELENE VED AT SPILLE MED EN LIVE DEALER I BACCARAT?<\/h3>\n<p>Den kritiske fordel ved Live Dealer Baccarat er den konstante nyhed og evnen til at kommunikere med dealeren. Der er ogs\u00e5 et live chatrum, hvor brugere kan stille sp\u00f8rgsm\u00e5l eller udveksle indtryk. Det er en fantastisk m\u00e5de at have det sjovt og nyde at spille.<\/p>\n<h3>ER DET V\u00c6RD AT BEGYNDE AT SPILLE MED ET MINIMUM BUDGET?<\/h3>\n<p>Selv med lidt penge kan begyndere \u00f8ge deres kapital og hurtigt l\u00e6re at placere kortkombinationer korrekt. Det er nok at forst\u00e5 den grundl\u00e6ggende mekanik og pr\u00f8ve nye taktikker med dine egne h\u00e6nder. Takket v\u00e6re dette vil der ikke v\u00e6re nogen stopper for at n\u00e5 m\u00e5lene.<\/p>\n<h3>HVILKEN TAKTIK KAN ANVENDES?<\/h3>\n<p>Alle mulige strategier er tilg\u00e6ngelige i spillet, som ikke overtr\u00e6der reglerne. Derfor anbefales det omhyggeligt at l\u00e6se hele afsnittet om unikke overtr\u00e6delser og regler, som casinoet giver. I dette tilf\u00e6lde vil du ikke have nogen problemer med at f\u00f8lge alle reglerne, og du vil v\u00e6re i stand til at udvikle din taktik til det yderste.<\/p>\n","protected":false},"excerpt":{"rendered":"<p>Alle spillere kan pr\u00f8ve deres h\u00e5nd p\u00e5 Live Dealer Baccarat, fordi det er sjovt og rentabelt. Takket v\u00e6re den perfekt konstruerede balance kan du pr\u00f8ve alle taktik uden at bruge mange penge. Pr\u00f8v spillet, og du vil v\u00e6re tilfreds med de f\u00e6rdigheder og penge, du har f\u00e5et. SPILGUIDE MED LIVE DEALER BACCARAT En af de&#8230;<\/p>\n","protected":false},"author":1,"featured_media":0,"parent":3422,"menu_order":0,"comment_status":"closed","ping_status":"closed","template":"","meta":{"_acf_changed":false,"_kad_post_transparent":"default","_kad_post_title":"default","_kad_post_layout":"default","_kad_post_sidebar_id":"","_kad_post_content_style":"default","_kad_post_vertical_padding":"default","_kad_post_feature":"","_kad_post_feature_position":"","_kad_post_header":false,"_kad_post_footer":false,"footnotes":""},"class_list":["post-3586","page","type-page","status-publish","hentry"],"acf":[],"rttpg_featured_image_url":null,"rttpg_author":{"display_name":"John","author_link":"https:\/\/rocketplay-new.com\/da\/author\/pemvas95n89x\/"},"rttpg_comment":0,"rttpg_category":null,"rttpg_excerpt":"Alle spillere kan pr\u00f8ve deres h\u00e5nd p\u00e5 Live Dealer Baccarat, fordi det er sjovt og rentabelt. Takket v\u00e6re den perfekt konstruerede balance kan du pr\u00f8ve alle taktik uden at bruge mange penge. Pr\u00f8v spillet, og du vil v\u00e6re tilfreds med de f\u00e6rdigheder og penge, du har f\u00e5et. SPILGUIDE MED LIVE DEALER BACCARAT En af de...","_links":{"self":[{"href":"https:\/\/rocketplay-new.com\/da\/wp-json\/wp\/v2\/pages\/3586","targetHints":{"allow":["GET"]}}],"collection":[{"href":"https:\/\/rocketplay-new.com\/da\/wp-json\/wp\/v2\/pages"}],"about":[{"href":"https:\/\/rocketplay-new.com\/da\/wp-json\/wp\/v2\/types\/page"}],"author":[{"embeddable":true,"href":"https:\/\/rocketplay-new.com\/da\/wp-json\/wp\/v2\/users\/1"}],"replies":[{"embeddable":true,"href":"https:\/\/rocketplay-new.com\/da\/wp-json\/wp\/v2\/comments?post=3586"}],"version-history":[{"count":5,"href":"https:\/\/rocketplay-new.com\/da\/wp-json\/wp\/v2\/pages\/3586\/revisions"}],"predecessor-version":[{"id":11711,"href":"https:\/\/rocketplay-new.com\/da\/wp-json\/wp\/v2\/pages\/3586\/revisions\/11711"}],"up":[{"embeddable":true,"href":"https:\/\/rocketplay-new.com\/da\/wp-json\/wp\/v2\/pages\/3422"}],"wp:attachment":[{"href":"https:\/\/rocketplay-new.com\/da\/wp-json\/wp\/v2\/media?parent=3586"}],"curies":[{"name":"wp","href":"https:\/\/api.w.org\/{rel}","templated":true}]}}