{"id":3531,"date":"2023-01-12T14:36:58","date_gmt":"2023-01-12T11:36:58","guid":{"rendered":"https:\/\/rocketplay-new.com\/live-dealer\/poker\/"},"modified":"2025-04-03T20:04:12","modified_gmt":"2025-04-03T17:04:12","slug":"poker","status":"publish","type":"page","link":"https:\/\/rocketplay-new.com\/da\/live-dealer\/poker\/","title":{"rendered":"Live Dealer Poker At Rocket Play anmeldelse"},"content":{"rendered":"<p>Enhver bruger, der er registreret p\u00e5 kasinoet, kan begynde at have det sjovt p\u00e5 live dealeren Poker. Dette er et sjovt tidsfordriv, som alle har r\u00e5d til. Du vil ogs\u00e5 have en chance for at vinde en stor sum takket v\u00e6re tr\u00e6ningen modtaget i demo-tilstand. Pr\u00f8v din h\u00e5nd lige nu, og vi fort\u00e6ller dig om fordelene ved at spille p\u00e5 casinoet.<\/p>\n<p><span style=\"font-weight: 400;\">\u00a0<div class=\"go-btn-container\"><div class=\"tosh-btn\"><a href=\"\/go-casino\/\" target=\"_blank\">SPIL NU<\/a><\/div><\/div> <\/span><\/p>\n<h2>TOP LIVE DEALER POKERSPIL<\/h2>\n<p>Den bedste m\u00e5de at spille live dealer-poker p\u00e5 er i det officielle casino. Dette vil give dig mulighed for at garantere dine gevinster og ikke blive fanget af snydere. Pr\u00f8v forskellige spilvarianter, herunder roulette, blackjack og baccarat.<\/p>\n<h2>HVAD ER POKER?<\/h2>\n<p>Poker er et kortspil med mulighed for at satse penge og vinde. I Poker online live dealer skal du kombinere dine kort og dealerens kort. Pr\u00f8v at sl\u00e5 mange brugere og tag alle pr\u00e6mierne personligt.<\/p>\n<p><img loading=\"lazy\" decoding=\"async\" class=\"aligncenter wp-image-4856\" src=\"https:\/\/rocketplay-new.com\/wp-content\/uploads\/2024\/02\/beautiful-girl-dealer-table-game-poker-dealer-deals-cards-he-is-looking-camera.jpg\" alt=\"Live Dealer Poker Rocket Play\" width=\"800\" height=\"534\" srcset=\"https:\/\/rocketplay-new.com\/wp-content\/uploads\/2024\/02\/beautiful-girl-dealer-table-game-poker-dealer-deals-cards-he-is-looking-camera.jpg 1000w, https:\/\/rocketplay-new.com\/wp-content\/uploads\/2024\/02\/beautiful-girl-dealer-table-game-poker-dealer-deals-cards-he-is-looking-camera-300x200.jpg 300w, https:\/\/rocketplay-new.com\/wp-content\/uploads\/2024\/02\/beautiful-girl-dealer-table-game-poker-dealer-deals-cards-he-is-looking-camera-768x512.jpg 768w\" sizes=\"auto, (max-width: 800px) 100vw, 800px\" \/><\/p>\n<h2>S\u00c5DAN VINDER DU ONLINE LIVE DEALER POKER<\/h2>\n<p>Den mest ligetil strategi at bruge er risikoreduktion. Pr\u00f8v at s\u00e6tte minimumsindsatsen regelm\u00e6ssigt og opgiv ofte kort. I dette tilf\u00e6lde beh\u00f8ver du ikke at tabe penge, og du vil v\u00e6re i stand til at v\u00e6lge det rigtige tidspunkt for en utrolig gevinst. S\u00f8rg for at bruge alle mulige fordele til at vinde, hvilket du vil nyde.<\/p>\n<p><span style=\"font-weight: 400;\">\u00a0<div class=\"go-btn-container\"><div class=\"tosh-btn\"><a href=\"\/go-casino\/\" target=\"_blank\">SPIL NU<\/a><\/div><\/div> <\/span><\/p>\n<h2>LIVE DEALER POKER BONUS<\/h2>\n<p>I de fleste tilf\u00e6lde kan brugere hurtigt og effektivt f\u00e5 mange fremragende bonusser hos den bedste live dealer Poker. Alt sammen takket v\u00e6re administrationen af online casinoet, som fors\u00f8ger at forbedre hver enkelt brugers spilleoplevelse. Pr\u00f8v at afhente din gave, og du vil v\u00e6re p\u00e5 siden med officielle kampagner og s\u00e6rlige tilbud.<\/p>\n<p>Blandt de mest popul\u00e6re muligheder er:<\/p>\n<ul>\n<li>penge tilbage. Dette er en mulighed for at f\u00e5 nogle af de brugte penge tilbage takket v\u00e6re en s\u00e6rlig kampagne. Du bliver n\u00f8dt til at vinde dem tilbage for at samle eller forts\u00e6tte med at satse p\u00e5 casinoets hjemmeside;<\/li>\n<li>en stigning i depositum. En fremragende mulighed for begyndere, som vil \u00f8ge din investering flere gange. M\u00e6ngden af modtaget bonus skal oms\u00e6ttes i spillet, s\u00e5 g\u00f8r dig klar til at have det sjovt;<\/li>\n<li>gratis bet. Dette er en fantastisk chance for at forbedre dine resultater og pr\u00f8ve lykken. Spil et v\u00e6ddem\u00e5l gratis, og tag alle pengene, hvis du vinder.<\/li>\n<\/ul>\n<p>Pr\u00f8v at tjene flere gange mere og administrer dine penge korrekt. Dette vil hj\u00e6lpe med at forbedre situationen i spillet og tjene flere gange mere til dig selv.<\/p>\n<p><img loading=\"lazy\" decoding=\"async\" class=\"aligncenter wp-image-4865\" src=\"https:\/\/rocketplay-new.com\/wp-content\/uploads\/2024\/02\/friends-having-fun-while-playing-poker.jpg\" alt=\"Live Dealer Poker Rocket Play 2\" width=\"800\" height=\"534\" srcset=\"https:\/\/rocketplay-new.com\/wp-content\/uploads\/2024\/02\/friends-having-fun-while-playing-poker.jpg 1000w, https:\/\/rocketplay-new.com\/wp-content\/uploads\/2024\/02\/friends-having-fun-while-playing-poker-300x200.jpg 300w, https:\/\/rocketplay-new.com\/wp-content\/uploads\/2024\/02\/friends-having-fun-while-playing-poker-768x513.jpg 768w\" sizes=\"auto, (max-width: 800px) 100vw, 800px\" \/><\/p>\n<h2>LIVE DEALER POKER OSS<\/h2>\n<p>Vi anbefaler, at du l\u00e6ser de popul\u00e6re svar p\u00e5 sp\u00f8rgsm\u00e5l fra begyndere. Dette giver dig mulighed for ikke at spilde tid p\u00e5 tr\u00e6ning og begynde at tjene aktivt med det samme. Pr\u00f8v at l\u00e6re nye nyttige oplysninger.<\/p>\n<h3>HVOR KAN JEG FINDE EN GOD FORHANDLER?<\/h3>\n<p>Vi anbefaler, at du pr\u00f8ver forskellige borde i live dealer Poker, hver med sin dealer. Takket v\u00e6re dette vil du v\u00e6re i stand til at begynde at indkassere meget mere effektivt, fordi du vil begynde at kunne lide selve spillet mere. Du vil ogs\u00e5 v\u00e6re i stand til at l\u00e6re forskellige feststile, hvilket giver dig nogle fordele p\u00e5 l\u00e6ngere sigt.<\/p>\n<h3>HVOR MANGE PENGE SKAL DU FINDE FOR AT SPILLE SPILLET?<\/h3>\n<p>Eksperter anbefaler at have mindst 15-20 dollars for at lave et par minimumsindsatser og forst\u00e5 essensen af underholdning. Dette vil g\u00f8re det meget lettere for dig at l\u00e6re at have det sjovt og have det sjovt. Du kan ogs\u00e5 \u00f8ge din indkomst, hvis du forvalter din kapital korrekt og foretager de rigtige indsatser.<\/p>\n<h3>KAN JEG BRUGE US\u00c6Dvanlig TAKTIK?<\/h3>\n<p>Hver registreret bruger har ret til at udvikle deres strategi, som i sidste ende vil tillade at tjene flere gange mere end normalt. Det vigtigste er at l\u00e6re at bruge demo-tilstanden, som giver ret til at lave fejl og ikke fjerner depositum i tilf\u00e6lde af tab. Pr\u00f8v forskellige varianter af spillet, og du vil med garanti finde den helt rigtige til dig selv.<\/p>\n","protected":false},"excerpt":{"rendered":"<p>Enhver bruger, der er registreret p\u00e5 kasinoet, kan begynde at have det sjovt p\u00e5 live dealeren Poker. Dette er et sjovt tidsfordriv, som alle har r\u00e5d til. Du vil ogs\u00e5 have en chance for at vinde en stor sum takket v\u00e6re tr\u00e6ningen modtaget i demo-tilstand. Pr\u00f8v din h\u00e5nd lige nu, og vi fort\u00e6ller dig om&#8230;<\/p>\n","protected":false},"author":1,"featured_media":0,"parent":3422,"menu_order":0,"comment_status":"closed","ping_status":"closed","template":"","meta":{"_acf_changed":false,"_kad_post_transparent":"default","_kad_post_title":"default","_kad_post_layout":"default","_kad_post_sidebar_id":"","_kad_post_content_style":"default","_kad_post_vertical_padding":"default","_kad_post_feature":"","_kad_post_feature_position":"","_kad_post_header":false,"_kad_post_footer":false,"footnotes":""},"class_list":["post-3531","page","type-page","status-publish","hentry"],"acf":[],"rttpg_featured_image_url":null,"rttpg_author":{"display_name":"John","author_link":"https:\/\/rocketplay-new.com\/da\/author\/pemvas95n89x\/"},"rttpg_comment":0,"rttpg_category":null,"rttpg_excerpt":"Enhver bruger, der er registreret p\u00e5 kasinoet, kan begynde at have det sjovt p\u00e5 live dealeren Poker. Dette er et sjovt tidsfordriv, som alle har r\u00e5d til. Du vil ogs\u00e5 have en chance for at vinde en stor sum takket v\u00e6re tr\u00e6ningen modtaget i demo-tilstand. Pr\u00f8v din h\u00e5nd lige nu, og vi fort\u00e6ller dig om...","_links":{"self":[{"href":"https:\/\/rocketplay-new.com\/da\/wp-json\/wp\/v2\/pages\/3531","targetHints":{"allow":["GET"]}}],"collection":[{"href":"https:\/\/rocketplay-new.com\/da\/wp-json\/wp\/v2\/pages"}],"about":[{"href":"https:\/\/rocketplay-new.com\/da\/wp-json\/wp\/v2\/types\/page"}],"author":[{"embeddable":true,"href":"https:\/\/rocketplay-new.com\/da\/wp-json\/wp\/v2\/users\/1"}],"replies":[{"embeddable":true,"href":"https:\/\/rocketplay-new.com\/da\/wp-json\/wp\/v2\/comments?post=3531"}],"version-history":[{"count":4,"href":"https:\/\/rocketplay-new.com\/da\/wp-json\/wp\/v2\/pages\/3531\/revisions"}],"predecessor-version":[{"id":5807,"href":"https:\/\/rocketplay-new.com\/da\/wp-json\/wp\/v2\/pages\/3531\/revisions\/5807"}],"up":[{"embeddable":true,"href":"https:\/\/rocketplay-new.com\/da\/wp-json\/wp\/v2\/pages\/3422"}],"wp:attachment":[{"href":"https:\/\/rocketplay-new.com\/da\/wp-json\/wp\/v2\/media?parent=3531"}],"curies":[{"name":"wp","href":"https:\/\/api.w.org\/{rel}","templated":true}]}}