{"id":3476,"date":"2023-01-11T01:02:46","date_gmt":"2023-01-10T22:02:46","guid":{"rendered":"https:\/\/rocketplay-new.com\/live-dealer\/blackjack\/"},"modified":"2025-04-03T19:57:34","modified_gmt":"2025-04-03T16:57:34","slug":"blackjack","status":"publish","type":"page","link":"https:\/\/rocketplay-new.com\/da\/live-dealer\/blackjack\/","title":{"rendered":"Live Dealer Blackjack ved Rocket Play anmeldelse"},"content":{"rendered":"<p>Den v\u00e6sentlige fordel ved en Live Blackjack Dealer er den lave adgangst\u00e6rskel og fremragende bonusser for spillere. Alle kan g\u00e5 til katalogsektionen og v\u00e6lge den rigtige blackjack-mulighed. Du kan ogs\u00e5 vinde det maksimale bel\u00f8b p\u00e5 f\u00e5 minutter, fordi kortene bliver givet retf\u00e6rdigt. Spillet bliver endnu sjovere med en dealer.<\/p>\n<p><span style=\"font-weight: 400;\">\u00a0<div class=\"go-btn-container\"><div class=\"tosh-btn\"><a href=\"\/go-casino\/\" target=\"_blank\">SPIL NU<\/a><\/div><\/div><\/span><\/p>\n<h2>HVORFOR DU B\u00d8R SPILLE LIVE DEALER BLACKJACK<\/h2>\n<p>Det bedste svar p\u00e5 dette sp\u00f8rgsm\u00e5l er en Blackjack online Live Dealer. Det er sjovt og sp\u00e6ndende, fordi det almindelige spil hurtigt bliver kedeligt. Du kan kommunikere p\u00e6nt med dealeren og andre spillere p\u00e5 serveren. Dette g\u00f8r casinoet mere sp\u00e6ndende og underholder dig bedre.<\/p>\n<p>Derudover kan forhandleren fort\u00e6lle dig noget eller svare p\u00e5 et sp\u00f8rgsm\u00e5l. Dette f\u00e5r spillet til at virke mere dynamisk, og du kan lave h\u00f8jere indsatser. Du har ogs\u00e5 mulighed for at v\u00e6lge det rigtige bord, som hj\u00e6lper dig med at komme i gang med at underholde mere effektivt. Det er stadig bedre at spille med folk med samme budget som dig.<\/p>\n<p><img loading=\"lazy\" decoding=\"async\" class=\"aligncenter wp-image-4875\" src=\"https:\/\/rocketplay-new.com\/wp-content\/uploads\/2024\/02\/666666.png\" alt=\"Live Dealer Blackjack Rocket Play\" width=\"800\" height=\"440\" srcset=\"https:\/\/rocketplay-new.com\/wp-content\/uploads\/2024\/02\/666666.png 1455w, https:\/\/rocketplay-new.com\/wp-content\/uploads\/2024\/02\/666666-300x165.png 300w, https:\/\/rocketplay-new.com\/wp-content\/uploads\/2024\/02\/666666-1024x564.png 1024w, https:\/\/rocketplay-new.com\/wp-content\/uploads\/2024\/02\/666666-768x423.png 768w\" sizes=\"auto, (max-width: 800px) 100vw, 800px\" \/><\/p>\n<h2>LIVE DEALER BLACKJACK REGELTYPER<\/h2>\n<p>Grundlaget for Live Dealer Blackjack Australia er behovet for at behandle alle brugere ved bordet og dealeren med respekt. Nogle gange kan brugere v\u00e6re uheldige, men det er ingen grund til at begynde at forn\u00e6rme folk. Det er p\u00e5 grund af dette, at et stort antal nytilkomne bliver udelukket fra onlinespil.<\/p>\n<p>Du skal ogs\u00e5 v\u00e6re opm\u00e6rksom p\u00e5, hvad der er forbudt:<\/p>\n<ul>\n<li>snyd p\u00e5 spillet;<\/li>\n<li>tigger om penge fra andre brugere eller forhandleren;<\/li>\n<li>klager over unfair play.<\/li>\n<\/ul>\n<p>Alle borde er s\u00e6rdeles godt reguleret af administrationen og et s\u00e6rligt overv\u00e5get retf\u00e6rdighedsudvalg.<\/p>\n<p><span style=\"font-weight: 400;\">\u00a0<div class=\"go-btn-container\"><div class=\"tosh-btn\"><a href=\"\/go-casino\/\" target=\"_blank\">SPIL NU<\/a><\/div><\/div><\/span><\/p>\n<h2>S\u00c5DAN SPILLER DU LIVE DEALER BLACKJACK<\/h2>\n<p>F\u00f8rst skal du v\u00e6lge de bedste Live Dealer Blackjack-sider til deres underholdning. Det er bedst at v\u00e6lge kasinoets officielle hjemmeside og:<\/p>\n<ol>\n<li>Opret en personlig konto p\u00e5 hovedsiden.<\/li>\n<li>Genopfyld din konto og g\u00e5 til et passende bord.<\/li>\n<li>Lav et v\u00e6ddem\u00e5l og nyd almindelige gevinster.<\/li>\n<\/ol>\n<p>Takket v\u00e6re dette vil du v\u00e6re i stand til at v\u00e6re mere opm\u00e6rksom p\u00e5 spillet og tjene en stor m\u00e6ngde penge p\u00e5 kontoen. Du kan starte nu for at garantere imponerende resultater.<\/p>\n<h2>LIVE DEALER BLACKJACK SPILTYPER<\/h2>\n<p>Live Dealer Blackjack-strategien er den mest popul\u00e6re, men du kan ogs\u00e5 v\u00e6lge andre former for underholdning. Blandt de popul\u00e6re gambling spil er roulette, blackjack, baccarat og andre. Pr\u00f8v at finde den perfekte underholdning til dig selv, og nyd spillet i live-tilstand.<\/p>\n<p><img loading=\"lazy\" decoding=\"async\" class=\"aligncenter wp-image-4884\" src=\"https:\/\/rocketplay-new.com\/wp-content\/uploads\/2024\/02\/close-up-player-s-hand-holding-two-aces-playing-cards.jpg\" alt=\"Live Dealer Blackjack Rocket Play 2\" width=\"800\" height=\"534\" srcset=\"https:\/\/rocketplay-new.com\/wp-content\/uploads\/2024\/02\/close-up-player-s-hand-holding-two-aces-playing-cards.jpg 1000w, https:\/\/rocketplay-new.com\/wp-content\/uploads\/2024\/02\/close-up-player-s-hand-holding-two-aces-playing-cards-300x200.jpg 300w, https:\/\/rocketplay-new.com\/wp-content\/uploads\/2024\/02\/close-up-player-s-hand-holding-two-aces-playing-cards-768x512.jpg 768w\" sizes=\"auto, (max-width: 800px) 100vw, 800px\" \/><\/p>\n<h2>FAQ<\/h2>\n<p>Specielt for dem, der kan lide at starte med det samme med rungende succes, har vi sammensat en nyttig database med svar p\u00e5 popul\u00e6re sp\u00f8rgsm\u00e5l fra begyndere. Dette vil hj\u00e6lpe dig med at forst\u00e5 Live Blackjack Dealer og begynde at spille flere gange mere effektivt.<\/p>\n<h3>HVORFOR HAR DU BRUG FOR EN LIVE DEALER?<\/h3>\n<p>Hoved\u00e5rsagen er evnen til at spore fremskridtene i dine kampe og tjene store summer, ikke p\u00e5 egen h\u00e5nd. Du vil v\u00e6re i stand til at have det sjovt med at chatte med andre spillere og nyde hver sejr. I dette tilf\u00e6lde har du en chance for at tjene penge og prale af det til alle brugerne i netv\u00e6rket.<\/p>\n<h3>HVOR MANGE PENGE KAN JEG TJENE P\u00c5 BLACKJACK?<\/h3>\n<p>De fleste brugere er ivrige efter at f\u00e5 de maksimale gevinster p\u00e5 titusindvis af dollars p\u00e5 \u00e9n gang. Men til at begynde med er det bedre at begr\u00e6nse dig selv til minimumsindsatser og pr\u00f8ve forskellige strategier for at bestemme det rigtige spilletempo. Du kan f\u00e5 hundreder og tusindvis af dollars, hvis du har t\u00e5lmodighed og lyst til at udvikle dig.<\/p>\n<h3>HVILKE STRATEGIER KAN BRUGE I SPILLET?<\/h3>\n<p>Ofte anbefaler eksperter, at brugerne starter med enkle strategier og l\u00e6rer disciplin. Dette er grundlaget for dine fremtidige gevinster, hvilket giver dig mulighed for at tjene mere og nyde dine sejre. Hver sejr kan \u00e6ndre dit liv og give dig en masse positive f\u00f8lelser. Derfor anbefales det at starte med et demospil og f\u00f8rst derefter g\u00e5 videre.<\/p>\n","protected":false},"excerpt":{"rendered":"<p>Den v\u00e6sentlige fordel ved en Live Blackjack Dealer er den lave adgangst\u00e6rskel og fremragende bonusser for spillere. Alle kan g\u00e5 til katalogsektionen og v\u00e6lge den rigtige blackjack-mulighed. Du kan ogs\u00e5 vinde det maksimale bel\u00f8b p\u00e5 f\u00e5 minutter, fordi kortene bliver givet retf\u00e6rdigt. Spillet bliver endnu sjovere med en dealer. \u00a0 HVORFOR DU B\u00d8R SPILLE LIVE&#8230;<\/p>\n","protected":false},"author":1,"featured_media":0,"parent":3422,"menu_order":0,"comment_status":"closed","ping_status":"closed","template":"","meta":{"_acf_changed":false,"_kad_post_transparent":"default","_kad_post_title":"default","_kad_post_layout":"default","_kad_post_sidebar_id":"","_kad_post_content_style":"default","_kad_post_vertical_padding":"default","_kad_post_feature":"","_kad_post_feature_position":"","_kad_post_header":false,"_kad_post_footer":false,"footnotes":""},"class_list":["post-3476","page","type-page","status-publish","hentry"],"acf":[],"rttpg_featured_image_url":null,"rttpg_author":{"display_name":"John","author_link":"https:\/\/rocketplay-new.com\/da\/author\/pemvas95n89x\/"},"rttpg_comment":0,"rttpg_category":null,"rttpg_excerpt":"Den v\u00e6sentlige fordel ved en Live Blackjack Dealer er den lave adgangst\u00e6rskel og fremragende bonusser for spillere. Alle kan g\u00e5 til katalogsektionen og v\u00e6lge den rigtige blackjack-mulighed. Du kan ogs\u00e5 vinde det maksimale bel\u00f8b p\u00e5 f\u00e5 minutter, fordi kortene bliver givet retf\u00e6rdigt. Spillet bliver endnu sjovere med en dealer. \u00a0 HVORFOR DU B\u00d8R SPILLE LIVE...","_links":{"self":[{"href":"https:\/\/rocketplay-new.com\/da\/wp-json\/wp\/v2\/pages\/3476","targetHints":{"allow":["GET"]}}],"collection":[{"href":"https:\/\/rocketplay-new.com\/da\/wp-json\/wp\/v2\/pages"}],"about":[{"href":"https:\/\/rocketplay-new.com\/da\/wp-json\/wp\/v2\/types\/page"}],"author":[{"embeddable":true,"href":"https:\/\/rocketplay-new.com\/da\/wp-json\/wp\/v2\/users\/1"}],"replies":[{"embeddable":true,"href":"https:\/\/rocketplay-new.com\/da\/wp-json\/wp\/v2\/comments?post=3476"}],"version-history":[{"count":4,"href":"https:\/\/rocketplay-new.com\/da\/wp-json\/wp\/v2\/pages\/3476\/revisions"}],"predecessor-version":[{"id":5798,"href":"https:\/\/rocketplay-new.com\/da\/wp-json\/wp\/v2\/pages\/3476\/revisions\/5798"}],"up":[{"embeddable":true,"href":"https:\/\/rocketplay-new.com\/da\/wp-json\/wp\/v2\/pages\/3422"}],"wp:attachment":[{"href":"https:\/\/rocketplay-new.com\/da\/wp-json\/wp\/v2\/media?parent=3476"}],"curies":[{"name":"wp","href":"https:\/\/api.w.org\/{rel}","templated":true}]}}