{"id":3422,"date":"2023-01-10T16:50:22","date_gmt":"2023-01-10T13:50:22","guid":{"rendered":"https:\/\/rocketplay-new.com\/live-dealer\/"},"modified":"2025-04-08T11:12:17","modified_gmt":"2025-04-08T08:12:17","slug":"live-dealer","status":"publish","type":"page","link":"https:\/\/rocketplay-new.com\/da\/live-dealer\/","title":{"rendered":"Live Dealer Casino ved Rocket Play anmeldelse"},"content":{"rendered":"<p>I kasinoet anses Live Dealer stadig for at v\u00e6re noget eksotisk og maksimalt interessant. Takket v\u00e6re en medarbejders indflydelse kan du se, hvordan kortene falder ud, og du kan tjekke spillet for \u00e6rlighed. Derudover kan alle pr\u00f8ve forskellige strategier og taktikker for at vinde en stor sum penge. Et stort antal tilg\u00e6ngelige spilvarianter vil ogs\u00e5 gl\u00e6de brugerne.<\/p>\n<p><img loading=\"lazy\" decoding=\"async\" class=\"aligncenter wp-image-4913\" src=\"https:\/\/rocketplay-new.com\/wp-content\/uploads\/2024\/02\/croupier-woman-player-table-casino-picture-classic-casino-roulette-wheel-gambling-casino-roulette-poker-scaled.jpg\" alt=\"Live Dealer Casino\" width=\"800\" height=\"533\" srcset=\"https:\/\/rocketplay-new.com\/wp-content\/uploads\/2024\/02\/croupier-woman-player-table-casino-picture-classic-casino-roulette-wheel-gambling-casino-roulette-poker-scaled.jpg 2560w, https:\/\/rocketplay-new.com\/wp-content\/uploads\/2024\/02\/croupier-woman-player-table-casino-picture-classic-casino-roulette-wheel-gambling-casino-roulette-poker-300x200.jpg 300w, https:\/\/rocketplay-new.com\/wp-content\/uploads\/2024\/02\/croupier-woman-player-table-casino-picture-classic-casino-roulette-wheel-gambling-casino-roulette-poker-1024x683.jpg 1024w, https:\/\/rocketplay-new.com\/wp-content\/uploads\/2024\/02\/croupier-woman-player-table-casino-picture-classic-casino-roulette-wheel-gambling-casino-roulette-poker-768x512.jpg 768w, https:\/\/rocketplay-new.com\/wp-content\/uploads\/2024\/02\/croupier-woman-player-table-casino-picture-classic-casino-roulette-wheel-gambling-casino-roulette-poker-1536x1024.jpg 1536w, https:\/\/rocketplay-new.com\/wp-content\/uploads\/2024\/02\/croupier-woman-player-table-casino-picture-classic-casino-roulette-wheel-gambling-casino-roulette-poker-2048x1365.jpg 2048w\" sizes=\"auto, (max-width: 800px) 100vw, 800px\" \/><\/p>\n<h2>HVAD ER LIVE DEALER KASINOER?<\/h2>\n<p>Live Dealer er det samme som spilunderholdning, kun med en fysisk person. Dealerens opgave er at h\u00e5ndtere kortene, k\u00f8re bolden og kontrollere spillet. I alle kontroversielle \u00f8jeblikke kan du sp\u00f8rge forhandleren og finde ud af svaret og f\u00e5 en lille sjov samtale.<\/p>\n<p>Der er ogs\u00e5 flere spillere i spillet med dig. Takket v\u00e6re dette kan du se dine \u00f8vrige gevinster og deltage i spillet. Denne type underholdning kaldes live underholdning, og den er forn\u00f8jelig med sin atmosf\u00e6re og n\u00e6rhed til et klassisk casino i et fysisk etablissement.<\/p>\n<p><span style=\"font-weight: 400;\">\u00a0<div class=\"go-btn-container\"><div class=\"tosh-btn\"><a href=\"\/go-casino\/\" target=\"_blank\">SPIL NU<\/a><\/div><\/div><\/span><\/p>\n<h2>FORDELE VED LIVE DEALER<\/h2>\n<p>Blandt de vigtigste fordele ved Live Dealer-spil kan kaldes:<\/p>\n<ul>\n<li>evnen til at overv\u00e5ge spillets retf\u00e6rdighed og ikke bekymre sig om at f\u00e5 tildelt uretf\u00e6rdige kort;<\/li>\n<li>du kan kommunikere med dealeren og andre spillere i chatrummet, som ogs\u00e5 har det sjovt og \u00f8nsker at f\u00e5 store gevinster;<\/li>\n<li>det meste af tiden er indsatsgr\u00e6nserne reduceret, s\u00e5 du er garanteret at finde det rigtige bord.<\/li>\n<\/ul>\n<p>Du kan ogs\u00e5 v\u00e6lge mellem flere bordmuligheder. Nogle er bedre egnet til aktivt spil, mens andre fokuserer mere p\u00e5 klassisk underholdning og minimumsindsats.<\/p>\n<h2>ROCKET PLAY SPIL HOS LIVE DEALER<\/h2>\n<p>Pr\u00f8v fuldt ud at drage fordel af et specialiseret casinos Live Dealer casino bonus. Dette er din mulighed for at have det sjovt og nyde at spille med andre brugere. Du vil ogs\u00e5 have mulighed for at f\u00e5 en fantastisk gave fra udviklerne og bruge forskellige bonusser og kampagner. Tillad dig selv at dykke med hovedet ind i den sp\u00e6ndende verden af gambling.<\/p>\n<p><span style=\"font-weight: 400;\">\u00a0<div class=\"go-btn-container\"><div class=\"tosh-btn\"><a href=\"\/go-casino\/\" target=\"_blank\">SPIL NU<\/a><\/div><\/div><\/span><\/p>\n<h2>TIPS OM AT SPILLE HOS LIVE DEALER<\/h2>\n<p>Der er et par anbefalinger om det bedste Live Dealer casino, som vil hj\u00e6lpe dig med at finde din spillestil og nyde det sjove. Pr\u00f8v at tjene endnu flere penge p\u00e5 din konto og nyd dine pr\u00e6stationer. Dette er en mulighed for alle til at forbedre deres \u00f8konomiske situation.<\/p>\n<p>Vi anbefaler at f\u00f8lge nogle f\u00e5 anbefalinger fra eksperterne:<\/p>\n<ul>\n<li>tab ikke hovedet og hele dit budget i det f\u00f8rste spil;<\/li>\n<li>pr\u00f8v f\u00f8rst demotilstanden og g\u00e5 derefter videre til rigtige v\u00e6ddem\u00e5l;<\/li>\n<li>bruge forskellige taktikker og strategier.<\/li>\n<\/ul>\n<p>Du kan vinde ved at finde den perfekte strategi og holde dig til den.<\/p>\n<p><img loading=\"lazy\" decoding=\"async\" class=\"aligncenter wp-image-4923\" src=\"https:\/\/rocketplay-new.com\/wp-content\/uploads\/2024\/02\/88.png\" alt=\"Live Dealer Casino 2\" width=\"800\" height=\"450\" srcset=\"https:\/\/rocketplay-new.com\/wp-content\/uploads\/2024\/02\/88.png 1427w, https:\/\/rocketplay-new.com\/wp-content\/uploads\/2024\/02\/88-300x169.png 300w, https:\/\/rocketplay-new.com\/wp-content\/uploads\/2024\/02\/88-1024x576.png 1024w, https:\/\/rocketplay-new.com\/wp-content\/uploads\/2024\/02\/88-768x432.png 768w\" sizes=\"auto, (max-width: 800px) 100vw, 800px\" \/><\/p>\n<h2>FAQ<\/h2>\n<p>De, der kan lide at komme godt i gang, kan desuden tjekke vores blok med svar p\u00e5 popul\u00e6re sp\u00f8rgsm\u00e5l. Dette vil give dig mulighed for at forst\u00e5 casino Live Dealer og f\u00e5 mere gl\u00e6de af hver indsats.<\/p>\n<h3>HVILKE DEALERE SKAL JEG V\u00c6LGE AT SPILLE MED?<\/h3>\n<p>Det er bedst at pr\u00f8ve et par bordmuligheder for at l\u00e6re at genkende en nybegynder og en specialist i forhandlere korrekt. Dette afg\u00f8r ofte spilletempoet og mulige gevinster, fordi du fanger den rigtige stemning. Pr\u00f8v forskellige muligheder, og v\u00e6lg derefter den bedste lige til dig.<\/p>\n<h3>HVOR MANGE PENGE KAN JEG TJENE I SPILLET?<\/h3>\n<p>Teoretisk set kan hver bruger tjene titusindvis af dollars for hver kamp. Alt sammen takket v\u00e6re de store muligheder og h\u00f8je gr\u00e6nser under s\u00e5dan et spil. Pr\u00f8v at bruge flere vigtige tricks og strategier for at f\u00e5 et stort bel\u00f8b til din konto.<\/p>\n<h3>HVORDAN TR\u00c6KKER JEG MIN INDT\u00c6GNING?<\/h3>\n<p>Efter at have vundet p\u00e5 Live Dealer online casino, kan du h\u00e6ve alle dine penge til dit kort eller cryptocurrency konto. G\u00e5 til menuen for \u00f8konomistyring og v\u00e6lg det relevante betalingssystem. Indtast detaljer og bel\u00f8b, og vent p\u00e5 behandlingen af ans\u00f8gningen.<\/p>\n","protected":false},"excerpt":{"rendered":"<p>I kasinoet anses Live Dealer stadig for at v\u00e6re noget eksotisk og maksimalt interessant. Takket v\u00e6re en medarbejders indflydelse kan du se, hvordan kortene falder ud, og du kan tjekke spillet for \u00e6rlighed. Derudover kan alle pr\u00f8ve forskellige strategier og taktikker for at vinde en stor sum penge. Et stort antal tilg\u00e6ngelige spilvarianter vil ogs\u00e5&#8230;<\/p>\n","protected":false},"author":1,"featured_media":0,"parent":0,"menu_order":0,"comment_status":"closed","ping_status":"closed","template":"single-no-sidebar.php","meta":{"_acf_changed":false,"_kad_post_transparent":"default","_kad_post_title":"default","_kad_post_layout":"default","_kad_post_sidebar_id":"","_kad_post_content_style":"default","_kad_post_vertical_padding":"default","_kad_post_feature":"","_kad_post_feature_position":"","_kad_post_header":false,"_kad_post_footer":false,"footnotes":""},"class_list":["post-3422","page","type-page","status-publish","hentry"],"acf":[],"rttpg_featured_image_url":null,"rttpg_author":{"display_name":"John","author_link":"https:\/\/rocketplay-new.com\/da\/author\/pemvas95n89x\/"},"rttpg_comment":0,"rttpg_category":null,"rttpg_excerpt":"I kasinoet anses Live Dealer stadig for at v\u00e6re noget eksotisk og maksimalt interessant. Takket v\u00e6re en medarbejders indflydelse kan du se, hvordan kortene falder ud, og du kan tjekke spillet for \u00e6rlighed. Derudover kan alle pr\u00f8ve forskellige strategier og taktikker for at vinde en stor sum penge. Et stort antal tilg\u00e6ngelige spilvarianter vil ogs\u00e5...","_links":{"self":[{"href":"https:\/\/rocketplay-new.com\/da\/wp-json\/wp\/v2\/pages\/3422","targetHints":{"allow":["GET"]}}],"collection":[{"href":"https:\/\/rocketplay-new.com\/da\/wp-json\/wp\/v2\/pages"}],"about":[{"href":"https:\/\/rocketplay-new.com\/da\/wp-json\/wp\/v2\/types\/page"}],"author":[{"embeddable":true,"href":"https:\/\/rocketplay-new.com\/da\/wp-json\/wp\/v2\/users\/1"}],"replies":[{"embeddable":true,"href":"https:\/\/rocketplay-new.com\/da\/wp-json\/wp\/v2\/comments?post=3422"}],"version-history":[{"count":6,"href":"https:\/\/rocketplay-new.com\/da\/wp-json\/wp\/v2\/pages\/3422\/revisions"}],"predecessor-version":[{"id":5994,"href":"https:\/\/rocketplay-new.com\/da\/wp-json\/wp\/v2\/pages\/3422\/revisions\/5994"}],"wp:attachment":[{"href":"https:\/\/rocketplay-new.com\/da\/wp-json\/wp\/v2\/media?parent=3422"}],"curies":[{"name":"wp","href":"https:\/\/api.w.org\/{rel}","templated":true}]}}