{"id":2827,"date":"2022-08-18T12:23:24","date_gmt":"2022-08-18T09:23:24","guid":{"rendered":"https:\/\/rocketplay-new.com\/slot-machines\/starburst\/"},"modified":"2025-11-25T23:24:40","modified_gmt":"2025-11-25T20:24:40","slug":"starburst","status":"publish","type":"page","link":"https:\/\/rocketplay-new.com\/da\/slot-machines\/starburst\/","title":{"rendered":"Gennemg\u00e5 Starburst Slot"},"content":{"rendered":"<p>Det mystiske rum med dets ubegr\u00e6nsede vidder og lyse konstellationer er klar til at byde dig velkommen i Starburst Australia slot. F\u00f8l dig som en rigtig astronaut, surf p\u00e5 rummet, og tjen penge i dette unikke videospil. Start Starburst online og forst\u00e5, hvad kvalitets slots er.<\/p>\n<p><span style=\"font-weight: 400;\"><div class=\"tosh-btn\"><a href=\"\/go-casino\/\" target=\"_blank\" rel=\"noopener\">F\u00c5 BONUS<\/a><\/div><\/span><\/p>\n<h2>LIDT OM HVORDAN STARBURST FREMST\u00d8DE<\/h2>\n<p>Selvom slot Starburst blev skabt i 2012 af NetEnt, har det ikke mistet sin relevans den dag i dag. Alt sammen takket v\u00e6re tidl\u00f8st design og yderst fordelagtige funktioner.<\/p>\n<p>Slottet var inspireret af rumtemaet, som er almindeligt i spillehuse og er interessant for spillere. P\u00e5 udgivelsestidspunktet s\u00e5 det frisk og originalt ud, og selv nu er lidt \u00e6ndret.<\/p>\n<p>Denne spillemaskine betragtes som innovativ p\u00e5 grund af betalingslinjerne, der giver gevinster i alle retninger. I standard enarmede banditter sker dette kun fra venstre mod h\u00f8jre.<\/p>\n<p style=\"text-align: center;\"><img loading=\"lazy\" decoding=\"async\" class=\"aligncenter wp-image-305 size-full\" src=\"https:\/\/rocketplay-new.com\/wp-content\/uploads\/2022\/08\/starburst-logo.jpeg\" alt=\"starburst logo\" width=\"752\" height=\"500\" srcset=\"https:\/\/rocketplay-new.com\/wp-content\/uploads\/2022\/08\/starburst-logo.jpeg 752w, https:\/\/rocketplay-new.com\/wp-content\/uploads\/2022\/08\/starburst-logo-300x199.jpeg 300w\" sizes=\"auto, (max-width: 752px) 100vw, 752px\" \/><\/p>\n<h2>STARBURST SYMBOL: DERES V\u00c6RDI, BETYDNING OG S\u00c6RLIGE FUNKTIONER<\/h2>\n<p>Selvom temaet for spilleautomaten er plads, er symbolerne her traditionelle for kasinoer: \u00e6delstene, syvere og inskriptionen Bar. Der er en mere \u2013 en lysende flerfarvet stjerne er det eneste specielle symbol i spilleautomaten, som erstatter bonus og wild.<\/p>\n<p>Lad os se p\u00e5 gevinsttabellen, s\u00e5 du kan forst\u00e5, hvor mange rigtige penge dette spil kan give.<\/p>\n<p>&nbsp;<\/p>\n<table style=\"width: 602px;\" border=\"0\" width=\"602\" cellspacing=\"0\" cellpadding=\"0\">\n<tbody>\n<tr>\n<td>\n<p align=\"center\">M\u00e6ngde p\u00e5 hjulene<\/p>\n<\/td>\n<td>\n<p align=\"center\">3<\/p>\n<\/td>\n<td>\n<p align=\"center\">4<\/p>\n<\/td>\n<td>\n<p align=\"center\">5<\/p>\n<\/td>\n<\/tr>\n<tr>\n<td>\n<p align=\"center\">Lilla sten<\/p>\n<\/td>\n<td>\n<p align=\"center\">5<\/p>\n<\/td>\n<td>\n<p align=\"center\">10<\/p>\n<\/td>\n<td>\n<p align=\"center\">25<\/p>\n<\/td>\n<\/tr>\n<tr>\n<td style=\"height: 29px;\">\n<p align=\"center\">Bl\u00e5<\/p>\n<\/td>\n<td style=\"height: 29px;\">\n<p align=\"center\">5<\/p>\n<\/td>\n<td style=\"height: 29px;\">\n<p align=\"center\">10<\/p>\n<\/td>\n<td style=\"height: 29px;\">\n<p align=\"center\">25<\/p>\n<\/td>\n<\/tr>\n<tr>\n<td>\n<p align=\"center\">R\u00f8d<\/p>\n<\/td>\n<td>\n<p align=\"center\">7<\/p>\n<\/td>\n<td>\n<p align=\"center\">15<\/p>\n<\/td>\n<td>\n<p align=\"center\">40<\/p>\n<\/td>\n<\/tr>\n<tr>\n<td>\n<p align=\"center\">Gr\u00f8n<\/p>\n<\/td>\n<td>\n<p align=\"center\">8<\/p>\n<\/td>\n<td>\n<p align=\"center\">20<\/p>\n<\/td>\n<td>\n<p align=\"center\">50<\/p>\n<\/td>\n<\/tr>\n<tr>\n<td>\n<p align=\"center\">Gul<\/p>\n<\/td>\n<td>\n<p align=\"center\">10<\/p>\n<\/td>\n<td>\n<p align=\"center\">25<\/p>\n<\/td>\n<td>\n<p align=\"center\">60<\/p>\n<\/td>\n<\/tr>\n<tr>\n<td>\n<p align=\"center\">Syv<\/p>\n<\/td>\n<td>\n<p align=\"center\">25<\/p>\n<\/td>\n<td>\n<p align=\"center\">60<\/p>\n<\/td>\n<td>\n<p align=\"center\">120<\/p>\n<\/td>\n<\/tr>\n<tr>\n<td>\n<p align=\"center\">BAR<\/p>\n<\/td>\n<td>\n<p align=\"center\">500<\/p>\n<\/td>\n<td>\n<p align=\"center\">200<\/p>\n<\/td>\n<td>\n<p align=\"center\">250<\/p>\n<\/td>\n<\/tr>\n<\/tbody>\n<\/table>\n<p>&nbsp;<\/p>\n<p>Stjerneikonet er vildt. Den har to funktioner, hvoraf den f\u00f8rste er at erstatte andre symboler, s\u00e5 du kan tjene penge. Derudover fylder det hele hjulet og udl\u00f8ser en omgang respins. Bonusrunden kan kun gentages 3 gange. Det betyder, at spillet kun giver dig mulighed for at spinde hjulene 3 gange gratis i \u00e9n runde.<\/p>\n<p>I dette tilf\u00e6lde er alle tre hjul (2, 3 og 4) fyldt med stjernesymbolet. Spilleren modtager en gevinst p\u00e5 alle 10 linjer p\u00e5 \u00e9n gang. Dette er en original og us\u00e6dvanlig bonus, der tiltr\u00e6kker spillere.<\/p>\n<p>Derfor, selv p\u00e5 trods af frav\u00e6ret af det s\u00e6dvanlige risikospil eller en fuldgyldig separat bonusrunde, er denne enarmede bandit en favorit blandt mange. Processen med at indsamle wild-symboler er intens og gambling og ledsages af specielle animations- og lydelementer.<\/p>\n<p><span style=\"font-weight: 400;\"><div class=\"tosh-btn\"><a href=\"\/go-casino\/\" target=\"_blank\" rel=\"noopener\">F\u00c5 BONUS<\/a><\/div><\/span><\/p>\n<h2>STARBURST TEKNISK INFORMATION: VOLATILITET, RTP OG GRATIS SPINS<\/h2>\n<p>Tekniske indikatorer for denne maskine er gennemsnitlige. Men samtidig forbliver det en af \u200b\u200bfavoritterne blandt gamblere. Lad os se, hvad dens funktioner er:<\/p>\n<ul>\n<li>RTP \u2013 96,1 %;<\/li>\n<li>volatiliteten er lav;<\/li>\n<li>antal betalingslinjer &#8211; 10;<\/li>\n<li>feltlayout \u2013 5 gange 3.<\/li>\n<\/ul>\n<p>RTP-procenten er gennemsnitlig for spilindustrien. Det betyder, at maskinen i gennemsnit returnerer 96 % af spillerens penge. Og lav volatilitet er ikke d\u00e5rligt. Det s\u00f8rger for, at gevinsterne vil v\u00e6re sm\u00e5, men hyppige, og du vil ikke v\u00e6re i stand til at ramme en stor pludselig jackpot her.<\/p>\n<p>Generelt vil gevinsterne afh\u00e6nge af indsatsen for at betale. Deres st\u00f8rrelse her er fra 0,01 til 100, hvilket giver spillere med enhver bankroll mulighed for at have det sjovt.<\/p>\n<p>Selvom der ikke er gratis spins her omkring, kan du f\u00e5 et tilbud fra casinoet og bruge 50 gratis spins p\u00e5 Starburst. Dette vil give dig mulighed for at tjene gode penge og finde ud af, hvordan dette spil fungerer uden at bruge en eneste \u00f8re fra lommen. For spillere fra Australien modtages ofte lignende bonustilbud i netop denne slot.<\/p>\n<p style=\"text-align: center;\"><img loading=\"lazy\" decoding=\"async\" class=\"aligncenter wp-image-304 size-full\" src=\"https:\/\/rocketplay-new.com\/wp-content\/uploads\/2022\/08\/starburst.jpeg\" alt=\"Starburst slot\" width=\"735\" height=\"512\" srcset=\"https:\/\/rocketplay-new.com\/wp-content\/uploads\/2022\/08\/starburst.jpeg 735w, https:\/\/rocketplay-new.com\/wp-content\/uploads\/2022\/08\/starburst-300x209.jpeg 300w\" sizes=\"auto, (max-width: 735px) 100vw, 735px\" \/><\/p>\n<h2>TIPS OM HVORDAN DU SPILLER STARBURST ONLINE SLOT GRATIS<\/h2>\n<p>Du beh\u00f8ver ikke bruge penge for at l\u00e6re denne vidunderlige spillemaskine at kende. N\u00e5r alt kommer til alt, er Starburst gratis spil tilg\u00e6ngeligt for alle kunder. Takket v\u00e6re dette kan du s\u00e6tte dig ind i mekanikken og forst\u00e5, om du overhovedet kan lide spillet. Demoversionen vil vise dig, hvor ofte de vindende kombinationer dukker op, og du kan allerede nu beslutte, om det er v\u00e6rd at spille her.<\/p>\n<p>Det er ogs\u00e5 velegnet til dem, der endnu ikke har en indledende bankroll at spille i kasinoet. Starburst slot ingen indbetaling er tilg\u00e6ngelig for alle australske brugere. For at g\u00f8re dette beh\u00f8ver du kun:<\/p>\n<ol>\n<li>Opret din casinoprofil for at blive casinokunde og f\u00e5 fuld adgang til funktionerne.<\/li>\n<li>Find dette spil p\u00e5 listen over slots.<\/li>\n<li>K\u00f8r det i demoversionen.<\/li>\n<\/ol>\n<p>Du beh\u00f8ver ikke at downloade noget eller vente p\u00e5 en lang lancering. \u00d8jeblikkelig spil giver dig adgang til underholdning meget hurtigt.<\/p>\n<p>G\u00e5 ikke glip af muligheden for at nyde at spille Starburst. Hvis du elsker rumtemaer, s\u00e5 er denne slot lige hvad du har brug for. Ingen vil forblive ligeglade med det enkle og behagelige design, tema-soundtrack og glatte gameplay.<\/p>\n<p>Anmeldelser om slots:<\/p>\n<ul>\n<li><a href=\"https:\/\/rocketplay-new.com\/da\/slot-machines\/wizard-of-oz\/\">Wizard of Oz<\/a><\/li>\n<li><a href=\"https:\/\/rocketplay-new.com\/da\/slot-machines\/book-of-dead\/\">Book of Dead<\/a><\/li>\n<\/ul>\n","protected":false},"excerpt":{"rendered":"<p>Det mystiske rum med dets ubegr\u00e6nsede vidder og lyse konstellationer er klar til at byde dig velkommen i Starburst Australia slot. F\u00f8l dig som en rigtig astronaut, surf p\u00e5 rummet, og tjen penge i dette unikke videospil. Start Starburst online og forst\u00e5, hvad kvalitets slots er. LIDT OM HVORDAN STARBURST FREMST\u00d8DE Selvom slot Starburst blev&#8230;<\/p>\n","protected":false},"author":1,"featured_media":0,"parent":2514,"menu_order":0,"comment_status":"closed","ping_status":"closed","template":"","meta":{"_acf_changed":false,"_kad_post_transparent":"default","_kad_post_title":"default","_kad_post_layout":"default","_kad_post_sidebar_id":"","_kad_post_content_style":"default","_kad_post_vertical_padding":"default","_kad_post_feature":"","_kad_post_feature_position":"","_kad_post_header":false,"_kad_post_footer":false,"footnotes":""},"class_list":["post-2827","page","type-page","status-publish","hentry"],"acf":[],"rttpg_featured_image_url":null,"rttpg_author":{"display_name":"John","author_link":"https:\/\/rocketplay-new.com\/da\/author\/pemvas95n89x\/"},"rttpg_comment":0,"rttpg_category":null,"rttpg_excerpt":"Det mystiske rum med dets ubegr\u00e6nsede vidder og lyse konstellationer er klar til at byde dig velkommen i Starburst Australia slot. F\u00f8l dig som en rigtig astronaut, surf p\u00e5 rummet, og tjen penge i dette unikke videospil. Start Starburst online og forst\u00e5, hvad kvalitets slots er. LIDT OM HVORDAN STARBURST FREMST\u00d8DE Selvom slot Starburst blev...","_links":{"self":[{"href":"https:\/\/rocketplay-new.com\/da\/wp-json\/wp\/v2\/pages\/2827","targetHints":{"allow":["GET"]}}],"collection":[{"href":"https:\/\/rocketplay-new.com\/da\/wp-json\/wp\/v2\/pages"}],"about":[{"href":"https:\/\/rocketplay-new.com\/da\/wp-json\/wp\/v2\/types\/page"}],"author":[{"embeddable":true,"href":"https:\/\/rocketplay-new.com\/da\/wp-json\/wp\/v2\/users\/1"}],"replies":[{"embeddable":true,"href":"https:\/\/rocketplay-new.com\/da\/wp-json\/wp\/v2\/comments?post=2827"}],"version-history":[{"count":3,"href":"https:\/\/rocketplay-new.com\/da\/wp-json\/wp\/v2\/pages\/2827\/revisions"}],"predecessor-version":[{"id":5934,"href":"https:\/\/rocketplay-new.com\/da\/wp-json\/wp\/v2\/pages\/2827\/revisions\/5934"}],"up":[{"embeddable":true,"href":"https:\/\/rocketplay-new.com\/da\/wp-json\/wp\/v2\/pages\/2514"}],"wp:attachment":[{"href":"https:\/\/rocketplay-new.com\/da\/wp-json\/wp\/v2\/media?parent=2827"}],"curies":[{"name":"wp","href":"https:\/\/api.w.org\/{rel}","templated":true}]}}