{"id":2818,"date":"2022-08-18T13:21:33","date_gmt":"2022-08-18T10:21:33","guid":{"rendered":"https:\/\/rocketplay-new.com\/slot-machines\/wizard-of-oz\/"},"modified":"2025-04-03T22:13:29","modified_gmt":"2025-04-03T19:13:29","slug":"wizard-of-oz","status":"publish","type":"page","link":"https:\/\/rocketplay-new.com\/da\/slot-machines\/wizard-of-oz\/","title":{"rendered":"Anmeld Wizard of Oz Slot"},"content":{"rendered":"<p>Det faktum, at b\u00f8rns eventyr bliver inspirationen for spiludviklere, er en normal praksis. Trods alt er eventyrbilleder kendte og velkendte for alle fra en meget ung alder. S\u00e5 Wizard of Oz slot vil v\u00e6re i stand til at overf\u00f8re spilleren til en fiktiv verden, hvor du ikke kun kan have det sjovt og flygte fra virkeligheden, men ogs\u00e5 tjene ekstra penge.<\/p>\n<p><span style=\"font-weight: 400;\"><div class=\"tosh-btn\"><a href=\"\/go-casino\/\" target=\"_blank\" rel=\"noopener\">F\u00c5 BONUS<\/a><\/div><\/span><\/p>\n<h2>WIZARD OF OZ: ER DET L\u00d8NT AT SPILLE FOR PENGE?<\/h2>\n<p>Er det rigtigt at tjene penge i Wizard of Oz-spillet? Efter at have studeret dette slot, kan du trygt svare \u2013 ja! Der er mange funktioner til dette:<\/p>\n<ul>\n<li>flere bonusrunder;<\/li>\n<li>respins for tab af visse symboler;<\/li>\n<li>byder p\u00e5 5 gratis spins i tr\u00e6k;<\/li>\n<li>tilf\u00e6ldige indsatsmultiplikatorer;<\/li>\n<li>jackpot.<\/li>\n<\/ul>\n<p>G\u00e5 derfor ikke glip af muligheden for at investere rigtige penge i dette slot. Men en lang r\u00e6kke forskellige funktioner kan forvirre spilleren. S\u00e5 den bedste m\u00e5de at pr\u00f8ve Wizard of Oz-spil p\u00e5 er i demo-tilstand, som altid er tilg\u00e6ngelig for australske spillere.<\/p>\n<p style=\"text-align: center;\"><img loading=\"lazy\" decoding=\"async\" class=\"aligncenter wp-image-308 size-full\" src=\"https:\/\/rocketplay-new.com\/wp-content\/uploads\/2022\/08\/wizard-of-oz-logo.jpeg\" alt=\"Wizard of Oz logo\" width=\"1024\" height=\"500\" srcset=\"https:\/\/rocketplay-new.com\/wp-content\/uploads\/2022\/08\/wizard-of-oz-logo.jpeg 1024w, https:\/\/rocketplay-new.com\/wp-content\/uploads\/2022\/08\/wizard-of-oz-logo-300x146.jpeg 300w, https:\/\/rocketplay-new.com\/wp-content\/uploads\/2022\/08\/wizard-of-oz-logo-768x375.jpeg 768w\" sizes=\"auto, (max-width: 1024px) 100vw, 1024px\" \/><\/p>\n<h2>SPILDETALJER OG FUNKTIONER<\/h2>\n<p>Lad os starte med de ydre kendetegn ved denne online enarmede bandit. Lavet af i den tematiske stil og er helt i overensstemmelse med eventyrets historie. Baggrunden viser os smaragdbyen og karakterer og genstande fra et eventyr fungerer som symboler. For eksempel:<\/p>\n<ul>\n<li>pige Dorothy;<\/li>\n<li>jernmand;<\/li>\n<li>fugleskr\u00e6msel;<\/li>\n<li>l\u00f8ve mand;<\/li>\n<li>heks;<\/li>\n<li>guiden;<\/li>\n<li>fe Glinda;<\/li>\n<li>hund Toto;<\/li>\n<li>billede af hovedpersonerne i &#8220;Venner&#8221;;<\/li>\n<li>forskellige genstande: en kurv, en slikkepind, et \u00e6ble, et timeglas.<\/li>\n<\/ul>\n<p>Udvikleren inkluderede ikke typiske casinobilleder her, hvorfor Wizard of Oz online skiller sig ud fra resten.<\/p>\n<p>Det musikalske akkompagnement er diskret. Lyden t\u00e6ndes kun under rotationen af \u200b\u200bhjulene og dannelsen af \u200b\u200bkombinationer.<\/p>\n<p>Vigtige funktioner for spillere:<\/p>\n<ul>\n<li>Scatter-symbol \u2013 ja, flere;<\/li>\n<li>multiplikatorer \u2013 ja;<\/li>\n<li>jackpot symbol \u2013 ja;<\/li>\n<li>automatisk spil \u2013 ja;<\/li>\n<li>spil med bonusser \u2013 ja;<\/li>\n<li>Wild-symbol (erstatter andre) \u2013 ja;<\/li>\n<li>gratis spins (respins og i en separat runde) \u2013 ja.<\/li>\n<\/ul>\n<p>Takket v\u00e6re dette er gameplayet varieret og interessant. Gevinster dukker op ret ofte. De er sm\u00e5, men generelt kan du regne med en gradvis stigning i din bankroll. Jo h\u00f8jere din indsats er, jo st\u00f8rre bliver pr\u00e6mien.<\/p>\n<p>Tekniske indikatorer for Wizard of Oz Danmark er gennemsnitlige. RTP her er 95,99%, hvilket er gennemsnittet for markedet. Volatiliteten er lidt under gennemsnittet. Dette er hverken godt eller d\u00e5rligt, og du skal bare vide, at maskinen ikke vil give dig en stor gevinst med det samme. Denne slot er mere velegnet til langsigtet spil.<\/p>\n<p style=\"text-align: center;\"><img loading=\"lazy\" decoding=\"async\" class=\"aligncenter wp-image-311 size-full\" src=\"https:\/\/rocketplay-new.com\/wp-content\/uploads\/2022\/08\/wizard-of-oz-slot-2.png\" alt=\"wizard of oz slot\" width=\"853\" height=\"480\" srcset=\"https:\/\/rocketplay-new.com\/wp-content\/uploads\/2022\/08\/wizard-of-oz-slot-2.png 853w, https:\/\/rocketplay-new.com\/wp-content\/uploads\/2022\/08\/wizard-of-oz-slot-2-300x169.png 300w, https:\/\/rocketplay-new.com\/wp-content\/uploads\/2022\/08\/wizard-of-oz-slot-2-768x432.png 768w\" sizes=\"auto, (max-width: 853px) 100vw, 853px\" \/><\/p>\n<h2>TR\u00c6KKER KONKLUSIONER OM SLOT WIZARD OF OZ<\/h2>\n<p>Dette spil blev udgivet i 2011 og formidlede perfekt atmosf\u00e6ren fra den gamle film. Udseendet er lavet i en retrostil, som kan virke for\u00e6ldet. Men if\u00f8lge ideen fra WMS-udvikleren skulle dette antyde til afspilleren om filmen, som blev udgivet i 1939. Animationen og lydeffekterne overf\u00f8res ogs\u00e5 til den tid, s\u00e5 p\u00e5 trods af den lave kvalitet af grafikken, det er fuldt ud berettiget.<\/p>\n<p>If\u00f8lge tekniske indikatorer er denne slot gennemsnitlig. Der er mange fede funktioner, som giver dig mulighed for at tjene penge. Men RTP-procenten er lav, og det viser, at spillet ikke ofte vil give store gevinster. Det er godt p\u00e5 lang sigt.<\/p>\n<p>Gamblere, der ikke er bekendt med det, r\u00e5des til at pr\u00f8ve Wizard of Oz gratis spilleautomater. Generelt kan vi rose udvikleren for en interessant id\u00e9. Der er virkelig f\u00e5 s\u00e5danne slots, s\u00e5 de skiller sig altid positivt ud fra resten.<\/p>\n<p><span style=\"font-weight: 400;\"><div class=\"tosh-btn\"><a href=\"\/go-casino\/\" target=\"_blank\" rel=\"noopener\">F\u00c5 BONUS<\/a><\/div><\/span><\/p>\n<h2>POPUL\u00c6RE SP\u00d8RGSM\u00c5L TIL NYE SPILLER<\/h2>\n<h3>ER DET MULIGT AT JUSTERE ANTALLET AF L\u00d8NSKINDER I DENNE SPILLE?<\/h3>\n<p>Wizard of Oz har 30 betalingslinjer, der automatisk aktiveres, n\u00e5r du starter spillet. Men dette bel\u00f8b kan \u00e6ndres i indstillingerne, der \u00e5bnes under knappen for at starte hjulene.<\/p>\n<h3>HVAD ER MAX OG MIN ST\u00d8RRELSERNE I DENNE SPILLE?<\/h3>\n<p>P\u00e5 \u00e9n linje kan du indstille en indsats i m\u00e6ngden af \u200b\u200b0,01 til 2. S\u00e5 det viser sig, at i penge vil den maksimale indsats v\u00e6re 60 (30 linjer, 2 m\u00f8nter fra saldoen for hver).<\/p>\n<h3>HVORDAN \u00c5BNER WIZARD OF OZ BONUS RUNDEN?<\/h3>\n<p>For at g\u00f8re dette skal du lande et s\u00e6rligt symbol p\u00e5 et af hjulene. Disse omfatter fort\u00e6llingens hovedpersoner: Dorothy, fugleskr\u00e6mselen, jernmanden, den feje l\u00f8ve, heksen, troldmanden og den magiske bold. N\u00e5r de lander p\u00e5 banen, udl\u00f8ses en ny animation, og spilleren kan nyde bonusspillet, som er tilvejebragt af reglerne.<\/p>\n<p>Anmeldelser om slots:<\/p>\n<ul>\n<li><a href=\"https:\/\/rocketplay-new.com\/da\/slot-machines\/buffalo-gold\/\">Buffalo Gold<\/a><\/li>\n<li><a href=\"https:\/\/rocketplay-new.com\/da\/slot-machines\/lucky-88\/\">Lucky 88<\/a><\/li>\n<\/ul>\n","protected":false},"excerpt":{"rendered":"<p>Det faktum, at b\u00f8rns eventyr bliver inspirationen for spiludviklere, er en normal praksis. Trods alt er eventyrbilleder kendte og velkendte for alle fra en meget ung alder. S\u00e5 Wizard of Oz slot vil v\u00e6re i stand til at overf\u00f8re spilleren til en fiktiv verden, hvor du ikke kun kan have det sjovt og flygte fra&#8230;<\/p>\n","protected":false},"author":1,"featured_media":0,"parent":2514,"menu_order":0,"comment_status":"closed","ping_status":"closed","template":"","meta":{"_acf_changed":false,"_kad_post_transparent":"default","_kad_post_title":"default","_kad_post_layout":"default","_kad_post_sidebar_id":"","_kad_post_content_style":"default","_kad_post_vertical_padding":"default","_kad_post_feature":"","_kad_post_feature_position":"","_kad_post_header":false,"_kad_post_footer":false,"footnotes":""},"class_list":["post-2818","page","type-page","status-publish","hentry"],"acf":[],"rttpg_featured_image_url":null,"rttpg_author":{"display_name":"John","author_link":"https:\/\/rocketplay-new.com\/da\/author\/pemvas95n89x\/"},"rttpg_comment":0,"rttpg_category":null,"rttpg_excerpt":"Det faktum, at b\u00f8rns eventyr bliver inspirationen for spiludviklere, er en normal praksis. Trods alt er eventyrbilleder kendte og velkendte for alle fra en meget ung alder. S\u00e5 Wizard of Oz slot vil v\u00e6re i stand til at overf\u00f8re spilleren til en fiktiv verden, hvor du ikke kun kan have det sjovt og flygte fra...","_links":{"self":[{"href":"https:\/\/rocketplay-new.com\/da\/wp-json\/wp\/v2\/pages\/2818","targetHints":{"allow":["GET"]}}],"collection":[{"href":"https:\/\/rocketplay-new.com\/da\/wp-json\/wp\/v2\/pages"}],"about":[{"href":"https:\/\/rocketplay-new.com\/da\/wp-json\/wp\/v2\/types\/page"}],"author":[{"embeddable":true,"href":"https:\/\/rocketplay-new.com\/da\/wp-json\/wp\/v2\/users\/1"}],"replies":[{"embeddable":true,"href":"https:\/\/rocketplay-new.com\/da\/wp-json\/wp\/v2\/comments?post=2818"}],"version-history":[{"count":4,"href":"https:\/\/rocketplay-new.com\/da\/wp-json\/wp\/v2\/pages\/2818\/revisions"}],"predecessor-version":[{"id":5935,"href":"https:\/\/rocketplay-new.com\/da\/wp-json\/wp\/v2\/pages\/2818\/revisions\/5935"}],"up":[{"embeddable":true,"href":"https:\/\/rocketplay-new.com\/da\/wp-json\/wp\/v2\/pages\/2514"}],"wp:attachment":[{"href":"https:\/\/rocketplay-new.com\/da\/wp-json\/wp\/v2\/media?parent=2818"}],"curies":[{"name":"wp","href":"https:\/\/api.w.org\/{rel}","templated":true}]}}