{"id":2814,"date":"2022-08-18T13:55:49","date_gmt":"2022-08-18T10:55:49","guid":{"rendered":"https:\/\/rocketplay-new.com\/slot-machines\/mega-moolah\/"},"modified":"2025-04-03T22:12:51","modified_gmt":"2025-04-03T19:12:51","slug":"mega-moolah","status":"publish","type":"page","link":"https:\/\/rocketplay-new.com\/da\/slot-machines\/mega-moolah\/","title":{"rendered":"Gennemg\u00e5 Mega Moolah Slot"},"content":{"rendered":"<p>Der er en kategori af slots, der mere end andre er klar til at dele store gevinster med spillere. Og Mega Moolah Australia er netop det. Dette er en spillemaskine med store jackpots, som enhver spiller, der ikke er bange for at investere sine egne midler i underholdning, har en chance for at ramme.<\/p>\n<p style=\"text-align: center;\"><img loading=\"lazy\" decoding=\"async\" class=\"aligncenter wp-image-323 size-large\" src=\"https:\/\/rocketplay-new.com\/wp-content\/uploads\/2022\/08\/mega-moolah-logo-1024x569.png\" alt=\"Mega Moolah logo\" width=\"1024\" height=\"569\" srcset=\"https:\/\/rocketplay-new.com\/wp-content\/uploads\/2022\/08\/mega-moolah-logo-1024x569.png 1024w, https:\/\/rocketplay-new.com\/wp-content\/uploads\/2022\/08\/mega-moolah-logo-300x167.png 300w, https:\/\/rocketplay-new.com\/wp-content\/uploads\/2022\/08\/mega-moolah-logo-768x426.png 768w, https:\/\/rocketplay-new.com\/wp-content\/uploads\/2022\/08\/mega-moolah-logo.png 1140w\" sizes=\"auto, (max-width: 1024px) 100vw, 1024px\" \/><\/p>\n<h2>LANCER MEGA MOOLAH OG START AT SPILLE P\u00c5 SPILLET<\/h2>\n<p>Gameplayet er meget enkelt. Alle, der nogensinde har pr\u00f8vet at drive enarmede banditter, kender ham. Der er et betalt og gratis spil muligheder. I det f\u00f8rste tilf\u00e6lde, efter at du har registreret dig p\u00e5 kasinoet, skal du foretage en indbetaling og placere en rigtig indsats. I det andet tilf\u00e6lde er blot et bes\u00f8g i spilleklubben nok.<\/p>\n<p>Den afrikanske savanne \u00e5bner sig foran spilleren, og han bliver m\u00f8dt af de oprindelige folk i disse regioner. For at spille Mega Moolah uden problemer, skal du udf\u00f8re flere trin:<\/p>\n<ol>\n<li>Indstil en behagelig indsatsst\u00f8rrelse for dig selv (eller lad alt v\u00e6re som det er med de indledende spilindstillinger).<\/li>\n<li>Tryk p\u00e5 hjulspin-knappen.<\/li>\n<li>Hvis du \u00f8nsker, at symbolerne selv skal \u00e6ndre hinanden, skal du trykke p\u00e5 auto-play-tasten.<\/li>\n<\/ol>\n<p>Maskinen har 25 linjer. Hvis mindst en af \u200b\u200bdem har en vindende kombination, tjener spilleren. Hvad vil v\u00e6re dens st\u00f8rrelse afh\u00e6nger af betydningen af \u200b\u200bsymbolet. Der er kortv\u00e6rdier &#8211; de er mindre v\u00e6rdifulde, men der er billeder af dyr, der betales h\u00f8jere.<\/p>\n<p>Du kan \u00e6ndre indsatsst\u00f8rrelsen f\u00f8r hvert spin fra 0,25 til 6,25.<\/p>\n<p>Spillet er i \u00f8vrigt perfekt tilpasset sm\u00e5 sk\u00e6rme. Derfor kan du altid \u00e5bne Mega Moolah mobil for at have det sjovt p\u00e5 farten.<\/p>\n<p><span style=\"font-weight: 400;\"><div class=\"tosh-btn\"><a href=\"\/go-casino\/\" target=\"_blank\" rel=\"noopener\">F\u00c5 BONUS<\/a><\/div><\/span><\/p>\n<h2>MODTAG BONUSSER OG ANDRE PR\u00c6MIER I MEGA MOOLAH<\/h2>\n<p>Denne ber\u00f8mte spillemaskine bliver ofte valgt af forskellige spillehuse til at give kunderne velkomsttilbud. For eksempel kan du ved at registrere dig i s\u00e5dan en institution f\u00e5 Mega Moolah 80 gratis spins. Dette er et ret gener\u00f8st tilbud, fordi maskinen har bonusfunktioner, der vil \u00f8ge dine gevinster.<\/p>\n<p>Her er deres liste:<\/p>\n<ul>\n<li>wild symbol;<\/li>\n<li>multiplikatorer;<\/li>\n<li>runde med gratis spins;<\/li>\n<li>4 typer af jackpotten (progressiv).<\/li>\n<\/ul>\n<p>Med en sandsynlighed p\u00e5 100 % vil mindst \u00e9n af dem falde ud til dig, hvis du tager dig tid til slot.<\/p>\n<p>Lad os starte med beskrivelsen af \u200b\u200bWild-symbolet. Her spilles hans rolle af junglekongen &#8211; billedet af en l\u00f8ve. Det giver ikke kun en sejr i sig selv. The King of Beasts er ikke for stolt og kan erstatte andre symboler for at danne en vellykket kombination p\u00e5 linjen. Forresten \u00f8ges kombinationer lavet med en l\u00f8ve med 2 gange. Derfor er billedet af dyrenes konge ogs\u00e5 en multiplikator.<\/p>\n<p>Bonusrunden \u00e5bnes, hvis du st\u00f8der p\u00e5 3 billeder af en abe hvor som helst p\u00e5 banen. Dette er scatter-symbolet. Du vil v\u00e6re i stand til at se, hvordan symbolerne erstatter hinanden 15 gange, giver dig gevinster, og penge bliver ikke trukket fra din saldo. Alle sejre i denne runde ganges med 3.<\/p>\n<p>Og selvf\u00f8lgelig er en jackpot tilg\u00e6ngelig. Der er 4 af dem, og de er opdelt efter st\u00f8rrelse: fra Mini til Mega. Hvis du fanger den st\u00f8rste af dem, kan du f\u00e5 op til en million euro.<\/p>\n<p><img loading=\"lazy\" decoding=\"async\" class=\"aligncenter wp-image-324 size-full\" src=\"https:\/\/rocketplay-new.com\/wp-content\/uploads\/2022\/08\/mega-moolah-slot.jpeg\" alt=\"Mega Moolah slot\" width=\"900\" height=\"500\" srcset=\"https:\/\/rocketplay-new.com\/wp-content\/uploads\/2022\/08\/mega-moolah-slot.jpeg 900w, https:\/\/rocketplay-new.com\/wp-content\/uploads\/2022\/08\/mega-moolah-slot-300x167.jpeg 300w, https:\/\/rocketplay-new.com\/wp-content\/uploads\/2022\/08\/mega-moolah-slot-768x427.jpeg 768w\" sizes=\"auto, (max-width: 900px) 100vw, 900px\" \/><\/p>\n<h2>F\u00c5 VORES ENDELIG MENING OM MEGA MOOLAH<\/h2>\n<p>For at forst\u00e5, hvor god denne slot er til at investere dine egne midler, skal du forst\u00e5 Mega Moolah RTP og andre tekniske funktioner.<\/p>\n<p>Dette er en procentdel, der viser, hvor meget spillere i gennemsnit kan returnere de penge, der er investeret i spilleautomaten. Jo h\u00f8jere den er, jo lavere er risikoen for, at du mister din bankroll. De bedste i feltet er slots med en indikator over 95%. I dette slot er det kun 88,12%.<\/p>\n<p>Men der er ogs\u00e5 en anden indikator, og det er volatilitet. Det bestemmer, hvor ofte gevinsterne vises i spilleautomaten, og hvilken st\u00f8rrelse de vil have. Her er det gennemsnitligt, hvilket betyder, at du kan regne med regelm\u00e6ssige succesfulde kombinationer.<\/p>\n<p>Hvis Mega Moolah i online casino f\u00f8jes til sortimentet, giver det mening at pr\u00f8ve denne slot. Et sjovt tema og muligheden for at vinde jackpotten tiltr\u00e6kker, s\u00e5 du b\u00f8r ikke g\u00e5 glip af chancen. Flot grafik og musik, diskret gameplay vil hj\u00e6lpe dig med at have det sjovt og nyde gambling.<\/p>\n<p><span style=\"font-weight: 400;\"><div class=\"tosh-btn\"><a href=\"\/go-casino\/\" target=\"_blank\" rel=\"noopener\">F\u00c5 BONUS<\/a><\/div><\/span><\/p>\n<h2>FAQ<\/h2>\n<h3>ER DET MULIGT AT SL\u00c5 MEGA MOOLAH ELLER IKKE?<\/h3>\n<p>Det blev skabt baseret p\u00e5 et s\u00e6rligt system, der tilf\u00e6ldigt uddeler gevinster. Du vil aldrig vide, i hvilken r\u00e6kkef\u00f8lge succesfulde kombinationer falder ud. Det eneste du kan g\u00f8re er at administrere din bankroll klogt.<\/p>\n<h3>HVEM LAVEDE MEGA MOOLAH-SPILLET?<\/h3>\n<p>Inden for gambling har dette m\u00e6rke et fremragende ry &#8211; Microgaming. Den h\u00f8je kvalitet af deres spil er kendt over hele verden. Brandet bruger altid relevante emner og fors\u00f8ger at lave de mest profitable slots.<\/p>\n<h3>ER DENNE SPILLE EGNET TIL SPILLERE MED EN LILLE BANKRULLE?<\/h3>\n<p>Ja, minimumsindsatsen er lav (0,25), og gevinsterne er ret hyppige, s\u00e5 du gradvist kan \u00f8ge det bel\u00f8b, du kan bruge i spillet.<\/p>\n<p>Anmeldelser om slots:<\/p>\n<ul>\n<li><a href=\"https:\/\/rocketplay-new.com\/da\/slot-machines\/lightning-link\/\">Lightning Link<\/a><\/li>\n<li><a href=\"https:\/\/rocketplay-new.com\/da\/slot-machines\/lucky-88\/\">Lucky 88<\/a><\/li>\n<\/ul>\n","protected":false},"excerpt":{"rendered":"<p>Der er en kategori af slots, der mere end andre er klar til at dele store gevinster med spillere. Og Mega Moolah Australia er netop det. Dette er en spillemaskine med store jackpots, som enhver spiller, der ikke er bange for at investere sine egne midler i underholdning, har en chance for at ramme. LANCER&#8230;<\/p>\n","protected":false},"author":1,"featured_media":0,"parent":2514,"menu_order":0,"comment_status":"closed","ping_status":"closed","template":"","meta":{"_acf_changed":false,"_kad_post_transparent":"default","_kad_post_title":"default","_kad_post_layout":"default","_kad_post_sidebar_id":"","_kad_post_content_style":"default","_kad_post_vertical_padding":"default","_kad_post_feature":"","_kad_post_feature_position":"","_kad_post_header":false,"_kad_post_footer":false,"footnotes":""},"class_list":["post-2814","page","type-page","status-publish","hentry"],"acf":[],"rttpg_featured_image_url":null,"rttpg_author":{"display_name":"John","author_link":"https:\/\/rocketplay-new.com\/da\/author\/pemvas95n89x\/"},"rttpg_comment":0,"rttpg_category":null,"rttpg_excerpt":"Der er en kategori af slots, der mere end andre er klar til at dele store gevinster med spillere. Og Mega Moolah Australia er netop det. Dette er en spillemaskine med store jackpots, som enhver spiller, der ikke er bange for at investere sine egne midler i underholdning, har en chance for at ramme. LANCER...","_links":{"self":[{"href":"https:\/\/rocketplay-new.com\/da\/wp-json\/wp\/v2\/pages\/2814","targetHints":{"allow":["GET"]}}],"collection":[{"href":"https:\/\/rocketplay-new.com\/da\/wp-json\/wp\/v2\/pages"}],"about":[{"href":"https:\/\/rocketplay-new.com\/da\/wp-json\/wp\/v2\/types\/page"}],"author":[{"embeddable":true,"href":"https:\/\/rocketplay-new.com\/da\/wp-json\/wp\/v2\/users\/1"}],"replies":[{"embeddable":true,"href":"https:\/\/rocketplay-new.com\/da\/wp-json\/wp\/v2\/comments?post=2814"}],"version-history":[{"count":3,"href":"https:\/\/rocketplay-new.com\/da\/wp-json\/wp\/v2\/pages\/2814\/revisions"}],"predecessor-version":[{"id":5933,"href":"https:\/\/rocketplay-new.com\/da\/wp-json\/wp\/v2\/pages\/2814\/revisions\/5933"}],"up":[{"embeddable":true,"href":"https:\/\/rocketplay-new.com\/da\/wp-json\/wp\/v2\/pages\/2514"}],"wp:attachment":[{"href":"https:\/\/rocketplay-new.com\/da\/wp-json\/wp\/v2\/media?parent=2814"}],"curies":[{"name":"wp","href":"https:\/\/api.w.org\/{rel}","templated":true}]}}