{"id":2809,"date":"2022-08-18T14:58:14","date_gmt":"2022-08-18T11:58:14","guid":{"rendered":"https:\/\/rocketplay-new.com\/slot-machines\/lucky-88\/"},"modified":"2025-04-03T22:12:34","modified_gmt":"2025-04-03T19:12:34","slug":"lucky-88","status":"publish","type":"page","link":"https:\/\/rocketplay-new.com\/da\/slot-machines\/lucky-88\/","title":{"rendered":"Anmeld Lucky 88 Slot"},"content":{"rendered":"<p><img loading=\"lazy\" decoding=\"async\" class=\"alignleft wp-image-344 size-thumbnail\" src=\"https:\/\/rocketplay-new.com\/wp-content\/uploads\/2022\/08\/lucky-88-slot-150x150.png\" alt=\"Lucky 88 slot\" width=\"150\" height=\"150\" \/><\/p>\n<p>Kasinospiludbyderen Aristocrat kan med rette betragtes som kongen af \u200b\u200basiatiske temaer. Og en af \u200b\u200bde mest popul\u00e6re i denne kategori kan betragtes som Lucky 88 slot. Dette er en simpel og forst\u00e5elig spillemaskine rent mekanisk, som indeholder mange fine bonusfunktioner.<\/p>\n<p>S\u00e5 lad os finde ud af, om du kan tjene rigtige penge her, og hvordan du pr\u00e6cist g\u00f8r det.<\/p>\n<h2>FORDELE OG ULEMPER<\/h2>\n<p>Som ethvert andet spil kan et slot ikke best\u00e5 af fortjeneste alene. Og Lucky 88 online kan vurderes objektivt. Fordele, der er sv\u00e6re at argumentere med:<\/p>\n<ul>\n<li>forskellige bonusrunder i store m\u00e6ngder;<\/li>\n<li>tilstedev\u00e6relsen af \u200b\u200bspecielle symboler og multiplikatorer;<\/li>\n<li>bred vifte af satser 0,01-6,25;<\/li>\n<li>klar og enkel gr\u00e6nseflade;<\/li>\n<li>tilstedev\u00e6relsen af \u200b\u200bautomatisk afspilning.<\/li>\n<\/ul>\n<p>Men det er umuligt ikke at n\u00e6vne ulemperne ved denne slot:<\/p>\n<ul>\n<li>lidt for\u00e6ldet design, som ikke alle kan lide;<\/li>\n<li>lydsporet er um\u00e6rkeligt og kedeligt;<\/li>\n<li>animationer lader meget tilbage at \u00f8nske.<\/li>\n<\/ul>\n<p>Eksterne karakteristika kan forklares med, at slot blev udgivet i 2016. I l\u00f8bet af denne tid er grafikken tr\u00e5dt langt frem, s\u00e5 det er ikke overraskende, at slot virker for\u00e6ldet. Det vil dog stadig appellere til dem, der foretr\u00e6kker retro-slots, der tager dem til den gamle casino-atmosf\u00e6re.<\/p>\n<p><span style=\"font-weight: 400;\"><div class=\"tosh-btn\"><a href=\"\/go-casino\/\" target=\"_blank\" rel=\"noopener\">F\u00c5 BONUS<\/a><\/div><\/span><\/p>\n<h2>RTP OG VOLATILITET<\/h2>\n<p>Disse to indikatorer er det, der bestemmer slotsens rentabilitet. Ingen dr\u00f8mmer om at spille Lucky 88 uden h\u00e5bet om en god gevinst, s\u00e5 det er vigtigt at kende disse oplysninger.<\/p>\n<p>Heldigvis for spillerne klarer spilleautomaten sig godt med disse egenskaber. Det er i stand til at give gode gevinster, selvom det forekommer dig, at de falder ud meget sj\u00e6ldent.<\/p>\n<p>Vigtigste tekniske data:<\/p>\n<ul>\n<li>volatilitet \u2013 medium-h\u00f8j (gr\u00e6nselinje);<\/li>\n<li>trommer &#8211; 5;<\/li>\n<li>linjer \u2013 25;<\/li>\n<li>RTP \u2013 97%.<\/li>\n<\/ul>\n<p>Denne RTP-procent er meget god. Inden for gambling er dette tal velkommen til at v\u00e6re 95%.<\/p>\n<p>Volatiliteten af \u200b\u200bdenne st\u00f8rrelse betyder, at der er h\u00f8je risici i spillet. Gevinster vil sj\u00e6ldent falde ud, men hvis spilleren er t\u00e5lmodig, vil de gl\u00e6de ham med en enorm st\u00f8rrelse. I s\u00e5danne maskiner er det bedst at spille indtil den f\u00f8rste store fortjeneste.<\/p>\n<h2>MOBIL OPLEVELSE<\/h2>\n<p>Denne slot er ikke kun tilg\u00e6ngelig for computerbrugere. Og dette er endnu et plus. P\u00e5 grund af det faktum, at det blev udviklet ved hj\u00e6lp af HTML5-teknologi, har enhver mobilbruger mulighed for at k\u00f8re det p\u00e5 en gadget.<\/p>\n<p>Lucky 88 pokie-appen lader dig spille p\u00e5 farten med maksimal bekvemmelighed. Hovedbetingelsen er at have en internetforbindelse. Spillet fylder ikke meget i hukommelsen og kr\u00e6ver ikke de nyeste versioner af styresystemet.<\/p>\n<p>Du kan ogs\u00e5 spille via en mobilbrowser. Denne mulighed er tilg\u00e6ngelig for brugere af ethvert operativsystem. Lucky 88 Android fungerer godt, ligesom iPhone-versionen. Du kan ogs\u00e5 spille p\u00e5 tablets.<\/p>\n<p>Versioner til mobiltelefoner er lavet til at tilpasse sig automatisk til st\u00f8rrelsen af \u200b\u200bdiagonalen. Du vil ikke bem\u00e6rke nogen problemer med billedoverf\u00f8rsel. For at spille skal du installere gadgetten vandret. Alle funktioner forbliver tilg\u00e6ngelige, og du kan \u00e6ndre indsatsst\u00f8rrelsen, dreje hjulene, se gevinsttabellen osv. Du kan altid bruge Lucky 88 pokie gratis download, hvis du virkelig kunne lide dette spil og ikke har problemer med at f\u00e5 adgang til din yndlingsunderholdning.<\/p>\n<p style=\"text-align: center;\"><img loading=\"lazy\" decoding=\"async\" class=\"aligncenter wp-image-342 size-full\" src=\"https:\/\/rocketplay-new.com\/wp-content\/uploads\/2022\/08\/lucky-88-slot.jpeg\" alt=\"lucky 88 slot\" width=\"995\" height=\"643\" srcset=\"https:\/\/rocketplay-new.com\/wp-content\/uploads\/2022\/08\/lucky-88-slot.jpeg 995w, https:\/\/rocketplay-new.com\/wp-content\/uploads\/2022\/08\/lucky-88-slot-300x194.jpeg 300w, https:\/\/rocketplay-new.com\/wp-content\/uploads\/2022\/08\/lucky-88-slot-768x496.jpeg 768w\" sizes=\"auto, (max-width: 995px) 100vw, 995px\" \/><\/p>\n<h2>LUCKY 88: PROCESSEN MED AT SPILLE<\/h2>\n<p>Mekanikken er s\u00e5 enkel som muligt. Spillere, der er fortrolige med casinoet, vil ikke have nogen sp\u00f8rgsm\u00e5l. Efter lancering af spilleautomaten \u00e5bnes en spillebane, lavet i traditionel orientalsk stil. Gambler har brug for:<\/p>\n<p>Indstil den passende indsatsst\u00f8rrelse for ham.<br \/>\nKlik p\u00e5 knappen Start spins.<\/p>\n<p>For at disse handlinger skal v\u00e6re tilg\u00e6ngelige, skal du selvf\u00f8lgelig v\u00e6re en registreret bruger og have mindst et minimumsindskud p\u00e5 din konto. Hvis du ikke er i stand til det, kan du bruge den gratis version. Det er velegnet til sjov og fortrolighed med mekanikken.<\/p>\n<p>I spillet kan du aktivere en runde med gratis spins. For at g\u00f8re dette er det vigtigt, at der vises mindst 3 scatter-symboler p\u00e5 sk\u00e6rmen. Rollen af \u200b\u200bet s\u00e5dant symbol her spilles af en r\u00f8d lommelygte. En valgfunktion er tilg\u00e6ngelig her. Dette er sj\u00e6ldent. I stedet for gratis spins kan du starte et terningspil, som perfekt vil udvande den s\u00e6dvanlige mekanik.<\/p>\n<p>Hvis du stadig \u00f8nsker at spinde hjulene gratis, s\u00e5 vil spillet give dig mulighed for at v\u00e6lge antallet af spins og den multiplikator, der skal anvendes p\u00e5 hver gevinst (op til x88).<\/p>\n<p><span style=\"font-weight: 400;\"><div class=\"tosh-btn\"><a href=\"\/go-casino\/\" target=\"_blank\" rel=\"noopener\">F\u00c5 BONUS<\/a><\/div><\/span><\/p>\n<h2>FAQ<\/h2>\n<h3>HVILKE S\u00c6RLIGE SYMBOLER TILBYDER DETTE SLOT?<\/h3>\n<p>Her er et klassisk karakters\u00e6t. Billedet af en mand er Wild, som erstatter andre symboler og giver multiplikatorer. Scatteren er en r\u00f8d lommelygte, og den er n\u00f8dvendig for at udl\u00f8se bonusrunden. Alle andre billeder giver bare gevinster.<\/p>\n<h3>HVILKEN STRATEGI ER EGNET TIL LUCKY 88?<\/h3>\n<p>Der er ingen specifik r\u00e6kkef\u00f8lge af handlinger, der vil f\u00f8re dig til succes. Det vigtigste her er at v\u00e6re t\u00e5lmodig og vente p\u00e5 en stor gevinst. Slottet har h\u00f8j volatilitet, s\u00e5 f\u00f8r eller siden vil det helt sikkert komme til dig.<\/p>\n<h3>I HVILKEN ONLINE KASINO FINDER JEG DENNE SPILLE?<\/h3>\n<p>Hvis spillehuset tilbyder spil fra m\u00e6rket Aristocrat, vil dette spil ogs\u00e5 v\u00e6re der.<\/p>\n<p>Anmeldelser om slots:<\/p>\n<ul>\n<li><a href=\"https:\/\/rocketplay-new.com\/da\/slot-machines\/book-of-dead\/\">Book of Dead<\/a><\/li>\n<li><a href=\"https:\/\/rocketplay-new.com\/da\/slot-machines\/gonzos-quest\/\">Gonzo&#8217;s Quest<\/a><\/li>\n<\/ul>\n","protected":false},"excerpt":{"rendered":"<p>Kasinospiludbyderen Aristocrat kan med rette betragtes som kongen af \u200b\u200basiatiske temaer. Og en af \u200b\u200bde mest popul\u00e6re i denne kategori kan betragtes som Lucky 88 slot. Dette er en simpel og forst\u00e5elig spillemaskine rent mekanisk, som indeholder mange fine bonusfunktioner. S\u00e5 lad os finde ud af, om du kan tjene rigtige penge her, og hvordan&#8230;<\/p>\n","protected":false},"author":1,"featured_media":0,"parent":2514,"menu_order":0,"comment_status":"closed","ping_status":"closed","template":"single-no-sidebar.php","meta":{"_acf_changed":false,"_kad_post_transparent":"default","_kad_post_title":"default","_kad_post_layout":"default","_kad_post_sidebar_id":"","_kad_post_content_style":"default","_kad_post_vertical_padding":"default","_kad_post_feature":"","_kad_post_feature_position":"","_kad_post_header":false,"_kad_post_footer":false,"footnotes":""},"class_list":["post-2809","page","type-page","status-publish","hentry"],"acf":[],"rttpg_featured_image_url":null,"rttpg_author":{"display_name":"John","author_link":"https:\/\/rocketplay-new.com\/da\/author\/pemvas95n89x\/"},"rttpg_comment":0,"rttpg_category":null,"rttpg_excerpt":"Kasinospiludbyderen Aristocrat kan med rette betragtes som kongen af \u200b\u200basiatiske temaer. Og en af \u200b\u200bde mest popul\u00e6re i denne kategori kan betragtes som Lucky 88 slot. Dette er en simpel og forst\u00e5elig spillemaskine rent mekanisk, som indeholder mange fine bonusfunktioner. S\u00e5 lad os finde ud af, om du kan tjene rigtige penge her, og hvordan...","_links":{"self":[{"href":"https:\/\/rocketplay-new.com\/da\/wp-json\/wp\/v2\/pages\/2809","targetHints":{"allow":["GET"]}}],"collection":[{"href":"https:\/\/rocketplay-new.com\/da\/wp-json\/wp\/v2\/pages"}],"about":[{"href":"https:\/\/rocketplay-new.com\/da\/wp-json\/wp\/v2\/types\/page"}],"author":[{"embeddable":true,"href":"https:\/\/rocketplay-new.com\/da\/wp-json\/wp\/v2\/users\/1"}],"replies":[{"embeddable":true,"href":"https:\/\/rocketplay-new.com\/da\/wp-json\/wp\/v2\/comments?post=2809"}],"version-history":[{"count":4,"href":"https:\/\/rocketplay-new.com\/da\/wp-json\/wp\/v2\/pages\/2809\/revisions"}],"predecessor-version":[{"id":5932,"href":"https:\/\/rocketplay-new.com\/da\/wp-json\/wp\/v2\/pages\/2809\/revisions\/5932"}],"up":[{"embeddable":true,"href":"https:\/\/rocketplay-new.com\/da\/wp-json\/wp\/v2\/pages\/2514"}],"wp:attachment":[{"href":"https:\/\/rocketplay-new.com\/da\/wp-json\/wp\/v2\/media?parent=2809"}],"curies":[{"name":"wp","href":"https:\/\/api.w.org\/{rel}","templated":true}]}}