{"id":2805,"date":"2022-08-18T14:49:07","date_gmt":"2022-08-18T11:49:07","guid":{"rendered":"https:\/\/rocketplay-new.com\/slot-machines\/lightning-link\/"},"modified":"2025-04-03T21:48:47","modified_gmt":"2025-04-03T18:48:47","slug":"lightning-link","status":"publish","type":"page","link":"https:\/\/rocketplay-new.com\/da\/slot-machines\/lightning-link\/","title":{"rendered":"Gennemg\u00e5 Lightning Link Slot"},"content":{"rendered":"<p>En af de mest ber\u00f8mte udviklinger af Aristocrat-m\u00e6rket er Lightning Link-spillet, som inkluderer 4 forskellige temaer p\u00e5 \u00e9n gang. Spilleren kan v\u00e6lge, hvor han skal hen: til den mystiske undervandsverden, det \u00f8de Sahara, det lyse og larmende Las Vegas eller landene i \u00d8sten.<\/p>\n<p>Overalt bliver spilleren n\u00f8dt til at lave vindende kombinationer p\u00e5 50 betalingslinjer og 5 hjul, fange bonussymboler og h\u00e5be p\u00e5 at fange en st\u00f8rre jackpot. \u00d8jeblikkelig spil er tilg\u00e6ngeligt for alle spillere fra Danmark.<\/p>\n<p><img loading=\"lazy\" decoding=\"async\" class=\"aligncenter wp-image-336 size-large\" style=\"text-align: center; font-family: var(--global-body-font-family);\" src=\"https:\/\/rocketplay-new.com\/wp-content\/uploads\/2022\/08\/lightning-link-logo-1024x373.png\" alt=\"Lightning Link logo\" width=\"1024\" height=\"373\" srcset=\"https:\/\/rocketplay-new.com\/wp-content\/uploads\/2022\/08\/lightning-link-logo-1024x373.png 1024w, https:\/\/rocketplay-new.com\/wp-content\/uploads\/2022\/08\/lightning-link-logo-300x109.png 300w, https:\/\/rocketplay-new.com\/wp-content\/uploads\/2022\/08\/lightning-link-logo-768x279.png 768w, https:\/\/rocketplay-new.com\/wp-content\/uploads\/2022\/08\/lightning-link-logo.png 1440w\" sizes=\"auto, (max-width: 1024px) 100vw, 1024px\" \/><\/p>\n<h2>SYMBOLER, DER VISES I SPILLET<\/h2>\n<p>Denne slot er unik og har ingen analoger blandt andre m\u00e6rker. Du kan dog se, at Lightning Link online indeholder symboler, der er typiske for ethvert casino. Det grundl\u00e6ggende system af symboler best\u00e5r af kortv\u00e6rdier:<\/p>\n<ul>\n<li>niere;<\/li>\n<li>tiere;<\/li>\n<li>jacks og andre.<\/li>\n<\/ul>\n<p>De er stiliseret til forskellige temaer, afh\u00e6ngigt af slot.<\/p>\n<p>Samtidig vil kombinationer af disse billeder give dig det mindste overskud. Det er bedst at samle andre tematiske billeder. For eksempel findes dyre biler eller chips p\u00e5 hjulene i Las Vegas.<\/p>\n<p>Hvert spil skal sprede symboler, der \u00e5bner bonusrunder. Desuden har producenten skabt et wild-symbol, takket v\u00e6re hvilket det er blevet meget lettere at samle k\u00e6der af identiske symboler.<\/p>\n<p><span style=\"font-weight: 400;\"><div class=\"tosh-btn\"><a href=\"\/go-casino\/\" target=\"_blank\" rel=\"noopener\">F\u00c5 BONUS<\/a><\/div><\/span><\/p>\n<h2>BONUSFUNKTIONER TILBYDES AF LIGHTNING LINK<\/h2>\n<p>Den st\u00f8rste funktion, der g\u00f8r Lightning Link Australia s\u00e5 popul\u00e6r, er den magiske perle. Dette er navnet p\u00e5 de symboler, der aktiverer en s\u00e6rlig bonusrunde og giver store gevinster.<\/p>\n<p>6 eller flere perlesymboler skal lande p\u00e5 banen, for at du kan f\u00e5 tildelt 3 gratis spins. Alle andre karakterer forsvinder p\u00e5 dette tidspunkt. Under rotationerne skal du fange s\u00e5 mange af disse billeder som muligt. Hver gang du fanger en perle, vil du blive krediteret med gratis spins igen.<\/p>\n<p>Ud over denne funktion har hver slot sin egen scatter. Det tager kun 3 stykker overalt p\u00e5 banen, og du f\u00e5r 6 gratis spins. Mens de er i kraft, kan udvidende symboler dukke op, som giver enorme udbetalinger. I l\u00f8bet af denne tid kan du tjene Lightning Link gratis m\u00f8nter uden at bruge dine egne penge.<\/p>\n<p>For at forst\u00e5, hvilket symbol der er scatter, skal du l\u00e6se reglerne for hvert spil.<\/p>\n<h2>HVILKE JACKPOTS KAN LYN-LINKET UDGIVE<\/h2>\n<p>Jackpotsystemet er ikke mindre interessant her. De er progressive; det vil sige, at den ikke har en konstant v\u00e6rdi. Jackpots for alle 4 slots er kombineret til \u00e9n. Det er derfor, det er s\u00e5 interessant at bruge Lightning Link rigtige penge. Det er meget sjovere end den gratis version.<\/p>\n<p>Den st\u00f8rste jackpot kan opn\u00e5s ved at samle alle 15 celler i l\u00f8bet af bonusrunden med perler. Derfor skal du her spille efter princippet jo l\u00e6ngere du spinner, jo flere chancer f\u00e5r du.<\/p>\n<p>Det er vigtigt at n\u00e6vne tilbagebetalingen af \u200b\u200bmidler til spilleren. Her er det p\u00e5 gennemsnitsniveauet \u2013 95,1% og afviger lidt, afh\u00e6ngigt af hvilket tema du v\u00e6lger.<\/p>\n<p>Det samme sker med volatilitet. I gennemsnit kan den kaldes h\u00f8j. Det betyder, at t\u00e5lmodighed vil give dig et godt overskud. N\u00e5r du f\u00e5r en stor gevinst, vil den d\u00e6kke alle de tab, du havde f\u00f8r.<\/p>\n<p>Forresten kan enhver spiller vinde jackpotten, uanset hvor meget de satser. Indsatsomr\u00e5de: fra $0,01 til $150. S\u00e5 hvis du har en lille bankroll, kan du stadig v\u00e6lge en af \u200b\u200bde slots, der er inkluderet i Lightning Link.<\/p>\n<p><span style=\"font-weight: 400;\"><div class=\"tosh-btn\"><a href=\"\/go-casino\/\" target=\"_blank\" rel=\"noopener\">F\u00c5 BONUS<\/a><\/div><\/span><\/p>\n<h2>FAQ<\/h2>\n<h3>HVOR KAN JEG PR\u00d8VE LIGHTNING LINK?<\/h3>\n<p>Der er flere muligheder. For det f\u00f8rste er disse automater selvf\u00f8lgelig i rigtige (offline) kasinoer. Derfor, hvis du har en s\u00e5dan mulighed, kan du bes\u00f8ge dem. For det andet kan du bruge Lightning Link-appen og nyde spillet p\u00e5 din mobil. Og for det tredje er der altid mulighed for at spille gennem en mobilbrowser. Onlineversionen af \u200b\u200bdenne ikoniske maskine tilpasser sig sm\u00e5 sk\u00e6rme.<\/p>\n<h3>HVORDAN UTL\u00d8SER MAN BONUS RUNDEN I DENNE SPILLE?<\/h3>\n<p>Der er ingen s\u00e6rlige trin til dette. Du skal bruge lidt held og t\u00e5lmodighed for at vente, indtil 3 eller flere scatters vises p\u00e5 sk\u00e6rmen eller mindst 6 perlesymboler vises p\u00e5 sk\u00e6rmen. S\u00e5 \u00e5bner udbetalingsautomatens maksimale muligheder foran dig!<\/p>\n<h3>ER LIGHTNING LINK TILG\u00c6NGELIGT I DEN GRATIS VERSION?<\/h3>\n<p>Ja, du kan bruge demo-tilstanden til at g\u00f8re dig bekendt med gameplayet og andre funktioner i spilleautomaten.<\/p>\n<p>Anmeldelser om slots:<\/p>\n<ul>\n<li><a href=\"https:\/\/rocketplay-new.com\/da\/slot-machines\/starburst\/\">Starburst<\/a><\/li>\n<li><a href=\"https:\/\/rocketplay-new.com\/da\/slot-machines\/wizard-of-oz\/\">Wizard of Oz<\/a><\/li>\n<\/ul>\n","protected":false},"excerpt":{"rendered":"<p>En af de mest ber\u00f8mte udviklinger af Aristocrat-m\u00e6rket er Lightning Link-spillet, som inkluderer 4 forskellige temaer p\u00e5 \u00e9n gang. Spilleren kan v\u00e6lge, hvor han skal hen: til den mystiske undervandsverden, det \u00f8de Sahara, det lyse og larmende Las Vegas eller landene i \u00d8sten. Overalt bliver spilleren n\u00f8dt til at lave vindende kombinationer p\u00e5 50 betalingslinjer&#8230;<\/p>\n","protected":false},"author":1,"featured_media":0,"parent":2514,"menu_order":0,"comment_status":"closed","ping_status":"closed","template":"","meta":{"_acf_changed":false,"_kad_post_transparent":"default","_kad_post_title":"default","_kad_post_layout":"default","_kad_post_sidebar_id":"","_kad_post_content_style":"default","_kad_post_vertical_padding":"default","_kad_post_feature":"","_kad_post_feature_position":"","_kad_post_header":false,"_kad_post_footer":false,"footnotes":""},"class_list":["post-2805","page","type-page","status-publish","hentry"],"acf":[],"rttpg_featured_image_url":null,"rttpg_author":{"display_name":"John","author_link":"https:\/\/rocketplay-new.com\/da\/author\/pemvas95n89x\/"},"rttpg_comment":0,"rttpg_category":null,"rttpg_excerpt":"En af de mest ber\u00f8mte udviklinger af Aristocrat-m\u00e6rket er Lightning Link-spillet, som inkluderer 4 forskellige temaer p\u00e5 \u00e9n gang. Spilleren kan v\u00e6lge, hvor han skal hen: til den mystiske undervandsverden, det \u00f8de Sahara, det lyse og larmende Las Vegas eller landene i \u00d8sten. Overalt bliver spilleren n\u00f8dt til at lave vindende kombinationer p\u00e5 50 betalingslinjer...","_links":{"self":[{"href":"https:\/\/rocketplay-new.com\/da\/wp-json\/wp\/v2\/pages\/2805","targetHints":{"allow":["GET"]}}],"collection":[{"href":"https:\/\/rocketplay-new.com\/da\/wp-json\/wp\/v2\/pages"}],"about":[{"href":"https:\/\/rocketplay-new.com\/da\/wp-json\/wp\/v2\/types\/page"}],"author":[{"embeddable":true,"href":"https:\/\/rocketplay-new.com\/da\/wp-json\/wp\/v2\/users\/1"}],"replies":[{"embeddable":true,"href":"https:\/\/rocketplay-new.com\/da\/wp-json\/wp\/v2\/comments?post=2805"}],"version-history":[{"count":3,"href":"https:\/\/rocketplay-new.com\/da\/wp-json\/wp\/v2\/pages\/2805\/revisions"}],"predecessor-version":[{"id":5910,"href":"https:\/\/rocketplay-new.com\/da\/wp-json\/wp\/v2\/pages\/2805\/revisions\/5910"}],"up":[{"embeddable":true,"href":"https:\/\/rocketplay-new.com\/da\/wp-json\/wp\/v2\/pages\/2514"}],"wp:attachment":[{"href":"https:\/\/rocketplay-new.com\/da\/wp-json\/wp\/v2\/media?parent=2805"}],"curies":[{"name":"wp","href":"https:\/\/api.w.org\/{rel}","templated":true}]}}