{"id":2800,"date":"2022-08-18T13:47:03","date_gmt":"2022-08-18T10:47:03","guid":{"rendered":"https:\/\/rocketplay-new.com\/slot-machines\/gonzos-quest\/"},"modified":"2025-04-03T21:40:01","modified_gmt":"2025-04-03T18:40:01","slug":"gonzos-quest","status":"publish","type":"page","link":"https:\/\/rocketplay-new.com\/da\/slot-machines\/gonzos-quest\/","title":{"rendered":"Gennemg\u00e5 Gonzo&#8217;s Quest Slot"},"content":{"rendered":"<p>Kan du lide at rejse og have risikable eventyr? Gonzos Quest slot blev skabt specielt til dig. Dette videospil fra udvikleren NetEnt er for l\u00e6ngst blevet en kult og er ul\u00f8seligt forbundet med m\u00e6rkenavnet.<\/p>\n<p>Historien om en rigtig person blev taget som grundlag, efter hvem slot blev opkaldt. Tag afsted med Gonzalo Pizarro p\u00e5 jagt efter byen Eldorado, og pr\u00f8v ikke at fare vild p\u00e5 din snoede sti fuld af risiko!<\/p>\n<p style=\"text-align: center;\"><img loading=\"lazy\" decoding=\"async\" class=\"aligncenter wp-image-319 size-full\" src=\"https:\/\/rocketplay-new.com\/wp-content\/uploads\/2022\/08\/gonzosquest-logo.jpeg\" alt=\"Gonzos quest logo\" width=\"752\" height=\"500\" srcset=\"https:\/\/rocketplay-new.com\/wp-content\/uploads\/2022\/08\/gonzosquest-logo.jpeg 752w, https:\/\/rocketplay-new.com\/wp-content\/uploads\/2022\/08\/gonzosquest-logo-300x199.jpeg 300w\" sizes=\"auto, (max-width: 752px) 100vw, 752px\" \/><\/p>\n<h2>K\u00d8RER GONZO&#8217;S QUEST UDEN TILBEH\u00d8R<\/h2>\n<p>For det f\u00f8rste kan du altid l\u00e6re spilleautomaten at kende uden nogen risiko. Gonzos Quest gratis spil er tilg\u00e6ngeligt for alle brugere. Mest sandsynligt vil du ikke forblive ligeglad med denne animerede 3D-slot. Dette er trods alt et af de fedeste spil inden for gambling.<\/p>\n<p>S\u00e5dan k\u00f8rer du demospillet:<\/p>\n<ol>\n<li>\u00c5bn slot.<\/li>\n<li>V\u00e6lg den gratis spilfunktion.<\/li>\n<\/ol>\n<p>Alt er virkelig meget enkelt. Den gratis version hj\u00e6lper dig med at l\u00e6re mekanikken, estimere hyppigheden af \u200b\u200bgevinster og bare nyde den seje grafik og musik.<\/p>\n<p>I demo-tilstand er alle funktioner tilg\u00e6ngelige som i hovedspillet. Derfor vil processen ikke v\u00e6re anderledes end det, der udf\u00f8res for rigtige penge. Og efter din test kan du pr\u00f8ve at investere i underholdning.<\/p>\n<p><span style=\"font-weight: 400;\"><div class=\"tosh-btn\"><a href=\"\/go-casino\/\" target=\"_blank\" rel=\"noopener\">F\u00c5 BONUS<\/a><\/div><\/span><\/p>\n<h2>GONZO&#8217;S QUEST: TEKNISKE EGENSKABER OG DESIGN AF SPILLET<\/h2>\n<p>Nu kan vi analysere denne opfindelse fra NetEnt mere detaljeret. Og lad os starte vores Gonzos Quest-anmeldelse med de karakterer, der er til stede her.<\/p>\n<p>Alle hovedsymboler minder om gamle tavler, der forestiller mytiske v\u00e6sner. Det er standardbilleder, der giver gevinster, hvis de lander p\u00e5 en vinderr\u00e6kke. Dem er der i \u00f8vrigt 20 af.<\/p>\n<p>Derudover er der en s\u00f8lvtablet. Det har et sp\u00f8rgsm\u00e5lstegn p\u00e5 sig, fordi det ikke er et specifikt symbol; Det er en Wild. Det er n\u00f8dvendigt at erstatte symboler, hvis der ikke er nok af dem til at vinde. Den gyldne tablet er den s\u00e5kaldte Free Falls, som \u00e5bner op for en s\u00e6rlig spiltilstand.<\/p>\n<p>Spillet har 5 hjul, men de er us\u00e6dvanlige. N\u00e5r spilleren starter rotationen, snurrer de ikke, som vi er vant til, men falder ned, og s\u00e5 erstatter nye dem, der falder fra oven.<\/p>\n<p>Tekniske detaljer:<\/p>\n<ul>\n<li>RTP \u2013 95,97%;<\/li>\n<li>den mindste indbetaling er 0,20;<\/li>\n<li>maksimum &#8211; 50;<\/li>\n<li>volatilitet &#8211; h\u00f8j.<\/li>\n<\/ul>\n<p>Denne Gonzos Quest RTP er gennemsnitlig.<\/p>\n<p>For at indstille indsatsst\u00f8rrelsen skal du f\u00f8rst v\u00e6lge niveauet (fra 1 til 5) og derefter m\u00f8ntens v\u00e6rdi. Hvor meget det bliver i rigtige penge, vises p\u00e5 en separat plade under knappen for at starte hjulene.<\/p>\n<p>I baggrunden ser vi byen Eldorado langs kanterne &#8211; dens ruiner er bevokset med gr\u00f8nt. Gonzo overv\u00e5ger selv gameplayet. Dette er en animeret karakter, der reagerer forskelligt p\u00e5 vindende kombinationer og bev\u00e6ger sig rundt p\u00e5 sk\u00e6rmen, hvilket fortynder spillet.<\/p>\n<p>Det er v\u00e6rd at n\u00e6vne det musikalske akkompagnement. Der er dyrelivslyde i baggrunden, s\u00e5 spillet er afslappende og ikke p\u00e5tr\u00e6ngende. Under symbolernes fald og sammenstillingen af \u200b\u200bgevinster vises den tilsvarende lyd og animation. Generelt kan udformningen af \u200b\u200bslottet roses uden at overdrive.<\/p>\n<p style=\"text-align: center;\"><img loading=\"lazy\" decoding=\"async\" class=\"aligncenter wp-image-320 size-large\" src=\"https:\/\/rocketplay-new.com\/wp-content\/uploads\/2022\/08\/gonzos-quest-slot-1024x586.jpeg\" alt=\"gonzos quest slot\" width=\"1024\" height=\"586\" srcset=\"https:\/\/rocketplay-new.com\/wp-content\/uploads\/2022\/08\/gonzos-quest-slot-1024x586.jpeg 1024w, https:\/\/rocketplay-new.com\/wp-content\/uploads\/2022\/08\/gonzos-quest-slot-300x172.jpeg 300w, https:\/\/rocketplay-new.com\/wp-content\/uploads\/2022\/08\/gonzos-quest-slot-768x439.jpeg 768w, https:\/\/rocketplay-new.com\/wp-content\/uploads\/2022\/08\/gonzos-quest-slot-1536x878.jpeg 1536w, https:\/\/rocketplay-new.com\/wp-content\/uploads\/2022\/08\/gonzos-quest-slot-2048x1171.jpeg 2048w\" sizes=\"auto, (max-width: 1024px) 100vw, 1024px\" \/><\/p>\n<h2>GONZO&#8217;S QUEST HAR INTERESSANTE BONUSSER OG FUNKTIONER<\/h2>\n<p>Hvis du troede, at denne spillemaskine ville efterlade dig uden gaver, s\u00e5 tager du fejl. Ja, Gonzos Quest bonus er ikke en separat spilrunde, men den er stadig meget interessant.<\/p>\n<p>S\u00e5 den f\u00f8rste ting at sige er Avalanche-funktionen. Dette spil blev udgivet i 2013 og blev det f\u00f8rste i verden til at komme med en s\u00e5dan mulighed for faldende symboler.<\/p>\n<p>Faktum er, at faldene gentages af sig selv, hvis de resulterer i en vindende kombination. Hver gang f\u00e5r du endnu en gevinst med en multiplikator. Og dette kan forts\u00e6tte et ubegr\u00e6nset antal gange i tr\u00e6k.<\/p>\n<p>Du bruger alts\u00e5 ikke dine egne midler, men tjener med en multiplikator fra x1 til x5.<\/p>\n<p>Nu skal du huske Free Fall-gyldne plade, som \u00e5bner yderligere spins. Antal &#8211; 10 stk. Dette er de eneste bonustilbud, som denne slot tilbyder, men de er nok til at f\u00e5 den maksimale gevinst.<\/p>\n<p>S\u00e5 hvis du m\u00f8dte Gonzos Quest i et kasino, s\u00e5 s\u00f8rg for at pr\u00f8ve lykken her.<\/p>\n<p><span style=\"font-weight: 400;\"><div class=\"tosh-btn\"><a href=\"\/go-casino\/\" target=\"_blank\" rel=\"noopener\">F\u00c5 BONUS<\/a><\/div><\/span><\/p>\n<h2>GONZO&#8217;S QUEST FAQ<\/h2>\n<h3>HVOR OFTE KOMMER DENNE SPILLE P\u00c5 VINDENDE KOMBINATIONER?<\/h3>\n<p>Denne faktor afh\u00e6nger af volatilitet. Da det er h\u00f8jt her, kan du se den succesfulde kombination falde ud ret ofte. Samtidig er deres st\u00f8rrelse ret stor, da der bruges multiplikatorer.<\/p>\n<h3>HVILKEN STRATEGI SKAL ANVENDES I GONZO&#8217;S QUEST?<\/h3>\n<p>Det fungerer p\u00e5 basis af en randomizer. Derfor virker strategier ikke her. Du skal v\u00e6re forberedt p\u00e5, at spil med en s\u00e5dan volatilitet har en meget h\u00f8j risiko, s\u00e5 nogle gange vil du miste en del af bankrollen. Men hvis du har t\u00e5lmodigheden til at spille til det sidste, vil du blive bel\u00f8nnet.<\/p>\n<h3>ER DER ET RISIKO SPIL?<\/h3>\n<p>Nej, der er ingen s\u00e5dan funktion her. Men der er en masse andre interessante ting, der er med til at \u00f8ge gevinsten.<\/p>\n<p>Anmeldelser om slots:<\/p>\n<ul>\n<li><a href=\"https:\/\/rocketplay-new.com\/da\/slot-machines\/break-da-bank\/\">Break Da Bank<\/a><\/li>\n<li><a href=\"https:\/\/rocketplay-new.com\/da\/slot-machines\/dragon-link\/\">Dragon Link<\/a><\/li>\n<\/ul>\n","protected":false},"excerpt":{"rendered":"<p>Kan du lide at rejse og have risikable eventyr? Gonzos Quest slot blev skabt specielt til dig. Dette videospil fra udvikleren NetEnt er for l\u00e6ngst blevet en kult og er ul\u00f8seligt forbundet med m\u00e6rkenavnet. Historien om en rigtig person blev taget som grundlag, efter hvem slot blev opkaldt. Tag afsted med Gonzalo Pizarro p\u00e5 jagt&#8230;<\/p>\n","protected":false},"author":1,"featured_media":0,"parent":2514,"menu_order":0,"comment_status":"closed","ping_status":"closed","template":"","meta":{"_acf_changed":false,"_kad_post_transparent":"default","_kad_post_title":"default","_kad_post_layout":"default","_kad_post_sidebar_id":"","_kad_post_content_style":"default","_kad_post_vertical_padding":"default","_kad_post_feature":"","_kad_post_feature_position":"","_kad_post_header":false,"_kad_post_footer":false,"footnotes":""},"class_list":["post-2800","page","type-page","status-publish","hentry"],"acf":[],"rttpg_featured_image_url":null,"rttpg_author":{"display_name":"John","author_link":"https:\/\/rocketplay-new.com\/da\/author\/pemvas95n89x\/"},"rttpg_comment":0,"rttpg_category":null,"rttpg_excerpt":"Kan du lide at rejse og have risikable eventyr? Gonzos Quest slot blev skabt specielt til dig. Dette videospil fra udvikleren NetEnt er for l\u00e6ngst blevet en kult og er ul\u00f8seligt forbundet med m\u00e6rkenavnet. Historien om en rigtig person blev taget som grundlag, efter hvem slot blev opkaldt. Tag afsted med Gonzalo Pizarro p\u00e5 jagt...","_links":{"self":[{"href":"https:\/\/rocketplay-new.com\/da\/wp-json\/wp\/v2\/pages\/2800","targetHints":{"allow":["GET"]}}],"collection":[{"href":"https:\/\/rocketplay-new.com\/da\/wp-json\/wp\/v2\/pages"}],"about":[{"href":"https:\/\/rocketplay-new.com\/da\/wp-json\/wp\/v2\/types\/page"}],"author":[{"embeddable":true,"href":"https:\/\/rocketplay-new.com\/da\/wp-json\/wp\/v2\/users\/1"}],"replies":[{"embeddable":true,"href":"https:\/\/rocketplay-new.com\/da\/wp-json\/wp\/v2\/comments?post=2800"}],"version-history":[{"count":4,"href":"https:\/\/rocketplay-new.com\/da\/wp-json\/wp\/v2\/pages\/2800\/revisions"}],"predecessor-version":[{"id":5900,"href":"https:\/\/rocketplay-new.com\/da\/wp-json\/wp\/v2\/pages\/2800\/revisions\/5900"}],"up":[{"embeddable":true,"href":"https:\/\/rocketplay-new.com\/da\/wp-json\/wp\/v2\/pages\/2514"}],"wp:attachment":[{"href":"https:\/\/rocketplay-new.com\/da\/wp-json\/wp\/v2\/media?parent=2800"}],"curies":[{"name":"wp","href":"https:\/\/api.w.org\/{rel}","templated":true}]}}