{"id":2795,"date":"2022-06-13T20:16:21","date_gmt":"2022-06-13T17:16:21","guid":{"rendered":"https:\/\/rocketplay-new.com\/the-best-game-show\/"},"modified":"2025-04-03T21:58:56","modified_gmt":"2025-04-03T18:58:56","slug":"the-best-game-show","status":"publish","type":"page","link":"https:\/\/rocketplay-new.com\/da\/the-best-game-show\/","title":{"rendered":"Det bedste spilshow p\u00e5 RocketPlay Casino"},"content":{"rendered":"<p><a href=\"https:\/\/rocketplay-new.com\/da\/live-casino\/\">Live casinospil<\/a> tilbyder sp\u00e6ndingen ved et fysisk casinomilj\u00f8 og kombinerer det med bekvemmeligheden ved online gambling. Et live casino spilshow fungerer p\u00e5 samme m\u00e5de, men det er et helt andet forslag for spillere.<\/p>\n<p>RocketPlay-spilshows niveauer af bekvemmelighed og let adgang forbliver h\u00f8je. Sp\u00e6ndingen bygger dog endnu mere op. Ved at gentage sp\u00e6ndingen ved live-streaming-spil g\u00f8r disse casinoprodukter spillerne selv til stjernerne i showet.<\/p>\n<p><img loading=\"lazy\" decoding=\"async\" class=\"aligncenter wp-image-4622\" src=\"https:\/\/rocketplay-new.com\/wp-content\/uploads\/2024\/02\/11.png\" alt=\"Best Game RocketPlay Casino \" width=\"800\" height=\"245\" srcset=\"https:\/\/rocketplay-new.com\/wp-content\/uploads\/2024\/02\/11.png 1671w, https:\/\/rocketplay-new.com\/wp-content\/uploads\/2024\/02\/11-300x92.png 300w, https:\/\/rocketplay-new.com\/wp-content\/uploads\/2024\/02\/11-1024x314.png 1024w, https:\/\/rocketplay-new.com\/wp-content\/uploads\/2024\/02\/11-768x235.png 768w, https:\/\/rocketplay-new.com\/wp-content\/uploads\/2024\/02\/11-1536x471.png 1536w\" sizes=\"auto, (max-width: 800px) 100vw, 800px\" \/><\/p>\n<h2>HVORDAN FUNGERER LIVE CASINO-SPILSHOWS<\/h2>\n<p>RocketPlay-spil viser Australien-spin, kast og andre handlinger, der udf\u00f8res af en professionel og yderst dygtig v\u00e6rt. Ligesom p\u00e5 tv, holder en v\u00e6rt for et kasinospil spillet spillet k\u00f8rende og holder spillerne glade, engagerede og sp\u00e6ndte.<\/p>\n<p>Fra en spillers perspektiv har de bare brug for en internetforbindelse og en enhed med internetadgang. Kunden logger ind p\u00e5 deres casinokonto og v\u00e6lger deres valgte spil ligesom ethvert andet produkt. Fra denne konto kan spilleren oprette forbindelse til RocketPlays bedste spilprogrammer, der efterligner sp\u00e6ndingen ved livespil.<\/p>\n<p><span style=\"font-weight: 400;\">\u00a0<div class=\"go-btn-container\"><div class=\"tosh-btn\"><a href=\"\/go-casino\/\" target=\"_blank\">SPIL NU<\/a><\/div><\/div> <\/span><\/p>\n<h2>BEDSTE LIVE SPILVISNINGER<\/h2>\n<p>RocketPlay gratis online spilshows tilbyder spillere flere muligheder, selvom nogle spil er mere popul\u00e6re end andre. De f\u00f8lgende afsnit i denne vejledning ser n\u00e6rmere p\u00e5 nogle af disse mere popul\u00e6re muligheder. Denne sektion vil dog blot give en kort oversigt over nogle af disse bedste live-gameshows. Nogle af de popul\u00e6re RocketPlay-spilprogrammer inkluderer:<\/p>\n<ul>\n<li>Evolution Gamings Live Monopol.<\/li>\n<li>Crazy Coin Flip Live af Evolution Gaming<\/li>\n<li>Mega Ball fra Evolution Gaming<\/li>\n<li>Dreamcatcher fra Evolution Gaming<\/li>\n<li>Evolution Gamings aftale eller ingen aftale<\/li>\n<li>Evolution Gamings live fodboldstudie<\/li>\n<li>Evolution Gamings penge eller kollaps<\/li>\n<li>Lightning Dice fra Evolution Gaming<\/li>\n<li>Mega Wheel fra Pragmatic Play<\/li>\n<li>Playtech Adventures Beyond Wonderland<\/li>\n<li>Money Drop af Playtech Live<\/li>\n<li>Hvem vil v\u00e6re million\u00e6r fra Playtech?<\/li>\n<li>Buffalo Blitz fra Playtech<\/li>\n<li>Ezugi Keno<\/li>\n<li>Ezugis v\u00e6ddem\u00e5l p\u00e5 tallene.<\/li>\n<\/ul>\n<p>Mens ovenst\u00e5ende liste er domineret af spil fra Evolution Gaming, er live casino markedet mangfoldigt og varieret. Der er mange muligheder for spillere, der \u00f8nsker at pr\u00f8ve spil fra forskellige udviklere og softwareudbydere. Det kan v\u00e6re en god id\u00e9 for spillere at eksperimentere med forskellige softwarefirmaer for at finde den bedste.<\/p>\n<h2>DE MEST POPUL\u00c6RE LIVE DEALER-SPIL<\/h2>\n<p>Spillere kan nyde RocketPlay-spilshows online for penge, og denne variation er en vigtig faktor i populariteten af \u200b\u200bdenne type spil. Men hvad er de mest popul\u00e6re live dealer-spil?<\/p>\n<p>De bedste live-spil giver en sp\u00e6ndende oplevelse for spillere. Mens individuelle spillere har mange m\u00e5der at afg\u00f8re, hvilke spil der passer dem bedst, giver gennemgang af de mest popul\u00e6re spil en nyttig introduktion til live-spilshows. L\u00e6s videre for at l\u00e6re mere om nogle af de mest popul\u00e6re spil fra hele verden.<\/p>\n<p><img loading=\"lazy\" decoding=\"async\" class=\"aligncenter wp-image-4632\" src=\"https:\/\/rocketplay-new.com\/wp-content\/uploads\/2024\/02\/22.png\" alt=\"Best Game RocketPlay Casino 2\" width=\"800\" height=\"477\" srcset=\"https:\/\/rocketplay-new.com\/wp-content\/uploads\/2024\/02\/22.png 1345w, https:\/\/rocketplay-new.com\/wp-content\/uploads\/2024\/02\/22-300x179.png 300w, https:\/\/rocketplay-new.com\/wp-content\/uploads\/2024\/02\/22-1024x611.png 1024w, https:\/\/rocketplay-new.com\/wp-content\/uploads\/2024\/02\/22-768x458.png 768w\" sizes=\"auto, (max-width: 800px) 100vw, 800px\" \/><\/p>\n<h2>MEGA HJUL<\/h2>\n<p>Mega Wheel tilbydes af Pragmatic Play, en udbyder og studie af live spilsoftware. Studiets v\u00e6rt drejer et hjul best\u00e5ende af 54 nummererede segmenter. Spillere skal lave enkle, men sp\u00e6ndende forudsigelser om, hvordan hjulet vil snurre, og hvilket tal der vil blive vist, n\u00e5r spindet er f\u00e6rdigt.<\/p>\n<p>Indtil videre lyder Mega Wheel n\u00e6sten som live roulette. Selvom dette er sandt &#8211; de grundl\u00e6ggende elementer i de to spil er de samme &#8211; er der mange andre funktioner, som spillere kan bruge til at \u00f8ge deres indsatser og tilf\u00f8je ekstra sp\u00e6nding.<\/p>\n<p><span style=\"font-weight: 400;\">\u00a0<div class=\"go-btn-container\"><div class=\"tosh-btn\"><a href=\"\/go-casino\/\" target=\"_blank\">SPIL NU<\/a><\/div><\/div> <\/span><\/p>\n<h2>LIVE DEAL ELLER INGEN DEAL<\/h2>\n<p>Live Deal or No Deal f\u00f8lger gameplayet i et popul\u00e6rt tv-program. Spillere v\u00e6lger en boks og ekskluderer derefter andre kasser fra spillet, efterh\u00e5nden som de skrider frem gennem spillet. P\u00e5 visse tidspunkter vil de blive tilbudt en aftale &#8211; i bund og grund en mulighed for at udbetale.<\/p>\n<p>Hvis spillere kan slippe af med kasserne med den h\u00f8jeste v\u00e6rdi i spillet, vokser risikoen for kasinoet med den tilbudte udbetalingsaftale. P\u00e5 den anden side, hvis de lavere v\u00e6rdibokse fjernes tidligt, er udbetalingsaftalen lavere. Omhyggelig beslutningstagning er p\u00e5kr\u00e6vet i dette spil.<\/p>\n<h2>LIVE-MONOPOL<\/h2>\n<p>Monopol er et gennempr\u00f8vet br\u00e6tspil, der har v\u00e6ret en familiefavorit i generationer. Showversionen af \u200b\u200bMonopoly i et live casino bringer endnu mere sp\u00e6nding og nydelse. Spillere kan nyde det spil, de har v\u00e6nnet sig til gennem \u00e5rene, i nye omgivelser.<\/p>\n<p>Gameplayet af live Monopoly er lidt anderledes end bordspillene. I stedet for at vade gennem br\u00e6ttet, k\u00f8be ejendom og undg\u00e5 andres ejendom, bestemmes spillerens sk\u00e6bne af hjulets rotation. Dette g\u00f8r Live Monopoly ligner andre spil p\u00e5 hjul, men bruger mange af de koncepter, der er kendt for erfarne Monopoly-spillere.<\/p>\n<h2>SANDT TID<\/h2>\n<p>Mad Time er n\u00e6ste generation af et andet af Evolution Gamings popul\u00e6re produkter, Dream Catcher. Spillere placerer v\u00e6ddem\u00e5l p\u00e5 forskellige segmenter af hjulet under opsyn af en professionel v\u00e6rt. V\u00e6rten drejer hjulet, og indsatser vindes og tabes p\u00e5 det spin.<\/p>\n<p>En r\u00e6kke forskellige bonusspil \u00f8ger spillernes sv\u00e6rhedsgrad og interesse. Disse ekstra sidespil inkluderer Pachinko, Coin Flip, Cash Hunt og titelspillet Crazy Time. P\u00e5 trods af variationen og dynamikken tilf\u00f8jet af de fire ekstra spil, er Crazy Time stadig let for spillere at mestre, med en blid og venlig indl\u00e6ringskurve.<\/p>\n<p><img loading=\"lazy\" decoding=\"async\" class=\"aligncenter wp-image-4641\" src=\"https:\/\/rocketplay-new.com\/wp-content\/uploads\/2024\/02\/33.png\" alt=\"Best Game RocketPlay Casino 3\" width=\"800\" height=\"483\" srcset=\"https:\/\/rocketplay-new.com\/wp-content\/uploads\/2024\/02\/33.png 1342w, https:\/\/rocketplay-new.com\/wp-content\/uploads\/2024\/02\/33-300x181.png 300w, https:\/\/rocketplay-new.com\/wp-content\/uploads\/2024\/02\/33-1024x619.png 1024w, https:\/\/rocketplay-new.com\/wp-content\/uploads\/2024\/02\/33-768x464.png 768w\" sizes=\"auto, (max-width: 800px) 100vw, 800px\" \/><\/p>\n<h2>LIVE MEGA BALL<\/h2>\n<p>Mega Ball &#8211; spil spilshows online RocketPlay af Evolution Gaming. N\u00e5r du spiller dette spil, arbejder kunder med 51 nummererede bolde, leveret i et format, der er kendt for lotterispillere. Gameplayet skrider hurtigt frem og tilf\u00f8jer sp\u00e6nding og intriger, mens det forbliver relativt brugervenligt og nemt for spillere at l\u00e6re.<\/p>\n<p>For at f\u00e5 adgang til disse nummererede bolde k\u00f8ber spillere forskellige kort til en v\u00e6rdi af op til 200 pr. spilrunde. At matche kortene med kuglerne, efterh\u00e5nden som de tr\u00e6kkes, skaber en sp\u00e6ndende atmosf\u00e6re. En r\u00e6kke forskellige v\u00e6rdimultiplikatorer forst\u00e6rker denne sp\u00e6nding yderligere.<\/p>\n<p>Live Game viser spil med de h\u00f8jeste indsatsgr\u00e6nser<br \/>\nSpillere b\u00f8r v\u00e6re opm\u00e6rksomme p\u00e5 indsatsgr\u00e6nser, n\u00e5r de v\u00e6lger et live casinospil. Her er v\u00e6ddem\u00e5lsparametrene, du skal v\u00e6re opm\u00e6rksom p\u00e5:<\/p>\n<ul>\n<li>Maksimal indsats &#8211; den maksimalt mulige indsats per spil.<\/li>\n<li>Minimum indsats &#8211; den lavest mulige indsats for at f\u00e5 adgang til spillet.<\/li>\n<li>Maksimal multiplikator &#8211; gr\u00e6nsen for de multiplikatorer, der kan bruges under spillet.<\/li>\n<li>Maksimal samlet gevinst &#8211; En gr\u00e6nse for m\u00e6ngden af \u200b\u200bgevinster modtaget ved bordet.<\/li>\n<li>Maksimal udbetaling &#8211; Det st\u00f8rste bel\u00f8b, der kan h\u00e6ves fra spillerens konto.<\/li>\n<li>Minimumsudbetaling &#8211; Det mindste bel\u00f8b, der kan h\u00e6ves fra casinokontoen.<\/li>\n<\/ul>\n","protected":false},"excerpt":{"rendered":"<p>Live casinospil tilbyder sp\u00e6ndingen ved et fysisk casinomilj\u00f8 og kombinerer det med bekvemmeligheden ved online gambling. Et live casino spilshow fungerer p\u00e5 samme m\u00e5de, men det er et helt andet forslag for spillere. RocketPlay-spilshows niveauer af bekvemmelighed og let adgang forbliver h\u00f8je. Sp\u00e6ndingen bygger dog endnu mere op. Ved at gentage sp\u00e6ndingen ved live-streaming-spil g\u00f8r&#8230;<\/p>\n","protected":false},"author":1,"featured_media":0,"parent":0,"menu_order":0,"comment_status":"closed","ping_status":"closed","template":"","meta":{"_acf_changed":false,"_kad_post_transparent":"default","_kad_post_title":"default","_kad_post_layout":"default","_kad_post_sidebar_id":"","_kad_post_content_style":"default","_kad_post_vertical_padding":"default","_kad_post_feature":"","_kad_post_feature_position":"","_kad_post_header":false,"_kad_post_footer":false,"footnotes":""},"class_list":["post-2795","page","type-page","status-publish","hentry"],"acf":[],"rttpg_featured_image_url":null,"rttpg_author":{"display_name":"John","author_link":"https:\/\/rocketplay-new.com\/da\/author\/pemvas95n89x\/"},"rttpg_comment":0,"rttpg_category":null,"rttpg_excerpt":"Live casinospil tilbyder sp\u00e6ndingen ved et fysisk casinomilj\u00f8 og kombinerer det med bekvemmeligheden ved online gambling. Et live casino spilshow fungerer p\u00e5 samme m\u00e5de, men det er et helt andet forslag for spillere. RocketPlay-spilshows niveauer af bekvemmelighed og let adgang forbliver h\u00f8je. Sp\u00e6ndingen bygger dog endnu mere op. Ved at gentage sp\u00e6ndingen ved live-streaming-spil g\u00f8r...","_links":{"self":[{"href":"https:\/\/rocketplay-new.com\/da\/wp-json\/wp\/v2\/pages\/2795","targetHints":{"allow":["GET"]}}],"collection":[{"href":"https:\/\/rocketplay-new.com\/da\/wp-json\/wp\/v2\/pages"}],"about":[{"href":"https:\/\/rocketplay-new.com\/da\/wp-json\/wp\/v2\/types\/page"}],"author":[{"embeddable":true,"href":"https:\/\/rocketplay-new.com\/da\/wp-json\/wp\/v2\/users\/1"}],"replies":[{"embeddable":true,"href":"https:\/\/rocketplay-new.com\/da\/wp-json\/wp\/v2\/comments?post=2795"}],"version-history":[{"count":5,"href":"https:\/\/rocketplay-new.com\/da\/wp-json\/wp\/v2\/pages\/2795\/revisions"}],"predecessor-version":[{"id":5919,"href":"https:\/\/rocketplay-new.com\/da\/wp-json\/wp\/v2\/pages\/2795\/revisions\/5919"}],"wp:attachment":[{"href":"https:\/\/rocketplay-new.com\/da\/wp-json\/wp\/v2\/media?parent=2795"}],"curies":[{"name":"wp","href":"https:\/\/api.w.org\/{rel}","templated":true}]}}